{"id":1812,"date":"2016-05-27T15:42:32","date_gmt":"2016-05-27T15:42:32","guid":{"rendered":"http:\/\/sites.unica.it\/video4teachers\/?page_id=1812"},"modified":"2016-05-27T15:42:32","modified_gmt":"2016-05-27T15:42:32","slug":"come-arrivare","status":"publish","type":"page","link":"https:\/\/sites.unica.it\/video4teachers\/info\/come-arrivare\/","title":{"rendered":"Come arrivare"},"content":{"rendered":"<p><strong>Raggiungere Cagliari<\/strong><\/p>\n<p>Cagliari \u00e8 collegata alle principali citt\u00e0 attraverso l\u2019aeroporto di Elmas. Per informazioni sui voli si consulti il sito internet dell\u2019aeroporto: <a href=\"http:\/\/www.sogaer.it\/\">http:\/\/www.sogaer.it\/<\/a>. Dall\u2019aeroporto \u00e8 possibile raggiungere il centro citt\u00e0 in sette minuti grazie alla stazione ferroviaria interna (Elmas Aeroporto).<\/p>\n<p><strong>Raggiungere la Facolt\u00e0 di Studi umanistici.<\/strong><\/p>\n<p>La sede del convegno \u00e8 in via Is Mirrionis, 1. Dal centro (via Roma\/Piazza Matteotti) \u00e8 possibile usare l\u2019autobus n.5 (direzione Vergine di Lluc) o il n.8 (direzione Policlinico Universitario). A piedi la sede \u00e8 raggiungibile in 15\/20 minuti <a href=\"http:\/\/tinyurl.com\/CagliariVideo\">http:\/\/tinyurl.com\/CagliariVideo <\/a><\/p>","protected":false},"excerpt":{"rendered":"<p>Raggiungere Cagliari Cagliari \u00e8 collegata alle principali citt\u00e0 attraverso l\u2019aeroporto di Elmas. Per informazioni sui voli si consulti il sito internet dell\u2019aeroporto: http:\/\/www.sogaer.it\/. Dall\u2019aeroporto \u00e8 possibile raggiungere il centro citt\u00e0 in sette minuti grazie alla stazione ferroviaria interna (Elmas Aeroporto). Raggiungere la Facolt\u00e0 di Studi umanistici. La sede del convegno \u00e8 in via Is Mirrionis, 1. Dal centro (via Roma\/Piazza Matteotti) \u00e8 possibile usare l\u2019autobus n.5 (direzione Vergine di Lluc) o il n.8 (direzione Policlinico Universitario). A piedi la sede \u00e8 raggiungibile in 15\/20 minuti http:\/\/tinyurl.com\/CagliariVideo<\/p>\n","protected":false},"author":602,"featured_media":0,"parent":1804,"menu_order":5,"comment_status":"closed","ping_status":"closed","template":"","meta":{"footnotes":""},"class_list":["post-1812","page","type-page","status-publish","hentry","post-seq-1","post-parity-odd","meta-position-corners","fix"],"_links":{"self":[{"href":"https:\/\/sites.unica.it\/video4teachers\/wp-json\/wp\/v2\/pages\/1812","targetHints":{"allow":["GET"]}}],"collection":[{"href":"https:\/\/sites.unica.it\/video4teachers\/wp-json\/wp\/v2\/pages"}],"about":[{"href":"https:\/\/sites.unica.it\/video4teachers\/wp-json\/wp\/v2\/types\/page"}],"author":[{"embeddable":true,"href":"https:\/\/sites.unica.it\/video4teachers\/wp-json\/wp\/v2\/users\/602"}],"replies":[{"embeddable":true,"href":"https:\/\/sites.unica.it\/video4teachers\/wp-json\/wp\/v2\/comments?post=1812"}],"version-history":[{"count":1,"href":"https:\/\/sites.unica.it\/video4teachers\/wp-json\/wp\/v2\/pages\/1812\/revisions"}],"predecessor-version":[{"id":1813,"href":"https:\/\/sites.unica.it\/video4teachers\/wp-json\/wp\/v2\/pages\/1812\/revisions\/1813"}],"up":[{"embeddable":true,"href":"https:\/\/sites.unica.it\/video4teachers\/wp-json\/wp\/v2\/pages\/1804"}],"wp:attachment":[{"href":"https:\/\/sites.unica.it\/video4teachers\/wp-json\/wp\/v2\/media?parent=1812"}],"curies":[{"name":"wp","href":"https:\/\/api.w.org\/{rel}","templated":true}]}}