{"id":1695,"date":"2016-04-06T12:47:55","date_gmt":"2016-04-06T12:47:55","guid":{"rendered":"http:\/\/sites.unica.it\/video4teachers\/?page_id=1695"},"modified":"2016-10-12T14:11:45","modified_gmt":"2016-10-12T14:11:45","slug":"summer-school","status":"publish","type":"page","link":"https:\/\/sites.unica.it\/video4teachers\/iniziative\/summer-school\/","title":{"rendered":"Summer School"},"content":{"rendered":"<table style=\"height: 145px\" width=\"768\">\n<tbody>\n<tr>\n<td>\n<p style=\"text-align: center\">Universit\u00e0 di Cagliari<br \/>\n<small>Facolt\u00e0 di Studi Umanistici<br \/>\nDipartimento di Pedagogia, psicologia, filosofia<a href=\"http:\/\/sites.unica.it\/video4teachers\/files\/2016\/05\/Logo-UNICA-COL.jpg\" rel=\"attachment wp-att-1714\"><img decoding=\"async\" class=\"wp-image-1714 aligncenter\" src=\"http:\/\/sites.unica.it\/video4teachers\/files\/2016\/05\/Logo-UNICA-COL.jpg\" alt=\"Logo UNICA COL\" width=\"78\" height=\"78\" srcset=\"https:\/\/sites.unica.it\/video4teachers\/files\/2016\/05\/Logo-UNICA-COL.jpg 224w, https:\/\/sites.unica.it\/video4teachers\/files\/2016\/05\/Logo-UNICA-COL-150x150.jpg 150w, https:\/\/sites.unica.it\/video4teachers\/files\/2016\/05\/Logo-UNICA-COL-96x96.jpg 96w, https:\/\/sites.unica.it\/video4teachers\/files\/2016\/05\/Logo-UNICA-COL-24x24.jpg 24w, https:\/\/sites.unica.it\/video4teachers\/files\/2016\/05\/Logo-UNICA-COL-36x36.jpg 36w, https:\/\/sites.unica.it\/video4teachers\/files\/2016\/05\/Logo-UNICA-COL-48x48.jpg 48w, https:\/\/sites.unica.it\/video4teachers\/files\/2016\/05\/Logo-UNICA-COL-64x64.jpg 64w\" sizes=\"(max-width: 78px) 100vw, 78px\" \/><\/a><\/small><\/p>\n<\/td>\n<td>\n<p style=\"text-align: center\">Societ\u00e0 italiana di ricerca mediale<\/p>\n<p><a href=\"http:\/\/sites.unica.it\/video4teachers\/files\/2016\/05\/logo_sirem.jpg\" rel=\"attachment wp-att-1715\"><img decoding=\"async\" class=\"size-full wp-image-1715 aligncenter\" src=\"http:\/\/sites.unica.it\/video4teachers\/files\/2016\/05\/logo_sirem.jpg\" alt=\"logo_sirem\" width=\"148\" height=\"53\" \/><\/a><\/td>\n<\/tr>\n<\/tbody>\n<\/table>\n<p style=\"text-align: center\"><span style=\"font-weight: 400\">Summer School SIREM<\/span><\/p>\n<p style=\"text-align: center\"><b>Video digitali e formazione degli insegnanti<\/b><\/p>\n<p style=\"text-align: center\"><b>Complesso \u201cSa Duchessa\u201d, <a href=\"https:\/\/drive.google.com\/open?id=1tF_HFnmZbg-fhhHB6NdzlP-085c&amp;usp=sharing\" target=\"_blank\">Via Is Mirrionis, 1 &#8211; Cagliari<\/a><\/b><\/p>\n<p>L&#8217;universit\u00e0 di Cagliari ospita la Summer School della SIREM, Societ\u00e0 italiana di Ricerca sull&#8217;Educazione Mediale\u00a0dal mattino del 29 al 30 giugno, con arrivo al pomeriggio\/sera del 28.<\/p>\n<p><span style=\"font-weight: 400\">Nell\u2019ambito del Programma Visiting Scientist, finanziato dalla Regione Autonoma della Sardegna a valere sulla Legge regionale 7 agosto 2007, n. 7, Promozione della ricerca scientifica e dell\u2019innovazione tecnologica in Sardegna, il Dipartimento di Pedagogia, psicologia, filosofia, in collaborazione con la SIREM, Societ\u00e0 italiana di Ricerca sull&#8217;Educazione Mediale, organizza una Summer School dal titolo \u201cVideo digitali e formazione degli insegnanti\u201d nel corso del quale interverranno, oltre Rossella Santagata (University of California, Irvine), i docenti Pier Giuseppe Rossi, Giovanni Bonaiuti, Patrizia Magnoler e Giuliano Vivanet.<\/span><\/p>\n<p><b>Argomenti<\/b><span style=\"font-weight: 400\">: La Summer school affronta il tema dell\u2019uso dei video quale strumento di indagine riflessiva sulle pratiche nella formazione iniziale e in servizio degli insegnanti. I video consentono di analizzare e comprendere i comportamenti, i contesti e le dinamiche relazionali favorendo la riflessione sulle scelte operate relativamente alla trasposizione didattica, alle dinamiche comunicative, alle scelte connesse alla mediazione didattica e al sostegno dei processi di apprendimento. Nel corso delle giornate verranno affrontate, e saranno oggetto di studio, le seguenti tematiche: la pluralit\u00e0 delle prospettive di indagine e di ricerca sulle azioni situate, i criteri per la ricerca o la produzione di video, gli strumenti per l\u2019analisi e l\u2019annotazione sui video, i criteri e gli strumenti (guideline, check-list, ecc.) per promuovere la \u201cvisione esperta\u201d, i metodi per favorire il confronto, il dialogo e la riflessione collegiale sulle pratiche. Il lavoro della Summer school sar\u00e0 prevalentemente di tipo laboratoriale: ogni tematica affrontata verr\u00e0 discussa e sperimentata praticamente da parte dei partecipanti.<\/span><\/p>\n<p><b>Comitato Scientifico<\/b><span style=\"font-weight: 400\">: Pier Giuseppe Rossi, Universit\u00e0 degli studi di Macerata, Pierpaolo Limone, Universit\u00e0 degli studi di Foggia, Luciano Galliani, Universit\u00e0 degli studi di Padova, Laura Messina, Universit\u00e0 degli studi di Padova, Rivoltella Pier Cesare, Universit\u00e0 Cattolica del Sacro Cuore di Milano, Salvatore Colazzo, Universit\u00e0 del Salento, Floriana Falcinelli, Universit\u00e0 degli studi di Perugia, Maurizio Sibilio, Universit\u00e0 degli studi di Salerno, Giovanni Bonaiuti, Universit\u00e0 degli studi di Cagliari, Andrea Garavaglia, Universit\u00e0 degli studi di Milano-Bicocca, Patrizia Magnoler, Universit\u00e0 degli studi di Macerata, Davide Parmigiani, Universit\u00e0 degli studi di Genova, Giuliano Vivanet, Universit\u00e0 degli studi di Cagliari<\/span><\/p>\n<p><b>Iscrizioni: <\/b><span style=\"font-weight: 400\">La Summer School si rivolge principalmente a dottorandi e assegnisti di ricerca. La partecipazione alla Summer School \u00e8 gratuita. I partecipanti dovranno provvedere in autonomia a pagare i trasferimenti e i costi di pernottamento e soggiorno. \u00c8 previsto un numero massimo di 25 partecipanti che verranno accolti sulla base dell\u2019ordine cronologico di iscrizione online. <\/span><\/p>\n<p><b>Svolgimento<\/b><span style=\"font-weight: 400\">: Le attivit\u00e0 si sono svolte nei giorni 29 e 30 giugno 2016 e si sono concluse con il convegno internazionale \u201cVideo digitali e formazione degli insegnanti\u201d del 1 luglio.<\/span><\/p>\n<p><strong>Materiali<\/strong>: Video e materiali didattici utilizzati <a href=\"https:\/\/www.dropbox.com\/sh\/oj0ewwrlgcs7pgf\/AABFJATHcQdWc20Wrz4zpzqAa?dl=0\">sono ora disponibili in rete<\/a>.<\/p>\n<p>&nbsp;<\/p>\n","protected":false},"excerpt":{"rendered":"<p>Universit\u00e0 di Cagliari Facolt\u00e0 di Studi Umanistici Dipartimento di Pedagogia, psicologia, filosofia Societ\u00e0 italiana di ricerca mediale Summer School SIREM Video digitali e formazione degli insegnanti Complesso \u201cSa Duchessa\u201d, Via Is Mirrionis, 1 &#8211; Cagliari L&#8217;universit\u00e0 di Cagliari ospita la Summer School della SIREM, Societ\u00e0 italiana di Ricerca sull&#8217;Educazione Mediale\u00a0dal mattino del 29 al 30 giugno, con arrivo al pomeriggio\/sera del 28. Nell\u2019ambito del Programma Visiting Scientist, finanziato dalla Regione Autonoma della Sardegna a valere sulla Legge regionale 7 agosto 2007, n. 7, Promozione della ricerca scientifica e dell\u2019innovazione tecnologica in Sardegna, il Dipartimento di Pedagogia, psicologia, filosofia, in collaborazione <a href='https:\/\/sites.unica.it\/video4teachers\/iniziative\/summer-school\/' class='excerpt-more'>[&#8230;]<\/a><\/p>\n","protected":false},"author":481,"featured_media":0,"parent":1699,"menu_order":0,"comment_status":"closed","ping_status":"closed","template":"","meta":{"footnotes":""},"class_list":["post-1695","page","type-page","status-publish","hentry","post-seq-1","post-parity-odd","meta-position-corners","fix"],"_links":{"self":[{"href":"https:\/\/sites.unica.it\/video4teachers\/wp-json\/wp\/v2\/pages\/1695","targetHints":{"allow":["GET"]}}],"collection":[{"href":"https:\/\/sites.unica.it\/video4teachers\/wp-json\/wp\/v2\/pages"}],"about":[{"href":"https:\/\/sites.unica.it\/video4teachers\/wp-json\/wp\/v2\/types\/page"}],"author":[{"embeddable":true,"href":"https:\/\/sites.unica.it\/video4teachers\/wp-json\/wp\/v2\/users\/481"}],"replies":[{"embeddable":true,"href":"https:\/\/sites.unica.it\/video4teachers\/wp-json\/wp\/v2\/comments?post=1695"}],"version-history":[{"count":10,"href":"https:\/\/sites.unica.it\/video4teachers\/wp-json\/wp\/v2\/pages\/1695\/revisions"}],"predecessor-version":[{"id":1882,"href":"https:\/\/sites.unica.it\/video4teachers\/wp-json\/wp\/v2\/pages\/1695\/revisions\/1882"}],"up":[{"embeddable":true,"href":"https:\/\/sites.unica.it\/video4teachers\/wp-json\/wp\/v2\/pages\/1699"}],"wp:attachment":[{"href":"https:\/\/sites.unica.it\/video4teachers\/wp-json\/wp\/v2\/media?parent=1695"}],"curies":[{"name":"wp","href":"https:\/\/api.w.org\/{rel}","templated":true}]}}