{"id":102,"date":"2012-04-12T12:03:39","date_gmt":"2012-04-12T12:03:39","guid":{"rendered":"http:\/\/people.unica.it\/basecds\/?page_id=102"},"modified":"2016-11-16T12:08:19","modified_gmt":"2016-11-16T12:08:19","slug":"home","status":"publish","type":"page","link":"https:\/\/sites.unica.it\/video4teachers\/","title":{"rendered":"Home"},"content":{"rendered":"<p>Questo sito \u00e8 stato realizzato per tutte le persone che, a diverso titolo, sono interessate all&#8217;uso dei video nella ricerca educativa e, in particolare, nell&#8217;analisi delle pratiche didattiche.<\/p>\n<p>Si tratta del punto di raccolta dei lavori realizzati o reperiti dal gruppo di ricerca che, all&#8217;interno del\u00a0Dipartimento di Pedagogia, psicologia, filosofia, studia le potenzialit\u00e0, gli strumenti e i metodi per l&#8217;impiego di video digitali nella formazione.<\/p>\n<p>Questo spazio include materiali, link e informazioni raccolti dal gruppo nel corso di iniziative, seminari e incontri di studio. Non si tratta di una raccolta esaustiva di tutti i lavori esistenti in questo ambito. Il lavoro \u00e8, ovviamente, in progress. Ci\u00f2 nonostante ci auguriamo possa essere di qualche utilit\u00e0 per laureandi, dottoranti, insegnanti e tutor interessati alle tematiche della ricerca e della formazione attraverso i video digitali.<\/p>\n<hr \/>\n<p>Nell\u2019ambito del Programma Visiting Scientist, finanziato dalla Regione Autonoma della Sardegna a valere sulla Legge regionale 7 agosto 2007, n. 7, Promozione della ricerca scientifica e dell\u2019innovazione tecnologica in Sardegna, il Dipartimento di Pedagogia, psicologia, filosofia, organizza le seguenti iniziative:<\/p>\n<ul>\n<li><strong><a href=\"http:\/\/sites.unica.it\/video4teachers\/iniziative\/summer-school\/\">Summer School \u201c<em>Video digitali e formazione degli insegnanti<\/em>\u201d<\/a><\/strong> (in collaborazione con la SIREM, Societ\u00e0 italiana di Ricerca sull&#8217;Educazione Mediale) per i giorni 29, 30 giugno e 1 luglio 2016<\/li>\n<li><strong><a href=\"http:\/\/sites.unica.it\/video4teachers\/iniziative\/seminari2016\/\"> Seminari di studio e ricerca &#8220;<em>Video digitali e analisi delle pratiche didattiche<\/em>&#8220;<\/a><\/strong> con insegnanti e tutor del Corso di Studi in Scienze della Formazione Primaria, nei giorni 21, 22, 23 giugno 2016<\/li>\n<li><strong><a href=\"http:\/\/sites.unica.it\/video4teachers\/iniziative\/convegno\/\">Convegno internazionale &#8220;<em>Video digitali e formazione degli insegnanti<\/em>&#8220;<\/a><\/strong>,\u00a01 luglio 2016<\/li>\n<\/ul>\n","protected":false},"excerpt":{"rendered":"<p>Questo sito \u00e8 stato realizzato per tutte le persone che, a diverso titolo, sono interessate all&#8217;uso dei video nella ricerca educativa e, in particolare, nell&#8217;analisi delle pratiche didattiche. Si tratta del punto di raccolta dei lavori realizzati o reperiti dal gruppo di ricerca che, all&#8217;interno del\u00a0Dipartimento di Pedagogia, psicologia, filosofia, studia le potenzialit\u00e0, gli strumenti e i metodi per l&#8217;impiego di video digitali nella formazione. Questo spazio include materiali, link e informazioni raccolti dal gruppo nel corso di iniziative, seminari e incontri di studio. Non si tratta di una raccolta esaustiva di tutti i lavori esistenti in questo ambito. Il <a href='https:\/\/sites.unica.it\/video4teachers\/' class='excerpt-more'>[&#8230;]<\/a><\/p>\n","protected":false},"author":643,"featured_media":0,"parent":0,"menu_order":0,"comment_status":"closed","ping_status":"closed","template":"","meta":{"footnotes":""},"class_list":["post-102","page","type-page","status-publish","hentry","post-seq-1","post-parity-odd","meta-position-corners","fix"],"_links":{"self":[{"href":"https:\/\/sites.unica.it\/video4teachers\/wp-json\/wp\/v2\/pages\/102","targetHints":{"allow":["GET"]}}],"collection":[{"href":"https:\/\/sites.unica.it\/video4teachers\/wp-json\/wp\/v2\/pages"}],"about":[{"href":"https:\/\/sites.unica.it\/video4teachers\/wp-json\/wp\/v2\/types\/page"}],"author":[{"embeddable":true,"href":"https:\/\/sites.unica.it\/video4teachers\/wp-json\/wp\/v2\/users\/643"}],"replies":[{"embeddable":true,"href":"https:\/\/sites.unica.it\/video4teachers\/wp-json\/wp\/v2\/comments?post=102"}],"version-history":[{"count":10,"href":"https:\/\/sites.unica.it\/video4teachers\/wp-json\/wp\/v2\/pages\/102\/revisions"}],"predecessor-version":[{"id":1886,"href":"https:\/\/sites.unica.it\/video4teachers\/wp-json\/wp\/v2\/pages\/102\/revisions\/1886"}],"wp:attachment":[{"href":"https:\/\/sites.unica.it\/video4teachers\/wp-json\/wp\/v2\/media?parent=102"}],"curies":[{"name":"wp","href":"https:\/\/api.w.org\/{rel}","templated":true}]}}