{"id":2,"date":"2017-03-17T13:43:55","date_gmt":"2017-03-17T12:43:55","guid":{"rendered":"http:\/\/careerdaysegp.unica.it\/?page_id=2"},"modified":"2017-03-17T13:43:55","modified_gmt":"2017-03-17T12:43:55","slug":"pagina-di-esempio","status":"publish","type":"page","link":"https:\/\/sites.unica.it\/unicaimprese\/pagina-di-esempio\/","title":{"rendered":"Pagina di esempio."},"content":{"rendered":"<p>\t\t\t\tQuesta pagina \u00e8 un esempio di una pagina di WordPress, \u00e8 possibile per inserire le informazioni sul proprio profilo e sul proprio sito. \u00c8 possibile creare quante pagine si desiderano simili a questa o anche delle sottopagine e gestirne il contenuto all&#8217;interno di WordPress.\t\t<\/p>\n","protected":false},"excerpt":{"rendered":"<p>Questa pagina \u00e8 un esempio di una pagina di WordPress, \u00e8 possibile per inserire le informazioni sul proprio profilo e sul proprio sito. \u00c8 possibile creare quante pagine si desiderano simili a questa o anche delle sottopagine e gestirne il contenuto all&#8217;interno di WordPress.<\/p>\n","protected":false},"author":3029,"featured_media":0,"parent":0,"menu_order":0,"comment_status":"closed","ping_status":"open","template":"","meta":{"footnotes":""},"class_list":["post-2","page","type-page","status-publish","hentry","description-off"],"_links":{"self":[{"href":"https:\/\/sites.unica.it\/unicaimprese\/wp-json\/wp\/v2\/pages\/2","targetHints":{"allow":["GET"]}}],"collection":[{"href":"https:\/\/sites.unica.it\/unicaimprese\/wp-json\/wp\/v2\/pages"}],"about":[{"href":"https:\/\/sites.unica.it\/unicaimprese\/wp-json\/wp\/v2\/types\/page"}],"author":[{"embeddable":true,"href":"https:\/\/sites.unica.it\/unicaimprese\/wp-json\/wp\/v2\/users\/3029"}],"replies":[{"embeddable":true,"href":"https:\/\/sites.unica.it\/unicaimprese\/wp-json\/wp\/v2\/comments?post=2"}],"version-history":[{"count":0,"href":"https:\/\/sites.unica.it\/unicaimprese\/wp-json\/wp\/v2\/pages\/2\/revisions"}],"wp:attachment":[{"href":"https:\/\/sites.unica.it\/unicaimprese\/wp-json\/wp\/v2\/media?parent=2"}],"curies":[{"name":"wp","href":"https:\/\/api.w.org\/{rel}","templated":true}]}}