{"id":572,"date":"2015-09-29T00:36:22","date_gmt":"2015-09-28T22:36:22","guid":{"rendered":"http:\/\/sites.unica.it\/type-unica\/?page_id=572"},"modified":"2015-09-30T20:02:58","modified_gmt":"2015-09-30T18:02:58","slug":"carlo-atzeni","status":"publish","type":"page","link":"https:\/\/sites.unica.it\/type-unica\/carlo-atzeni\/","title":{"rendered":"Carlo Atzeni"},"content":{"rendered":"<p><a href=\"http:\/\/sites.unica.it\/type-unica\/files\/2015\/09\/carlo-atzeni-tessera-02-e1443474629465.jpg\"><img decoding=\"async\" class=\"alignnone wp-image-532 size-thumbnail\" src=\"http:\/\/sites.unica.it\/type-unica\/files\/2015\/09\/carlo-atzeni-tessera-02-150x150.jpg\" alt=\"\" width=\"150\" height=\"150\" \/><\/a>\u00a0\u00a0<a href=\"http:\/\/sites.unica.it\/type-unica\/files\/2015\/02\/blanc.jpg\"><img decoding=\"async\" class=\"alignnone size-full wp-image-503\" src=\"http:\/\/sites.unica.it\/type-unica\/files\/2015\/02\/blanc.jpg\" alt=\"blanc\" width=\"150\" height=\"150\" srcset=\"https:\/\/sites.unica.it\/type-unica\/files\/2015\/02\/blanc.jpg 150w, https:\/\/sites.unica.it\/type-unica\/files\/2015\/02\/blanc-96x96.jpg 96w, https:\/\/sites.unica.it\/type-unica\/files\/2015\/02\/blanc-24x24.jpg 24w, https:\/\/sites.unica.it\/type-unica\/files\/2015\/02\/blanc-36x36.jpg 36w, https:\/\/sites.unica.it\/type-unica\/files\/2015\/02\/blanc-48x48.jpg 48w, https:\/\/sites.unica.it\/type-unica\/files\/2015\/02\/blanc-64x64.jpg 64w\" sizes=\"(max-width: 150px) 100vw, 150px\" \/><\/a>\u00a0 <a href=\"http:\/\/sites.unica.it\/type-unica\/?p=598\"><img decoding=\"async\" class=\"alignnone wp-image-569 size-full\" src=\"http:\/\/sites.unica.it\/type-unica\/files\/2015\/09\/fede2.jpg\" alt=\"\" width=\"150\" height=\"150\" srcset=\"https:\/\/sites.unica.it\/type-unica\/files\/2015\/09\/fede2.jpg 150w, https:\/\/sites.unica.it\/type-unica\/files\/2015\/09\/fede2-96x96.jpg 96w, https:\/\/sites.unica.it\/type-unica\/files\/2015\/09\/fede2-24x24.jpg 24w, https:\/\/sites.unica.it\/type-unica\/files\/2015\/09\/fede2-36x36.jpg 36w, https:\/\/sites.unica.it\/type-unica\/files\/2015\/09\/fede2-48x48.jpg 48w, https:\/\/sites.unica.it\/type-unica\/files\/2015\/09\/fede2-64x64.jpg 64w\" sizes=\"(max-width: 150px) 100vw, 150px\" \/><\/a>\u00a0 <a href=\"http:\/\/sites.unica.it\/type-unica\/?p=602\"><img decoding=\"async\" class=\"alignnone wp-image-566 size-thumbnail\" src=\"http:\/\/sites.unica.it\/type-unica\/files\/2015\/09\/cla2-150x150.jpg\" alt=\"\" width=\"150\" height=\"150\" srcset=\"https:\/\/sites.unica.it\/type-unica\/files\/2015\/09\/cla2-150x150.jpg 150w, https:\/\/sites.unica.it\/type-unica\/files\/2015\/09\/cla2-300x300.jpg 300w, https:\/\/sites.unica.it\/type-unica\/files\/2015\/09\/cla2-250x250.jpg 250w, https:\/\/sites.unica.it\/type-unica\/files\/2015\/09\/cla2-96x96.jpg 96w, https:\/\/sites.unica.it\/type-unica\/files\/2015\/09\/cla2-24x24.jpg 24w, https:\/\/sites.unica.it\/type-unica\/files\/2015\/09\/cla2-36x36.jpg 36w, https:\/\/sites.unica.it\/type-unica\/files\/2015\/09\/cla2-48x48.jpg 48w, https:\/\/sites.unica.it\/type-unica\/files\/2015\/09\/cla2-64x64.jpg 64w, https:\/\/sites.unica.it\/type-unica\/files\/2015\/09\/cla2.jpg 400w\" sizes=\"(max-width: 150px) 100vw, 150px\" \/><\/a>\u00a0 <a href=\"http:\/\/sites.unica.it\/type-unica\/files\/2015\/02\/blanc.jpg\"><img decoding=\"async\" class=\"alignnone size-full wp-image-503\" src=\"http:\/\/sites.unica.it\/type-unica\/files\/2015\/02\/blanc.jpg\" alt=\"blanc\" width=\"150\" height=\"150\" srcset=\"https:\/\/sites.unica.it\/type-unica\/files\/2015\/02\/blanc.jpg 150w, https:\/\/sites.unica.it\/type-unica\/files\/2015\/02\/blanc-96x96.jpg 96w, https:\/\/sites.unica.it\/type-unica\/files\/2015\/02\/blanc-24x24.jpg 24w, https:\/\/sites.unica.it\/type-unica\/files\/2015\/02\/blanc-36x36.jpg 36w, https:\/\/sites.unica.it\/type-unica\/files\/2015\/02\/blanc-48x48.jpg 48w, https:\/\/sites.unica.it\/type-unica\/files\/2015\/02\/blanc-64x64.jpg 64w\" sizes=\"(max-width: 150px) 100vw, 150px\" \/><\/a>\u00a0 <a href=\"http:\/\/sites.unica.it\/type-unica\/?p=605\"><img decoding=\"async\" class=\"alignnone wp-image-563 size-full\" src=\"http:\/\/sites.unica.it\/type-unica\/files\/2015\/09\/francesca2.jpg\" alt=\"\" width=\"150\" height=\"150\" srcset=\"https:\/\/sites.unica.it\/type-unica\/files\/2015\/09\/francesca2.jpg 150w, https:\/\/sites.unica.it\/type-unica\/files\/2015\/09\/francesca2-96x96.jpg 96w, https:\/\/sites.unica.it\/type-unica\/files\/2015\/09\/francesca2-24x24.jpg 24w, https:\/\/sites.unica.it\/type-unica\/files\/2015\/09\/francesca2-36x36.jpg 36w, https:\/\/sites.unica.it\/type-unica\/files\/2015\/09\/francesca2-48x48.jpg 48w, https:\/\/sites.unica.it\/type-unica\/files\/2015\/09\/francesca2-64x64.jpg 64w\" sizes=\"(max-width: 150px) 100vw, 150px\" \/><\/a>\u00a0\u00a0<a href=\"http:\/\/sites.unica.it\/type-unica\/?p=613\"><img decoding=\"async\" class=\"alignnone wp-image-567 size-thumbnail\" src=\"http:\/\/sites.unica.it\/type-unica\/files\/2015\/09\/silvia2-150x150.jpg\" alt=\"\" width=\"150\" height=\"150\" srcset=\"https:\/\/sites.unica.it\/type-unica\/files\/2015\/09\/silvia2-150x150.jpg 150w, https:\/\/sites.unica.it\/type-unica\/files\/2015\/09\/silvia2.jpg 250w, https:\/\/sites.unica.it\/type-unica\/files\/2015\/09\/silvia2-96x96.jpg 96w, https:\/\/sites.unica.it\/type-unica\/files\/2015\/09\/silvia2-24x24.jpg 24w, https:\/\/sites.unica.it\/type-unica\/files\/2015\/09\/silvia2-36x36.jpg 36w, https:\/\/sites.unica.it\/type-unica\/files\/2015\/09\/silvia2-48x48.jpg 48w, https:\/\/sites.unica.it\/type-unica\/files\/2015\/09\/silvia2-64x64.jpg 64w\" sizes=\"(max-width: 150px) 100vw, 150px\" \/><\/a>\u00a0 <a href=\"http:\/\/sites.unica.it\/type-unica\/files\/2015\/02\/blanc.jpg\"><img decoding=\"async\" class=\"alignnone wp-image-503 size-full\" src=\"http:\/\/sites.unica.it\/type-unica\/files\/2015\/02\/blanc.jpg\" alt=\"\" width=\"150\" height=\"150\" srcset=\"https:\/\/sites.unica.it\/type-unica\/files\/2015\/02\/blanc.jpg 150w, https:\/\/sites.unica.it\/type-unica\/files\/2015\/02\/blanc-96x96.jpg 96w, https:\/\/sites.unica.it\/type-unica\/files\/2015\/02\/blanc-24x24.jpg 24w, https:\/\/sites.unica.it\/type-unica\/files\/2015\/02\/blanc-36x36.jpg 36w, https:\/\/sites.unica.it\/type-unica\/files\/2015\/02\/blanc-48x48.jpg 48w, https:\/\/sites.unica.it\/type-unica\/files\/2015\/02\/blanc-64x64.jpg 64w\" sizes=\"(max-width: 150px) 100vw, 150px\" \/><\/a>\u00a0 <a href=\"http:\/\/sites.unica.it\/type-unica\/?p=594\"><img decoding=\"async\" class=\"alignnone wp-image-561 size-full\" src=\"http:\/\/sites.unica.it\/type-unica\/files\/2015\/09\/auro2.jpg\" alt=\"\" width=\"150\" height=\"150\" srcset=\"https:\/\/sites.unica.it\/type-unica\/files\/2015\/09\/auro2.jpg 150w, https:\/\/sites.unica.it\/type-unica\/files\/2015\/09\/auro2-96x96.jpg 96w, https:\/\/sites.unica.it\/type-unica\/files\/2015\/09\/auro2-24x24.jpg 24w, https:\/\/sites.unica.it\/type-unica\/files\/2015\/09\/auro2-36x36.jpg 36w, https:\/\/sites.unica.it\/type-unica\/files\/2015\/09\/auro2-48x48.jpg 48w, https:\/\/sites.unica.it\/type-unica\/files\/2015\/09\/auro2-64x64.jpg 64w\" sizes=\"(max-width: 150px) 100vw, 150px\" \/><\/a>\u00a0 <a href=\"http:\/\/sites.unica.it\/type-unica\/?p=583\"><img decoding=\"async\" class=\"alignnone wp-image-562 size-thumbnail\" src=\"http:\/\/sites.unica.it\/type-unica\/files\/2015\/09\/franc2-150x150.jpg\" alt=\"\" width=\"150\" height=\"150\" srcset=\"https:\/\/sites.unica.it\/type-unica\/files\/2015\/09\/franc2-150x150.jpg 150w, https:\/\/sites.unica.it\/type-unica\/files\/2015\/09\/franc2.jpg 250w, https:\/\/sites.unica.it\/type-unica\/files\/2015\/09\/franc2-96x96.jpg 96w, https:\/\/sites.unica.it\/type-unica\/files\/2015\/09\/franc2-24x24.jpg 24w, https:\/\/sites.unica.it\/type-unica\/files\/2015\/09\/franc2-36x36.jpg 36w, https:\/\/sites.unica.it\/type-unica\/files\/2015\/09\/franc2-48x48.jpg 48w, https:\/\/sites.unica.it\/type-unica\/files\/2015\/09\/franc2-64x64.jpg 64w\" sizes=\"(max-width: 150px) 100vw, 150px\" \/><\/a>\u00a0\u00a0<a href=\"http:\/\/sites.unica.it\/type-unica\/files\/2015\/02\/blanc.jpg\"><img decoding=\"async\" class=\"alignnone size-full wp-image-503\" src=\"http:\/\/sites.unica.it\/type-unica\/files\/2015\/02\/blanc.jpg\" alt=\"blanc\" width=\"150\" height=\"150\" srcset=\"https:\/\/sites.unica.it\/type-unica\/files\/2015\/02\/blanc.jpg 150w, https:\/\/sites.unica.it\/type-unica\/files\/2015\/02\/blanc-96x96.jpg 96w, https:\/\/sites.unica.it\/type-unica\/files\/2015\/02\/blanc-24x24.jpg 24w, https:\/\/sites.unica.it\/type-unica\/files\/2015\/02\/blanc-36x36.jpg 36w, https:\/\/sites.unica.it\/type-unica\/files\/2015\/02\/blanc-48x48.jpg 48w, https:\/\/sites.unica.it\/type-unica\/files\/2015\/02\/blanc-64x64.jpg 64w\" sizes=\"(max-width: 150px) 100vw, 150px\" \/><\/a>\u00a0 <a href=\"http:\/\/sites.unica.it\/type-unica\/?p=616\"><img decoding=\"async\" class=\"alignnone wp-image-565 size-full\" src=\"http:\/\/sites.unica.it\/type-unica\/files\/2015\/09\/adri-2.jpg\" alt=\"\" width=\"150\" height=\"150\" srcset=\"https:\/\/sites.unica.it\/type-unica\/files\/2015\/09\/adri-2.jpg 150w, https:\/\/sites.unica.it\/type-unica\/files\/2015\/09\/adri-2-96x96.jpg 96w, https:\/\/sites.unica.it\/type-unica\/files\/2015\/09\/adri-2-24x24.jpg 24w, https:\/\/sites.unica.it\/type-unica\/files\/2015\/09\/adri-2-36x36.jpg 36w, https:\/\/sites.unica.it\/type-unica\/files\/2015\/09\/adri-2-48x48.jpg 48w, https:\/\/sites.unica.it\/type-unica\/files\/2015\/09\/adri-2-64x64.jpg 64w\" sizes=\"(max-width: 150px) 100vw, 150px\" \/><\/a>\u00a0\u00a0<a href=\"http:\/\/sites.unica.it\/type-unica\/?p=619\"><img decoding=\"async\" class=\"alignnone wp-image-564 size-full\" src=\"http:\/\/sites.unica.it\/type-unica\/files\/2015\/09\/stefano-curriculum-rdx.jpg\" alt=\"\" width=\"150\" height=\"150\" srcset=\"https:\/\/sites.unica.it\/type-unica\/files\/2015\/09\/stefano-curriculum-rdx.jpg 150w, https:\/\/sites.unica.it\/type-unica\/files\/2015\/09\/stefano-curriculum-rdx-96x96.jpg 96w, https:\/\/sites.unica.it\/type-unica\/files\/2015\/09\/stefano-curriculum-rdx-24x24.jpg 24w, https:\/\/sites.unica.it\/type-unica\/files\/2015\/09\/stefano-curriculum-rdx-36x36.jpg 36w, https:\/\/sites.unica.it\/type-unica\/files\/2015\/09\/stefano-curriculum-rdx-48x48.jpg 48w, https:\/\/sites.unica.it\/type-unica\/files\/2015\/09\/stefano-curriculum-rdx-64x64.jpg 64w\" sizes=\"(max-width: 150px) 100vw, 150px\" \/><\/a>\u00a0 <a href=\"http:\/\/sites.unica.it\/type-unica\/?p=530\"><img decoding=\"async\" class=\"alignnone wp-image-507 size-full\" src=\"http:\/\/sites.unica.it\/type-unica\/files\/2015\/02\/team.jpg\" alt=\"team\" width=\"150\" height=\"150\" srcset=\"https:\/\/sites.unica.it\/type-unica\/files\/2015\/02\/team.jpg 150w, https:\/\/sites.unica.it\/type-unica\/files\/2015\/02\/team-96x96.jpg 96w, https:\/\/sites.unica.it\/type-unica\/files\/2015\/02\/team-24x24.jpg 24w, https:\/\/sites.unica.it\/type-unica\/files\/2015\/02\/team-36x36.jpg 36w, https:\/\/sites.unica.it\/type-unica\/files\/2015\/02\/team-48x48.jpg 48w, https:\/\/sites.unica.it\/type-unica\/files\/2015\/02\/team-64x64.jpg 64w\" sizes=\"(max-width: 150px) 100vw, 150px\" \/><\/a>\u00a0\u00a0<a href=\"http:\/\/sites.unica.it\/type-unica\/files\/2015\/02\/blanc.jpg\"><img decoding=\"async\" class=\"alignnone size-full wp-image-503\" src=\"http:\/\/sites.unica.it\/type-unica\/files\/2015\/02\/blanc.jpg\" alt=\"blanc\" width=\"150\" height=\"150\" srcset=\"https:\/\/sites.unica.it\/type-unica\/files\/2015\/02\/blanc.jpg 150w, https:\/\/sites.unica.it\/type-unica\/files\/2015\/02\/blanc-96x96.jpg 96w, https:\/\/sites.unica.it\/type-unica\/files\/2015\/02\/blanc-24x24.jpg 24w, https:\/\/sites.unica.it\/type-unica\/files\/2015\/02\/blanc-36x36.jpg 36w, https:\/\/sites.unica.it\/type-unica\/files\/2015\/02\/blanc-48x48.jpg 48w, https:\/\/sites.unica.it\/type-unica\/files\/2015\/02\/blanc-64x64.jpg 64w\" sizes=\"(max-width: 150px) 100vw, 150px\" \/><\/a>\u00a0\u00a0<a href=\"http:\/\/sites.unica.it\/type-unica\/?p=622\"><img decoding=\"async\" class=\"alignnone wp-image-560 size-full\" src=\"http:\/\/sites.unica.it\/type-unica\/files\/2015\/09\/phil2.jpg\" alt=\"\" width=\"150\" height=\"150\" srcset=\"https:\/\/sites.unica.it\/type-unica\/files\/2015\/09\/phil2.jpg 150w, https:\/\/sites.unica.it\/type-unica\/files\/2015\/09\/phil2-96x96.jpg 96w, https:\/\/sites.unica.it\/type-unica\/files\/2015\/09\/phil2-24x24.jpg 24w, https:\/\/sites.unica.it\/type-unica\/files\/2015\/09\/phil2-36x36.jpg 36w, https:\/\/sites.unica.it\/type-unica\/files\/2015\/09\/phil2-48x48.jpg 48w, https:\/\/sites.unica.it\/type-unica\/files\/2015\/09\/phil2-64x64.jpg 64w\" sizes=\"(max-width: 150px) 100vw, 150px\" \/><\/a><\/p>\n<p>&nbsp;<\/p>\n<p><strong>Carlo Atzeni\u00a0<\/strong><\/p>\n<p>\u00c8 dottore di ricerca in Ingegneria Edile e professore associato\u00a0di Architettura Tecnica presso il DICAAR Dipartimento di Ingegneria Civile, Ambientale e Architettura di Cagliari, dove \u00e8 anche membro del Consiglio dei docenti del dottorato in Ingegneria Civile e Architettura.\u00a0Alla Facolt\u00e0 di Ingegneria e Architettura\u00a0\u00e8:<\/p>\n<p>&#8211; dal 2014 coordinatore del CdS in Scienze dell&#8217;Architettura;<\/p>\n<p>&#8211; dal 2010 docente del\u00a0Laboratorio Integrato di Progetto e Costruzione 3 (moduli di Composizione Architettonica e Architettura Tecnica) al terzo anno del corso di Studi in Scienze dell\u2019Architettura.<\/p>\n<p>&#8211; dal 2009 \u00e8 coordinatore scientifico dl workshop internazionale di progetto <strong>ARCILAB<\/strong>\u00a0&#8211; <strong>Progetti per paesaggi archeologici<\/strong><\/p>\n<ul>\n<li>dal 2010 con Adriano Dess\u00ec e Silvia Mocci \u00e8 coordinatore del Laboratorio di Tesi &#8220;<strong> Continuit\u00e0 e rottura nel sistema insediativo sardo tra storia e progetto&#8221; per il CdS in Architettura;<\/strong><\/li>\n<li>. E&#8217;\u00a0stato docente coordinatore in numerosi workshop internazionali di progetto: Salvador de Bahia &#8211; Brasile 2005 &#8211; 2010, Mindelo &#8211; Capo Verde 2006, Marrakech &#8211; Marocco 2006, Santiago del Cile 2008-2013, Pavia 2011-2012-2013, Cagliari 2009-2011-2012-2013-2014.<\/li>\n<\/ul>\n<p>Campi di ricerca: conoscenza e recupero dell&#8217;architettura di base nel Mediterraneo, nuove forme di habitat per i margini dei centri abitati delle aree interne della Sardegna, rapporto fra architettura contemporanea e contesti storici consolidati, architettura dei paesaggi rurali mediterranei.<\/p>\n<p>Ha fatto parte di numerosi gruppi di ricerca per progetti nazionali e internazionali sui temi della conoscenza e del recupero dell&#8217;architettura di base del Mediterraneo. il Dal 2007 fa parte,\u00a0come\u00a0esperto per la Manualistica del recupero,del gruppo di ricerca Rehabimed e dal 2009 del progetto Montada,\u00a0nell\u2019ambito delle cui attivit\u00e0 \u00e8 stato coordinatore e principale autore\u00a0del Manuale di recupero per la citt\u00e0 di Dellys in Algeria e nel 2014 \u00e8 stato consulente esperto per la redazione dei Manuali di Recupero per le citt\u00e0 di Bethlehm e Ramallah in Palestina.<\/p>\n<p>E&#8217; autore di numerose pubblicazioni scientifiche fra le quali si segnalano in particolare:<\/p>\n<p>&#8211; Manuale del recupero dei centri storici della Marmilla, del Sarcidano e dell&#8217;Arci-Grighine, con Maurizio Manias, Dei\u00a0Tipografia del Genio Civile, Roma 2006;<\/p>\n<p>&#8211; Manuali del Recupero dei centri storici della Sardegna. vol. I.1, Architettura di terra, con Antonello Sanna,\u00a0Dei\u00a0Tipografia del Genio Civile, Roma 2008;<\/p>\n<p>&#8211;\u00a0Manuali del Recupero dei centri storici della Sardegna. vol. IV Architettura delle colline centro-meridionali, Dei\u00a0Tipografia del Genio Civile, Roma 2009;<\/p>\n<p>&#8211; Tra\u00a0urbano e rurale, Gangemi Editore, Roma 2012;<\/p>\n<p>&#8211;\u00a0Manuel pour la R\u00e9habilitation de la Ville de Dellys, con Xavier Casanovas e altri, Rehabimed, Barcellona 2012.<\/p>\n<p>Le sue attivit\u00e0 di ricerca applicata e i suoi progetti di architettura hanno ricevuto numerosi premi e menzioni in concorsi nazionali e internazionali di architettura fra i quali si segnalano il primo premio all\u2019Europan 9 per il sito Carbonia Italia, e all\u2019Europan 10 per il sito di Seilh Toulouse Francia.\u00a0Nel 2007 e nel 2008 \u00e8 stato inserito nell\u2019annuario dei giovani talenti italiani premiati nel mondo.<\/p>\n<p>&nbsp;<\/p>\n","protected":false},"excerpt":{"rendered":"<p>\u00a0\u00a0\u00a0 \u00a0 \u00a0 \u00a0 \u00a0\u00a0\u00a0 \u00a0 \u00a0 \u00a0\u00a0\u00a0 \u00a0\u00a0\u00a0 \u00a0\u00a0\u00a0\u00a0 &nbsp; Carlo Atzeni\u00a0 \u00c8 dottore di ricerca in Ingegneria Edile e professore associato\u00a0di Architettura Tecnica presso il DICAAR Dipartimento di Ingegneria Civile, Ambientale e Architettura di Cagliari, dove \u00e8 anche membro del Consiglio dei docenti del dottorato in Ingegneria Civile e Architettura.\u00a0Alla Facolt\u00e0 di Ingegneria e Architettura\u00a0\u00e8: &#8211; dal 2014 coordinatore del CdS in Scienze dell&#8217;Architettura; &#8211; dal 2010 docente del\u00a0Laboratorio Integrato di Progetto e Costruzione 3 (moduli di Composizione Architettonica e Architettura Tecnica) al terzo anno del corso di Studi in Scienze dell\u2019Architettura. &#8211; dal 2009 \u00e8 coordinatore scientifico <a href='https:\/\/sites.unica.it\/type-unica\/carlo-atzeni\/' class='excerpt-more'>[&#8230;]<\/a><\/p>\n","protected":false},"author":2716,"featured_media":0,"parent":0,"menu_order":0,"comment_status":"closed","ping_status":"closed","template":"","meta":{"ngg_post_thumbnail":0,"footnotes":""},"class_list":["post-572","page","type-page","status-publish","hentry","post-seq-1","post-parity-odd","meta-position-corners","fix"],"_links":{"self":[{"href":"https:\/\/sites.unica.it\/type-unica\/wp-json\/wp\/v2\/pages\/572","targetHints":{"allow":["GET"]}}],"collection":[{"href":"https:\/\/sites.unica.it\/type-unica\/wp-json\/wp\/v2\/pages"}],"about":[{"href":"https:\/\/sites.unica.it\/type-unica\/wp-json\/wp\/v2\/types\/page"}],"author":[{"embeddable":true,"href":"https:\/\/sites.unica.it\/type-unica\/wp-json\/wp\/v2\/users\/2716"}],"replies":[{"embeddable":true,"href":"https:\/\/sites.unica.it\/type-unica\/wp-json\/wp\/v2\/comments?post=572"}],"version-history":[{"count":14,"href":"https:\/\/sites.unica.it\/type-unica\/wp-json\/wp\/v2\/pages\/572\/revisions"}],"predecessor-version":[{"id":738,"href":"https:\/\/sites.unica.it\/type-unica\/wp-json\/wp\/v2\/pages\/572\/revisions\/738"}],"wp:attachment":[{"href":"https:\/\/sites.unica.it\/type-unica\/wp-json\/wp\/v2\/media?parent=572"}],"curies":[{"name":"wp","href":"https:\/\/api.w.org\/{rel}","templated":true}]}}