{"id":33,"date":"2018-02-12T14:38:18","date_gmt":"2018-02-12T13:38:18","guid":{"rendered":"http:\/\/sites.unica.it\/supreme\/?page_id=33"},"modified":"2018-02-23T12:58:57","modified_gmt":"2018-02-23T11:58:57","slug":"partners","status":"publish","type":"page","link":"https:\/\/sites.unica.it\/supreme\/partners\/","title":{"rendered":"Partners"},"content":{"rendered":"<p>&nbsp;<\/p>\n<p><img loading=\"lazy\" decoding=\"async\" class=\"alignnone wp-image-82\" src=\"http:\/\/sites.unica.it\/supreme\/files\/2018\/02\/unica.png\" alt=\"\" width=\"130\" height=\"120\" \/><\/p>\n<p>Role: Coordinator<\/p>\n<p>Beneficiary Legal Name:\u00a0 University of Cagliari (<strong>UNICA<\/strong>) &#8211; Italy<\/p>\n<p>Web site: \u00a0\u00a0\u00a0\u00a0\u00a0\u00a0\u00a0\u00a0\u00a0\u00a0\u00a0\u00a0\u00a0\u00a0\u00a0\u00a0\u00a0\u00a0 <a href=\"http:\/\/www.unica.it\/\">http:\/\/www.unica.it\/<\/a><\/p>\n<p>Address:\u00a0\u00a0\u00a0\u00a0\u00a0\u00a0\u00a0\u00a0\u00a0\u00a0\u00a0\u00a0\u00a0\u00a0\u00a0\u00a0\u00a0\u00a0\u00a0\u00a0 Via Trentino 51, 09127 Cagliari, Italy<\/p>\n<p>Contact Person:\u00a0\u00a0\u00a0\u00a0\u00a0\u00a0\u00a0\u00a0 Dr. Giovanni De Giudici<\/p>\n<p>Position:\u00a0\u00a0\u00a0\u00a0\u00a0\u00a0\u00a0\u00a0\u00a0\u00a0\u00a0\u00a0\u00a0\u00a0\u00a0\u00a0\u00a0\u00a0\u00a0\u00a0 Researcher<\/p>\n<p>Email:\u00a0\u00a0\u00a0\u00a0\u00a0\u00a0\u00a0\u00a0\u00a0\u00a0\u00a0\u00a0\u00a0\u00a0\u00a0\u00a0\u00a0\u00a0\u00a0\u00a0\u00a0\u00a0\u00a0\u00a0 gbgiudic@unica.it<\/p>\n<p>The University of Cagliari was founded in 1606. At present the University of Cagliari comprises 17 Departments belonging to seven faculties. The University of Cagliari is a public state University and has about 31,102 enrolled students, over 1,000 teaching staff and more than 1,000 professionals at the technical-administrative staff. Besides that, yearly about 200 visiting professors come to Cagliari\u2019s University. The Department of Chemical and Geological Sciences of the University of Cagliari has been recently founded from the historical Chemistry and Earth Science Departments.<\/p>\n<p>The Group of Mineralogy and Geochemistry has 35 years long experience in investigating heavy metal mobility in mine areas. This group organized many international congresses (WRI 10, IMWA 2007), lead UE project (WAQUAMINAR) and participated to international research projects on mine environment management (Environmental Issues Related To Abandoned Mine Sites).<\/p>\n<p>__________________________________________________________________<\/p>\n<p><img loading=\"lazy\" decoding=\"async\" class=\"alignnone wp-image-71\" src=\"http:\/\/sites.unica.it\/supreme\/files\/2018\/02\/cr-300x95.png\" alt=\"\" width=\"214\" height=\"75\" \/><\/p>\n<p>Beneficiary Legal Name: Centro di Ricerca, Sviluppo e Studi Superiori in Sardegna (<strong>CRS4<\/strong>) &#8211; Italy<\/p>\n<p>Web site: \u00a0\u00a0\u00a0\u00a0\u00a0\u00a0\u00a0\u00a0\u00a0\u00a0\u00a0\u00a0\u00a0\u00a0\u00a0\u00a0\u00a0\u00a0 <a href=\"http:\/\/www.crs4.it\/\">http:\/\/www.crs4.it\/<\/a><\/p>\n<p>Address:\u00a0\u00a0\u00a0\u00a0\u00a0\u00a0\u00a0\u00a0\u00a0\u00a0\u00a0\u00a0\u00a0\u00a0\u00a0\u00a0\u00a0\u00a0\u00a0\u00a0 Loc. Piscina Manna, Edificio 1, 09010 Pula (CA), Italy<\/p>\n<p>Contact Person: \u00a0 \u00a0 \u00a0 \u00a0 Pierluigi Cau<\/p>\n<p>Position: \u00a0 \u00a0 \u00a0 \u00a0 \u00a0 \u00a0 \u00a0 \u00a0 \u00a0 \u00a0 Researcher<\/p>\n<p>Email: \u00a0 \u00a0 \u00a0 \u00a0 \u00a0 \u00a0 \u00a0 \u00a0 \u00a0 \u00a0 \u00a0 \u00a0\u00a0<a href=\"mailto:plcau@crs4.it\" target=\"_blank\" rel=\"noopener\">plcau@crs4.it<\/a><\/p>\n<p>CRS4 (Center for Advanced Studies, Research and Development in Sardinia) is a not profit, interdisciplinary research center promoting the study, development and application of innovative solutions to problems stemming from natural, social and industrial environments. CRS4 was established in 1990 and is located within\u00a0the \u201c<a href=\"http:\/\/www.sardegnaricerche.it\/en\/technologypark\/\">Science and Technology Park\u201d (Polaris)<\/a>, a point of attraction for high-tech research 40 km from Cagliari (Italy). Information Society and Technology and High Performance Computing are CRS4 supporting foundations. The main objective is innovation. The mission is to help to build and support a layer of modern high tech industries considered essential to the economic and cultural development of Sardinia.<\/p>\n<p>__________________________________________________________________<\/p>\n<p><img loading=\"lazy\" decoding=\"async\" class=\"alignnone size-medium wp-image-73\" src=\"http:\/\/sites.unica.it\/supreme\/files\/2018\/02\/enea-300x79.png\" alt=\"\" width=\"300\" height=\"79\" srcset=\"https:\/\/sites.unica.it\/supreme\/files\/2018\/02\/enea-300x79.png 300w, https:\/\/sites.unica.it\/supreme\/files\/2018\/02\/enea-250x66.png 250w, https:\/\/sites.unica.it\/supreme\/files\/2018\/02\/enea.png 335w\" sizes=\"auto, (max-width: 300px) 100vw, 300px\" \/><\/p>\n<p>Beneficiary Legal Name: Italian National Agency for New Technologies, Energy and Sustainable Economic Development<strong> (ENEA) <\/strong>&#8211; Italy<\/p>\n<p>Web site: \u00a0\u00a0\u00a0\u00a0\u00a0\u00a0\u00a0\u00a0\u00a0\u00a0\u00a0\u00a0\u00a0\u00a0\u00a0\u00a0\u00a0\u00a0 <a href=\"http:\/\/www.enea.it\/it\">http:\/\/www.enea.it\/it<\/a><\/p>\n<p>Address:\u00a0\u00a0\u00a0\u00a0\u00a0\u00a0\u00a0\u00a0\u00a0\u00a0\u00a0\u00a0\u00a0\u00a0\u00a0\u00a0\u00a0\u00a0\u00a0\u00a0 Via Anguillarese 301, 00123 Rome, Italy<\/p>\n<p>Contact Person:\u00a0\u00a0\u00a0\u00a0\u00a0\u00a0\u00a0\u00a0 Dr. Anna Rosa Sprocati<\/p>\n<p>Position:\u00a0\u00a0\u00a0\u00a0\u00a0\u00a0\u00a0\u00a0\u00a0\u00a0\u00a0\u00a0\u00a0\u00a0\u00a0\u00a0\u00a0\u00a0\u00a0\u00a0 Researcher<\/p>\n<p>Email:\u00a0\u00a0\u00a0\u00a0\u00a0\u00a0\u00a0\u00a0\u00a0\u00a0\u00a0\u00a0\u00a0\u00a0\u00a0\u00a0\u00a0\u00a0\u00a0\u00a0\u00a0\u00a0\u00a0\u00a0 annarosa.sprocati@enea.it<\/p>\n<p>ENEA has a permanent staff of about 2700 distributed in ten major research centres. In addition to advancement of basic knowledge, research activities aim to provide support for public policies and decision making, and to contribute to the development of innovative technologies featuring research in public\/private partnerships. ENEA is concerned with energy efficiency, renewable energy sources, nuclear energy and sustainability of productive and territorial systems. For the Environment ENEA pursues its mission to protect and enhance the natural capital of the Country, through the characterization of the territory, the understanding of environmental processes, the definition of risk and vulnerability and the design of interventions of protection \/ preservation and restoration. A further important objective is to operate for the development and innovation of the national agro-industrial production system. The aim is to obtain food products using competitive, sustainable, and energy-efficient processes. To this purposes, ENEA carries on analysis and evaluation and develops methodologies and technologies for characterization, protection, management and environmental remediation, undertaking studies to understand the mechanisms and to assess the long-term trend on ecosystems and biodiversity caused by natural changes and \/ or by human activity. Research for the identification and mitigation of risks arising by natural or human activity is carried out with an ecosystem and multidisciplinary approach, also integrating expertise on different environmental media: terrestrial, fluvial, marine and transition. Research in agro-system aims at the development, and transfer of processing technologies and innovative diagnostic methods aimed at improving food quality and safety. Green and Microbial biotechnologies are applied to develop new approaches to exploiting and harnessing the metabolic potential naturally occurring in the ecological system to be considered. Within the fields of competence described above, the Agency also provides consultancy and specific services in support to Public Administration at all levels and to the Civil Protection Department.<\/p>\n<p>__________________________________________________________________<\/p>\n<p><img loading=\"lazy\" decoding=\"async\" class=\"alignnone wp-image-74\" src=\"http:\/\/sites.unica.it\/supreme\/files\/2018\/02\/gar.png\" alt=\"\" width=\"198\" height=\"126\" \/><\/p>\n<p>Beneficiary Legal Name: Garoufalis Orchid Greenhouses (<strong>GOG<\/strong>) &#8211; GREECE<\/p>\n<p>Web site: <a href=\"http:\/\/www.orchids.gr\">www.orchids.gr<\/a><\/p>\n<p>Address:\u00a0 Garoufalis Orchid Green Houses<\/p>\n<p>Island of Samos Mesokampos Mytilini GR-83101<\/p>\n<p>Greece<\/p>\n<p>Contact Person:\u00a0 \u00a0 \u00a0 \u00a0 \u00a0 \u00a0 \u00a0 \u00a0 \u00a0 \u00a0 Manolis Garoufalis<\/p>\n<p>Position:\u00a0 \u00a0 \u00a0 \u00a0 \u00a0 \u00a0 \u00a0 \u00a0 \u00a0 \u00a0 \u00a0 \u00a0 \u00a0 \u00a0 \u00a0 \u00a0 \u00a0Project Manager<\/p>\n<p>Email:\u00a0\u00a0\u00a0\u00a0\u00a0\u00a0\u00a0\u00a0\u00a0\u00a0\u00a0\u00a0\u00a0\u00a0\u00a0\u00a0\u00a0\u00a0\u00a0\u00a0\u00a0\u00a0\u00a0\u00a0\u00a0\u00a0\u00a0\u00a0\u00a0\u00a0\u00a0\u00a0\u00a0\u00a0\u00a0\u00a0 sailsforscience@gmail.com<\/p>\n<p>Garoufalis Orchid Greenhouses (GOG) is a small to medium sized agro-horticultural (SME) company situated in the municipality of Pythagorio on the island of Samos, Greece in the Eastern Mediterranean. GOG is a dynamically growing company and was established in 1998 by the present owners Mr. Manolis Garoufalis and Mr. Nikos Garoufalis.<\/p>\n<p>GOG embraces agricultural land of various ha and about 15000 m2 greenhouse facilities. GOG is applying up-to-date cultivation techniques, modern facilities with technical monitoring and strives for continues improvements through scientific and environmental advice to improve the sustainability of the enterprise in its local environment. As SME, GOG has a head count of 5 full-time employees. The company employs an agronomist graduated from the Agricultural University of Athens and a technologist graduated from the Technological Educational Institute (TEI) of Larissa besides farmworkers.<\/p>\n<p>GOG became a pioneer in the production of orchids, namely of cymbidium species under local climatic conditions, as well as other produce. The cultivation of orchids in Greece takes exclusively place on the island of Samos. GOG has experience in the implementation of services from European agricultural biotech companies to improve its propagation methods and results. GOG aims to improve the deployment of its cultivation methods to achieve optimized utilization of resources as equipment, acreage, water, fertilizer, and manpower in a circular manner from cultivation, production until final disposal. GOG produces for the domestic and foreign markets. GOG is continuously exploring the cultivation of other crops and plants to benefit from the local conditions and give back to the local community. GOG is developing propagation methods for the sustainable production of flour from plant roots and tubers containing glucomannan which powder is consumed in beverages and desserts, as the popular <a href=\"https:\/\/en.wikipedia.org\/wiki\/Kahramanmara%C5%9F\">Kahramanmara\u015f<\/a>\u00a0icecream, in Turkey, Greece, and the Levanth. GOG integrated into its business model corporate socio-environmental responsibility. In accordance with the realities of the rapid eradication of native plant species due to the harvesting for salep flour production and ongoing climate change, an integral part of GOG\u2019s mission is the development of such food crops that may be cultivated on Samos island in a sustainable manner, however, still to support local tradition and support local job creation.<\/p>\n<p>GOG holds the appropriate national and local certifications necessary to conduct this project within the premise of GOG and operates in compliance with the requirements of Good Laboratory Practice (GLP) in accordance with EU Directive 88\/320\/EEC<\/p>\n<p>__________________________________________________________________<\/p>\n<p><img loading=\"lazy\" decoding=\"async\" class=\"alignnone wp-image-76\" src=\"http:\/\/sites.unica.it\/supreme\/files\/2018\/02\/ari-300x30.jpg\" alt=\"\" width=\"431\" height=\"55\" \/><\/p>\n<p>Beneficiary Legal Name: Agricultural Research Institute (<strong>ARI<\/strong>) \u2013 Cyprus<\/p>\n<p>Web site: \u00a0\u00a0\u00a0\u00a0\u00a0\u00a0\u00a0\u00a0\u00a0\u00a0\u00a0\u00a0\u00a0\u00a0\u00a0\u00a0\u00a0\u00a0\u00a0\u00a0\u00a0\u00a0\u00a0\u00a0\u00a0\u00a0\u00a0\u00a0\u00a0 www.ari.gov.cy\/<\/p>\n<p>Address:\u00a0\u00a0\u00a0\u00a0\u00a0\u00a0\u00a0\u00a0\u00a0\u00a0\u00a0\u00a0\u00a0\u00a0\u00a0\u00a0\u00a0\u00a0\u00a0\u00a0\u00a0\u00a0\u00a0\u00a0\u00a0\u00a0\u00a0\u00a0\u00a0\u00a0\u00a0\u00a0 Address:\u00a0P.O.Box 22016, 1516 Nicosia, Cyprus<\/p>\n<p>Contact Person:\u00a0\u00a0\u00a0\u00a0\u00a0\u00a0\u00a0\u00a0\u00a0\u00a0\u00a0\u00a0\u00a0\u00a0\u00a0\u00a0\u00a0\u00a0\u00a0\u00a0 Michalis Omirou<\/p>\n<p>Position:\u00a0\u00a0\u00a0\u00a0\u00a0\u00a0\u00a0\u00a0\u00a0\u00a0\u00a0\u00a0\u00a0\u00a0\u00a0\u00a0\u00a0\u00a0\u00a0\u00a0\u00a0\u00a0\u00a0\u00a0\u00a0\u00a0\u00a0\u00a0\u00a0\u00a0\u00a0\u00a0 Researcher<\/p>\n<p>Email:\u00a0\u00a0\u00a0\u00a0\u00a0\u00a0\u00a0\u00a0\u00a0\u00a0\u00a0\u00a0\u00a0\u00a0\u00a0\u00a0\u00a0\u00a0\u00a0\u00a0\u00a0\u00a0\u00a0\u00a0\u00a0\u00a0\u00a0\u00a0\u00a0\u00a0\u00a0\u00a0\u00a0\u00a0\u00a0\u00a0 michalis.omirou@ari.gov.cy<\/p>\n<p>The UN Food and Agriculture Organization (FAO) 50 founded the Agricultural Research Institute (ARI) years ago. Throughout the years, ARI produces high quality research in Agriculture and received a big recognition for its overall contribution when it was declared as a scientific \u201cCenter of Excellence\u201d in 2000, through a competitive FP5 call. Our research group has been heavily involved in environmental microbiology, organic farming, plant breeding and agriculture-climate change related projects. Within this frame, ARI coordinated several research projects regarding the impact of green manures on soil microbial community structure and activity. Moreover, our team leads a strong plant breeding and molecular genetics program, leading to the development of the main cultivated cereal and legume varieties in Cyprus, with emphasis on drought-tolerant crops, like barley and forages. Additionally innovative biotechnologically based approaches are currently under development in order to precisely implement environmental friendly practices. Finally, our work provides authorities and companies with a better basis for decision-making and a powerful competitive edge, based on reduced impact on the environment and wiser management of natural resources.<\/p>\n<p>ARI facilities include 3 main experimental field stations extending across Cyprus, used for in situ agricultural research and plant breeding, as well as modern equipment and laboratory facilities for molecular biology (PCR, qPCR) and microbial ecology as well as microbial inoculation technologies (spray dryer, bioreactors). Plant \u2013 microbe interaction facilities are also available for research (microscopes, controlled conditions walking rooms etc). Plant secondary metabolites and chemical analysis is performed in high quality laboratories equipped with state-of-the-art facilities, including mass spectrometry instrumentation (LC-MS\/MS, GC-MS).<\/p>\n<p>________________________________________________________________<\/p>\n<p><img loading=\"lazy\" decoding=\"async\" class=\"alignnone wp-image-77\" src=\"http:\/\/sites.unica.it\/supreme\/files\/2018\/02\/bejaia.png\" alt=\"\" width=\"212\" height=\"93\" \/><\/p>\n<p>Beneficiary Legal Name: Universit\u00e9 de B\u00e9jaia<\/p>\n<p>Facult\u00e9 des Sciences de la Nature et de la Vie D\u00e9partement des Sciences Alimentaires Laboratoire Biomath\u00e9matiques Biophysique Biochimie et de Scientom\u00e9trie (<strong>L3BS<\/strong>) \u2013 Algeria<\/p>\n<p><strong>\u00a0<\/strong>Web site: \u00a0\u00a0\u00a0\u00a0\u00a0\u00a0\u00a0\u00a0\u00a0\u00a0\u00a0\u00a0\u00a0\u00a0\u00a0\u00a0\u00a0\u00a0 http:\/\/www.univ-bejaia.dz\/<\/p>\n<p>Address:\u00a0\u00a0\u00a0\u00a0\u00a0\u00a0\u00a0\u00a0\u00a0\u00a0\u00a0\u00a0\u00a0\u00a0\u00a0\u00a0\u00a0\u00a0\u00a0\u00a0 Route des Mezaia tergua ouzemmour 06000 B\u00e9jaia Alg\u00e9rie<\/p>\n<p>Contact Person:\u00a0\u00a0\u00a0\u00a0\u00a0\u00a0\u00a0\u00a0 Khodir Madani<\/p>\n<p>Position:\u00a0\u00a0\u00a0\u00a0\u00a0\u00a0\u00a0\u00a0\u00a0\u00a0\u00a0\u00a0\u00a0\u00a0\u00a0\u00a0\u00a0\u00a0\u00a0\u00a0 Professor<\/p>\n<p>Email:\u00a0\u00a0\u00a0\u00a0\u00a0\u00a0\u00a0\u00a0\u00a0\u00a0\u00a0\u00a0\u00a0\u00a0\u00a0\u00a0\u00a0\u00a0\u00a0\u00a0\u00a0\u00a0\u00a0\u00a0 <a href=\"mailto:khodir.madani@univ-bejaia.dz\">khodir.madani@univ-bejaia.dz<\/a>, <a href=\"mailto:madani28dz2002@yahoo.fr\">madani28dz2002@yahoo.fr<\/a><\/p>\n<p>The L3BS team, led by Khodiri Madani (Senior Scientist), belongs to the direction de la Recherche Scientifique et du De\u0301veloppement Technologique, DGRSDT, affiliated to the university of Bejaia (Algeria). It is a multidisciplinary research laboratory. Its purpose is the development by research and industrial collaboration.<\/p>\n<p>L3BS research activities is notably based on several national (PNR, CNEPRU) and international research partnerships (AUF, TASSILI, PHC Maghreb, AUCC, ENVIMED) with different countries (France, Canada, Italy, Spain, USA, Poland, Tunisia, Morocco, Malaysia, India, Jordan, Portugal).<\/p>\n<p>The laboratory consists of 05 teams working on aspects of water resources, food technology and environment. Their objectives are (i) to evaluate the availability of the water resources with the climate change, (ii) to determine the influence of the climate change on the phyto resources with industrial interest, case study: improvement of soils and management of water resources due to agricultural production of ficus opuntia indica, (iii) flow and storage of water and solutes, which includes nitrogen, phosphorus, pesticides, and other compounds dissolved in the water, (iv) Eco processing innovation (Eco extraction, drying, etc\u2026) for agricultural products and by-products.<\/p>\n<p>__________________________________________________________________<\/p>\n<p><img loading=\"lazy\" decoding=\"async\" class=\"wp-image-84 alignleft\" src=\"http:\/\/sites.unica.it\/supreme\/files\/2018\/02\/dsf.jpg\" alt=\"\" width=\"140\" height=\"159\" \/>Beneficiary Legal Name: Prince\u00a0Faisal Center For Dead Sea, Environmental &amp; Energy Research &#8211; Mu&#8217;tah University (<strong>DSF<\/strong>) &#8211; Jordan<\/p>\n<p>Web site: https:\/\/www.mutah.edu.jo\/index.php?lang=ar<\/p>\n<p>Address:\u00a0 \u00a0Mutah 61710, Jordan<\/p>\n<p>Contact Person:\u00a0\u00a0\u00a0\u00a0\u00a0\u00a0\u00a0\u00a0\u00a0\u00a0\u00a0\u00a0\u00a0\u00a0\u00a0\u00a0\u00a0\u00a0\u00a0\u00a0 Prof. Tayel El-Hasan<\/p>\n<p>Position:\u00a0\u00a0\u00a0\u00a0\u00a0\u00a0\u00a0\u00a0\u00a0\u00a0\u00a0\u00a0\u00a0\u00a0\u00a0\u00a0\u00a0\u00a0\u00a0\u00a0\u00a0\u00a0\u00a0\u00a0\u00a0\u00a0\u00a0\u00a0\u00a0\u00a0\u00a0\u00a0 Director<\/p>\n<p>Email:\u00a0\u00a0\u00a0\u00a0\u00a0\u00a0\u00a0\u00a0\u00a0\u00a0\u00a0\u00a0\u00a0\u00a0\u00a0\u00a0\u00a0\u00a0\u00a0\u00a0\u00a0\u00a0\u00a0\u00a0\u00a0\u00a0\u00a0\u00a0\u00a0\u00a0\u00a0\u00a0\u00a0\u00a0\u00a0\u00a0 <a href=\"mailto:tayel.elhasan@gmail.com\">tayel.elhasan@gmail.com<\/a> \/ <a href=\"mailto:tayel@mutah.edu.jo\">tayel@mutah.edu.jo<\/a><\/p>\n<p>Mutah University is located in Mutah town in Karak governorate, 135 Km south to the Amman, the capital city in Jordan. It was founded on 22 March 1981 by Royal Decree, to be a national institution for military and civilian higher education. Towards its mission, Mutah University strives to provide a broad range of lkearning and research opportunities that contribute to the sum of Human Knowledge and the achievement of sustainable development in the local community. Mutah University campus is consisting of twelve academic faculties and providing a multidisciplinary education system<\/p>\n","protected":false},"excerpt":{"rendered":"<p>&nbsp; Role: Coordinator Beneficiary Legal Name:\u00a0 University of Cagliari (UNICA) &#8211; Italy Web site: \u00a0\u00a0\u00a0\u00a0\u00a0\u00a0\u00a0\u00a0\u00a0\u00a0\u00a0\u00a0\u00a0\u00a0\u00a0\u00a0\u00a0\u00a0 http:\/\/www.unica.it\/ Address:\u00a0\u00a0\u00a0\u00a0\u00a0\u00a0\u00a0\u00a0\u00a0\u00a0\u00a0\u00a0\u00a0\u00a0\u00a0\u00a0\u00a0\u00a0\u00a0\u00a0 Via Trentino 51, 09127 Cagliari, Italy Contact Person:\u00a0\u00a0\u00a0\u00a0\u00a0\u00a0\u00a0\u00a0 Dr. Giovanni De Giudici Position:\u00a0\u00a0\u00a0\u00a0\u00a0\u00a0\u00a0\u00a0\u00a0\u00a0\u00a0\u00a0\u00a0\u00a0\u00a0\u00a0\u00a0\u00a0\u00a0\u00a0 Researcher Email:\u00a0\u00a0\u00a0\u00a0\u00a0\u00a0\u00a0\u00a0\u00a0\u00a0\u00a0\u00a0\u00a0\u00a0\u00a0\u00a0\u00a0\u00a0\u00a0\u00a0\u00a0\u00a0\u00a0\u00a0 gbgiudic@unica.it The University of Cagliari was founded in &hellip; <a href=\"https:\/\/sites.unica.it\/supreme\/partners\/\">Continua a leggere<span class=\"meta-nav\">&rarr;<\/span><\/a><\/p>\n","protected":false},"author":3088,"featured_media":0,"parent":0,"menu_order":0,"comment_status":"closed","ping_status":"closed","template":"","meta":{"footnotes":""},"class_list":["post-33","page","type-page","status-publish","hentry"],"_links":{"self":[{"href":"https:\/\/sites.unica.it\/supreme\/wp-json\/wp\/v2\/pages\/33","targetHints":{"allow":["GET"]}}],"collection":[{"href":"https:\/\/sites.unica.it\/supreme\/wp-json\/wp\/v2\/pages"}],"about":[{"href":"https:\/\/sites.unica.it\/supreme\/wp-json\/wp\/v2\/types\/page"}],"author":[{"embeddable":true,"href":"https:\/\/sites.unica.it\/supreme\/wp-json\/wp\/v2\/users\/3088"}],"replies":[{"embeddable":true,"href":"https:\/\/sites.unica.it\/supreme\/wp-json\/wp\/v2\/comments?post=33"}],"version-history":[{"count":14,"href":"https:\/\/sites.unica.it\/supreme\/wp-json\/wp\/v2\/pages\/33\/revisions"}],"predecessor-version":[{"id":96,"href":"https:\/\/sites.unica.it\/supreme\/wp-json\/wp\/v2\/pages\/33\/revisions\/96"}],"wp:attachment":[{"href":"https:\/\/sites.unica.it\/supreme\/wp-json\/wp\/v2\/media?parent=33"}],"curies":[{"name":"wp","href":"https:\/\/api.w.org\/{rel}","templated":true}]}}