{"id":572,"date":"2022-08-26T12:38:01","date_gmt":"2022-08-26T10:38:01","guid":{"rendered":"https:\/\/sites.unica.it\/stahy2022\/?page_id=572"},"modified":"2022-09-08T12:45:42","modified_gmt":"2022-09-08T10:45:42","slug":"monday-19","status":"publish","type":"page","link":"https:\/\/sites.unica.it\/stahy2022\/programme\/monday-19\/","title":{"rendered":"Monday 19 (Oral talks)"},"content":{"rendered":"<p><span style=\"color: #ff0000\"><strong>Morning sessions<\/strong><\/span><\/p>\n<p><strong>9:00&#8211;10:15\u00a0\u00a0 Chairperson: Salvatore Grimaldi<br \/>\n<\/strong><\/p>\n<ul>\n<li style=\"list-style-type: none\">\n<ul>\n<li><a href=\"http:\/\/sites.unica.it\/stahy2022\/files\/2022\/08\/111_Andras_Bardossy_STAHY2022.pdf\" target=\"_blank\" rel=\"noopener\">How to interpolate and simulate precipitation in space and time? (<strong>Invited 30-minute talk<\/strong>)<\/a><br \/>\n<em><strong>Andras Bardossy<\/strong><\/em><\/li>\n<li><a href=\"http:\/\/sites.unica.it\/stahy2022\/files\/2022\/08\/053_Spezia_Luigi_STAHY2022.pdf\" target=\"_blank\" rel=\"noopener\">Markov switching autoregressive models and Bayesian hydrology<\/a><br \/>\n<em>Roberta Paroli and <strong>Luigi Spezia<\/strong><\/em><\/li>\n<li><a href=\"http:\/\/sites.unica.it\/stahy2022\/files\/2022\/08\/124_Kim_Seokhyeon_STAHY2022.pdf\" target=\"_blank\" rel=\"noopener\">A new perspective on improving satellite data through data merging for hydrology and climate change assessments<\/a><br \/>\n<em>Kim Seokhyeon, <strong>Ashish Sharma<\/strong>, Doosun Kang<\/em><\/li>\n<\/ul>\n<\/li>\n<\/ul>\n<p>**** Coffee break ****<\/p>\n<p><strong>10:45&#8211;12:00\u00a0\u00a0 Chairperson: Krzysziof Kochanek<br \/>\n<\/strong><\/p>\n<ul>\n<li style=\"list-style-type: none\">\n<ul>\n<li><a href=\"http:\/\/sites.unica.it\/stahy2022\/files\/2022\/08\/023_Shan_Baoying_STAHY2022.pdf\" target=\"_blank\" rel=\"noopener\">Compound drought and heatwave identification: daily-scale, extreme, independent events based on 120-year observation in Uccle, Belgium<\/a><br \/>\n<em><strong>Baoying Shan<\/strong>, Bernard De Baets, Niko E.C. Verhoest<\/em><\/li>\n<li><a href=\"http:\/\/sites.unica.it\/stahy2022\/files\/2022\/08\/032_Simon_Felix_STAHY2022.pdf\" target=\"_blank\" rel=\"noopener\">Probability analysis of compound extreme events based on the example of heavy rainfall and floods<\/a><br \/>\n<em><strong>Felix Simon<\/strong>, Christoph Mudersbach<\/em><\/li>\n<li><a href=\"http:\/\/sites.unica.it\/stahy2022\/files\/2022\/08\/008_Schmith_Torben_STAHY2022.pdf\" target=\"_blank\" rel=\"noopener\">Spatial variation of occurrence of cloudburst events from a high-density historical rainfall observation network<\/a><br \/>\n<em><strong>Torben Schmith<\/strong>, Peter Thejll, Bo Christiansen, Nafsika Antoniadou<\/em><\/li>\n<li><a href=\"http:\/\/sites.unica.it\/stahy2022\/files\/2022\/08\/126_Sharma_Ashish_STAHY2022.pdf\" target=\"_blank\" rel=\"noopener\">Extreme rainfall frequency analysis using the four-parameter Kappa distribution: separating storm intensities and arrival rate <\/a><br \/>\n<em>Declan O&#8217;Shea, Rory Nathan, <strong>Ashish Sharma<\/strong>, Conrad Wasko<\/em><\/li>\n<\/ul>\n<\/li>\n<\/ul>\n<hr \/>\n<hr \/>\n<p><span style=\"color: #ff0000\"><strong>Afternoon sessions<\/strong><\/span><\/p>\n<p><strong>16:00&#8211;17:15\u00a0\u00a0 Chairperson: Christian Onof<br \/>\n<\/strong><\/p>\n<ul>\n<li style=\"list-style-type: none\">\n<ul>\n<li><a href=\"http:\/\/sites.unica.it\/stahy2022\/files\/2022\/08\/094_Laio_Francesco_STAHY2022.pdf\" target=\"_blank\" rel=\"noopener\">Non-stationarity in dispersion and skewness of extreme floods<\/a><br \/>\n<em><strong>Francesco Laio<\/strong> and Tuninetti<\/em><\/li>\n<li><a href=\"http:\/\/sites.unica.it\/stahy2022\/files\/2022\/08\/075_Farris_Stefano_STAHY2022.pdf\" target=\"_blank\" rel=\"noopener\">The influence of serial correlation and field significance in trend analyses of extreme rainfall frequency time series<\/a><br \/>\n<em><strong>Stefano Farris<\/strong>, Roberto Deidda, Francesco Viola and Giuseppe Mascaro<\/em><\/li>\n<li><a href=\"http:\/\/sites.unica.it\/stahy2022\/files\/2022\/08\/105_Almendra_Martin_Laura_STAHY2022.pdf\" target=\"_blank\" rel=\"noopener\">Soil moisture anomaly trends in Europe evaluated with Mann-Kendall and EMD methods<\/a><br \/>\n<em><strong>Laura Almendra-Mart\u00edn<\/strong>, Jos\u00e9 Mart\u00ednez-Fern\u00e1ndez, Mar\u00eda Piles, \u00c1ngel Gonz\u00e1lez-Zamora, Pilar Benito-Verdugo, Jaime Gaona<\/em><\/li>\n<li><a href=\"http:\/\/sites.unica.it\/stahy2022\/files\/2022\/08\/079_Peres_David_STAHY2022.pdf\" target=\"_blank\" rel=\"noopener\">Analysis of future climate change impacts on drought in Sicily and Calabria based on Standardized indices<\/a><br \/>\n<em><strong>David J. Peres<\/strong>, Brunella Bonaccorso, Nunziarita Palazzolo, Antonino Cancelliere, Giuseppe Mendicino and Alfonso Senatore<\/em><\/li>\n<\/ul>\n<\/li>\n<\/ul>\n<p>**** Coffee break ****<\/p>\n<p><strong>17:45&#8211;19:00\u00a0\u00a0 Chairperson: Antonio Cancelliere<br \/>\n<\/strong><\/p>\n<ul>\n<li style=\"list-style-type: none\">\n<ul>\n<li><a href=\"http:\/\/sites.unica.it\/stahy2022\/files\/2022\/08\/020_Emmanouil_Stergios_STAHY2022.pdf\" target=\"_blank\" rel=\"noopener\">The effects of climate change on Intensity-Duration-Frequency curves: past and future trends based on multifractal scaling arguments<\/a><br \/>\n<em><strong>Stergios Emmanouil<\/strong>, Andreas Langousis , Efthymios I. Nikolopoulos, Emmanouil N. Anagnostou<\/em><\/li>\n<li><a href=\"http:\/\/sites.unica.it\/stahy2022\/files\/2022\/08\/041_Castellarin_Attilio_STAHY2022.pdf\" target=\"_blank\" rel=\"noopener\">Frequency of Italian record-breaking floods over the last century (1911- 2020)<\/a><br \/>\n<em><strong>Attilio Castellarin<\/strong>, Filippo Ciavaglia, Andrea Magnini, Elena Valtancoli, Miriam Bertola, G\u00fcnter Bl\u00f6schl, Elena Volpi, Pierluigi Claps, Alberto Viglione, Richard M. Vogel<\/em><\/li>\n<li><a href=\"http:\/\/sites.unica.it\/stahy2022\/files\/2022\/08\/016_Kochanek_Krzysztof_STAHY2022.pdf\" target=\"_blank\" rel=\"noopener\">The (d)evolution of ice phenomena in Poland due to the climate change<\/a><br \/>\n<em><strong>Krzysztof Kochanek<\/strong>, Mateusz Grygoruk, Dorota Miros\u0142aw-\u015awi\u0105tek<\/em><\/li>\n<li><a href=\"http:\/\/sites.unica.it\/stahy2022\/files\/2022\/08\/019_Souaissi_Zina_STAHY2022.pdf\" target=\"_blank\" rel=\"noopener\">Probability Distributions of river water temperature in Switzerland<\/a><br \/>\n<em><strong>Zina. Souaissi<\/strong>, Taha. B.M.J. Ouarda, Andr\u00e9. St-Hilaire<\/em><\/li>\n<\/ul>\n<\/li>\n<\/ul>\n","protected":false},"excerpt":{"rendered":"<p>Morning sessions 9:00&#8211;10:15\u00a0\u00a0 Chairperson: Salvatore Grimaldi How to interpolate and simulate precipitation in space and time? (Invited 30-minute talk) Andras Bardossy Markov switching autoregressive models and Bayesian hydrology Roberta Paroli <a class=\"more-link\" href=\"https:\/\/sites.unica.it\/stahy2022\/programme\/monday-19\/\">Continue Reading &amp;rarr;<\/a><\/p>\n","protected":false},"author":172,"featured_media":0,"parent":5,"menu_order":3,"comment_status":"closed","ping_status":"closed","template":"","meta":{"footnotes":""},"class_list":["post-572","page","type-page","status-publish","hentry"],"_links":{"self":[{"href":"https:\/\/sites.unica.it\/stahy2022\/wp-json\/wp\/v2\/pages\/572","targetHints":{"allow":["GET"]}}],"collection":[{"href":"https:\/\/sites.unica.it\/stahy2022\/wp-json\/wp\/v2\/pages"}],"about":[{"href":"https:\/\/sites.unica.it\/stahy2022\/wp-json\/wp\/v2\/types\/page"}],"author":[{"embeddable":true,"href":"https:\/\/sites.unica.it\/stahy2022\/wp-json\/wp\/v2\/users\/172"}],"replies":[{"embeddable":true,"href":"https:\/\/sites.unica.it\/stahy2022\/wp-json\/wp\/v2\/comments?post=572"}],"version-history":[{"count":13,"href":"https:\/\/sites.unica.it\/stahy2022\/wp-json\/wp\/v2\/pages\/572\/revisions"}],"predecessor-version":[{"id":623,"href":"https:\/\/sites.unica.it\/stahy2022\/wp-json\/wp\/v2\/pages\/572\/revisions\/623"}],"up":[{"embeddable":true,"href":"https:\/\/sites.unica.it\/stahy2022\/wp-json\/wp\/v2\/pages\/5"}],"wp:attachment":[{"href":"https:\/\/sites.unica.it\/stahy2022\/wp-json\/wp\/v2\/media?parent=572"}],"curies":[{"name":"wp","href":"https:\/\/api.w.org\/{rel}","templated":true}]}}