{"id":464,"date":"2022-08-25T14:39:48","date_gmt":"2022-08-25T12:39:48","guid":{"rendered":"https:\/\/sites.unica.it\/stahy2022\/?page_id=464"},"modified":"2022-09-13T11:42:31","modified_gmt":"2022-09-13T09:42:31","slug":"poster","status":"publish","type":"page","link":"https:\/\/sites.unica.it\/stahy2022\/programme\/poster\/","title":{"rendered":"List of Posters &amp; Abstracts"},"content":{"rendered":"<ul>\n<li><a href=\"http:\/\/sites.unica.it\/stahy2022\/files\/2022\/08\/015_De-Luca_Davide-Luciano_STAHY2022.pdf\" target=\"_blank\" rel=\"noopener\"> 015 &#8211; T.E.V.E.RE: a Transient Extreme Values Estimation within a user-friendly softwaRE <\/a><br \/>\n<em><strong> Davide Luciano De Luca<\/strong>, Benedetta Moccia, Luca Buonora, Elena Ridolfi, Fabio Russo, Francesco Napolitano <\/em><\/li>\n<li><a href=\"http:\/\/sites.unica.it\/stahy2022\/files\/2022\/08\/022_Markiewicz_Iwona_STAHY2022.pdf\" target=\"_blank\" rel=\"noopener\"> 022 &#8211; A new approach to the determination of depth-duration-frequency (DDF) curves for maximum rainfall <\/a><br \/>\n<strong><em> Iwona Markiewicz <\/em><\/strong><\/li>\n<li><a href=\"http:\/\/sites.unica.it\/stahy2022\/files\/2022\/08\/024_Soriano_Enrique_STAHY2022.pdf\" target=\"_blank\" rel=\"noopener\"> 024 &#8211; Assessment of the impact of climate change on the hydrological safety of the Eugui Dam (Spain) with gated spillways <\/a><br \/>\n<em><strong> Enrique Soriano<\/strong>; Andrea Petroselli, Davide Luciano De Luca, Ciro Apollonio, Salvatore Grimaldi, Luis Mediero<\/em><\/li>\n<li><a href=\"http:\/\/sites.unica.it\/stahy2022\/files\/2022\/08\/024_Soriano_Enrique_STAHY2022.pdf\" target=\"_blank\" rel=\"noopener\">028 &#8211; <\/a><a href=\"http:\/\/sites.unica.it\/stahy2022\/files\/2022\/08\/028_del_Jesus_Manuel_STAHY2022.pdf\" target=\"_blank\" rel=\"noopener\">A non-linear, stochastic model for soil moisture<\/a><br \/>\n<em><strong>Manuel del Jesus<\/strong>, Juan M. L\u00f3pez and Ignacio Rodr\u00edguez-Iturbe<\/em><\/li>\n<li><a href=\"http:\/\/sites.unica.it\/stahy2022\/files\/2022\/08\/029_Lompi_Marco_STAHY2022.pdf\" target=\"_blank\" rel=\"noopener\"> 029 &#8211; Climate change impacts on outflow discharge resealed by dam to laminate more extreme events in the future <\/a><br \/>\n<em><strong> Marco Lompi<\/strong>, Luis Mediero, Enrica Caporali <\/em><\/li>\n<li><a href=\"http:\/\/sites.unica.it\/stahy2022\/files\/2022\/08\/033_Cancelliere_Antonio_STAHY2022.pdf\" target=\"_blank\" rel=\"noopener\"> 033 &#8211; Statistical evaluation of reference evapotranspiration estimation methods for the assessment of hydrological impacts of photovoltaic power plants <\/a><br \/>\n<em> Tagele Mossie Aschale, Guido Sciuto, David J. Peres, Aurora Gullotta, <strong>Antonino Cancelliere <\/strong><\/em><\/li>\n<li><a href=\"http:\/\/sites.unica.it\/stahy2022\/files\/2022\/08\/035_Okpara-Juddy_STAHY2022.pdf\" target=\"_blank\" rel=\"noopener\"> 035 &#8211; When is a Drought, really Drought, and Not a Dry Spell in the Niger River Basin of West Africa? <\/a><br \/>\n<em><strong> Juddy N. Okpara<\/strong>, Kehinde O. Ogunjobi, Elijah A. Adefisan <\/em><\/li>\n<li><a href=\"http:\/\/sites.unica.it\/stahy2022\/files\/2022\/08\/037_Iacobellis_Vito_STAHY2022.pdf\" target=\"_blank\" rel=\"noopener\"> 037 &#8211; Flood peaks theoretically derived distribution based on the variable contributing area with annual maximum rainfall GEV distributed <\/a><br \/>\n<em> Andrea Gioia, Krzysztof Kochanek, Mauro Fiorentino, Iwona Markiewicz, Vincenzo Totaro, <strong>Vito Iacobellis <\/strong><\/em><\/li>\n<li><a href=\"http:\/\/sites.unica.it\/stahy2022\/files\/2022\/09\/039_Kikon_Ayilobeni_STAHY2022.pdf\" target=\"_blank\" rel=\"noopener\">039 &#8211; A Deep Leaning Approach for prediction of meteorological drought over the region of Nagaland<\/a><br \/>\n<em><strong> Ayilobeni Kikon<\/strong>, B M Dodamani <\/em><\/li>\n<li><a href=\"http:\/\/sites.unica.it\/stahy2022\/files\/2022\/08\/046_Nagaraj_Meghana_STAHY2022.pdf\" target=\"_blank\" rel=\"noopener\"> 046 &#8211; Causality based Selection of Covariates for Non-Stationary Modeling of Extreme Precipitation <\/a><br \/>\n<em><strong> Meghana Nagaraj<\/strong>, Roshan Srivastav, K Srinivasan <\/em><\/li>\n<li><a href=\"http:\/\/sites.unica.it\/stahy2022\/files\/2022\/08\/054_Gimeno-Sotelo_Luis_STAHY2022_NEW.pdf\" target=\"_blank\" rel=\"noopener\"> 054 &#8211; Quantifying the influence of moisture transport on extreme precipitation in a climate change framework <\/a><br \/>\n<em><strong> Luis Gimeno-Sotelo<\/strong>, Luis Gimeno <\/em><\/li>\n<li><a href=\"http:\/\/sites.unica.it\/stahy2022\/files\/2022\/08\/055_Onof_Christian_STAHY2022.pdf\" target=\"_blank\" rel=\"noopener\"> 055 &#8211; Uncertainty estimation for convective cell nowcasting <\/a><br \/>\n<em> Li-Pen Wang, Susana Ochoa-Rodriguez, Yuting Chen, Carlos Mu\u00f1oz L\u00f3pez, Robert Scovell, Duncan Wright, Claire Bartholomew, Katie Norman, <strong>Chris Onof <\/strong><\/em><\/li>\n<li><a href=\"http:\/\/sites.unica.it\/stahy2022\/files\/2022\/08\/058_Urrea_Diego_STAHY2022.pdf\" target=\"_blank\" rel=\"noopener\"> 058 &#8211; Modeling multivariate extreme rainfall events using different families of copulas <\/a><br \/>\n<em><strong> Diego A. Urrea<\/strong>, Manuel del Jesus, Dina V. G\u00f3mez <\/em><\/li>\n<li><a href=\"http:\/\/sites.unica.it\/stahy2022\/files\/2022\/08\/059_Gomez_Dina_STAHY2022.pdf\" target=\"_blank\" rel=\"noopener\"> 059 &#8211; Multivariate analysis framework for estuarine flooding risk <\/a><br \/>\n<em><strong> Dina V. G\u00f3mez<\/strong>, Manuel del Jesus, Diego A. Urrea <\/em><\/li>\n<li><a href=\"http:\/\/sites.unica.it\/stahy2022\/files\/2022\/08\/061_Wang_Jian_STAHY2022.pdf\" target=\"_blank\" rel=\"noopener\"> 061 &#8211; Multi-model integrated error correction for streamflow simulation based on Bayesian model averaging and dynamic system response curve <\/a><br \/>\n<em><strong> Jian Wang<\/strong>, Weimin Bao, Zhangling Xiao, Wei si <\/em><\/li>\n<li><a href=\"http:\/\/sites.unica.it\/stahy2022\/files\/2022\/08\/064_Volpi_Elena_STAHY2022.pdf\" target=\"_blank\" rel=\"noopener\"> 064 &#8211; On the effect of multiple reservoirs on peak flood quantile at the catchment scale <\/a><br \/>\n<em> Stefano Cipollini, Aldo Fiori,\u00a0<strong>Elena Volpi <\/strong><\/em><\/li>\n<li><a href=\"http:\/\/sites.unica.it\/stahy2022\/files\/2022\/08\/067_Cappelli_Francesco_STAHY2022.pdf\" target=\"_blank\" rel=\"noopener\"> 067 &#8211; Designing flood forecasting systems using machine learning, feature importance measures and synthetic scenarios <\/a><br \/>\n<em><strong> Francesco Cappelli<\/strong>, Flavia Tauro, Ciro Apollonio, Andrea Petroselli, Emanuele Borgonovo, Elena Volpi, Salvatore Grimaldi <\/em><\/li>\n<li><a href=\"http:\/\/sites.unica.it\/stahy2022\/files\/2022\/08\/068_Monforte_Irene_STAHY2022.pdf\" target=\"_blank\" rel=\"noopener\"> 068 &#8211; Spatially smooth regional estimation of design floods in northern Italy <\/a><br \/>\n<em><strong> Irene Monforte<\/strong>, Pierluigi Claps, Daniele Ganora, Francesco Laio, Alberto Viglione <\/em><\/li>\n<li><a href=\"http:\/\/sites.unica.it\/stahy2022\/files\/2022\/08\/069_Jha_Srinidhi_STAHY2022.pdf\" target=\"_blank\" rel=\"noopener\"> 069 &#8211; Compound hot and dry extremes in the warming world: projections and uncertainties in CMIP6. <\/a><br \/>\n<em><strong> Srinidhi Jha<\/strong>, Lukas Gudmundsson, Sonia Seneviratne <\/em><\/li>\n<li><a href=\"http:\/\/sites.unica.it\/stahy2022\/files\/2022\/08\/070_Olcese_Gaia_STAHY2022-1.pdf\" target=\"_blank\" rel=\"noopener\"> 070 &#8211; One step closer to simulating stochastic flood events globally: use of hydrological models to characterise spatial dependency in global stochastic flood modelling <\/a><br \/>\n<em><strong> Gaia Olcese<\/strong>, Paul Bates, Jeffrey Neal, Christopher Sampson, Oliver Wing, Niall Quinn <\/em><\/li>\n<li><a href=\"http:\/\/sites.unica.it\/stahy2022\/files\/2022\/08\/072_Caruso_Maria_Francesca_STAHY2022.pdf\" target=\"_blank\" rel=\"noopener\"> 072 &#8211; Extreme meteorological droughts from paleo-climatic reconstructions analysed through the Metastatistical Extreme Value Distribution <\/a><br \/>\n<em><strong> Maria Francesca Caruso<\/strong>, David Johnny Peres, Antonino Cancelliere, Marco Marani <\/em><\/li>\n<li><a href=\"http:\/\/sites.unica.it\/stahy2022\/files\/2022\/08\/073_Poonia_Vikas_STAHY2022.pdf\" target=\"_blank\" rel=\"noopener\"> 073 &#8211; First glimpse of global flash drought occurrence, distribution, drivers and trends: past and future <\/a><br \/>\n<em><strong> Vikas Poonia,<\/strong>\u00a0V. V. Srinivas <\/em><\/li>\n<li><a href=\"http:\/\/sites.unica.it\/stahy2022\/files\/2022\/08\/076_Goshtasbpour_Golbarg_STAHY2022.pdf\" target=\"_blank\" rel=\"noopener\"> 076 &#8211; Radar-based ADDF curves: Can we trade space for time? <\/a><br \/>\n<em><strong> Golbarg Goshtasbpour<\/strong>, Uwe Haberlandt, Abbas El Hachem, Jochen Seidel, Andr\u00e1s B\u00e1rdossy <\/em><\/li>\n<li><a href=\"http:\/\/sites.unica.it\/stahy2022\/files\/2022\/08\/078_Sardo_Martina_STAHY2022.pdf\" target=\"_blank\" rel=\"noopener\"> 078 &#8211; Modelling the role of the water-food nexus in Central American urban human conflicts through Bayesian Econometric Zero-inflated Poisson Model <\/a><br \/>\n<em><strong> Martina Sardo<\/strong>, Ilenia Epifani, Nikolas Galli, Davide Danilo Chiarelli, Paolo D\u2019Odorico, Maria Cristina Rulli <\/em><\/li>\n<li><a href=\"http:\/\/sites.unica.it\/stahy2022\/files\/2022\/08\/080_Bonaccorso_Brunella_STAHY2022.pdf\" target=\"_blank\" rel=\"noopener\"> 080 &#8211; Evaluating the skill of European large scale gridded datasets in detecting trends in Southern Italy <\/a><br \/>\n<em> Carmelo Cammalleri, <strong>Brunella Bonaccorso,<\/strong>\u00a0Alfonso Senatore <\/em><\/li>\n<li><a href=\"http:\/\/sites.unica.it\/stahy2022\/files\/2022\/08\/082_Ferri_Michele_STAHY2022.pdf\" target=\"_blank\" rel=\"noopener\"> 082 &#8211; Machine learning techniques and Big Data analysis for flood risk management, assessment of droughts and other extreme climate events: different approaches <\/a><br \/>\n<em><strong> Michele Ferri<\/strong>, Francesca Lombardo, Daniele Norbiato, Roberto Fiorin, Martina Monego, Lisa Napolitano <\/em><\/li>\n<li><a href=\"http:\/\/sites.unica.it\/stahy2022\/files\/2022\/08\/084_Dalmasso_Giorgio_STAHY2022.pdf\" target=\"_blank\" rel=\"noopener\"> 084 &#8211; Daily extremes from global rainfall datasets compared to estimates from buoy networks through MEVD-based downscaling <\/a><br \/>\n<em><strong> Giorgio Dalmasso<\/strong>, Emmanouil Anagnostou, Luca Brocca, Elsa Cattani, Gaby Gruendemann, Lanxin Hu, Sante Laviola, Vincenzo Levizzani, Francesco Marra, Christian Massari, Efrat Morin, Efthymios Nikolopoulos, Ruud van Der Ent, Enrico Zorzetto, Marco Marani <\/em><\/li>\n<li><a href=\"http:\/\/sites.unica.it\/stahy2022\/files\/2022\/08\/085_Mazzoglio_Paola_STAHY2022.pdf\" target=\"_blank\" rel=\"noopener\"> 085 &#8211; Estimation of the design rainfall in ungauged sites using novel regionalization approaches: an application over Thessaly region, Greece <\/a><br \/>\n<em><strong> Paola Mazzoglio<\/strong>, Pierluigi Claps, Theano Iliopoulou, Panayiotis Dimitriadis, Nikolaos Malamos, Ilaria Butera, Demetris Koutsoyiannis <\/em><\/li>\n<li><a href=\"http:\/\/sites.unica.it\/stahy2022\/files\/2022\/08\/087_Deidda_Roberto_STAHY2022.pdf\" target=\"_blank\" rel=\"noopener\"> 087 &#8211; A downscaling-based nowcasting procedure by merging radar data with different space-time resolution <\/a><br \/>\n<em> Stefano Farris, Marino Marrocu, Alessandro Seoni, Salvatore Urru, Maria Grazia Badas, Luca Massidda, Simone Manca, Gabriella Pusceddu, Francesco Viola, <strong>Roberto Deidda <\/strong><\/em><\/li>\n<li><a href=\"http:\/\/sites.unica.it\/stahy2022\/files\/2022\/08\/089_Urru_Salvatore_STAHY2022.pdf\" target=\"_blank\" rel=\"noopener\"> 089 &#8211; A review of early warning systems for Civil Protection in Sardinia <\/a><br \/>\n<em><strong> Salvatore Urru<\/strong>, Stefano Farris, Alessandro Seoni, Salvatore Cinus, Federico Ferrarese Ceruti, Francesco Viola, Roberto Deidda <\/em><\/li>\n<li><a href=\"http:\/\/sites.unica.it\/stahy2022\/files\/2022\/08\/091_Busababodhin_Piyapatr_STAHY2022.pdf\" target=\"_blank\" rel=\"noopener\"> 091 &#8211; Spatial Extreme Value model for Drought Events in the Chi Watershed, Thailand <\/a><br \/>\n<em> Prapawan Senapeng, Tossapol Phupiwfa,\u00a0<strong>Piyapatr Busababodhin<\/strong><\/em><\/li>\n<li><a href=\"http:\/\/sites.unica.it\/stahy2022\/files\/2022\/08\/097_Mushtaq_Sumra_STAHY2022.pdf\" target=\"_blank\" rel=\"noopener\"> 097 &#8211; Modeling extreme floods emerging from heterogeneous processes by using the simplified Metastatistical Extreme Value Distribution <\/a><br \/>\n<em><strong> Sumra Mushtaq<\/strong>, Arianna Miniussi, Ralf Merz, Larisa Tarasova, Francesco Marra, Stefano Basso <\/em><\/li>\n<li><a href=\"http:\/\/sites.unica.it\/stahy2022\/files\/2022\/08\/099_Karamuz_Emilia_STAHY2022.pdf\" target=\"_blank\" rel=\"noopener\"> 099 &#8211; Uncertainty in spatio-temporal drought assessment <\/a><br \/>\n<em><strong> Emilia Karamuz<\/strong>, Iwona Kuptel-Markiewicz, Tesfaye B. Senbeta, Ewa Bogdanowicz <\/em><\/li>\n<li><a href=\"http:\/\/sites.unica.it\/stahy2022\/files\/2022\/08\/101_B_Shalini_STAHY2022.pdf\" target=\"_blank\" rel=\"noopener\"> 101 &#8211; A synthetic streamflow generator method: coupling the clustering technique with the Markov chain for daily streamflow generation. <\/a><br \/>\n<strong><em> Shalini B <\/em><\/strong><\/li>\n<li><a href=\"http:\/\/sites.unica.it\/stahy2022\/files\/2022\/08\/102_Stovicek_Vit_STAHY2022.pdf\" target=\"_blank\" rel=\"noopener\"> 102 &#8211; Delineation of regions with potential future issues related to water availability satisfying societal needs in Czechia <\/a><br \/>\n<em><strong> V\u00edt \u0160\u0165ov\u00ed\u010dek<\/strong>, Ond\u0159ej Ledvinka <\/em><\/li>\n<li><a href=\"http:\/\/sites.unica.it\/stahy2022\/files\/2022\/08\/104_Gaspa_Andrea_STAHY2022.pdf\" target=\"_blank\" rel=\"noopener\"> 104 &#8211; Multi Scale Assimilation of Sentinel-1 Radar and Landsat 8 Optical Data for Soil Moisture and Leaf Area Index Predictions Using an Ensemble Kalman Filter Based Assimilation Approach <\/a><br \/>\n<em><strong> Andrea Gaspa<\/strong>, Roberto Corona, Nicola Montaldo <\/em><\/li>\n<li><a href=\"http:\/\/sites.unica.it\/stahy2022\/files\/2022\/08\/106_Cipolla_Giuseppe_STAHY2022.pdf\" target=\"_blank\" rel=\"noopener\"> 106 &#8211; Identification of convective and stratiform precipitation events through reanalysis and lightning data <\/a><br \/>\n<em><strong> Giuseppe Cipolla<\/strong>, Dario Treppiedi, Martina Bonsignore, Pietro Scala and Leonardo Valerio Noto <\/em><\/li>\n<li><a href=\"http:\/\/sites.unica.it\/stahy2022\/files\/2022\/08\/108_Galli_Nikolas_STAHY2022.pdf\" target=\"_blank\" rel=\"noopener\"> 108 &#8211; Spatial econometrics and spatial clustering to explore the conflict potential of water in the Lake Chad Basin <\/a><br \/>\n<em><strong> Nikolas Galli<\/strong>, Jampel Dell&#8217;Angelo, Ilenia Epifani, Davide Danilo Chiarelli, Maria Cristina Rulli <\/em><\/li>\n<li><a href=\"http:\/\/sites.unica.it\/stahy2022\/files\/2022\/08\/110_Corona_Roberto_STAHY2022.pdf\" target=\"_blank\" rel=\"noopener\"> 110 &#8211; A new ecohydrological distributed model for predicting vegetation dynamics effects on infiltration and runoff propagation: the Mulargia basin case study in Sardinia <\/a><br \/>\n<em><strong> Roberto Corona<\/strong> and Nicola Montaldo <\/em><\/li>\n<li><a href=\"http:\/\/sites.unica.it\/stahy2022\/files\/2022\/08\/112_Scala_Pietro_STAHY2022.pdf\" target=\"_blank\" rel=\"noopener\"> 112 &#8211; A non-stationary analysis on runoff data using GAMLSS. An application to Sicily, Italy. <\/a><br \/>\n<em> Pietro Scala, Dario Treppiedi, <strong>Giuseppe Cipolla,<\/strong>\u00a0Leonardo Valerio Noto <\/em><\/li>\n<li><a href=\"http:\/\/sites.unica.it\/stahy2022\/files\/2022\/08\/117_Tamas_Eniko_Anna_STAHY2022.pdf\" target=\"_blank\" rel=\"noopener\"> 117 &#8211; Traditional statistical hydrological analyses of the runoff processes on three important rivers along the border area of Hungary and Croatia <\/a><br \/>\n<em><strong> Enik\u0151 Anna Tam\u00e1s<\/strong>, Lidija Tadi\u0107 <\/em><\/li>\n<li><a href=\"http:\/\/sites.unica.it\/stahy2022\/files\/2022\/08\/118_Carsteanu_Alin_Andrei_STAHY2022.pdf\" target=\"_blank\" rel=\"noopener\"> 118 &#8211; Turning Band &#8211; Hidden Markov Combined Model for Convective Rainfall in Arid Regions <\/a><br \/>\n<em> Ricardo Ar\u00e9valo-Mej\u00eda, Carlos D\u00edaz-Delgado,<strong> Alin A. Carsteanu<\/strong>, Abigail Sandoval\u200bHern\u00e1ndez and Khalidou M. B\u00e2 <\/em><\/li>\n<li><a href=\"http:\/\/sites.unica.it\/stahy2022\/files\/2022\/08\/119_Capparelli_Giovanna_STAHY2022.pdf\" target=\"_blank\" rel=\"noopener\"> 119 &#8211; Experimental tests for the analysis of a landslide phenomenon occurred in loose soil covered steep slopes. <\/a><br \/>\n<em><strong> Giovanna Capparelli<\/strong>, Gennaro Spolverino <\/em><\/li>\n<li><a href=\"http:\/\/sites.unica.it\/stahy2022\/files\/2022\/08\/122_Perdios_Anastasios_STAHY2022-Andreas-Langousis.pdf\" target=\"_blank\" rel=\"noopener\"> 122 &#8211; Early detection of malfunctions in water networks: Establishing a statistical linkage between the rate of malfunctions and important physiographical and hydrological characteristics <\/a><br \/>\n<em><strong> Anastasios Perdios<\/strong>, George Kokosalakis, Dimitrios Pantzalis, Nikolaos Th. Fourniotis, Andreas Langousis <\/em><\/li>\n<li><a href=\"http:\/\/sites.unica.it\/stahy2022\/files\/2022\/08\/125_Grimaldi_Salvatore_STAHY2022-.pdf\" target=\"_blank\" rel=\"noopener\"> 125 &#8211; Continuous modelling for design simulation in small and ungauged basins <\/a><br \/>\n<em><strong> Salvatore Grimaldi<\/strong>, Elena Volpi, Aldo Fiori, Fernando Nardi, Andrea Petroselli, Antonio Annis <\/em><\/li>\n<li><a href=\"http:\/\/sites.unica.it\/stahy2022\/files\/2022\/08\/129_Furcolo_Pierluigi_STAHY2022.pdf\" target=\"_blank\" rel=\"noopener\"> 129 &#8211; Daily rainfall data validation, a Bayesian procedure <\/a><br \/>\n<em><strong> Pierluigi Furcolo<\/strong>, Raffaele Ferrara, Anna Pelosi, Mario Sica, Paolo Villan <\/em><\/li>\n<li><a href=\"http:\/\/sites.unica.it\/stahy2022\/files\/2022\/08\/130_Manfreda_Salvatore_STAHY2022.pdf\" target=\"_blank\" rel=\"noopener\"> 130 &#8211; Time series reconstruction of floods in Southern Italy <\/a><br \/>\n<em><strong> Salvatore Manfreda<\/strong>, Manuele Messina, Angelo Avino, Vito Iacobellis, Domenico Pianese, Mauro Fiorentino <\/em><\/li>\n<li><a href=\"http:\/\/sites.unica.it\/stahy2022\/files\/2022\/08\/133_Guan_Xiaoxiang_STAHY2022.pdf\" target=\"_blank\" rel=\"noopener\"> 133 &#8211; Multisite temporal rainfall disaggregation using methods of fragments conditioned on circulation patterns <\/a><br \/>\n<em><strong> Xiaoxiang Guan<\/strong>, Sergiy Vorogushyn, Viet Dung Nguyen, Bruno Merz, Katrin Nissen <\/em><\/li>\n<li><a href=\"http:\/\/sites.unica.it\/stahy2022\/files\/2022\/08\/134_Dallan_Eleonora_STAHY2022.pdf\" target=\"_blank\" rel=\"noopener\"> 134 &#8211; A novel statistical method for the study of short-duration extreme rainfall in a changing climate <\/a><br \/>\n<em><strong> Eleonora Dallan<\/strong>, Marco Borga, Marco Marani, Francesco Marra <\/em><\/li>\n<li><a href=\"http:\/\/sites.unica.it\/stahy2022\/files\/2022\/08\/135_Vujnovic_Tatjana_and_Klemar_Zeljka_STAHY2022.pdf\" target=\"_blank\" rel=\"noopener\"> 135 &#8211; Hydrological drought assessment in Croatia during 2021\/2022 season <\/a><br \/>\n<em><strong> Tatjana Vujnovic<\/strong>, Zeljka Klemar, Ana-Marija Kelis <\/em><\/li>\n<li style=\"list-style-type: none\"><\/li>\n<\/ul>\n","protected":false},"excerpt":{"rendered":"<p>015 &#8211; T.E.V.E.RE: a Transient Extreme Values Estimation within a user-friendly softwaRE Davide Luciano De Luca, Benedetta Moccia, Luca Buonora, Elena Ridolfi, Fabio Russo, Francesco Napolitano 022 &#8211; A new <a class=\"more-link\" href=\"https:\/\/sites.unica.it\/stahy2022\/programme\/poster\/\">Continue Reading &amp;rarr;<\/a><\/p>\n","protected":false},"author":2410,"featured_media":0,"parent":5,"menu_order":5,"comment_status":"closed","ping_status":"closed","template":"","meta":{"footnotes":""},"class_list":["post-464","page","type-page","status-publish","hentry"],"_links":{"self":[{"href":"https:\/\/sites.unica.it\/stahy2022\/wp-json\/wp\/v2\/pages\/464","targetHints":{"allow":["GET"]}}],"collection":[{"href":"https:\/\/sites.unica.it\/stahy2022\/wp-json\/wp\/v2\/pages"}],"about":[{"href":"https:\/\/sites.unica.it\/stahy2022\/wp-json\/wp\/v2\/types\/page"}],"author":[{"embeddable":true,"href":"https:\/\/sites.unica.it\/stahy2022\/wp-json\/wp\/v2\/users\/2410"}],"replies":[{"embeddable":true,"href":"https:\/\/sites.unica.it\/stahy2022\/wp-json\/wp\/v2\/comments?post=464"}],"version-history":[{"count":39,"href":"https:\/\/sites.unica.it\/stahy2022\/wp-json\/wp\/v2\/pages\/464\/revisions"}],"predecessor-version":[{"id":624,"href":"https:\/\/sites.unica.it\/stahy2022\/wp-json\/wp\/v2\/pages\/464\/revisions\/624"}],"up":[{"embeddable":true,"href":"https:\/\/sites.unica.it\/stahy2022\/wp-json\/wp\/v2\/pages\/5"}],"wp:attachment":[{"href":"https:\/\/sites.unica.it\/stahy2022\/wp-json\/wp\/v2\/media?parent=464"}],"curies":[{"name":"wp","href":"https:\/\/api.w.org\/{rel}","templated":true}]}}