{"id":13,"date":"2022-02-21T10:32:12","date_gmt":"2022-02-21T09:32:12","guid":{"rendered":"https:\/\/sites.unica.it\/stahy2022\/?page_id=13"},"modified":"2022-03-18T11:35:02","modified_gmt":"2022-03-18T10:35:02","slug":"organising-committee","status":"publish","type":"page","link":"https:\/\/sites.unica.it\/stahy2022\/committes\/organising-committee\/","title":{"rendered":"Organising Committee"},"content":{"rendered":"<p><strong>Roberto Deidda<\/strong>, Universit\u00e0 di Cagliari<br \/>\n<strong>Maria Grazia Badas<\/strong>, Universit\u00e0 di Cagliari<br \/>\n<strong>Elena Cristiano<\/strong>, Universit\u00e0 di Cagliari<br \/>\n<strong>Salvatore Grimaldi<\/strong>, Universit\u00e0 della Tuscia<br \/>\n<strong>Andreas Langousis<\/strong>, University of Patras<br \/>\n<strong>Alessandro Seoni<\/strong>, Universit\u00e0 di Cagliari<br \/>\n<strong>Francesco Viola<\/strong>, Universit\u00e0 di Cagliari<br \/>\n<strong>Elena Volpi<\/strong>, Universit\u00e0 Roma Tre<\/p>\n<p>&nbsp;<\/p>\n","protected":false},"excerpt":{"rendered":"<p>Roberto Deidda, Universit\u00e0 di Cagliari Maria Grazia Badas, Universit\u00e0 di Cagliari Elena Cristiano, Universit\u00e0 di Cagliari Salvatore Grimaldi, Universit\u00e0 della Tuscia Andreas Langousis, University of Patras Alessandro Seoni, Universit\u00e0 di <a class=\"more-link\" href=\"https:\/\/sites.unica.it\/stahy2022\/committes\/organising-committee\/\">Continue Reading &amp;rarr;<\/a><\/p>\n","protected":false},"author":2410,"featured_media":0,"parent":9,"menu_order":0,"comment_status":"closed","ping_status":"closed","template":"","meta":{"footnotes":""},"class_list":["post-13","page","type-page","status-publish","hentry"],"_links":{"self":[{"href":"https:\/\/sites.unica.it\/stahy2022\/wp-json\/wp\/v2\/pages\/13","targetHints":{"allow":["GET"]}}],"collection":[{"href":"https:\/\/sites.unica.it\/stahy2022\/wp-json\/wp\/v2\/pages"}],"about":[{"href":"https:\/\/sites.unica.it\/stahy2022\/wp-json\/wp\/v2\/types\/page"}],"author":[{"embeddable":true,"href":"https:\/\/sites.unica.it\/stahy2022\/wp-json\/wp\/v2\/users\/2410"}],"replies":[{"embeddable":true,"href":"https:\/\/sites.unica.it\/stahy2022\/wp-json\/wp\/v2\/comments?post=13"}],"version-history":[{"count":8,"href":"https:\/\/sites.unica.it\/stahy2022\/wp-json\/wp\/v2\/pages\/13\/revisions"}],"predecessor-version":[{"id":175,"href":"https:\/\/sites.unica.it\/stahy2022\/wp-json\/wp\/v2\/pages\/13\/revisions\/175"}],"up":[{"embeddable":true,"href":"https:\/\/sites.unica.it\/stahy2022\/wp-json\/wp\/v2\/pages\/9"}],"wp:attachment":[{"href":"https:\/\/sites.unica.it\/stahy2022\/wp-json\/wp\/v2\/media?parent=13"}],"curies":[{"name":"wp","href":"https:\/\/api.w.org\/{rel}","templated":true}]}}