{"id":11,"date":"2022-02-21T10:32:00","date_gmt":"2022-02-21T09:32:00","guid":{"rendered":"https:\/\/sites.unica.it\/stahy2022\/?page_id=11"},"modified":"2022-02-22T12:02:34","modified_gmt":"2022-02-22T11:02:34","slug":"scientific-committee","status":"publish","type":"page","link":"https:\/\/sites.unica.it\/stahy2022\/committes\/scientific-committee\/","title":{"rendered":"Scientific Committee"},"content":{"rendered":"<p><strong>Roberto Deidda<\/strong>, Universit\u00e0 di Cagliari (Italy)<br \/>\n<strong>Amir Aghakouchak<\/strong>, University of California, Irvine (California, US)<br \/>\n<strong>Antonio Cancelliere<\/strong>, Universit\u00e0 di Catania (Italy)<br \/>\n<strong>Alin Andrei Carsteanu<\/strong>, Instituto Polit\u00e9cnico Nacional (Mexico)<br \/>\n<strong>Attilio Castellarin<\/strong>, Universit\u00e0 di Bologna (Italy)<br \/>\n<strong>Fateh Chebana<\/strong>, Institut national de la recherche scientifique (Qu\u00e9bec, Canada)<br \/>\n<strong>Yuanfang Chen<\/strong>, Hohai University (China)<br \/>\n<strong>Davide Luciano De Luca<\/strong>, Universit\u00e0 della Calabria (Italy)<br \/>\n<strong>Svenja Fischer<\/strong>, Ruhr-University Bochum (Germany)<br \/>\n<strong>F\u00e9lix Franc\u00e9s<\/strong>, Universitat Polit\u00e8cnica de Val\u00e8ncia (Spain)<br \/>\n<strong>Efi Foufoula Georgiou<\/strong>, University of California, Irvine (California, US)<br \/>\n<strong>Salvatore Grimaldi<\/strong>, Universit\u00e0 della Tuscia (Italy)<br \/>\n<strong>Krzysztof Kochanek<\/strong>, Polish academy of Sciences (Poland)<br \/>\n<strong>Demetris Koutsoyiannis<\/strong>, National Technical University of Athens (Greece)<br \/>\n<strong>Francesco Laio<\/strong>, Politecnico di Torino (Italy)<br \/>\n<strong>Andreas Langousis<\/strong>, University of Patras (Greece)<br \/>\n<strong>Marco Marani<\/strong>, Universit\u00e0 di Padova (Italy)<br \/>\n<strong>Alberto Montanari<\/strong>, Universit\u00e0 di Bologna (Italy)<br \/>\n<strong>Christian Onof<\/strong>, Imperial College London (UK)<br \/>\n<strong>Taha B.M.J. Ouarda<\/strong>, Institut national de la recherche scientifique (Qu\u00e9bec, Canada)<br \/>\n<strong>Simon Micheal Papalexiou<\/strong>, University of Calgary (Canada)<br \/>\n<strong>Ilaria Prosdocimi<\/strong>, Universit\u00e0 Ca&#8217; Foscari Venezia (Italy)<br \/>\n<strong>Ashish Sharma<\/strong>, University of New South Wales, Sydney (Australia)<br \/>\n<strong>Remko Uijlenhoet<\/strong>, Delft University of Technology (The Netherlands)<br \/>\n<strong>Alberto Viglione<\/strong>, Politecnico di Torino (Italy)<br \/>\n<strong>Richard M. Vogel<\/strong>, Tufts University (Massachusetts, US)<br \/>\n<strong>Elena Volpi<\/strong>, Universit\u00e0 Roma Tre (Italy)<\/p>\n","protected":false},"excerpt":{"rendered":"<p>Roberto Deidda, Universit\u00e0 di Cagliari (Italy) Amir Aghakouchak, University of California, Irvine (California, US) Antonio Cancelliere, Universit\u00e0 di Catania (Italy) Alin Andrei Carsteanu, Instituto Polit\u00e9cnico Nacional (Mexico) Attilio Castellarin, Universit\u00e0 <a class=\"more-link\" href=\"https:\/\/sites.unica.it\/stahy2022\/committes\/scientific-committee\/\">Continue Reading &amp;rarr;<\/a><\/p>\n","protected":false},"author":2410,"featured_media":0,"parent":9,"menu_order":0,"comment_status":"closed","ping_status":"closed","template":"","meta":{"footnotes":""},"class_list":["post-11","page","type-page","status-publish","hentry"],"_links":{"self":[{"href":"https:\/\/sites.unica.it\/stahy2022\/wp-json\/wp\/v2\/pages\/11","targetHints":{"allow":["GET"]}}],"collection":[{"href":"https:\/\/sites.unica.it\/stahy2022\/wp-json\/wp\/v2\/pages"}],"about":[{"href":"https:\/\/sites.unica.it\/stahy2022\/wp-json\/wp\/v2\/types\/page"}],"author":[{"embeddable":true,"href":"https:\/\/sites.unica.it\/stahy2022\/wp-json\/wp\/v2\/users\/2410"}],"replies":[{"embeddable":true,"href":"https:\/\/sites.unica.it\/stahy2022\/wp-json\/wp\/v2\/comments?post=11"}],"version-history":[{"count":6,"href":"https:\/\/sites.unica.it\/stahy2022\/wp-json\/wp\/v2\/pages\/11\/revisions"}],"predecessor-version":[{"id":104,"href":"https:\/\/sites.unica.it\/stahy2022\/wp-json\/wp\/v2\/pages\/11\/revisions\/104"}],"up":[{"embeddable":true,"href":"https:\/\/sites.unica.it\/stahy2022\/wp-json\/wp\/v2\/pages\/9"}],"wp:attachment":[{"href":"https:\/\/sites.unica.it\/stahy2022\/wp-json\/wp\/v2\/media?parent=11"}],"curies":[{"name":"wp","href":"https:\/\/api.w.org\/{rel}","templated":true}]}}