{"id":8,"date":"2025-01-10T11:35:10","date_gmt":"2025-01-10T10:35:10","guid":{"rendered":"https:\/\/sites.unica.it\/spoke9\/?page_id=8"},"modified":"2026-01-27T11:05:59","modified_gmt":"2026-01-27T10:05:59","slug":"il-progetto","status":"publish","type":"page","link":"https:\/\/sites.unica.it\/spoke9\/il-progetto\/","title":{"rendered":"Il Progetto"},"content":{"rendered":"<div class=\"wp-block-image\">\n<figure class=\"alignright size-full is-resized\"><img loading=\"lazy\" decoding=\"async\" width=\"512\" height=\"512\" src=\"http:\/\/sites.unica.it\/spoke9\/files\/2025\/01\/cropped-Social-Spoke-9-5-Generale.png\" alt=\"\" class=\"wp-image-77\" style=\"width:183px;height:auto\" srcset=\"https:\/\/sites.unica.it\/spoke9\/files\/2025\/01\/cropped-Social-Spoke-9-5-Generale.png 512w, https:\/\/sites.unica.it\/spoke9\/files\/2025\/01\/cropped-Social-Spoke-9-5-Generale-300x300.png 300w, https:\/\/sites.unica.it\/spoke9\/files\/2025\/01\/cropped-Social-Spoke-9-5-Generale-150x150.png 150w, https:\/\/sites.unica.it\/spoke9\/files\/2025\/01\/cropped-Social-Spoke-9-5-Generale-270x270.png 270w, https:\/\/sites.unica.it\/spoke9\/files\/2025\/01\/cropped-Social-Spoke-9-5-Generale-192x192.png 192w, https:\/\/sites.unica.it\/spoke9\/files\/2025\/01\/cropped-Social-Spoke-9-5-Generale-180x180.png 180w, https:\/\/sites.unica.it\/spoke9\/files\/2025\/01\/cropped-Social-Spoke-9-5-Generale-32x32.png 32w\" sizes=\"auto, (max-width: 512px) 100vw, 512px\" \/><\/figure><\/div>\n\n\n<p>La regione Sardegna conta 1.849 km di coste ricche di bellissime spiagge con un\u2019elevata qualit\u00e0 del mare e un paesaggio caratterizzato da una ricca biodiversit\u00e0, dovuta anche all&#8217;abbondanza e variet\u00e0 di zone sabbiose (dune), rocciose (scogliere) e umide (lagune, paludi, stagni e saline). <\/p>\n\n\n\n<p>Questi diversi habitat costieri sono importanti per i servizi ecosistemici che offrono, legati alla resilienza ai cambiamenti climatici, al turismo, alla pesca, alla mitilicoltura, etc. La maggior parte delle zone umide sono comprese all&#8217;interno dei siti Ramsar, che necessitano quindi di specifiche misure di tutela (in particolare della qualit\u00e0 dell\u2019acqua), mentre i siti sabbiosi sono minacciati dai cambiamenti climatici e dal crescente turismo di massa. La loro vulnerabilit\u00e0 richiede urgentemente l\u2019attuazione di buone pratiche di gestione adattiva, al fine di proteggere la biodiversit\u00e0 e le funzioni ecologiche delle zone umide e delle dune preservando, al tempo stesso, la loro capacit\u00e0 di produrre beni e servizi ecosistemici sfruttabili in modo (eco)sostenibile. <\/p>\n\n\n\n<p>Le aree interne dell\u2019Isola sono caratterizzate da una matrice agrosilvopastorale, con attivit\u00e0 tradizionali svolte da secoli che necessitano di essere rinnovate con l&#8217;obiettivo di aumentarne la produttivit\u00e0 e diminuirne l&#8217;impatto ambientale. Inoltre, il territorio interno ospita siti minerari da bonificare e valorizzare nei loro aspetti attrattivi e attivit\u00e0 tipiche dell\u2019agroindustria che, da un lato generano impatti sull\u2019ambiente, ma che dall\u2019altro possono diventare attori di una trasformazione in ottica di valorizzazione dei rifiuti verso nuove produzioni all\u2019interno del concetto di economia circolare. <\/p>\n\n\n\n<p>Devono essere sviluppati approcci di protezione basati sulla natura (infrastrutture verdi), tenendo conto della percezione e dell\u2019esperienza della popolazione, al fine di mantenere la qualit\u00e0 degli ecosistemi ma, allo stesso tempo, creare un valore economico aggiunto per le comunit\u00e0, anche con nuovi prodotti e lavori \u201cgreen\u201d collegati al territorio.<\/p>\n\n\n\n<p>Lo Spoke 9 \u00e8 parte del <a href=\"https:\/\/www.einssardinia.it\/\" data-type=\"link\" data-id=\"https:\/\/www.einssardinia.it\/\" target=\"_blank\" rel=\"noreferrer noopener\">progetto <strong>e.INS<\/strong><\/a>, un ecosistema che unisce ricerca, innovazione e imprese per affrontare le sfide ambientali. Collaboriamo con universit\u00e0, istituzioni e aziende per trasformare la Sardegna in un modello di sostenibilit\u00e0 e innovazione.<\/p>\n\n\n<div class=\"wp-block-image\">\n<figure class=\"alignleft size-full is-resized\"><img loading=\"lazy\" decoding=\"async\" width=\"933\" height=\"545\" src=\"http:\/\/sites.unica.it\/spoke9\/files\/2026\/01\/SARDINIA-e1769502996590.jpg\" alt=\"\" class=\"wp-image-527\" style=\"width:236px;height:auto\" srcset=\"https:\/\/sites.unica.it\/spoke9\/files\/2026\/01\/SARDINIA-e1769502996590.jpg 933w, https:\/\/sites.unica.it\/spoke9\/files\/2026\/01\/SARDINIA-e1769502996590-300x175.jpg 300w, https:\/\/sites.unica.it\/spoke9\/files\/2026\/01\/SARDINIA-e1769502996590-768x449.jpg 768w\" sizes=\"auto, (max-width: 933px) 100vw, 933px\" \/><\/figure><\/div>\n\n\n<p>Il progetto \u00e8 estremamente multidisciplinare e coinvolge i seguenti gruppi di ricerca dell&#8217;Ateneo di Cagliari e dell&#8217;Ateneo di Sassari.<\/p>\n\n\n\n<p><\/p>\n\n\n\n<p><\/p>\n\n\n\n<div class=\"wp-block-buttons is-layout-flex wp-block-buttons-is-layout-flex\">\n<div class=\"wp-block-button\"><a class=\"wp-block-button__link has-text-align-left wp-element-button\" href=\"https:\/\/www.einssardinia.it\/\" target=\"_blank\" rel=\"noreferrer noopener\">Vai al sito dell&#8217;Ecosistema e.INS<\/a><\/div>\n\n\n\n<div class=\"wp-block-button\"><a class=\"wp-block-button__link has-text-align-right wp-element-button\" href=\"https:\/\/sites.unica.it\/spoke9\/il-progetto\/i-team-dello-spoke-9\/\">Scopri i team di ricerca dello Spoke 9<\/a><\/div>\n<\/div>\n","protected":false},"excerpt":{"rendered":"<p>La regione Sardegna conta 1.849 km di coste ricche di bellissime spiagge con un\u2019elevata qualit\u00e0 del mare e un paesaggio caratterizzato da una ricca biodiversit\u00e0, dovuta anche all&#8217;abbondanza e variet\u00e0 di zone sabbiose (dune), rocciose (scogliere) [&hellip;]<\/p>\n","protected":false},"author":3151,"featured_media":0,"parent":0,"menu_order":0,"comment_status":"closed","ping_status":"closed","template":"","meta":{"footnotes":""},"class_list":["post-8","page","type-page","status-publish","hentry"],"_links":{"self":[{"href":"https:\/\/sites.unica.it\/spoke9\/wp-json\/wp\/v2\/pages\/8","targetHints":{"allow":["GET"]}}],"collection":[{"href":"https:\/\/sites.unica.it\/spoke9\/wp-json\/wp\/v2\/pages"}],"about":[{"href":"https:\/\/sites.unica.it\/spoke9\/wp-json\/wp\/v2\/types\/page"}],"author":[{"embeddable":true,"href":"https:\/\/sites.unica.it\/spoke9\/wp-json\/wp\/v2\/users\/3151"}],"replies":[{"embeddable":true,"href":"https:\/\/sites.unica.it\/spoke9\/wp-json\/wp\/v2\/comments?post=8"}],"version-history":[{"count":14,"href":"https:\/\/sites.unica.it\/spoke9\/wp-json\/wp\/v2\/pages\/8\/revisions"}],"predecessor-version":[{"id":538,"href":"https:\/\/sites.unica.it\/spoke9\/wp-json\/wp\/v2\/pages\/8\/revisions\/538"}],"wp:attachment":[{"href":"https:\/\/sites.unica.it\/spoke9\/wp-json\/wp\/v2\/media?parent=8"}],"curies":[{"name":"wp","href":"https:\/\/api.w.org\/{rel}","templated":true}]}}