{"id":4,"date":"2025-01-10T10:28:52","date_gmt":"2025-01-10T09:28:52","guid":{"rendered":"https:\/\/sites.unica.it\/spoke9\/home\/"},"modified":"2025-06-18T12:08:34","modified_gmt":"2025-06-18T10:08:34","slug":"home","status":"publish","type":"page","link":"https:\/\/sites.unica.it\/spoke9\/","title":{"rendered":"Home"},"content":{"rendered":"<div class=\"wp-block-image\">\n<figure class=\"alignright size-medium is-resized\"><img loading=\"lazy\" decoding=\"async\" width=\"300\" height=\"300\" src=\"https:\/\/sites.unica.it\/spoke9\/files\/2025\/01\/Social-Spoke-9-5-Generale-300x300.png\" alt=\"\" class=\"wp-image-29\" style=\"width:198px;height:auto\" srcset=\"https:\/\/sites.unica.it\/spoke9\/files\/2025\/01\/Social-Spoke-9-5-Generale-300x300.png 300w, https:\/\/sites.unica.it\/spoke9\/files\/2025\/01\/Social-Spoke-9-5-Generale-1024x1024.png 1024w, https:\/\/sites.unica.it\/spoke9\/files\/2025\/01\/Social-Spoke-9-5-Generale-150x150.png 150w, https:\/\/sites.unica.it\/spoke9\/files\/2025\/01\/Social-Spoke-9-5-Generale-768x768.png 768w, https:\/\/sites.unica.it\/spoke9\/files\/2025\/01\/Social-Spoke-9-5-Generale.png 1080w\" sizes=\"auto, (max-width: 300px) 100vw, 300px\" \/><\/figure><\/div>\n\n\n<p>\ud83c\udf3f <strong>Benvenuti nello Spoke 9 &#8211; Valorizzazione e Protezione Ambientale<\/strong> \ud83c\udf0d<\/p>\n\n\n\n<p>Lo Spoke 9 \u00e8 un progetto di ricerca e innovazione per un futuro sostenibile in Sardegna. Lavoriamo per proteggere il nostro straordinario patrimonio ambientale, affrontando le sfide globali tra cui il cambiamento climatico in opportunit\u00e0 di crescita e rigenerazione.<\/p>\n\n\n\n<p>Grazie a tecnologie all\u2019avanguardia e soluzioni sostenibili, affrontiamo temi cruciali come:<\/p>\n\n\n\n<ul class=\"wp-block-list\">\n<li>\ud83c\udf0a La salvaguardia delle zone umide, ecosistemi essenziali per la biodiversit\u00e0 e la resilienza climatica.<\/li>\n\n\n\n<li>\ud83d\udc1f L\u2019innovazione nell\u2019acquacoltura per una produzione pi\u00f9 verde e responsabile.<\/li>\n\n\n\n<li>\ud83c\udfde\ufe0f Il recupero di siti minerari con tecnologie sostenibili, trasformandoli in risorse per la comunit\u00e0.<\/li>\n\n\n\n<li>\u267b\ufe0f L&#8217;economia circolare, che trasforma gli scarti in nuovi prodotti e in energia.<\/li>\n\n\n\n<li>\ud83c\udfdd\ufe0f La salvaguardia delle coste, per tutelare uno dei nostri patrimoni ambientali pi\u00f9 conosciuti al mondo.<\/li>\n<\/ul>\n\n\n\n<p><\/p>\n\n\n\n<p>Siamo un team di scienziati, ricercatori e professionisti, uniti dalla passione per l\u2019ambiente e supportati dal <strong>PNRR<\/strong> e dall\u2019<strong>Unione Europea &#8211; NextGenerationEU<\/strong>. <br>La nostra missione? Creare un modello di sviluppo sostenibile che valorizzi il territorio sardo e ispiri il cambiamento a livello globale.<\/p>\n\n\n\n<p>\u2728 <em>Esplora il nostro mondo e scopri come stiamo plasmando il futuro, un progetto alla volta.<\/em><\/p>\n\n\n\n<hr class=\"wp-block-separator has-alpha-channel-opacity\" \/>\n\n\n\n<blockquote class=\"wp-block-quote is-style-default is-layout-flow wp-block-quote-is-layout-flow\">\n<h3 class=\"wp-block-heading has-text-align-center\"><strong>Ultime notizie!<\/strong><\/h3>\n<\/blockquote>\n\n\n<ul class=\"wp-block-latest-posts__list is-grid columns-3 has-dates wp-block-latest-posts\"><li><div class=\"wp-block-latest-posts__featured-image aligncenter\"><img loading=\"lazy\" decoding=\"async\" width=\"150\" height=\"150\" src=\"https:\/\/sites.unica.it\/spoke9\/files\/2026\/02\/DSCF3062-150x150.jpg\" class=\"attachment-thumbnail size-thumbnail wp-post-image\" alt=\"\" style=\"\" \/><\/div><a class=\"wp-block-latest-posts__post-title\" href=\"https:\/\/sites.unica.it\/spoke9\/2026\/02\/13\/boess-entra-in-funzione\/\">BOESS entra in funzione!<\/a><time datetime=\"2026-02-13T09:41:32+01:00\" class=\"wp-block-latest-posts__post-date\">13 Febbraio 2026<\/time><div class=\"wp-block-latest-posts__post-excerpt\">La rete di Boe Osservative degli Ecosistemi e degli Stagni Sardi (BOESS) \u00e8 entrata in funzione e sta gi\u00e0 registrando i dati in tempo reale sulle condizioni degli stagni e degli ambienti lagunari della Sardegna. L&#8217;impianto [&hellip;]<\/div><\/li>\n<li><div class=\"wp-block-latest-posts__featured-image aligncenter\"><img loading=\"lazy\" decoding=\"async\" width=\"150\" height=\"150\" src=\"https:\/\/sites.unica.it\/spoke9\/files\/2026\/01\/Economia-circolare-FESR-150x150.png\" class=\"attachment-thumbnail size-thumbnail wp-post-image\" alt=\"\" style=\"\" \/><\/div><a class=\"wp-block-latest-posts__post-title\" href=\"https:\/\/sites.unica.it\/spoke9\/2026\/01\/20\/economia-circolare-pubblicato-il-bando-pr-fesr-per-le-imprese\/\">Economia circolare: pubblicato il bando PR FESR per le imprese<\/a><time datetime=\"2026-01-20T09:50:23+01:00\" class=\"wp-block-latest-posts__post-date\">20 Gennaio 2026<\/time><div class=\"wp-block-latest-posts__post-excerpt\">Sardegna Ricerche ha pubblicato un nuovo bando a valere sul Programma Regionale Sardegna FESR 2021\u20132027 denominato \u201cAiuti per la promozione dell\u2019economia circolare e la riduzione dei rifiuti nel sistema produttivo regionale\u201d.\u00a0 \ud83d\udc49 Obiettivo: Il bando sostiene [&hellip;]<\/div><\/li>\n<li><div class=\"wp-block-latest-posts__featured-image aligncenter\"><img loading=\"lazy\" decoding=\"async\" width=\"150\" height=\"150\" src=\"https:\/\/sites.unica.it\/spoke9\/files\/2025\/11\/Save-the-Date-Invito-28-novembre-2025_1-150x150.jpg\" class=\"attachment-thumbnail size-thumbnail wp-post-image\" alt=\"\" style=\"\" srcset=\"https:\/\/sites.unica.it\/spoke9\/files\/2025\/11\/Save-the-Date-Invito-28-novembre-2025_1-150x150.jpg 150w, https:\/\/sites.unica.it\/spoke9\/files\/2025\/11\/Save-the-Date-Invito-28-novembre-2025_1-300x300.jpg 300w, https:\/\/sites.unica.it\/spoke9\/files\/2025\/11\/Save-the-Date-Invito-28-novembre-2025_1-1024x1024.jpg 1024w, https:\/\/sites.unica.it\/spoke9\/files\/2025\/11\/Save-the-Date-Invito-28-novembre-2025_1-768x768.jpg 768w, https:\/\/sites.unica.it\/spoke9\/files\/2025\/11\/Save-the-Date-Invito-28-novembre-2025_1-1536x1536.jpg 1536w, https:\/\/sites.unica.it\/spoke9\/files\/2025\/11\/Save-the-Date-Invito-28-novembre-2025_1-2048x2048.jpg 2048w\" sizes=\"auto, (max-width: 150px) 100vw, 150px\" \/><\/div><a class=\"wp-block-latest-posts__post-title\" href=\"https:\/\/sites.unica.it\/spoke9\/2025\/11\/25\/infrastrutture-verdi-innovative-per-un-futuro-sostenibile-sassari-28-novembre\/\">Infrastrutture Verdi Innovative per un Futuro Sostenibile &#8211; Sassari, 28 novembre<\/a><time datetime=\"2025-11-25T13:55:54+01:00\" class=\"wp-block-latest-posts__post-date\">25 Novembre 2025<\/time><div class=\"wp-block-latest-posts__post-excerpt\">Siamo lieti di invitarvi all&#8217;evento organizzato dal WP5 del nostro Spoke che si terr\u00e0 a Sassari il 28 novembre 2025 presso l&#8217;Aula Magna del Rettorato dell&#8217;Universit\u00e0 degli Studi di Sassari. Sar\u00e0 un&#8217;occasione unica per incontrare tutti [&hellip;]<\/div><\/li>\n<\/ul>","protected":false},"excerpt":{"rendered":"<p>\ud83c\udf3f Benvenuti nello Spoke 9 &#8211; Valorizzazione e Protezione Ambientale \ud83c\udf0d Lo Spoke 9 \u00e8 un progetto di ricerca e innovazione per un futuro sostenibile in Sardegna. Lavoriamo per proteggere il nostro straordinario patrimonio ambientale, affrontando [&hellip;]<\/p>\n","protected":false},"author":1,"featured_media":0,"parent":0,"menu_order":0,"comment_status":"closed","ping_status":"closed","template":"","meta":{"footnotes":""},"class_list":["post-4","page","type-page","status-publish","hentry"],"_links":{"self":[{"href":"https:\/\/sites.unica.it\/spoke9\/wp-json\/wp\/v2\/pages\/4","targetHints":{"allow":["GET"]}}],"collection":[{"href":"https:\/\/sites.unica.it\/spoke9\/wp-json\/wp\/v2\/pages"}],"about":[{"href":"https:\/\/sites.unica.it\/spoke9\/wp-json\/wp\/v2\/types\/page"}],"author":[{"embeddable":true,"href":"https:\/\/sites.unica.it\/spoke9\/wp-json\/wp\/v2\/users\/1"}],"replies":[{"embeddable":true,"href":"https:\/\/sites.unica.it\/spoke9\/wp-json\/wp\/v2\/comments?post=4"}],"version-history":[{"count":17,"href":"https:\/\/sites.unica.it\/spoke9\/wp-json\/wp\/v2\/pages\/4\/revisions"}],"predecessor-version":[{"id":447,"href":"https:\/\/sites.unica.it\/spoke9\/wp-json\/wp\/v2\/pages\/4\/revisions\/447"}],"wp:attachment":[{"href":"https:\/\/sites.unica.it\/spoke9\/wp-json\/wp\/v2\/media?parent=4"}],"curies":[{"name":"wp","href":"https:\/\/api.w.org\/{rel}","templated":true}]}}