{"id":359,"date":"2025-03-04T14:58:53","date_gmt":"2025-03-04T13:58:53","guid":{"rendered":"https:\/\/sites.unica.it\/spoke9\/?page_id=359"},"modified":"2025-03-04T14:58:54","modified_gmt":"2025-03-04T13:58:54","slug":"wp3-implementazione-delleconomia-circolare-nel-settore-agro-industriale-regionale","status":"publish","type":"page","link":"https:\/\/sites.unica.it\/spoke9\/il-progetto\/i-team-dello-spoke-9\/wp3-implementazione-delleconomia-circolare-nel-settore-agro-industriale-regionale\/","title":{"rendered":"WP3 Implementazione dell\u2019economia circolare nel settore agro-industriale regionale"},"content":{"rendered":"\n<p>Il WP3 si propone di introdurre i principi dell\u2019economia circolare nel settore agro-industriale regionale. L\u2019applicazione di tali principi consentir\u00e0 di mitigare gli impatti ambientali dei processi produttivi, migliorare il bilancio energetico, recuperare prodotti utili al miglioramento delle attivit\u00e0 tradizionali e, allo stesso tempo, ampliare la gamma di prodotti disponibili, favorendo cos\u00ec l\u2019accesso a nuovi mercati. Per ottimizzare il recupero delle risorse in termini di quantit\u00e0 e qualit\u00e0, verranno studiati diversi processi biochimici e chimico-fisici, nonch\u00e9 le loro possibili combinazioni. Particolare attenzione sar\u00e0 dedicata all\u2019interconnessione tra i vari processi analizzati, affinch\u00e9 i loro output possano essere impiegati sia come prodotti commercializzabili direttamente sul mercato, sia come input per altri processi di valorizzazione.<\/p>\n","protected":false},"excerpt":{"rendered":"<p>Il WP3 si propone di introdurre i principi dell\u2019economia circolare nel settore agro-industriale regionale. L\u2019applicazione di tali principi consentir\u00e0 di mitigare gli impatti ambientali dei processi produttivi, migliorare il bilancio energetico, recuperare prodotti utili al miglioramento [&hellip;]<\/p>\n","protected":false},"author":3151,"featured_media":0,"parent":96,"menu_order":0,"comment_status":"closed","ping_status":"closed","template":"","meta":{"footnotes":""},"class_list":["post-359","page","type-page","status-publish","hentry"],"_links":{"self":[{"href":"https:\/\/sites.unica.it\/spoke9\/wp-json\/wp\/v2\/pages\/359","targetHints":{"allow":["GET"]}}],"collection":[{"href":"https:\/\/sites.unica.it\/spoke9\/wp-json\/wp\/v2\/pages"}],"about":[{"href":"https:\/\/sites.unica.it\/spoke9\/wp-json\/wp\/v2\/types\/page"}],"author":[{"embeddable":true,"href":"https:\/\/sites.unica.it\/spoke9\/wp-json\/wp\/v2\/users\/3151"}],"replies":[{"embeddable":true,"href":"https:\/\/sites.unica.it\/spoke9\/wp-json\/wp\/v2\/comments?post=359"}],"version-history":[{"count":1,"href":"https:\/\/sites.unica.it\/spoke9\/wp-json\/wp\/v2\/pages\/359\/revisions"}],"predecessor-version":[{"id":360,"href":"https:\/\/sites.unica.it\/spoke9\/wp-json\/wp\/v2\/pages\/359\/revisions\/360"}],"up":[{"embeddable":true,"href":"https:\/\/sites.unica.it\/spoke9\/wp-json\/wp\/v2\/pages\/96"}],"wp:attachment":[{"href":"https:\/\/sites.unica.it\/spoke9\/wp-json\/wp\/v2\/media?parent=359"}],"curies":[{"name":"wp","href":"https:\/\/api.w.org\/{rel}","templated":true}]}}