{"id":155,"date":"2025-01-23T11:10:27","date_gmt":"2025-01-23T10:10:27","guid":{"rendered":"https:\/\/sites.unica.it\/spoke9\/?page_id=155"},"modified":"2025-01-30T15:24:14","modified_gmt":"2025-01-30T14:24:14","slug":"marta-congiu","status":"publish","type":"page","link":"https:\/\/sites.unica.it\/spoke9\/chi-siamo\/marta-congiu\/","title":{"rendered":"Marta Congiu"},"content":{"rendered":"<div class=\"wp-block-image\">\n<figure class=\"alignleft size-full\"><img loading=\"lazy\" decoding=\"async\" width=\"279\" height=\"371\" src=\"https:\/\/sites.unica.it\/spoke9\/files\/2025\/01\/marta-congiu.jpg\" alt=\"\" class=\"wp-image-283\" srcset=\"https:\/\/sites.unica.it\/spoke9\/files\/2025\/01\/marta-congiu.jpg 279w, https:\/\/sites.unica.it\/spoke9\/files\/2025\/01\/marta-congiu-226x300.jpg 226w\" sizes=\"auto, (max-width: 279px) 100vw, 279px\" \/><\/figure><\/div>\n\n\n<p><strong>Dott.ssa Marta Congiu<\/strong><\/p>\n\n\n\n<p>Tecnologa Sociologia generale SPS\/07<\/p>\n\n\n\n<p>Dipartimento di Scienze Umanistiche e Sociali<br>Universit\u00e0 di Sassari<br>via Roma 151 &#8211; 07100 Sassari<br>E-mail:\u00a0<a href=\"mailto:macongiu@uniss.it\" target=\"_blank\" rel=\"noreferrer noopener\">macongiu@uniss.it<\/a>\u00a0<br>Pec:\u00a0<a href=\"mailto:congiu.marta@pec.it\" target=\"_blank\" rel=\"noreferrer noopener\">congiu.marta@pec.it<\/a><\/p>\n\n\n\n<p><\/p>\n\n\n\n<p><\/p>\n\n\n\n<p><strong>Attivit\u00e0 e ricerche<\/strong><br>Esperienza in progetti di ricerca, Community Based Research\u00b8 Ricerca e Innovazione Responsabile e public engagement delle universit\u00e0 \/\/ Vasta esperienza di lavoro con le comunit\u00e0 con attivit\u00e0 partecipative come passeggiate comunitarie, mappatura, valutazione e pianificazione \/\/ Esperienza nella richiesta, gestione e rendicontazione di collaborazioni sovvenzionate, incluse quelle finanziate dal governo italiano e dall&#8217;UE \/\/ Attivit\u00e0 di comunicazione, disseminazione e networking necessarie per i processi partecipativi, e volti al coinvolgimento della comunit\u00e0 scientifica (tramite attivit\u00e0 di condivisione e formazione) delle strategie di ricerca aperta e partecipata \/\/Mappatura degli stakeholder e attivit\u00e0 partecipative<\/p>\n\n\n\n<p><strong>Progetti di ricerca:<\/strong><br>PNRR \u201ce.INS Ecosystem of Innovation for Next Generation Sardinia\u201d, spoke 9 Environment<br>\u201cAllthings.bioPRO\u201d \u2013 H2020-BBI-JTI-2019 (Grant Agreement number: 887070)<br>\u201cA\u00a0 scuola per mare\u201d, Impresa Sociale Con i bambini<br>\u201cI diritti dei bambini in primo piano, Impresa Sociale Con i bambini<br>Progetto \u201cGulliver\u201d, Impresa Sociale Con i bambini<br>\u201cLost in Education\u201d Impresa Sociale Con i bambini<br>\u201cCoRe \u2013 Comunit\u00e0 Resilienti per il supporto a persone e gruppi vulnerabili\u201d, FISR-Miur 2020<br>\u201cEnRRIch- Enhancing Responsible Research and Innovation through Curricula in Higher Education\u201d (Horizon 2020, Grant agreement 665759)<br>\u201cFP7 \u2013Public Engagement Research and Research Engagement Society\u201d (Settimo programma quadro UE, Call SiS-2009-1.2.1.1)<\/p>\n\n\n\n<p><strong>Pubblicazioni<\/strong><br>&#8211; Valorizing green infrastructures and community heritage trough community and green mapping, con E. Farris, J. Se-Jing Ni, E. Nocerino, G. Pungetti, A. Vargiu, 10th Living Knowledge Conference, Girona, 26-28 giugno 2024 (poster)<br>&#8211; Ho la stoffa per\u2026: emancipazione femminile, attivazione comunitaria e resilienza, con F.\u00a0 Antongiovanni, M. V. Casu, V. Ghibellini, A. Vargiu, book of abstract della III conferenza italiana sulla ricerca di servizio sociale, 2022, ISBN 9788894470628<br>&#8211; Pol\u00edticas p\u00fablicas de Educa\u00e7\u00e3o Especial e as pr\u00e1ticas pedag\u00f3gicas em uma perspectiva inclusiva: um estudo comparado entre Brasil e It\u00e1lia, con K. Galimberti Pattuzzo Breciane, R. Santos Venturini, D. Meyrelles de Jesus, M. das Gra\u00e7as Carvalho Silva de S\u00e1, F. Antongiovanni, V. Ghibellini, in Visioni Latino Americane, Universit\u00e0 di Trieste, 2021, ISSN 2035-6633 DOI: 10.13137\/2035-6633\/31199<br>&#8211; Integrating the Sustainable Development Goals (SDGs), con B. Hall and R. Tandon, F. \u00a0Antongiovanni, K. K. Bandyopadhyay, S. Chessa, M. Cocco, R. Deriu, V. Ghibellini, D. B.\u00a0 Lortan, S. M. Maistry, A. Merler, C.Tremblay, A. Vargiu, S.M Wiebe, M. Yadav, in Higher \u00a0Education in the World 7 Humanities and Higher Education: Synergies between Science, \u00a0Technology and Humanities, GUNI \u2013 GLOBAL UNIVERSITY NETWORK INNOVATION \u00a0REPORTS Barcelona, December 13 , 2019, ISBN 978-84-09-14675-8<br>&#8211; Dignified work in poor communities, con F. Antongiovanni, S. Chessa, M. Cocco, M. Congiu, R. Deriu, A. Merler, A.Vargiu, in Higher Education in the World 7 Humanities and Higher Education: Synergies between Science, Technology and Humanities, GUNI \u2013 GLOBAL UNIVERSITY NETWORK INNOVATION REPORTS Barcelona, December 13 , 2019, ISBN 978 &#8211; 84 &#8211; 09 \u2013 14675-8<br>&#8211; La comunit\u00e0 in ricerca. Dall\u2019ascolto alla narrazione, dalla partecipazione all\u2019attivazione, dal cambiamento alla promozione comunitaria, con A. Vargiu, F. Antongiovanni, V. Ghibellini, A.Merler, book of abstract della II conferenza italiana sulla ricerca di servizio sociale, 2018\u00a0 ISBN 9788894470604<br>&#8211; Permanent Partnership Instruments, con F. Antongiovanni, M. Cocco, V. Ghibellini,A. Merler, A. Vargiu, 8th Living Knowledge Conference, Budapest, 30 maggio-1\u00b0 giugno 2018 (poster)<\/p>\n","protected":false},"excerpt":{"rendered":"<p>Dott.ssa Marta Congiu Tecnologa Sociologia generale SPS\/07 Dipartimento di Scienze Umanistiche e SocialiUniversit\u00e0 di Sassarivia Roma 151 &#8211; 07100 SassariE-mail:\u00a0macongiu@uniss.it\u00a0Pec:\u00a0congiu.marta@pec.it Attivit\u00e0 e ricercheEsperienza in progetti di ricerca, Community Based Research\u00b8 Ricerca e Innovazione Responsabile e public [&hellip;]<\/p>\n","protected":false},"author":3151,"featured_media":0,"parent":32,"menu_order":0,"comment_status":"closed","ping_status":"closed","template":"","meta":{"footnotes":""},"class_list":["post-155","page","type-page","status-publish","hentry"],"_links":{"self":[{"href":"https:\/\/sites.unica.it\/spoke9\/wp-json\/wp\/v2\/pages\/155","targetHints":{"allow":["GET"]}}],"collection":[{"href":"https:\/\/sites.unica.it\/spoke9\/wp-json\/wp\/v2\/pages"}],"about":[{"href":"https:\/\/sites.unica.it\/spoke9\/wp-json\/wp\/v2\/types\/page"}],"author":[{"embeddable":true,"href":"https:\/\/sites.unica.it\/spoke9\/wp-json\/wp\/v2\/users\/3151"}],"replies":[{"embeddable":true,"href":"https:\/\/sites.unica.it\/spoke9\/wp-json\/wp\/v2\/comments?post=155"}],"version-history":[{"count":2,"href":"https:\/\/sites.unica.it\/spoke9\/wp-json\/wp\/v2\/pages\/155\/revisions"}],"predecessor-version":[{"id":285,"href":"https:\/\/sites.unica.it\/spoke9\/wp-json\/wp\/v2\/pages\/155\/revisions\/285"}],"up":[{"embeddable":true,"href":"https:\/\/sites.unica.it\/spoke9\/wp-json\/wp\/v2\/pages\/32"}],"wp:attachment":[{"href":"https:\/\/sites.unica.it\/spoke9\/wp-json\/wp\/v2\/media?parent=155"}],"curies":[{"name":"wp","href":"https:\/\/api.w.org\/{rel}","templated":true}]}}