{"id":1681,"date":"2015-09-04T11:45:30","date_gmt":"2015-09-04T11:45:30","guid":{"rendered":"http:\/\/sites.unica.it\/smartstateestimation\/?page_id=1681"},"modified":"2015-09-16T08:14:32","modified_gmt":"2015-09-16T08:14:32","slug":"abstract","status":"publish","type":"page","link":"https:\/\/sites.unica.it\/smartstateestimation\/abstract\/","title":{"rendered":"Abstract"},"content":{"rendered":"<h4>en<\/h4><p style=\"text-align: justify\"><\/p>\n<p style=\"text-align: justify\">The proposed research project focuses on the definition of the procedures, the measuring system, and the telecommunications infrastructure needed to perform the state estimation of a smart electric distribution network.<\/p>\n<p style=\"text-align: justify\">The need for this research arises from the recent changes affecting the distribution systems, such as, for example, the pervasive distributed generation, obtained from renewable sources, and the presence of non-linear loads.<\/p>\n<p style=\"text-align: justify\">Traditional control systems and static models are not able to deal with these changes. An &#8220;intelligent&#8221; operation of the network that allows an electric service to become sustainable, efficient and reliable, starting from the optimal use of existing infrastructure, is now required.<\/p>\n<p style=\"text-align: justify\">In this regard, the concept of Smart Grid, SG, is emerging. SG is a network becoming &#8220;smart&#8221; by means of the ICT infrastructure, through which electronic devices can interact for a proper management and protection systems.<\/p>\n<p style=\"text-align: justify\">The SG might contribute to the achievement of the European energy policy, but it is necessary to understand what the enablers for such complex systems are.<\/p>\n<p style=\"text-align: justify\">The definition of procedures aimed to obtain the information required for the network management is a crucial aspect for the practical feasibility of SG and presents several issues, such as the cost\/benefit ratio of the required measurement and communication systems. Measured quantities are required, in the &#8220;decision-making positions,&#8221; with the proper accuracy and a sufficient availability.<\/p>\n<p style=\"text-align: justify\">In the literature, several methods to estimate the state of distribution systems have been proposed, but the SG features require innovative procedures that take into account, among others, the following aspects:<\/p>\n<p style=\"text-align: justify\">&#8211; Faster dynamics with respect to those previously expected, due to variations, even intermittent, in the power drawn\/generated by new types of loads and\/or generators;<\/p>\n<p style=\"text-align: justify\">&#8211; The different topology of networks that are becoming increasingly &#8220;meshed&#8221; and\/or subject to topology variations during the year;<\/p>\n<p style=\"text-align: justify\">&#8211; The evolution of the measurement devices, such as, for example, the increasingly widespread Smart Meter (SM) and Phasor Measurement Unit (PMU, for the measurement of synchronized phasors, or synchrophasors).<br \/>\nTo meet the aforementioned peculiarities of the SG, the Research Units propose a research work based on three Work Packages:<\/p>\n<ul>\n<li style=\"text-align: justify\"><strong>WP1: Procedures for the state estimation of the Smart Grids: Smart State Estimation, SSE<\/strong><\/li>\n<li style=\"text-align: justify\"><strong>WP2: Measurement devices for SSE<\/strong><\/li>\n<li style=\"text-align: justify\"><strong>WP3: Communications infrastructure for the SSE implementation<\/strong><\/li>\n<\/ul>\n<p style=\"text-align: justify\"><strong>WP1<\/strong> will cover the definition of innovative procedures of SSE, that provide an accurate picture of the SG also in terms of the branch currents, quantities that are fundamental to the proper operation of the protection and management systems.<br \/>\nIn order to follow the dynamic evolution of the system, but also to fulfill the economic requirement of optimally exploiting the available instrumentation, the SSE will integrate data from measurement devices (eg PMU and SM) with very different characteristics, in terms of accuracy, possibility of data synchronization and measurement rate.<\/p>\n<p style=\"text-align: justify\">The <strong>WP2<\/strong> will tackle the more specific features that will be required to the measurement instrumentation for the SGs, in terms of both dynamic behavior and accuracy. Referring to the aforementioned PMUs, solutions to improve the algorithms currently used in the measurement of the dynamic synchrophasor will be designed. In addition, proper metrics for the evaluation of PMU performance will be defined. Finally, an experimental phase to verify the behavior of both the prototypes developed in the laboratory and the commercial PMUs is expected.<\/p>\n<p style=\"text-align: justify\"><strong>WP3<\/strong> will deal with the characteristics of the communication system required to share data in the distributed system. Currently, solutions of various kinds, including optical fibers, wireless systems and power line carrier (PLC Power Line Carrier) are taken into account.<\/p>\n<p style=\"text-align: justify\">In the proposed project, the use of protocols typical of the Wireless Sensor Network (WSN), for the exchange of information between the measuring devices and concentrators, will be studied. The communication systems within the backbone infrastructure (fiber optic, WiMax, WiFi, etc.), allowing the interconnection of data concentrators located a great distance will be examined.<\/p>\n<p style=\"text-align: justify\">Furthermore, the performance of the analyzed networks will be evaluated; this will allow the necessary information to define the guidelines for the design and configuration of the networks themselves in such application scenarios.<\/p>\n<h4>it<\/h4><\/p>\n<hr \/>\n<p style=\"text-align: justify\"><strong>Presentazione Progetto<\/strong><\/p>\n<p style=\"text-align: justify\">Il progetto di ricerca proposto \u00e8 incentrato sulla definizione delle procedure, del sistema di misura e delle infrastrutture di telecomunicazione necessari per effettuare la stima dello stato in una rete intelligente di distribuzione dell&#8217;energia elettrica.<\/p>\n<p style=\"text-align: justify\">La necessit\u00e0 di tale ricerca nasce dai recenti mutamenti che stanno interessando i sistemi di distribuzione, quali, ad esempio,<br \/>\nl&#8217;ormai pervasiva generazione distribuita da fonti rinnovabili e la presenza di carichi non lineari.<br \/>\nSistemi di controllo tradizionali e modelli statici non sono in grado di affrontare tali trasformazioni. \u00c8 ormai richiesto un esercizio \u201cintelligente\u201d della rete che consenta un servizio elettrico sostenibile, efficiente e affidabile, a partire dallo sfruttamento ottimale dell&#8217;infrastruttura esistente. A tal proposito si sta imponendo il concetto di Smart Grid, SG, una rete resa \u201cintelligente\u201d da infrastrutture ICT, grazie alle quali i dispositivi elettronici possono interagire per consentire adeguati sistemi di gestione e protezione.<\/p>\n<p style=\"text-align: justify\">Le SG dovranno contribuire al raggiungimento degli obiettivi europei sulla politica energetica, ma \u00e8 necessario capire quali<br \/>\nsiano i fattori abilitanti per sistemi cos\u00ec complessi.<br \/>\nLa definizione delle procedure atte a ricavare le informazioni necessarie per la gestione della rete \u00e8 un aspetto cruciale per la pratica realizzabilit\u00e0 delle SG e presenta molteplici criticit\u00e0, quali ad esempio il rapporto costi\/benefici dei sistemi di misura e di comunicazione necessari allo scopo.<\/p>\n<p style=\"text-align: justify\">Servono grandezze misurate che abbiano, nelle \u201cpostazioni decisionali\u201d, l&#8217;accuratezza adeguata e siano disponibili con sufficiente continuit\u00e0.<br \/>\nIn letteratura si trovano diverse metodologie di stima dello stato per sistemi di distribuzione, ma le specificit\u00e0 delle SG richiedono procedure innovative che tengano conto, tra gli altri, dei seguenti aspetti:<br \/>\n&#8211; una dinamica pi\u00f9 rapida di quella prevista finora, per le variazioni, anche intermittenti, nella potenza assorbita\/generata dalle nuove tipologie di carichi e\/o generatori;<br \/>\n&#8211; la differente topologia delle reti, sempre pi\u00f9 \u201cmagliate\u201d e\/o soggette a variazioni durante l&#8217;esercizio;<br \/>\n&#8211; l&#8217;evoluzione degli strumenti di misura, quali, ad esempio, i sempre pi\u00f9 diffusi smart meter (SM) e Phasor Measurement Unit (PMU, per la misura di fasori sincronizzati, o sincrofasori).<\/p>\n<p style=\"text-align: justify\">Per rispondere alle citate specificit\u00e0 delle SG le unit\u00e0 di ricerca proponenti lavoreranno su tre Work Package:<\/p>\n<ul>\n<li style=\"text-align: justify\"><strong>WP1: Procedure di stima dello stato per Smart Grid: Smart State Estimation, SSE<\/strong><\/li>\n<li style=\"text-align: justify\"><strong>WP2: Strumentazione di misura per SSE<\/strong><\/li>\n<li style=\"text-align: justify\"><strong>WP3: Infrastrutture di comunicazione per l&#8217;implementazione della SSE<\/strong><\/li>\n<\/ul>\n<p style=\"text-align: justify\">Il <strong>WP1<\/strong> riguarder\u00e0 la definizione di procedure innovative di SSE che forniscano un\u2019immagine accurata della SG in termini di correnti di ramo, grandezze ormai fondamentali per il corretto funzionamento dei sistemi di protezione e gestione.<\/p>\n<p style=\"text-align: justify\">Al fine di seguire l&#8217;evoluzione dinamica del sistema, ma considerando anche la necessit\u00e0 economica di sfruttare in modo ottimo la<br \/>\nstrumentazione disponibile, l&#8217;SSE integrer\u00e0 dati provenienti da strumenti di misura (ad esempio PMU e SM) dalle caratteristiche molto diverse, in termini di accuratezza, possibilit\u00e0 di sincronizzazione dati e frequenza di misura.<\/p>\n<p style=\"text-align: justify\">Il <strong>WP2<\/strong> affronter\u00e0 il problema delle specifiche pi\u00f9 spinte che saranno richieste alla strumentazione di misura da impiegare nelle SG, in termini sia di comportamento dinamico sia di accuratezza.<br \/>\nCon riferimento alle gi\u00e0 citate PMU si prevede lo sviluppo di soluzioni migliorative degli algoritmi attualmente impiegati nella misura dei sincrofasori dinamici, la definizione delle metriche di valutazione pi\u00f9 adeguate per le loro prestazioni e una fase sperimentale per<br \/>\nverificare il comportamento sia dei prototipi sviluppati in laboratorio sia delle PMU commerciali.<\/p>\n<p style=\"text-align: justify\">Il <strong>WP3<\/strong> si occuper\u00e0 delle caratteristiche del sistema di trasmissione necessario per la condivisione dei dati nel sistema distribuito. Attualmente si impiegano soluzioni di varia natura, tra cui fibre ottiche, sistemi wireless e onde convogliate (Power Line Carrier PLC).<\/p>\n<p style=\"text-align: justify\">Nel progetto proposto, si intende studiare l&#8217;utilizzo di protocolli tipici delle Wireless Sensor Network (WSN) per lo scambio delle informazioni fra i dispositivi di misura e i concentratori.<\/p>\n<p style=\"text-align: justify\">Verranno poi esaminati i sistemi di comunicazione all&#8217;interno dell&#8217;infrastruttura di backbone (fibra ottica, WiMax, WiFi, etc.), che consente di interconnettere concentratori posti a grande distanza fra loro.<\/p>\n<p style=\"text-align: justify\">Inoltre, saranno valutate le prestazioni delle reti analizzate; ci\u00f2 consentir\u00e0 di ricavare le informazioni necessarie a definire le linee guida per la progettazione e la configurazione delle reti stesse in tali scenari applicativi.<\/p>\n<hr \/>\n<p style=\"text-align: justify\">","protected":false},"excerpt":{"rendered":"<p>en The proposed research project focuses on the definition of the procedures, the measuring system, and the telecommunications infrastructure needed to perform the state estimation of a smart electric distribution network. The need for this research arises from the recent changes affecting the distribution systems, such as, for example, the pervasive distributed generation, obtained from renewable sources, and the presence of non-linear loads. Traditional control systems and static models are not able to deal with these changes. An &#8220;intelligent&#8221; operation of the network that allows an electric service to become sustainable, efficient and reliable, starting from the optimal use of <a href='https:\/\/sites.unica.it\/smartstateestimation\/abstract\/' class='excerpt-more'>[&#8230;]<\/a><\/p>\n","protected":false},"author":643,"featured_media":0,"parent":0,"menu_order":0,"comment_status":"closed","ping_status":"closed","template":"","meta":{"footnotes":""},"class_list":["post-1681","page","type-page","status-publish","hentry","post-seq-1","post-parity-odd","meta-position-corners","fix"],"_links":{"self":[{"href":"https:\/\/sites.unica.it\/smartstateestimation\/wp-json\/wp\/v2\/pages\/1681","targetHints":{"allow":["GET"]}}],"collection":[{"href":"https:\/\/sites.unica.it\/smartstateestimation\/wp-json\/wp\/v2\/pages"}],"about":[{"href":"https:\/\/sites.unica.it\/smartstateestimation\/wp-json\/wp\/v2\/types\/page"}],"author":[{"embeddable":true,"href":"https:\/\/sites.unica.it\/smartstateestimation\/wp-json\/wp\/v2\/users\/643"}],"replies":[{"embeddable":true,"href":"https:\/\/sites.unica.it\/smartstateestimation\/wp-json\/wp\/v2\/comments?post=1681"}],"version-history":[{"count":9,"href":"https:\/\/sites.unica.it\/smartstateestimation\/wp-json\/wp\/v2\/pages\/1681\/revisions"}],"predecessor-version":[{"id":1752,"href":"https:\/\/sites.unica.it\/smartstateestimation\/wp-json\/wp\/v2\/pages\/1681\/revisions\/1752"}],"wp:attachment":[{"href":"https:\/\/sites.unica.it\/smartstateestimation\/wp-json\/wp\/v2\/media?parent=1681"}],"curies":[{"name":"wp","href":"https:\/\/api.w.org\/{rel}","templated":true}]}}