{"id":1729,"date":"2016-10-14T10:35:26","date_gmt":"2016-10-14T10:35:26","guid":{"rendered":"http:\/\/sites.unica.it\/segreteriadelrettore\/?page_id=1729"},"modified":"2016-11-18T12:10:36","modified_gmt":"2016-11-18T12:10:36","slug":"inaugurazione-aa-2016-2017","status":"publish","type":"page","link":"https:\/\/sites.unica.it\/segreteriadelrettore\/eventi\/inaugurazione-aa-2016-2017\/","title":{"rendered":"Inaugurazione Anno Accademico 2016\/2017"},"content":{"rendered":"<h5>Prenotazione posto in sala settecentesca per seguire la cerimonia di inaugurazione dell&#8217;anno accademico 2016\/2017 in streaming il 28.11.2016 ore 15:15<\/h5>\n<div class=\"frm_forms  with_frm_style frm_style_formidable-style\" id=\"frm_form_7_container\" >\n<form enctype=\"multipart\/form-data\" method=\"post\" class=\"frm-show-form  frm_js_validate  frm_ajax_submit  frm_pro_form \" id=\"form_8zc3i82\" >\n<div class=\"frm_form_fields \">\n<fieldset>\n<legend class=\"frm_hidden\">Prenotazione posto in sala settecentesca per seguire la cerimonia di inaugurazione dell'anno accademico in streaming 28.11.2016 ore 15:15<\/legend>\r\n\r\n<div class=\"frm_description\"><p><strong>La prenotazione \u00e8 strettamente personale. Al fine dell'accesso \u00e8 obbligatorio esibire la ricevuta di prenotazione insieme ad un documento di identit\u00e0<\/strong><\/p>\n<\/div><div class=\"frm_fields_container\">\n<input type=\"hidden\" name=\"frm_action\" value=\"create\" \/>\n<input type=\"hidden\" name=\"form_id\" value=\"7\" \/>\n<input type=\"hidden\" name=\"frm_hide_fields_7\" id=\"frm_hide_fields_7\" value=\"\" \/>\n<input type=\"hidden\" name=\"form_key\" value=\"8zc3i82\" \/>\n<input type=\"hidden\" name=\"item_meta[0]\" value=\"\" \/>\n<input type=\"hidden\" id=\"frm_submit_entry_7\" name=\"frm_submit_entry_7\" value=\"20a10c13bc\" \/><input type=\"hidden\" name=\"_wp_http_referer\" value=\"\/segreteriadelrettore\/wp-json\/wp\/v2\/pages\/1729\" \/><div id=\"frm_field_104_container\" class=\"frm_form_field form-field  frm_required_field frm_top_container\">\r\n    <label for=\"field_jlevsr2\" class=\"frm_primary_label\">Cognome\r\n        <span class=\"frm_required\">*<\/span>\r\n    <\/label>\r\n    <input  type=\"text\" id=\"field_jlevsr2\" name=\"item_meta[104]\" value=\"\"  data-reqmsg=\"Questo campo non pu\u00f2 essere vuoto.\" aria-required=\"true\" data-invmsg=\"Cognome non \u00e8 valido\" aria-invalid=\"false\"   \/>\r\n    \r\n    \r\n<\/div>\n<div id=\"frm_field_103_container\" class=\"frm_form_field form-field  frm_required_field frm_top_container\">\r\n    <label for=\"field_7l9vfw2\" class=\"frm_primary_label\">Nome\r\n        <span class=\"frm_required\">*<\/span>\r\n    <\/label>\r\n    <input  type=\"text\" id=\"field_7l9vfw2\" name=\"item_meta[103]\" value=\"\"  data-reqmsg=\"Questo campo non pu\u00f2 essere vuoto.\" aria-required=\"true\" data-invmsg=\"Nome non \u00e8 valido\" aria-invalid=\"false\"   \/>\r\n    \r\n    \r\n<\/div>\n<div id=\"frm_field_134_container\" class=\"frm_form_field form-field  frm_required_field frm_top_container\">\r\n    <label  class=\"frm_primary_label\">Ruolo\r\n        <span class=\"frm_required\">*<\/span>\r\n    <\/label>\r\n    <div class=\"frm_opt_container\">\t\t<select name=\"item_meta[134]\" id=\"field_wwm0s\"  data-reqmsg=\"Questo campo non pu\u00f2 essere vuoto.\" aria-required=\"true\" data-invmsg=\"Ruolo non \u00e8 valido\" aria-invalid=\"false\"  >\n\t\t<option  value=\"studente\">studente<\/option><option  value=\"docente\">docente<\/option><option  value=\"personale TA\">personale TA<\/option><option  value=\"altro\">altro<\/option><option  value=\"\" selected='selected'> <\/option>\t<\/select>\n\t<\/div>\r\n    <div id=\"frm_desc_field_wwm0s\" class=\"frm_description\">Scegliere dal menu a tendina<\/div>\r\n    \r\n<\/div>\n<div id=\"frm_field_135_container\" class=\"frm_form_field form-field  frm_required_field frm_top_container\">\r\n    <label for=\"field_ophwa\" class=\"frm_primary_label\">Se \u00e8 stato scelto \"altro\" specificare\r\n        <span class=\"frm_required\">*<\/span>\r\n    <\/label>\r\n    <input  type=\"text\" id=\"field_ophwa\" name=\"item_meta[135]\" value=\"\"  data-reqmsg=\"Questo campo non pu\u00f2 essere vuoto.\" aria-required=\"true\" data-invmsg=\"Se \u00e8 stato scelto &quot;altro&quot; specificare non \u00e8 valido\" aria-invalid=\"false\"   \/>\r\n    \r\n    \r\n<\/div>\n<div id=\"frm_field_133_container\" class=\"frm_form_field form-field  frm_required_field frm_top_container\">\r\n    <label for=\"field_vf24b\" class=\"frm_primary_label\">Specificare struttura lavorativa o corso di studi\r\n        <span class=\"frm_required\">*<\/span>\r\n    <\/label>\r\n    <input  type=\"text\" id=\"field_vf24b\" name=\"item_meta[133]\" value=\"\"  data-reqmsg=\"Questo campo non pu\u00f2 essere vuoto.\" aria-required=\"true\" data-invmsg=\"Specificare struttura lavorativa o corso di studi non \u00e8 valido\" aria-invalid=\"false\"   \/>\r\n    \r\n    \r\n<\/div>\n<div id=\"frm_field_105_container\" class=\"frm_form_field form-field  frm_required_field frm_top_container\">\r\n    <label for=\"field_eogblc2\" class=\"frm_primary_label\">Recapito telefonico\r\n        <span class=\"frm_required\">*<\/span>\r\n    <\/label>\r\n    <input type=\"number\" id=\"field_eogblc2\" name=\"item_meta[105]\" value=\"\" data-reqmsg=\"Questo campo non pu\u00f2 essere vuoto.\" aria-required=\"true\" data-invmsg=\"Recapito telefonico non \u00e8 valido - inserire un valore numerico\" aria-invalid=\"false\"   min=\"0\" max=\"9999999999\" step=\"1\" \/>\r\n    \r\n    \r\n<\/div>\n<div id=\"frm_field_106_container\" class=\"frm_form_field form-field  frm_required_field frm_top_container\">\r\n    <label for=\"field_y77q2j2\" class=\"frm_primary_label\">Indirizzo Email\r\n        <span class=\"frm_required\">*<\/span>\r\n    <\/label>\r\n    <input type=\"email\" id=\"field_y77q2j2\" name=\"item_meta[106]\" value=\"\"  data-reqmsg=\"Questo campo non pu\u00f2 essere vuoto.\" aria-required=\"true\" data-invmsg=\"Indirizzo Email non \u00e8 valido\" aria-invalid=\"false\"  \/>\r\n    \r\n    \r\n<\/div>\n<div id=\"frm_field_107_container\" class=\"frm_form_field form-field  frm_required_field frm_top_container\">\r\n    <label for=\"field_vzrtrs2\" class=\"frm_primary_label\">Matricola\r\n        <span class=\"frm_required\">*<\/span>\r\n    <\/label>\r\n    <input  type=\"text\" id=\"field_vzrtrs2\" name=\"item_meta[107]\" value=\"\"  data-reqmsg=\"Questo campo non pu\u00f2 essere vuoto.\" aria-required=\"true\" data-invmsg=\"La matricola inserita non \u00e8 valida\" aria-invalid=\"false\"   \/>\r\n    \r\n    \r\n<\/div>\n<input type=\"hidden\" name=\"item_meta[111]\" id=\"field_g0w3fd\" value=\"50\"  data-frmval=\"50\"   \/>\n<div id=\"frm_field_110_container\" class=\"frm_form_field form-field  frm_required_field frm_top_container vertical_radio\">\r\n    <label  class=\"frm_primary_label\">Autorizzo il trattamento dei miei dati personali ai sensi del Dlgs 196 del 30 giugno 2003\r\n        <span class=\"frm_required\">*<\/span>\r\n    <\/label>\r\n    <div class=\"frm_opt_container\">\t\t<div class=\"frm_checkbox\" id=\"frm_checkbox_110-0\">\t\t\t<label  for=\"field_3mdgw92-0\">\n\t\t\t<input type=\"checkbox\" name=\"item_meta[110][]\" id=\"field_3mdgw92-0\" value=\"autorizzo\"  data-reqmsg=\"Questo campo non pu\u00f2 essere vuoto.\" data-invmsg=\"Autorizzo il trattamento dei miei dati personali ai sensi del Dlgs 196 del 30 giugno 2003 non \u00e8 valido\" aria-invalid=\"false\"   aria-required=\"true\"  \/> autorizzo<\/label><\/div>\n<\/div>\r\n    \r\n    \r\n<\/div>\n<div id=\"frm_field_129_container\" class=\"frm_form_field  frm_html_container form-field\">\n<div style=\"color: #A31019;font-weight:bold;\">\n<p>Massimo numero di posti disponibili raggiunto<\/p>\n<p>Siamo spiacenti, i posti sono esauriti<\/p>\n<\/div>\n<\/div>\n<div id=\"frm_field_136_container\" class=\"frm_form_field  frm_html_container form-field\">\n<div class=\"frm_submit\">\n<input type=\"submit\" value=\"Invia\" \/><br \/>\n<img decoding=\"async\" class=\"frm_ajax_loading\" src=\"http:\/\/sites.unica.it\/segreteriadelrettore\/wp-content\/plugins\/formidable\/images\/ajax_loader.gif\" alt=\"Sending\" style=\"visibility:hidden;\" \/>\n<\/div>\n<\/div>\n\t<input type=\"hidden\" name=\"item_key\" value=\"\" \/>\n\t\t\t<div id=\"frm_field_172_container\">\n\t\t\t<label for=\"field_vyglk\" >\n\t\t\t\tSe sei un essere umano, lascia questo campo vuoto.\t\t\t<\/label>\n\t\t\t<input  id=\"field_vyglk\" type=\"text\" class=\"frm_form_field form-field frm_verify\" name=\"item_meta[172]\" value=\"\"  \/>\n\t\t<\/div>\n\t\t<input name=\"frm_state\" type=\"hidden\" value=\"iWoop4ErYoO6WMoW\/qpdDbfO6xOfyNoLAAjVv3AX+Za3DJ+rK35n9XgXRQjlC9Q8\" \/><div><\/div><\/div>\n<\/fieldset>\n<\/div>\n\n<\/form>\n<\/div>\n\n","protected":false},"excerpt":{"rendered":"<p>Prenotazione posto in sala settecentesca per seguire la cerimonia di inaugurazione dell&#8217;anno accademico 2016\/2017 in streaming il 28.11.2016 ore 15:15<\/p>\n","protected":false},"author":2751,"featured_media":0,"parent":1722,"menu_order":0,"comment_status":"closed","ping_status":"closed","template":"","meta":{"footnotes":""},"class_list":["post-1729","page","type-page","status-publish","hentry","post-seq-1","post-parity-odd","meta-position-corners","fix"],"_links":{"self":[{"href":"https:\/\/sites.unica.it\/segreteriadelrettore\/wp-json\/wp\/v2\/pages\/1729","targetHints":{"allow":["GET"]}}],"collection":[{"href":"https:\/\/sites.unica.it\/segreteriadelrettore\/wp-json\/wp\/v2\/pages"}],"about":[{"href":"https:\/\/sites.unica.it\/segreteriadelrettore\/wp-json\/wp\/v2\/types\/page"}],"author":[{"embeddable":true,"href":"https:\/\/sites.unica.it\/segreteriadelrettore\/wp-json\/wp\/v2\/users\/2751"}],"replies":[{"embeddable":true,"href":"https:\/\/sites.unica.it\/segreteriadelrettore\/wp-json\/wp\/v2\/comments?post=1729"}],"version-history":[{"count":26,"href":"https:\/\/sites.unica.it\/segreteriadelrettore\/wp-json\/wp\/v2\/pages\/1729\/revisions"}],"predecessor-version":[{"id":1792,"href":"https:\/\/sites.unica.it\/segreteriadelrettore\/wp-json\/wp\/v2\/pages\/1729\/revisions\/1792"}],"up":[{"embeddable":true,"href":"https:\/\/sites.unica.it\/segreteriadelrettore\/wp-json\/wp\/v2\/pages\/1722"}],"wp:attachment":[{"href":"https:\/\/sites.unica.it\/segreteriadelrettore\/wp-json\/wp\/v2\/media?parent=1729"}],"curies":[{"name":"wp","href":"https:\/\/api.w.org\/{rel}","templated":true}]}}