{"id":868,"date":"2016-04-09T16:53:35","date_gmt":"2016-04-09T16:53:35","guid":{"rendered":"http:\/\/www.sandrodemuro.it\/?page_id=868"},"modified":"2016-04-09T16:53:35","modified_gmt":"2016-04-09T16:53:35","slug":"life-soss-dunes","status":"publish","type":"page","link":"https:\/\/sites.unica.it\/sandrodemuro\/life-soss-dunes\/","title":{"rendered":"Life SOSS Dunes"},"content":{"rendered":"<p><a href=\"http:\/\/www.osservatoriocostesardegna.eu\/wp-content\/uploads\/2015\/02\/Logo-SOSS2.jpg\"><img loading=\"lazy\" decoding=\"async\" class=\"alignnone size-full wp-image-2060\" style=\"border: 0px\" src=\"http:\/\/www.osservatoriocostesardegna.eu\/wp-content\/uploads\/2015\/02\/Logo-SOSS2.jpg\" alt=\"Logo SOSS2\" width=\"1444\" height=\"843\" \/><\/a><\/p>\n<p style=\"text-align: center;font-size: 1.2em\"><strong>Safeguard and management Of South-western Sardinian Dunes<\/strong><br \/>\n<strong> A project for the pilot area of Porto Pino &#8211; SOSS DUNES<\/strong><br \/>\n<strong>(LIFE13 NAT\/IT\/001013)<\/strong><br \/>\n<img loading=\"lazy\" decoding=\"async\" class=\"alignnone wp-image-1655 \" style=\"border: 0px\" src=\"http:\/\/www.osservatoriocostesardegna.eu\/wp-content\/uploads\/2014\/11\/testata-SOSS.jpg\" alt=\"testata SOSS\" width=\"1820\" height=\"404\" \/><\/p>\n<p style=\"text-align: justify\">Anno di approvazione: 2014<br \/>\nDurata prevista: 01-06-2014 \/ 31-05-2017<br \/>\nBeneficiario coordinatore: <a href=\"http:\/\/egov4.halleysardegna.com\/saarresi\/hh\/index.php\">Comune di Sant\u2019Anna Arresi<\/a><br \/>\nBeneficiario associato: Universit\u00e0 degli Studi di Cagliari &#8211; Gruppo di Ricerca: Coastal and Marine Geomorphology Group (CMGG &#8211; Dipartimento di Scienze Chimiche e Geologiche) &#8211; Responsabile scientifico Prof. Sandro De Muro.<br \/>\nStruttura di riferimento per le attivit\u00e0 scientifiche di progetto: &#8220;Laboratorio di video monitoraggio spiagge a rischio di erosione e modellistica&#8221; del Dipartimento di Scienze Chimiche e Geologiche dell&#8217;Universit\u00e0 degli Studi di Cagliari.<\/p>\n<p style=\"text-align: center\"><a href=\"http:\/\/www.osservatoriocostesardegna.eu\/wp-content\/uploads\/2014\/12\/locandina-kick-off-20_12_2014.pdf\" target=\"_blank\"><strong>Presentazione progetto SOSS DUNES LIFE13 NAT\/IT\/001013<\/strong><\/a><br \/>\n<a href=\"http:\/\/www.osservatoriocostesardegna.eu\/wp-content\/uploads\/2014\/12\/locandina-kick-off-20_12_2014.pdf\" target=\"_blank\"> <strong> 20 Dicembre 2014, Sala Consiliare<\/strong><\/a><br \/>\n<a href=\"http:\/\/www.osservatoriocostesardegna.eu\/wp-content\/uploads\/2014\/12\/locandina-kick-off-20_12_2014.pdf\" target=\"_blank\"> <strong> Comune di Sant\u2019Anna Arresi (CI) &#8211; Piazza Aldo Moro n.1<\/strong><\/a><\/p>\n<p style=\"text-align: justify\"><strong>Il Progetto<\/strong><br \/>\nSOSS DUNES (LIFE13 NAT\/IT\/001013) \u00e8 un progetto che, con l\u2019importante contributo dell\u2019Unione Europea, si prefigge di salvaguardare una parte del \u201cSIC ITB040025, promontorio, dune e zona umida, di Porto Pino\u201d, sito di particolare interesse in un contesto chiave per gli habitat dunali nel sud ovest della Sardegna e di tutto il Mediterraneo centrale.<br \/>\n<img loading=\"lazy\" decoding=\"async\" class=\"alignnone size-full wp-image-1667\" src=\"http:\/\/www.osservatoriocostesardegna.eu\/wp-content\/uploads\/2014\/11\/mappa-porto-pino2.jpg\" alt=\"mappa porto pino\" width=\"1000\" height=\"896\" \/><\/p>\n<p style=\"text-align: justify\">Obiettivo generale del progetto \u00e8 l&#8217;implementazione locale della Direttiva Habitat e l&#8217;applicazione delle raccomandazioni europee in tema di gestione integrata delle zone costiere.<br \/>\nIl sito pilota di Porto Pino, oltre a trovarsi in una posizione strategica per lo scambio e la diffusione delle migliori pratiche lungo la costa sud occidentale, \u00e8 collegato ad un altro settore della costa gi\u00e0 oggetto di attivit\u00e0 conservative nell&#8217;ambito del Progetto <a href=\"http:\/\/www.osservatoriocostesardegna.eu\/?page_id=40\">LIFE07NAT\/IT\/000519 Providune<\/a>.<\/p>\n<p style=\"text-align: justify\"><img loading=\"lazy\" decoding=\"async\" class=\"alignnone wp-image-1661 \" src=\"http:\/\/www.osservatoriocostesardegna.eu\/wp-content\/uploads\/2014\/11\/2014_10_24-16_35_10-3851Angelo-Ibba-rid1.jpg\" alt=\"2014_10_24 16_35_10 3851Angelo Ibba rid\" width=\"1728\" height=\"1152\" \/><\/p>\n<p style=\"text-align: justify\">Nell&#8217;ambito del Progetto, l&#8217;Universit\u00e0 di Cagliari e il Comune di S. Anna Arresi collaboreranno per raggiungere i seguenti obiettivi specifici:<\/p>\n<ul>\n<li style=\"text-align: justify\">applicare le migliori pratiche e le possibili azioni dimostrative per proteggere uno degli habitat pi\u00f9 minacciati dell&#8217;Unione Europea (Dune costiere con Juniperus spp. 2250*) e gli habitat rientranti nei siti Natura 2000, compreso il 2270*(Dune con foreste di Pinus pinea o Pinus pinaster);<\/li>\n<li style=\"text-align: justify\">stabilire un approccio comune per la protezione a lungo termine di questi habitat basati su studi approfonditi delle caratteristiche biotiche e abiotiche;<\/li>\n<li style=\"text-align: justify\">diminuire\/eliminare le minacce che colpiscono gli habitat presenti, come ad esempio: impatti da fruizione turistica, decremento della resilienza del sistema spiaggia-duna, mancanza di buone pratiche gestionali, scarsa conoscenza dell\u2019ambiente naturale;<\/li>\n<li style=\"text-align: justify\">aumentare il livello di consapevolezza della popolazione locale (studenti, abitanti, turisti, imprenditori) dell&#8217;importanza di questi habitat, non solo per il loro valore paesaggistico, ma anche per la conservazione dei servizi ecosistemici e come mezzo per affrontare gli effetti del cambiamento climatico.<\/li>\n<\/ul>\n<p style=\"text-align: justify\">SOSS DUNES mira a dimostrare che per l\u2019attuazione e la riuscita di progetti che prevedano il ripristino e la conservazione degli habitat a rischio di scomparsa nelle zone dunari, \u00e8 necessario un approccio fedele al protocollo sulla gestione integrata delle zone costiere <a href=\"http:\/\/www.minambiente.it\/pagina\/cose-la-gestione-integrata-delle-zone-costiere\" target=\"_blank\">(GIZC)<\/a> del Mediterraneo.<\/p>\n<p style=\"text-align: justify\">La zona dunare, essendo parte integrante del sistema di spiaggia \u00e8 influenzata ciclicamente oltre che dall\u2019azione del vento anche dall\u2019azione del moto ondoso che pu\u00f2 modificare direttamente e\/o indirettamente, anche in tempi brevi, la distribuzione spaziale e lo stato di conservazione degli habitat.<br \/>\nLe comunit\u00e0 vegetali delle zone dunari costiere sono strettamente legate a condizioni specifiche, dipendenti sia dalle caratteristiche chimico-fisiche del substrato sia dalle dinamiche dei processi di spiaggia legate al moto ondoso, che possono indurre variazioni anche in tempi molto rapidi.<\/p>\n<p style=\"text-align: justify\"><img loading=\"lazy\" decoding=\"async\" class=\"alignnone size-full wp-image-1660\" src=\"http:\/\/www.osservatoriocostesardegna.eu\/wp-content\/uploads\/2014\/11\/2014_10_24-15_35_35-3772Angelo-Ibba-rid1.jpg\" alt=\"2014_10_24 15_35_35 3772Angelo Ibba rid\" width=\"1728\" height=\"1152\" \/><\/p>\n<p style=\"text-align: justify\"><img loading=\"lazy\" decoding=\"async\" class=\"alignnone size-full wp-image-1659\" src=\"http:\/\/www.osservatoriocostesardegna.eu\/wp-content\/uploads\/2014\/11\/2014_10_24-15_24_43-3750Angelo-Ibba-rid1.jpg\" alt=\"2014_10_24 15_24_43 3750Angelo Ibba rid\" width=\"1728\" height=\"1152\" \/><\/p>\n<p style=\"text-align: justify\">Per questo motivo il progetto prevede che gli studi propedeutici ed il monitoraggio ambientale successivo (compreso quello relativo agli effetti delle azioni di progetto) vengano effettuati in modo congiunto da esperti nel campo biotico e da esperti in campo geologico.<br \/>\nProprio in virt\u00f9 del fatto che la duna, in quanto parte integrante del sistema di spiaggia, \u00e8 influenzata ciclicamente oltre che dall\u2019azione del vento anche dall\u2019azione del moto ondoso diventa fondamentale estendere <a href=\"http:\/\/webgis.osservatoriocostesardegna.com\/oceans\/wp-content\/uploads\/2012\/11\/flowchart-metodologia.jpg\" target=\"_blank\">lo studio ed il monitoraggio<\/a> (sedimentologia e geomorfologia) della componente abiotica a tutto il sistema di spiaggia non solo per comprendere i processi e gli equilibri dinamici che governano l\u2019evoluzione della zona dunare ma anche per progettare idonei interventi di ripristino e conservazione che non interferiscano con i processi naturali attivi e caratteristici del sito oggetto d\u2019intervento.<\/p>\n<div id=\"attachment_1664\" style=\"width: 1738px\" class=\"wp-caption alignnone\"><img loading=\"lazy\" decoding=\"async\" aria-describedby=\"caption-attachment-1664\" class=\"wp-image-1664 size-full\" src=\"http:\/\/www.osservatoriocostesardegna.eu\/wp-content\/uploads\/2014\/11\/2014_11_14-17_00_59-4584Angelo-Ibba-rid1.jpg\" alt=\"2014_11_14 17_00_59 4584Angelo Ibba rid\" width=\"1728\" height=\"1152\" \/><p id=\"caption-attachment-1664\" class=\"wp-caption-text\">Avvio attivit\u00e0 azione A.1 &#8211; Realizzazione della rete geodetica<\/p><\/div>\n<p style=\"text-align: justify\">Il SOSS Dunes garantir\u00e0 la continuit\u00e0 degli intenti del Progetto LIFE07NAT\/IT\/000519 Providune, col quale condivide obiettivi e condizioni ambientali, attraverso l\u2019implementazione della banca dati esistente, lo sviluppo del <a href=\"http:\/\/www.osservatoriocostesardegna.eu\/atlante\" target=\"_blank\">WebGIS &#8211; CMS<\/a> collegati alla banca dati e l\u2019incremento dei nodi della rete di studio e monitoraggio delle spiagge della Sardegna.<br \/>\nIl Progetto effettuer\u00e0 oltre alle Azioni concrete di ripristino e conservazione, in accordo con le prescrizioni della Direttiva Habitat, anche altre Azioni in linea con le prescrizioni del Protocollo, quali attivit\u00e0 di partecipazione, sensibilizzazione, formazione, istruzione e ricerca.<br \/>\nPertanto l\u2019intento di SOSS Dunes \u00e8 quello di:<br \/>\n\u2022 mettere in pratica e diffondere una serie di azioni e metodologie (\u201cbest practices\u201d gi\u00e0 finanziate e sperimentate con il Progetto LIFE07NAT\/IT\/000519 Providune) nuove o non consuete e che dovrebbero essere pi\u00f9 ampiamente applicate in condizioni simili.<br \/>\n\u2022 Porre le basi per estendere gli interventi di conservazione e il trasferimento dell\u2019approccio di gestione ambientale integrata al settore costiero della Sardegna sud occidentale.<\/p>\n<p style=\"text-align: justify\">Il progetto \u00e8 articolato in diverse attivit\u00e0 di studio, conservazione e ripristino di habitat:<\/p>\n<p style=\"text-align: justify\"><strong>Analisi geomorfologica, sedimentologica, geobotanica e rilevamento impatti da fruizione<\/strong><\/p>\n<ul>\n<li>A.1 Studi geologico-morfologici: sedimentologia e dinamica marino costiera.<\/li>\n<li>A.2 Studi geobotanici sugli habitat.<\/li>\n<li>A.3 Mappatura di dettaglio degli habitat.<\/li>\n<li>A.4 Analisi degli impatti da fruizione.<\/li>\n<li>A.5 Progettazione preliminare, definitiva ed esecutiva degli interventi.<\/li>\n<li>A.6 Realizzazione di una banca dati biotici e abiotici e di un servizio webgis.<\/li>\n<\/ul>\n<p style=\"text-align: justify\"><strong>Conservazione<\/strong><\/p>\n<ul>\n<li>C.1 Conservazione recupero e ripristino degli habitat dunari degradati con tecniche innovative<\/li>\n<li>C.2 Realizzazione con tecniche innovative di accessi pedonali, delimitazione leggera delle zone dunali.<\/li>\n<\/ul>\n<p style=\"text-align: justify\"><strong>Monitoraggio<\/strong><\/p>\n<ul>\n<li>D.1 Monitoraggio degli impatti sugli habitat delle Azioni di Progetto<\/li>\n<li>D.2 Monitoraggio dell&#8217;impatto socioeconomico e dei servizi ecosistemici del Progetto<\/li>\n<\/ul>\n<p style=\"text-align: justify\"><strong>Sensibilizzazione e divulgazione dei risultati<\/strong><\/p>\n<ul>\n<li>E.1 Piano di comunicazione del progetto e principali strumenti di divulgazione<\/li>\n<li>E.2 Incontri con portatori di interesse per la condivisione del progetto<\/li>\n<li>E.3 Partecipazione a fiere e conferenze con illustrazione del progetto<\/li>\n<li>E.4 Sensibilizzazione di turisti durante la stagione estiva<\/li>\n<li>E.5 Progettazione, realizzazione e collocazione di pannelli informativi<\/li>\n<li>E.6 Attivit\u00e0 educative nelle scuole<\/li>\n<li>E.7 Rapporto divulgativo finale in italiano e inglese<\/li>\n<\/ul>\n<p style=\"text-align: justify\"><strong>Coordinamento e gestione del progetto<\/strong><\/p>\n<ul>\n<li>F.1 Coordinamento tecnico scientifico.<\/li>\n<li>F.2 Gestione amministrativa<\/li>\n<li>F.3 Revisione indipendente del rapporto finanziario finale<\/li>\n<li>F.4 Gestione della rendicontazione<\/li>\n<li>F.5 Gestione delle attivit\u00e0 di monitoraggio fisico, procedurale e finanziario<\/li>\n<li>F.6 Piano di conservazione post LIFE<\/li>\n<\/ul>\n","protected":false},"excerpt":{"rendered":"<p>Safeguard and management Of South-western Sardinian Dunes A project for the pilot area of Porto Pino &#8211; SOSS DUNES (LIFE13 NAT\/IT\/001013) Anno di approvazione: 2014 Durata prevista: 01-06-2014 \/ 31-05-2017 Beneficiario coordinatore: Comune di Sant\u2019Anna Arresi Beneficiario associato: Universit\u00e0 degli &hellip; <a href=\"https:\/\/sites.unica.it\/sandrodemuro\/life-soss-dunes\/\">Continua a leggere<span class=\"meta-nav\">&rarr;<\/span><\/a><\/p>\n","protected":false},"author":2003,"featured_media":0,"parent":0,"menu_order":0,"comment_status":"closed","ping_status":"open","template":"","meta":{"ngg_post_thumbnail":0,"footnotes":""},"class_list":["post-868","page","type-page","status-publish","hentry"],"_links":{"self":[{"href":"https:\/\/sites.unica.it\/sandrodemuro\/wp-json\/wp\/v2\/pages\/868","targetHints":{"allow":["GET"]}}],"collection":[{"href":"https:\/\/sites.unica.it\/sandrodemuro\/wp-json\/wp\/v2\/pages"}],"about":[{"href":"https:\/\/sites.unica.it\/sandrodemuro\/wp-json\/wp\/v2\/types\/page"}],"author":[{"embeddable":true,"href":"https:\/\/sites.unica.it\/sandrodemuro\/wp-json\/wp\/v2\/users\/2003"}],"replies":[{"embeddable":true,"href":"https:\/\/sites.unica.it\/sandrodemuro\/wp-json\/wp\/v2\/comments?post=868"}],"version-history":[{"count":0,"href":"https:\/\/sites.unica.it\/sandrodemuro\/wp-json\/wp\/v2\/pages\/868\/revisions"}],"wp:attachment":[{"href":"https:\/\/sites.unica.it\/sandrodemuro\/wp-json\/wp\/v2\/media?parent=868"}],"curies":[{"name":"wp","href":"https:\/\/api.w.org\/{rel}","templated":true}]}}