{"id":602,"date":"2013-06-03T15:17:25","date_gmt":"2013-06-03T15:17:25","guid":{"rendered":"http:\/\/www.sandrodemuro.it\/?page_id=602"},"modified":"2021-12-06T00:50:43","modified_gmt":"2021-12-05T23:50:43","slug":"il-faro","status":"publish","type":"page","link":"https:\/\/sites.unica.it\/sandrodemuro\/il-faro\/","title":{"rendered":"Il Faro di Punta Sardegna"},"content":{"rendered":"<p style=\"text-align: center\"><img loading=\"lazy\" decoding=\"async\" class=\"aligncenter wp-image-615\" style=\"border: 0px\" title=\"Faro Oceans\" src=\"http:\/\/sites.unica.it\/sandrodemuro\/files\/2013\/06\/Faro-Oceans.jpg\" alt=\"\" width=\"801\" height=\"427\" srcset=\"https:\/\/sites.unica.it\/sandrodemuro\/files\/2013\/06\/Faro-Oceans.jpg 801w, https:\/\/sites.unica.it\/sandrodemuro\/files\/2013\/06\/Faro-Oceans-300x160.jpg 300w, https:\/\/sites.unica.it\/sandrodemuro\/files\/2013\/06\/Faro-Oceans-768x409.jpg 768w, https:\/\/sites.unica.it\/sandrodemuro\/files\/2013\/06\/Faro-Oceans-500x267.jpg 500w\" sizes=\"auto, (max-width: 801px) 100vw, 801px\" \/><\/p>\n<p>Il Faro della Marina Militare Italiana di Punta Sardegna, contraddistinto col numero 1030 sull\u2019elenco dei Fari e Fanali, fu attivato nel 1913 ed inizialmente dotato di alimentazione a gas. Nel 1932, con l\u2019arrivo della corrente elettrica, fu migliorata l\u2019efficienza della lanterna che ha oggi una portata di 11 miglia ed un periodo di cinque secondi: luce bianca di un secondo seguita da un eclissi di quattro secondi. La lanterna \u00e8 situata a 35 metri sul livello del mare ed ospitata su uno dei terrazzi in cima alla costruzione realizzata con granito cavato e lavorato sul posto. Gli intonaci sono realizzati con malta mista a calce bianca.<\/p>\n<p>Il tutto \u00e8 \u201cingabbiato\u201d nella gabbia di Faraday, efficiente impianto antifulmine, che a distanza conferisce alla costruzione una certa eleganza. Il faro \u00e8 stato presidiato da un fanalista fino al 1975, dopo di ch\u00e9 segu\u00ec la completa automazione. Nel 1995 la struttura venne data, dalla Marina Militare Italiana, in concessione perpetua e gratuita all\u2019Universit\u00e0 di Trieste che ne aveva fatto richiesta a seguito di una proposta del Prof. Sandro De Muro, che all\u2019epoca prestava servizio presso l\u2019Ateneo Triestino, del Direttore del Dipartimento di Scienze Geologiche, Ambientali e Marine Prof. Antonio Brambati e del Rettore di allora Prof. Giacomo Borruso.<\/p>\n<p><img loading=\"lazy\" decoding=\"async\" class=\"alignright wp-image-601\" style=\"margin-left: 0px;margin-right: 20px\" title=\"faro-pianoterra\" src=\"http:\/\/sites.unica.it\/sandrodemuro\/files\/2013\/06\/faro-pianoterra.jpg\" alt=\"\" width=\"262\" height=\"270\"><img loading=\"lazy\" decoding=\"async\" class=\" wp-image-600 alignleft\" style=\"margin-left: 10px;margin-right: 0px\" title=\"faro-1piano\" src=\"http:\/\/sites.unica.it\/sandrodemuro\/files\/2013\/06\/faro-1piano.jpg\" alt=\"\" width=\"250\" height=\"270\"><\/p>\n<p>&nbsp;<\/p>\n<p>&nbsp;<\/p>\n<p>&nbsp;<\/p>\n<p>&nbsp;<\/p>\n<p>&nbsp;<\/p>\n<p>&nbsp;<\/p>\n<p>&nbsp;<\/p>\n<p>Il Faro, completamente ristrutturato con fondi messi a disposizione dall&#8217;Ateneo Triestino, da quello Cagliaritano e dalla Amministrazione comunale di Palau, che ne ha curato il progetto, \u00e8 oggi gestito mediante una convenzione che regola i rapporti tra Comune, Universit\u00e0 di Cagliari e Universit\u00e0 di Trieste. Recentemente, nel 2008, ha aderito alla convenzione quadro anche la Provincia di Olbia Tempio. Il piano terra del Faro ospita i laboratori di: geomorfologia e geofisica marina, sedimentologia, cartografia e GIS, oltre alla sala riunioni\/didattica; mentre il primo piano \u00e8 stato destinato agli alloggi per studenti e ricercatori ed alla direzione. Nel secondo piano-terrazza sono previste attivit\u00e0 divulgative per l\u2019avviamento di percorsi naturalistici costieri e terra-mare.<\/p>\n<p><img loading=\"lazy\" decoding=\"async\" class=\"aligncenter size-full wp-image-606\" title=\"faro-1\" src=\"http:\/\/sites.unica.it\/sandrodemuro\/files\/2013\/06\/faro-1.png\" alt=\"\" width=\"595\" height=\"822\" srcset=\"https:\/\/sites.unica.it\/sandrodemuro\/files\/2013\/06\/faro-1.png 595w, https:\/\/sites.unica.it\/sandrodemuro\/files\/2013\/06\/faro-1-217x300.png 217w\" sizes=\"auto, (max-width: 595px) 100vw, 595px\" \/><\/p>\n<p><img loading=\"lazy\" decoding=\"async\" class=\"aligncenter size-full wp-image-607\" title=\"faro-2\" src=\"http:\/\/sites.unica.it\/sandrodemuro\/files\/2013\/06\/faro-2.png\" alt=\"\" width=\"595\" height=\"822\" srcset=\"https:\/\/sites.unica.it\/sandrodemuro\/files\/2013\/06\/faro-2.png 595w, https:\/\/sites.unica.it\/sandrodemuro\/files\/2013\/06\/faro-2-217x300.png 217w\" sizes=\"auto, (max-width: 595px) 100vw, 595px\" \/><\/p>\n<p>&nbsp;<\/p>\n","protected":false},"excerpt":{"rendered":"<p>Il Faro della Marina Militare Italiana di Punta Sardegna, contraddistinto col numero 1030 sull\u2019elenco dei Fari e Fanali, fu attivato nel 1913 ed inizialmente dotato di alimentazione a gas. Nel 1932, con l\u2019arrivo della corrente elettrica, fu migliorata l\u2019efficienza della &hellip; <a href=\"https:\/\/sites.unica.it\/sandrodemuro\/il-faro\/\">Continua a leggere<span class=\"meta-nav\">&rarr;<\/span><\/a><\/p>\n","protected":false},"author":2003,"featured_media":0,"parent":0,"menu_order":0,"comment_status":"closed","ping_status":"open","template":"","meta":{"ngg_post_thumbnail":0,"footnotes":""},"class_list":["post-602","page","type-page","status-publish","hentry"],"_links":{"self":[{"href":"https:\/\/sites.unica.it\/sandrodemuro\/wp-json\/wp\/v2\/pages\/602","targetHints":{"allow":["GET"]}}],"collection":[{"href":"https:\/\/sites.unica.it\/sandrodemuro\/wp-json\/wp\/v2\/pages"}],"about":[{"href":"https:\/\/sites.unica.it\/sandrodemuro\/wp-json\/wp\/v2\/types\/page"}],"author":[{"embeddable":true,"href":"https:\/\/sites.unica.it\/sandrodemuro\/wp-json\/wp\/v2\/users\/2003"}],"replies":[{"embeddable":true,"href":"https:\/\/sites.unica.it\/sandrodemuro\/wp-json\/wp\/v2\/comments?post=602"}],"version-history":[{"count":1,"href":"https:\/\/sites.unica.it\/sandrodemuro\/wp-json\/wp\/v2\/pages\/602\/revisions"}],"predecessor-version":[{"id":1709,"href":"https:\/\/sites.unica.it\/sandrodemuro\/wp-json\/wp\/v2\/pages\/602\/revisions\/1709"}],"wp:attachment":[{"href":"https:\/\/sites.unica.it\/sandrodemuro\/wp-json\/wp\/v2\/media?parent=602"}],"curies":[{"name":"wp","href":"https:\/\/api.w.org\/{rel}","templated":true}]}}