{"id":416,"date":"2013-05-31T14:36:19","date_gmt":"2013-05-31T14:36:19","guid":{"rendered":"http:\/\/www.sandrodemuro.it\/?page_id=416"},"modified":"2013-05-31T14:36:19","modified_gmt":"2013-05-31T14:36:19","slug":"il-decalogo","status":"publish","type":"page","link":"https:\/\/sites.unica.it\/sandrodemuro\/il-decalogo\/","title":{"rendered":"Il Decalogo"},"content":{"rendered":"<p style=\"text-align: center\"><img loading=\"lazy\" decoding=\"async\" class=\"aligncenter  wp-image-403\" style=\"border: 0px\" title=\"decalogo\" src=\"http:\/\/sites.unica.it\/sandrodemuro\/files\/2013\/05\/decalogo.jpg\" alt=\"\" width=\"570\" height=\"381\" srcset=\"https:\/\/sites.unica.it\/sandrodemuro\/files\/2013\/05\/decalogo.jpg 570w, https:\/\/sites.unica.it\/sandrodemuro\/files\/2013\/05\/decalogo-300x201.jpg 300w, https:\/\/sites.unica.it\/sandrodemuro\/files\/2013\/05\/decalogo-449x300.jpg 449w\" sizes=\"auto, (max-width: 570px) 100vw, 570px\" \/><\/p>\n<p style=\"text-align: center\"><img loading=\"lazy\" decoding=\"async\" class=\"aligncenter  wp-image-409\" style=\"border: 0px\" title=\"Loghi-INTERREG\" src=\"http:\/\/sites.unica.it\/sandrodemuro\/files\/2013\/05\/Loghi-INTERREG.jpg\" alt=\"\" width=\"572\" height=\"118\" srcset=\"https:\/\/sites.unica.it\/sandrodemuro\/files\/2013\/05\/Loghi-INTERREG.jpg 572w, https:\/\/sites.unica.it\/sandrodemuro\/files\/2013\/05\/Loghi-INTERREG-300x62.jpg 300w, https:\/\/sites.unica.it\/sandrodemuro\/files\/2013\/05\/Loghi-INTERREG-500x103.jpg 500w\" sizes=\"auto, (max-width: 572px) 100vw, 572px\" \/><\/p>\n<p style=\"text-align: left\" align=\"center\"><strong>Un Decalogo per conservare le spiagge della Sardegna<\/strong><\/p>\n<p>Il progetto <strong>GERER &#8220;Gestion int\u00e8gr\u00e8e de l\u2019environnement \u00e0 haute risque d\u2019\u00e8rosion&#8221; (Gestione ambientale integrata in localit\u00e0 ad elevato rischio di erosione)<\/strong> ha la finalit\u00e0 di aumentare la sensibilizzazione e la conoscenza sui sistemi di spiaggia della Sardegna e della Corsica. La divulgazione rappresenta una azione fondamentale del percorso intrapreso da GERER.<br \/>\nL&#8217;idea del decalogo nasce con lo scopo di diffondere alcuni suggerimenti a chi fruisce del bene e a chi lo deve tutelare, sulle pratiche da adottare per gestire in modo consapevole il patrimonio ambientale ed economico rappresentato dalle spiagge, continuando a perseguire la ricerca di soluzioni adeguate ai problemi specifici che si manifestano sulle spiagge, da affrontare caso per caso.<br \/>\nIn questi termini il decalogo contiene alcuni principi ed elementi di attenzione di base che costituiscono i punti di partenza per la costruzione del \u201c<strong>Manuale delle buone pratiche per la gestione delle spiagge<\/strong>\u201d previsto dal Progetto INTERREG IIIA GERER.<\/p>\n<h2 style=\"text-align: left\" align=\"center\"><strong>Principi e definizioni<\/strong><\/h2>\n<p>La spiaggia \u00e8 un pezzo del mare e non della terra.<\/p>\n<p>La spiaggia \u00e8 un tratto di costa sabbiosa, tra la terra e il mare, molto pi\u00f9 ampio di quanto normalmente siamo abituati a pensare, che pu\u00f2 comprendere zone umide, dune, l&#8217;arenile e il fondale sabbioso della zona antistante.<\/p>\n<p>La spiaggia non \u00e8 immobile ma cambia continuamente nell&#8217;arco dei giorni, delle stagioni, degli anni, dei millenni. Dobbiamo considerarla un &#8220;pezzo&#8221; del mare e non della terra.<\/p>\n<p>Le spiagge ed i materiali di cui sono costituite rappresentano una straordinaria risorsa ambientale ed economica. Non sono riproducibili. L&#8217;uomo pu\u00f2 solo fare brutte copie.<\/p>\n<p>La Posidonia non \u00e8 un&#8217;alga.<\/p>\n<p>La Posidonia oceanica \u00e8 una pianta marina endemica del Mediterraneo, in grado di colonizzare vaste aree di fondo marino formando ampie distese verdi chiamate praterie estese dalla superficie fino a 40 metri di profondit\u00e0 in acque particolarmente limpide.<\/p>\n<p>La prateria di Posidonia intrappola i sedimenti, attenua le onde e riduce la pendenza della spiaggia sommersa. Le foglie cadute della Posidonia sono frequentemente spiaggiate sugli arenili, specialmente durante l&#8217;inverno, formando strutture denominate &#8220;banquette&#8221; che proteggono le spiagge dall&#8217;erosione marina. Inoltre l&#8217;elevata biomassa animale a guscio carbonatico, presente nella prateria quando cessa il suo ciclo vitale produce una congrua parte di quei frammenti che, sottoforma di sedimenti carbonatici, andranno a ripascere le spiagge.<\/p>\n<p><strong>Decalogo per la gestione delle Spiagge Sarde in formato .PDF disponibile nelle seguenti lingue<\/strong><\/p>\n<p><a href=\"http:\/\/sites.unica.it\/sandrodemuro\/files\/2013\/05\/Poster-Decalogo-IT.pdf\" target=\"_blank\"><img loading=\"lazy\" decoding=\"async\" class=\"size-full wp-image-406 alignnone\" style=\"margin-left: 0px;margin-right: 10px\" title=\"Flag_italy\" src=\"http:\/\/sites.unica.it\/sandrodemuro\/files\/2013\/05\/Flag_italy.gif\" alt=\"\" width=\"40\" height=\"28\" \/><\/a><a href=\"http:\/\/sites.unica.it\/sandrodemuro\/files\/2013\/05\/Poster-Decalogo-FR.pdf\" target=\"_blank\"><img loading=\"lazy\" decoding=\"async\" class=\"alignnone size-full wp-image-404\" style=\"margin-left: 0px;margin-right: 10px\" title=\"Flag_france\" src=\"http:\/\/sites.unica.it\/sandrodemuro\/files\/2013\/05\/Flag_france.gif\" alt=\"\" width=\"40\" height=\"28\" \/><\/a><a href=\"http:\/\/sites.unica.it\/sandrodemuro\/files\/2013\/05\/Poster-Decalogo-EN.pdf\" target=\"_blank\"><img loading=\"lazy\" decoding=\"async\" class=\"alignnone size-full wp-image-407\" style=\"margin-left: 0px;margin-right: 10px\" title=\"Flag_union\" src=\"http:\/\/sites.unica.it\/sandrodemuro\/files\/2013\/05\/Flag_union.gif\" alt=\"\" width=\"40\" height=\"28\" \/><\/a><a href=\"http:\/\/sites.unica.it\/sandrodemuro\/files\/2013\/05\/Poster-Decalogo-DE.pdf\" target=\"_blank\"><img loading=\"lazy\" decoding=\"async\" class=\"alignnone size-full wp-image-405\" title=\"Flag_german\" src=\"http:\/\/sites.unica.it\/sandrodemuro\/files\/2013\/05\/Flag_german.gif\" alt=\"\" width=\"40\" height=\"28\" \/><\/a><\/p>\n<p style=\"font-size: 0.7em;text-align: left\">Si precisa che i File e gli elaborati del materiale sono protetti da copyright e non sono modificabili<\/p>\n<p style=\"font-size: 0.7em;text-align: center\"><img loading=\"lazy\" decoding=\"async\" class=\"aligncenter  wp-image-408\" style=\"border: 0px\" title=\"Loghi-Decalogo\" src=\"http:\/\/sites.unica.it\/sandrodemuro\/files\/2013\/05\/Loghi-Decalogo1.jpg\" alt=\"\" width=\"1187\" height=\"262\" srcset=\"https:\/\/sites.unica.it\/sandrodemuro\/files\/2013\/05\/Loghi-Decalogo1.jpg 1187w, https:\/\/sites.unica.it\/sandrodemuro\/files\/2013\/05\/Loghi-Decalogo1-300x66.jpg 300w, https:\/\/sites.unica.it\/sandrodemuro\/files\/2013\/05\/Loghi-Decalogo1-768x170.jpg 768w, https:\/\/sites.unica.it\/sandrodemuro\/files\/2013\/05\/Loghi-Decalogo1-1024x226.jpg 1024w, https:\/\/sites.unica.it\/sandrodemuro\/files\/2013\/05\/Loghi-Decalogo1-500x110.jpg 500w\" sizes=\"auto, (max-width: 1187px) 100vw, 1187px\" \/><\/p>\n","protected":false},"excerpt":{"rendered":"<p>Un Decalogo per conservare le spiagge della Sardegna Il progetto GERER &#8220;Gestion int\u00e8gr\u00e8e de l\u2019environnement \u00e0 haute risque d\u2019\u00e8rosion&#8221; (Gestione ambientale integrata in localit\u00e0 ad elevato rischio di erosione) ha la finalit\u00e0 di aumentare la sensibilizzazione e la conoscenza sui &hellip; <a href=\"https:\/\/sites.unica.it\/sandrodemuro\/il-decalogo\/\">Continua a leggere<span class=\"meta-nav\">&rarr;<\/span><\/a><\/p>\n","protected":false},"author":2003,"featured_media":0,"parent":0,"menu_order":0,"comment_status":"closed","ping_status":"open","template":"","meta":{"ngg_post_thumbnail":0,"footnotes":""},"class_list":["post-416","page","type-page","status-publish","hentry"],"_links":{"self":[{"href":"https:\/\/sites.unica.it\/sandrodemuro\/wp-json\/wp\/v2\/pages\/416","targetHints":{"allow":["GET"]}}],"collection":[{"href":"https:\/\/sites.unica.it\/sandrodemuro\/wp-json\/wp\/v2\/pages"}],"about":[{"href":"https:\/\/sites.unica.it\/sandrodemuro\/wp-json\/wp\/v2\/types\/page"}],"author":[{"embeddable":true,"href":"https:\/\/sites.unica.it\/sandrodemuro\/wp-json\/wp\/v2\/users\/2003"}],"replies":[{"embeddable":true,"href":"https:\/\/sites.unica.it\/sandrodemuro\/wp-json\/wp\/v2\/comments?post=416"}],"version-history":[{"count":0,"href":"https:\/\/sites.unica.it\/sandrodemuro\/wp-json\/wp\/v2\/pages\/416\/revisions"}],"wp:attachment":[{"href":"https:\/\/sites.unica.it\/sandrodemuro\/wp-json\/wp\/v2\/media?parent=416"}],"curies":[{"name":"wp","href":"https:\/\/api.w.org\/{rel}","templated":true}]}}