{"id":340,"date":"2013-05-31T13:16:19","date_gmt":"2013-05-31T13:16:19","guid":{"rendered":"http:\/\/www.sandrodemuro.it\/?page_id=340"},"modified":"2021-12-06T12:42:57","modified_gmt":"2021-12-06T11:42:57","slug":"interreg-iiia-gerer","status":"publish","type":"page","link":"https:\/\/sites.unica.it\/sandrodemuro\/interreg-iiia-gerer\/","title":{"rendered":"Interreg IIIA GERER"},"content":{"rendered":"<p style=\"text-align: center\">&nbsp;<img loading=\"lazy\" decoding=\"async\" class=\"aligncenter size-full wp-image-432\" style=\"border: 0px\" title=\"interreg-Gerer_logo\" src=\"http:\/\/sites.unica.it\/sandrodemuro\/files\/2013\/05\/interreg-Gerer_logo.jpg\" alt=\"\" width=\"221\" height=\"131\"><\/p>\n<div>\n<h2 style=\"font-size: 1.2em\"><strong>&#8220;Gestion int\u00e8gr\u00e8e de l\u2019environnement \u00e0 haute risque d\u2019\u00e8rosion&#8221;&nbsp; &#8220;Gestione ambientale integrata in localit\u00e0 ad elevato rischio di erosione&#8221;&nbsp;<\/strong><\/h2>\n<p>Categoria: Progetto europeo a selezione competitiva<\/p>\n<p>Strumento finanziario:&nbsp;Interreg IIIA It. Fr. Isole<\/p>\n<p><strong>Il Progetto<\/strong><\/p>\n<p style=\"text-align: justify\">Negli ultimi trent\u2019anni gli interessi economici e turistici, in particolare, hanno manifestato una crescente pressione insediativa ed umana sulle risorse ambientali degli ambiti costieri del Mediterraneo.<br \/>\nIn tale contesto le spiagge rappresentano i principali elementi di attrazione per la fruizione balneare e costituiscono, allo stesso tempo, complessi sistemi geoambientali estremamente dinamici, che pi\u00f9 di altri manifestano, in modo evidente, gli effetti d\u2019incidenza dovuti alle diffuse attivit\u00e0 antropiche che interessano la fascia litoranea.<br \/>\nDa questo quadro generale emerge la necessit\u00e0 di coniugare le esigenze delle fruizione con quelle della conservazione delle risorse marino-costiere.<br \/>\nIl progetto GERER, &nbsp;&#8220;Gestione ambientale integrata in localit\u00e0 ad elevato rischio di erosione&#8221;, <strong>&nbsp;<\/strong>ha voluto dare un contributo alle complesse problematiche relative alla dinamica dei corpi sabbiosi costieri, alla gestione ed all\u2019uso dei sistemi di spiaggia per le Amministrazioni direttamente interessate basato su una robusta conoscenza scientifica.<\/p>\n<p style=\"text-align: justify\">Il progetto ha raggiunto i seguenti obbiettivi:<br \/>\n&#8211; creazione di una banca dati comune, attraverso il ricorso a laboratori, mezzi e strumenti avanzati per il monitoraggio del sistema spiaggia;<br \/>\n&#8211; ampliamento del quadro conoscitivo relativo ai meccanismi di funzionamento dei sistemi di spiaggia;<br \/>\n&#8211; elaborazione delle informazioni provenienti dal monitoraggio delle spiagge campione per la formulazione di proposte di gestione integrata della risorsa costiera e valorizzazione, secondo le direttrici dello sviluppo sostenibile;<br \/>\n&#8211; completamento dell\u2019Osservatorio Coste E Ambiente Naturale Sottomarino O.C.E.A.N.S. e della dotazione strumentale dei diversi laboratori coinvolti.<br \/>\n&#8211; sperimentazione di buone pratiche gestionali finalizzate alla prevenzione e mitigazione dei rischi d\u2019erosione.<br \/>\n&#8211; importanti risultati scientifici sono scaturiti specialmente in riferimento a: ruolo morfodinamico della Posidonia oceanica, in situ ed in forma di cascame; sugli impatti legati alla rimozione con mezzi meccanici del cascame quali: aumento del run up e inondazione collegati ai cambi di permeabilit\u00e0 e morfologici indotti dalla \u201cpulizia\u201d.<\/p>\n<p style=\"text-align: justify\">GERER \u00e8 un progetto pilota che ha sperimentato procedure, nuove tecnologie e buone pratiche gestionali finalizzate alla prevenzione e mitigazione dei rischi di degrado e perdita delle risorse costiere come le spiagge, con la finalit\u00e0 di estenderle capillarmente a tutte le spiagge sarde. Secondo questo approccio metodologico in ogni spiaggia campione \u00e8 stato attivato lo studio e il monitoraggio delle dinamiche e della tendenza evolutiva perch\u00e9 si ritiene che una gestione innovativa della spiaggia necessiti di una solida conoscenza scientifica sul funzionamento del sistema. Senza questa base di conoscenza la gestione non pu\u00f2 essere efficace.<br \/>\nIl riferimento metodologico richiama la Gestione Integrata dei molteplici aspetti del sistema costiero, fondata sulla conoscenza scientifica dei processi ambientali, sul rispetto socio-economico e culturale delle comunit\u00e0 locali e sul coordinamento delle competenze istituzionali. Il raggiungimento di un processo di equilibrio tra uso e tutela dei sistemi ambientali ha richiesto un approccio intersettoriale che ha tenuto conto di tutti gli elementi in gioco.<br \/>\nDalle esperienze individuali i partner del Progetto GERER, forti delle comuni caratteristiche delle aree costiere transfrontaliere, hanno costituito un Partenariato &nbsp;con la finalit\u00e0 di ottimizzare gli sforzi verso una strategia innovativa di valorizzazione e gestione dei patrimoni naturalistici costieri coerentemente con gli orientamenti espressi dalla Comunit\u00e0 Europea.<\/p>\n<p style=\"text-align: justify\">Il progetto ha coinvolto partner istituzionali e scientifici comprendenti:<\/p>\n<ul style=\"text-align: justify\">\n<li>il Comune di Palau (OT) capofila del progetto;<\/li>\n<li>l\u2019Office de l\u2019Environnement (Corsica);<\/li>\n<li>l\u2019Osservatorio Coste E Ambiente Naturale Sottomarino (O.C.E.A.N.S.) dell\u2019Universit\u00e0 degli Studi di Cagliari;<\/li>\n<li>La Fondazione IMC \u2013 Centro Marino Internazionale ONLUS, Oristano;<\/li>\n<\/ul>\n<p style=\"text-align: justify\">Una importante collaborazione scientifica al progetto GERER, inoltre, \u00e8 stata realizzata con i ricercatori dell\u2019Istituto per l\u2019Ambiente Marino Costiero del CNR di Oristano<\/p>\n<p style=\"text-align: justify\"><strong>Gruppo di Lavoro<\/strong><\/p>\n<p style=\"text-align: justify\"><strong>Sandro De Muro<\/strong>: Coordinatore scientifico Progetto GERER<br \/>\nO.C.E.A.N.S., Universit\u00e0 degli Studi di Cagliari<br \/>\n<strong>Maddy Cancemi<\/strong>: Referente scientifico per il Progetto GERER<br \/>\n\u00abR\u00e9serve naturelle des Bouches de Bonifacio\u00bb<br \/>\n<strong>Gianni De Falco<\/strong>: International Marine Centre CNR &amp; Fondazione IMC<br \/>\n<strong>Tiziana Batzella<\/strong>,&nbsp;<strong>Claudio Kalb<\/strong>,&nbsp;<strong>Nicola Pusceddu<\/strong>,&nbsp;<strong>Silvia Bua<\/strong>,&nbsp;<strong>Francesco Tocco<\/strong>.<br \/>\nCoastal and Marine Geomorphology Group&nbsp;\u2013 Dipartimento di Scienze della Terra dell\u2019Universit\u00e0 di Cagliari<\/p>\n<p style=\"text-align: justify\"><strong>Struttura di gestione del progetto<\/strong><\/p>\n<p style=\"text-align: justify\"><strong>Giovanni Tiveddu<\/strong>,&nbsp;<strong>Alessandra Correzzola<\/strong>&nbsp;(Comune di Palau)<br \/>\n<strong>Marco Dario Cherchi<\/strong>&nbsp;(Provincia di Sassari)<\/p>\n<h2 style=\"text-align: justify\"><strong>Progetto Concluso<\/strong><\/h2>\n<p style=\"text-align: justify\"><strong>Prodotti scientifici:<\/strong><\/p>\n<p>&#8211; <strong>DEMURO S., Buosi C., Biondo M., Ibba A., Ruju A., Trogu D., Porta M.<\/strong> (2021). Ecogeomorphology and vulnerability in a Mediterranean ria-type coast (La Maddalena Archipelago, NE Sardinia, western Mediterranean)..Journal Of Maps vol. 17 (2) pp.821-835 doi:10.1080\/17445647.2021.1990806<\/p>\n<p>&#8211; <strong>Vacchi M., Ghilardi M., Stocchi P., Furlani S., Rossi V., Buosi C., Rovere A., DEMURO S.<\/strong> (2020). Driving mechanisms of Holocene coastal evolution in the Bonifacio Strait (Western Mediterranean). Marine Geology 427, 106265. doi: 10.1016\/j.margeo.2020.106265<\/p>\n<p>&#8211;<strong> Buosi C., Porta M., Trogu D., Casti M., Ferraro F., DEMURO S., Ibba A.<\/strong> (2019). Data on coastal dunes vulnerability of eleven microtidal wave-dominated beaches of Sardinia (Italy, western Mediterranean). Data in Brief, 24, 103897. doi:10.1016\/j.dib.2019.103897<\/p>\n<p>&#8211; <strong>Chelli et al.<\/strong> (2018). Morphodynamics of coastal areas represented in the new geomorphologic map of Italy: Draw the landforms of the past to outline the future. Alpine and Mediterranean Quaternary, 31(1), 17-21. ISSN: 22797327<\/p>\n<p>&#8211; <strong>DEMURO S., Pusceddu, N., Buosi, C., Ibba, A.<\/strong> (2017). Morphodynamics of a Mediterranean microtidal wave-dominated beach: forms, processes and insights for coastal management. Journal of Maps, 13(2), 26\u201336. doi:10.1080\/17445647.2016.1250681<\/p>\n<p>&#8211; <strong>DEMURO S., Porta M., Passarella M., Ibba A.<\/strong> (2017). Geomorphology of four wave-dominated microtidal Mediterranean beach systems with Posidonia oceanica meadow: a case study of Northern Sardinia coast. Journal of Maps, 13(2), 74\u201385. doi: 10.1080\/17445647.2016.1259593<\/p>\n<p>&#8211; <strong>Simeone S., DEMURO S., De Falco G.<\/strong> (2013). Seagrass berm deposition on a Mediterranean embayed beach. Estuarine, Coastal and Shelf Science, 135, 171\u2013181. Doi: 10.1016\/j.ecss.2013.10.007<\/p>\n<p>&#8211; <strong>Bartole R., DEMURO S.<\/strong> (2012). Acoustic facies and seabed features of the mixed carbonate-siliciclastic deposits of the last eustatic cycle in the la Maddalena Archipelago (North Sardinia, Italy). Italian Journal of Geosciences, 131(1), 102\u2013122. doi: 6,10.3301\/IJG.2011.28<\/p>\n<p>&#8211; <strong>De Falco G., DEMURO S., Batzella T., Cucco A.<\/strong> (2011). Carbonate sedimentation and hydrodynamic pattern on a modern temperate shelf: The strait of Bonifacio (western Mediterranean). Estuarine, Coastal and Shelf Science, 93(1), 14\u201326. Doi: 11,10.1016\/j.ecss.2011.03.013<\/p>\n<p>&#8211; <strong>DEMURO S., Pusceddu N., Kalb C.<\/strong> (2010). Sedimentological map of the seafloor between Porto Pozzo Bay and Capo Ferro &#8211; NE Sardinia. Rendiconti della Online Societ\u00e0 Geologica Italiana, 11(2), 756\u2013757.<\/p>\n<p>&#8211; <strong>DEMURO S., Batzella T., De Falco G., Porta M.<\/strong> (2010). Sedimentological map of Bonifacio Strait inner shelf. Rendiconti Online della Societ\u00e0 Geologica Italiana, 11(2), 752\u2013753.<\/p>\n<p>&#8211; <strong>Bartole R., DEMURO S.<\/strong> (2009). Features and bedforms of the last eustatic cycle in the La Maddalena Archipelago (North Sardinia, Italy) from high-resolution acoustic data. 27th IAS Meeting of Sedimentologists, 79\u201383.<\/p>\n<p>&#8211; <strong>DEMURO S., Batzella T., Kalb C., Pusceddu N.<\/strong> (2008). Sedimentary processes, hydrodynamics and modeling of the beaches of Santa Margherita, Solanas, Cala di Trana and La Sciumara (Sardinia &#8211; Italy). Rendiconti Online della Societ\u00e0 Geologica Italiana, 3(1), 308\u2013309.<\/p>\n<p>&#8211; <strong>Simeone S., De Falco G., Serena C., Antonio O., DEMURO S.<\/strong> (2008). Deposition dynamics of banquettes of Posidonia oceanica in beaches. Rendiconti Online della Societ\u00e0 Geologica Italiana, 3(2), 726\u2013727.<\/p>\n<p>&#8211; <strong>De Falco G., Simeone S., Solinas G., Batzella T., Cancemi G., Cancemi M., DEMURO S.<\/strong> (2008). Shoreline retreat and Posidonia oceanica banquette removal in the beach of Paragan (Southern Corse). Rendiconti Online della Societ\u00e0 Geologica Italiana, 3(1), 296\u2013297.<\/p>\n<p style=\"text-align: justify\"><strong>Prodotti divulgativi:<\/strong><\/p>\n<p style=\"text-align: justify\"><a href=\"https:\/\/sites.unica.it\/sandrodemuro\/il-decalogo\/\">&#8220;Decalogo per la gestione delle Spiagge Sarde&#8221; &#8211; Come salvaguardare e conservare questo bene ambientale<\/a>. A cura di Sandro De Muro, Gianni De Falco e Maurizio Costa<\/p>\n<p style=\"text-align: justify\">Video Documentario &#8220;<a href=\"https:\/\/www.youtube.com\/watch?v=P-TwRkM5ddU\">Dove inizia il mare<\/a>&#8221; &#8211; Buone pratiche per lo studio, la salvaguardia e la gestione delle spiagge sarde. A cura di Sandro De Muro e Giampiero Dore<\/p>\n<p style=\"text-align: left\"><a href=\"https:\/\/sites.unica.it\/sandrodemuro\/il-cartello\/\">Cartellonistica<\/a><\/p>\n<p style=\"text-align: center\"><img loading=\"lazy\" decoding=\"async\" class=\"aligncenter wp-image-434\" style=\"border: 0px\" title=\"interreg-Loghi-INTERREG\" src=\"http:\/\/sites.unica.it\/sandrodemuro\/files\/2013\/05\/interreg-Loghi-INTERREG.jpg\" alt=\"\" width=\"572\" height=\"118\" srcset=\"https:\/\/sites.unica.it\/sandrodemuro\/files\/2013\/05\/interreg-Loghi-INTERREG.jpg 572w, https:\/\/sites.unica.it\/sandrodemuro\/files\/2013\/05\/interreg-Loghi-INTERREG-300x62.jpg 300w, https:\/\/sites.unica.it\/sandrodemuro\/files\/2013\/05\/interreg-Loghi-INTERREG-500x103.jpg 500w\" sizes=\"auto, (max-width: 572px) 100vw, 572px\" \/><\/p>\n<p style=\"text-align: center\"><img loading=\"lazy\" decoding=\"async\" class=\"aligncenter wp-image-433\" style=\"border: 0px\" title=\"interreg-Loghi-Decalogo\" src=\"http:\/\/sites.unica.it\/sandrodemuro\/files\/2013\/05\/interreg-Loghi-Decalogo.jpg\" alt=\"\" width=\"1187\" height=\"262\" srcset=\"https:\/\/sites.unica.it\/sandrodemuro\/files\/2013\/05\/interreg-Loghi-Decalogo.jpg 1187w, https:\/\/sites.unica.it\/sandrodemuro\/files\/2013\/05\/interreg-Loghi-Decalogo-300x66.jpg 300w, https:\/\/sites.unica.it\/sandrodemuro\/files\/2013\/05\/interreg-Loghi-Decalogo-768x170.jpg 768w, https:\/\/sites.unica.it\/sandrodemuro\/files\/2013\/05\/interreg-Loghi-Decalogo-1024x226.jpg 1024w, https:\/\/sites.unica.it\/sandrodemuro\/files\/2013\/05\/interreg-Loghi-Decalogo-500x110.jpg 500w\" sizes=\"auto, (max-width: 1187px) 100vw, 1187px\" \/><\/p>\n<p style=\"text-align: center\">&nbsp;<\/p>\n<\/div>\n","protected":false},"excerpt":{"rendered":"<p>&nbsp; &#8220;Gestion int\u00e8gr\u00e8e de l\u2019environnement \u00e0 haute risque d\u2019\u00e8rosion&#8221;&nbsp; &#8220;Gestione ambientale integrata in localit\u00e0 ad elevato rischio di erosione&#8221;&nbsp; Categoria: Progetto europeo a selezione competitiva Strumento finanziario:&nbsp;Interreg IIIA It. Fr. Isole Il Progetto Negli ultimi trent\u2019anni gli interessi economici e &hellip; <a href=\"https:\/\/sites.unica.it\/sandrodemuro\/interreg-iiia-gerer\/\">Continua a leggere<span class=\"meta-nav\">&rarr;<\/span><\/a><\/p>\n","protected":false},"author":2003,"featured_media":0,"parent":0,"menu_order":0,"comment_status":"closed","ping_status":"open","template":"","meta":{"ngg_post_thumbnail":0,"footnotes":""},"class_list":["post-340","page","type-page","status-publish","hentry"],"_links":{"self":[{"href":"https:\/\/sites.unica.it\/sandrodemuro\/wp-json\/wp\/v2\/pages\/340","targetHints":{"allow":["GET"]}}],"collection":[{"href":"https:\/\/sites.unica.it\/sandrodemuro\/wp-json\/wp\/v2\/pages"}],"about":[{"href":"https:\/\/sites.unica.it\/sandrodemuro\/wp-json\/wp\/v2\/types\/page"}],"author":[{"embeddable":true,"href":"https:\/\/sites.unica.it\/sandrodemuro\/wp-json\/wp\/v2\/users\/2003"}],"replies":[{"embeddable":true,"href":"https:\/\/sites.unica.it\/sandrodemuro\/wp-json\/wp\/v2\/comments?post=340"}],"version-history":[{"count":6,"href":"https:\/\/sites.unica.it\/sandrodemuro\/wp-json\/wp\/v2\/pages\/340\/revisions"}],"predecessor-version":[{"id":1713,"href":"https:\/\/sites.unica.it\/sandrodemuro\/wp-json\/wp\/v2\/pages\/340\/revisions\/1713"}],"wp:attachment":[{"href":"https:\/\/sites.unica.it\/sandrodemuro\/wp-json\/wp\/v2\/media?parent=340"}],"curies":[{"name":"wp","href":"https:\/\/api.w.org\/{rel}","templated":true}]}}