{"id":20,"date":"2013-01-13T17:20:42","date_gmt":"2013-01-13T17:20:42","guid":{"rendered":"http:\/\/webgis.osservatoriocostesardegna.com\/demuro\/?page_id=20"},"modified":"2022-02-24T11:53:27","modified_gmt":"2022-02-24T10:53:27","slug":"home","status":"publish","type":"page","link":"https:\/\/sites.unica.it\/sandrodemuro\/","title":{"rendered":"Sandro DeMuro"},"content":{"rendered":"<p style=\"text-align: justify\"><span style=\"text-align: justify\">Sandro DeMuro \u00e8 Professore Ordinario di Geografia Fisica e Geomorfologia per il Corso di Laurea in Scienze Ambientali e Naturali dell&#8217;Universit\u00e0 degli Studi di Cagliari. Insegna, inoltre, Morfodinamica e Conservazione dei Litorali nel Corso di Laurea in Conservazione e Gestione della Natura e dell&#8217;Ambiente.<br \/>\nHa svolto e svolge la propria attivit\u00e0 di ricerca scientifica nell\u2019ambito della Geomorfologia Costiera e Marina ampliando il campo di studio alla dinamica sedimentaria costiera e alla Geologia del Quaternario e Ambientale.<br \/>\nDurante la propria attivit\u00e0 ha collaborato a numerosi progetti di carattere nazionale ed internazionale anche in qualit\u00e0 di coordinatore e responsabile scientifico. Attualmente \u00e8 Direttore dell\u2019Osservatorio Coste E Ambiente Naturale Sottomarino (<a href=\"https:\/\/sites.unica.it\/sandrodemuro\/o-c-e-a-n-s\/\">O.C.E.A.N.S.<\/a>), del Mediterranean Geomorphological Coastal and Marine Laboratory (<a href=\"https:\/\/sites.unica.it\/sandrodemuro\/medcoastlab\/\">MedCoastLab<\/a>) e fondatore e coordinatore scientifico del Coastal and Marine Geomorphology Group del Dipartimento di Scienze Chimiche e Geologiche dell\u2019Universit\u00e0 di Cagliari.<\/span><\/p>\n<p>&nbsp;<\/p>\n<p style=\"font-size: 0.7em;text-align: center\">_________________________________________________________________________________<\/p>\n<p style=\"text-align: center;font-size: 1.8em\"><strong><span style=\"color: #ff0000\">&#8220;Non toccate le alghe dalle spiagge&#8221; (in realt\u00e0 si tratta prevalentemente di cascame di<em> Posidonia oceanica<\/em>):<\/span><\/strong><\/p>\n<p style=\"text-align: center;font-size: 1.4em\"><strong>Questo il consiglio che danno ai Comuni ed alle Regioni gli esperti del Coastal and Marine Geomorphology Group CMGG dell&#8217;Universit\u00e0 di Cagliari.<\/strong><\/p>\n<p>&#8220;Le mareggiate autunnali stanno letteralmente coprendo di alghe, Posidonia oceanica, legni e canne le spiagge della Sardegna&#8221;. &#8220;Questo \u00e8 un processo assolutamente positivo e naturale. Da apprezzare e accettare in quanto si tratta dell&#8217;apporto stagionale di una risorsa straordinaria&#8221;. Rimuovere questi materiali (in qualsiasi stagione) \u00e8 profondamente sbagliato &#8211; spiega il Prof. <strong>Sandro De Muro<\/strong> &#8211; in quanto essi favoriscono la capacit\u00e0 di risposta elastica del sistema spiaggia, smorzando il moto ondoso e fornendo una naturale difesa nei confronti dell\u2019erosione dei litorali.<br \/>\nQuesti accumuli di materiale organico, detti tecnicamente berme vegetali, inoltre, hanno spesso elevatissime percentuali di sedimento (talvolta fino al 90%) e contribuiscono alla formazione delle spiagge sarde da millenni. Negli ultimi dieci anni la rimozione antropica sta producendo pesanti processi erosivi. I resti vegetali provenienti dalla Posidonia, in particolare, producono lenti e strati di materiale organico nel corpo della spiaggia emersa che conferiscono volume, permeabilit\u00e0 ed elasticit\u00e0 al sistema. Dunque la Posidonia spiaggiata costituisce un elemento fisiologico e \u201cstrutturale\u201d della spiaggia stessa influenzandone la morfologia, la composizione dei materiali e la capacit\u00e0 positiva di risposta agli eventi estremi.<\/p>\n<p>Dai dati fino ad oggi acquisiti dai ricercatori si evidenzia che, oltre al grave danno connesso all\u2019asportazione di questo prezioso sedimento organico (sottrazione di volumi), si producono tutta una serie di azioni erosive indotte dall\u2019uso dei mezzi meccanici fino ad oggi utilizzati per la rimozione, quali ad esempio: compattazione, movimento di scivolamento indotto, forzata miscelazione sedimentaria, solchi, spianamento delle strutture di spiaggia emersa e retrospiaggia ecc. che condizionano negativamente antropicamente gli assetti producendo erosione.<br \/>\nIl consiglio \u00e8 dunque di non rimuovere mai la posidonia. Spiegare il ruolo che svolge e farla percepire come indispensabile alla genesi, conservazione e qualit\u00e0 delle spiagge sarde.<br \/>\nL&#8217;unica cosa da fare \u00e8 approfittare del gran lavoro fatto dal mare (che durante le mareggiate ripulisce i fondali prospicienti alle spiagge) e limitarsi a rimuovere a mano, pochi giorni dopo l&#8217;evento che trasporta le &#8220;alghe&#8221;, solamente le plastiche e i rifiuti vari rilasciati dall&#8217;uomo che proprio in queste occasioni le onde e le correnti ci portano in spiaggia.<\/p>\n<p>Per approfondimenti: Manuale di buone pratiche per lo studio, il monitoraggio e la gestione delle spiagge della Sardegna \u2013 Handbook of best practices for the study monitoring and management of Sardinian beaches (De Muro &amp; De Falco) &#8211; University Press, Cagliari \u2013 ISBN:978-88-8467-953-6 e su <a href=\"http:\/\/sites.unica.it\/coastalandmarinegeologygroup\/\">coastalandmarinegeologygroup<\/a><\/p>\n<p style=\"font-size: 0.7em;text-align: center\">_________________________________________________________________________________<\/p>\n<h1 style=\"text-align: center\"><a href=\"http:\/\/www.sandrodemuro.it\/?p=922\">Campus Scientifico 2016 ex Batteria Candiani<\/a><br \/>\n<a href=\"http:\/\/www.sandrodemuro.it\/?p=922\"> (Localit\u00e0 Candiani \u2013 Porto Pino \u2013 Sant\u2019Anna Arresi)<\/a><br \/>\n<a href=\"http:\/\/www.sandrodemuro.it\/?p=922\"> 30 settembre \u2013 6 ottobre 2016<\/a><\/h1>\n<p><a href=\"http:\/\/sites.unica.it\/sandrodemuro\/files\/2013\/01\/Poster-Campus-Scientifico.jpg\"><img loading=\"lazy\" decoding=\"async\" class=\"aligncenter wp-image-927 size-full\" src=\"http:\/\/sites.unica.it\/sandrodemuro\/files\/2013\/01\/Poster-Campus-Scientifico.jpg\" alt=\"Poster Campus Scientifico\" width=\"2189\" height=\"1527\" srcset=\"https:\/\/sites.unica.it\/sandrodemuro\/files\/2013\/01\/Poster-Campus-Scientifico.jpg 2189w, https:\/\/sites.unica.it\/sandrodemuro\/files\/2013\/01\/Poster-Campus-Scientifico-300x209.jpg 300w, https:\/\/sites.unica.it\/sandrodemuro\/files\/2013\/01\/Poster-Campus-Scientifico-768x536.jpg 768w, https:\/\/sites.unica.it\/sandrodemuro\/files\/2013\/01\/Poster-Campus-Scientifico-1024x714.jpg 1024w, https:\/\/sites.unica.it\/sandrodemuro\/files\/2013\/01\/Poster-Campus-Scientifico-430x300.jpg 430w\" sizes=\"auto, (max-width: 2189px) 100vw, 2189px\" \/><\/a><\/p>\n<p style=\"text-align: center\">&nbsp;_____________________________________________________________<\/p>\n<h2 style=\"text-align: center;font-size: 1.2em\">&#8220;La salvaguardia degli ambienti dunali costieri: esperienze a confronto&#8221; &#8211; Convegno finale progetto LIFE+ PROVIDUNE (LIFE07NAT\/IT\/000519) &#8211; Cagliari 23-24 ottobre 2014<\/h2>\n<p><img loading=\"lazy\" decoding=\"async\" class=\"alignnone size-full wp-image-1646\" src=\"http:\/\/www.osservatoriocostesardegna.eu\/wp-content\/uploads\/2014\/10\/loc-PROVIDUNE_DEF_Page_1.jpg\" alt=\"loc-PROVIDUNE_DEF_Page_1\" width=\"566\" height=\"800\"><\/p>\n<p style=\"text-align: center\">&nbsp;<a href=\"http:\/\/www.osservatoriocostesardegna.eu\/wp-content\/uploads\/2014\/10\/Invito-PROVIDUNE_DEF.pdf\" target=\"_blank\" rel=\"noopener\">Scarica la brochure<\/a><\/p>\n<p>Gli studenti interessati potranno registrarsi online sul sito <a href=\"http:\/\/www.moremore.it\/PROVIDUNE.html\" target=\"_blank\" rel=\"noopener\">www.moremore.it<\/a><br \/>\nL\u2019attestato di partecipazione verr\u00e0 rilasciato a tutti coloro che ne faranno richiesta (al momento dell\u2019accreditamento), presso il desk della segreteria congressuale.<br \/>\nLa segreteria sar\u00e0 operativa dalle ore 08,30.<\/p>\n<p style=\"font-size: 0.7em;text-align: center\">_________________________________________________________________________________<\/p>\n<p>Universit\u00e0 degli Studi di Cagliari &#8211;&nbsp;Dipartimento di Scienze Chimiche e Geologiche<br \/>\nSede di Via Trentino, 51&nbsp;09127 \u2013 Cagliari;<br \/>\nTel e Fax 070 675 7759; &nbsp;email&nbsp;<a href=\"mailto:demuros@unica.it\" target=\"_blank\" rel=\"noopener\">demuros@unica.it<\/a><\/p>\n","protected":false},"excerpt":{"rendered":"<p>Sandro DeMuro \u00e8 Professore Ordinario di Geografia Fisica e Geomorfologia per il Corso di Laurea in Scienze Ambientali e Naturali dell&#8217;Universit\u00e0 degli Studi di Cagliari. Insegna, inoltre, Morfodinamica e Conservazione dei Litorali nel Corso di Laurea in Conservazione e Gestione &hellip; <a href=\"https:\/\/sites.unica.it\/sandrodemuro\/\">Continua a leggere<span class=\"meta-nav\">&rarr;<\/span><\/a><\/p>\n","protected":false},"author":2003,"featured_media":0,"parent":0,"menu_order":0,"comment_status":"closed","ping_status":"closed","template":"sidebar-page.php","meta":{"ngg_post_thumbnail":0,"footnotes":""},"class_list":["post-20","page","type-page","status-publish","hentry"],"_links":{"self":[{"href":"https:\/\/sites.unica.it\/sandrodemuro\/wp-json\/wp\/v2\/pages\/20","targetHints":{"allow":["GET"]}}],"collection":[{"href":"https:\/\/sites.unica.it\/sandrodemuro\/wp-json\/wp\/v2\/pages"}],"about":[{"href":"https:\/\/sites.unica.it\/sandrodemuro\/wp-json\/wp\/v2\/types\/page"}],"author":[{"embeddable":true,"href":"https:\/\/sites.unica.it\/sandrodemuro\/wp-json\/wp\/v2\/users\/2003"}],"replies":[{"embeddable":true,"href":"https:\/\/sites.unica.it\/sandrodemuro\/wp-json\/wp\/v2\/comments?post=20"}],"version-history":[{"count":8,"href":"https:\/\/sites.unica.it\/sandrodemuro\/wp-json\/wp\/v2\/pages\/20\/revisions"}],"predecessor-version":[{"id":1725,"href":"https:\/\/sites.unica.it\/sandrodemuro\/wp-json\/wp\/v2\/pages\/20\/revisions\/1725"}],"wp:attachment":[{"href":"https:\/\/sites.unica.it\/sandrodemuro\/wp-json\/wp\/v2\/media?parent=20"}],"curies":[{"name":"wp","href":"https:\/\/api.w.org\/{rel}","templated":true}]}}