{"id":1656,"date":"2021-12-03T13:30:28","date_gmt":"2021-12-03T12:30:28","guid":{"rendered":"https:\/\/sites.unica.it\/sandrodemuro\/?page_id=1656"},"modified":"2021-12-03T13:30:28","modified_gmt":"2021-12-03T12:30:28","slug":"o-c-e-a-n-s","status":"publish","type":"page","link":"https:\/\/sites.unica.it\/sandrodemuro\/o-c-e-a-n-s\/","title":{"rendered":"O.C.E.A.N.S."},"content":{"rendered":"<h2 style=\"text-align: left\">Missione:<\/h2>\n<p style=\"text-align: left\">&#8211; Studi sull&#8217;evoluzione e dinamica dei litorali (avanzamento, arretramento e stabilit\u00e0)<br \/>\n&#8211; Geomorfologia costiera e marina, Sedimentologia e cartografia delle coste e dei fondali<br \/>\n&#8211; Assistenza alla pianificazione e gestione delle coste<br \/>\n&#8211; Indirizzo sulle opzioni di adattamento alla variazione climatica<br \/>\n&#8211; Alta formazione ed educazione ambientale<\/p>\n<p style=\"text-align: justify\"><strong>Cos&#8217;\u00e8 O.C.E.A.N.S.?<\/strong><br \/>\nL\u2019Osservatorio Coste E Ambiente Naturale Sottomarino (<strong>O.C.E.A.N.S.<\/strong>) \u00e8 una struttura che pu\u00f2 ospitare fino a dodici ricercatori ed \u00e8 dotato di tre laboratori: geomorfologia e geofisica marina, sedimentologia, cartografia e GIS.<br \/>\nL\u2019<strong>O.C.E.A.N.S.<\/strong> si avvale delle pi\u00f9 moderne tecnologie per lo studio delle coste e dei fondali marini utilizzando attrezzature scientifiche delle Universit\u00e0 che gli hanno dato vita (Cagliari e Trieste). E\u2019 situato presso il <a href=\"http:\/\/sites.unica.it\/coastalandmarinegeologygroup\/chi-siamo\/strutture\/\">faro di Punta Sardegna (Palau)<\/a>, nel cuore delle Bocche di Bonifacio, a circa 40 minuti dall\u2019aeroporto di Olbia &#8211; Costa Smeralda ed \u00e8 gestito attraverso una convenzione quadro che regola i rapporti tra le Universit\u00e0 di Cagliari e Trieste, il comune di Palau e la provincia di Olbia Tempio.<br \/>\nLa struttura, attualmente, oltre a fungere da base logistica per le attivit\u00e0 didattiche e di ricerca del Coastal and Marine Geomorphology Group (coordinate dal Prof. Sandro De Muro), \u00e8 aperta a tutti i ricercatori che si occupano di Scienze del Mare. Inoltre \u00e8 a disposizione delle Amministrazioni locali (Comuni e Province), della Regione e dei Ministeri interessati allo sviluppo e alla tutela dell\u2019ambiente, oltre che dei Parchi Nazionali e delle Aree Marine Protette, per fornire un supporto alla gestione delle problematiche ambientali.<br \/>\nFacendo base a Palau, fin dal 1990, viene svolta prevalentemente attivit\u00e0 di ricerca sulla dinamica e sulla evoluzione dei litorali e della piattaforma continentale dell\u2019area delle Bocche di Bonifacio. Inoltre, vengono svolte attivit\u00e0 di monitoraggio dei sistemi di spiaggia delle aree comprese tra la Foce del Coghinas e la spiaggia di Budoni (Gallura) con particolare attenzione alle spiagge dell\u2019Arcipelago di La Maddalena e di quelle ricadenti nel territorio del Comune di Palau.<br \/>\nTra gli obiettivi primari l\u2019Osservatorio intende valorizzare l\u2019aspetto divulgativo dell\u2019informazione scientifica in accordo con le politiche del Ministero dell\u2019Istruzione e dell\u2019Universit\u00e0. A tal fine, \u00e8 disponibile a tutte le forme di cooperazione e interazione possibili con Scuole, Enti, Associazioni di cittadini che sulle coste e sul mare hanno, oltre che competenza istituzionale, volont\u00e0 di salvaguardarle e valorizzarle.<\/p>\n","protected":false},"excerpt":{"rendered":"<p>Missione: &#8211; Studi sull&#8217;evoluzione e dinamica dei litorali (avanzamento, arretramento e stabilit\u00e0) &#8211; Geomorfologia costiera e marina, Sedimentologia e cartografia delle coste e dei fondali &#8211; Assistenza alla pianificazione e gestione delle coste &#8211; Indirizzo sulle opzioni di adattamento alla &hellip; <a href=\"https:\/\/sites.unica.it\/sandrodemuro\/o-c-e-a-n-s\/\">Continua a leggere<span class=\"meta-nav\">&rarr;<\/span><\/a><\/p>\n","protected":false},"author":2003,"featured_media":0,"parent":0,"menu_order":0,"comment_status":"closed","ping_status":"closed","template":"","meta":{"ngg_post_thumbnail":0,"footnotes":""},"class_list":["post-1656","page","type-page","status-publish","hentry"],"_links":{"self":[{"href":"https:\/\/sites.unica.it\/sandrodemuro\/wp-json\/wp\/v2\/pages\/1656","targetHints":{"allow":["GET"]}}],"collection":[{"href":"https:\/\/sites.unica.it\/sandrodemuro\/wp-json\/wp\/v2\/pages"}],"about":[{"href":"https:\/\/sites.unica.it\/sandrodemuro\/wp-json\/wp\/v2\/types\/page"}],"author":[{"embeddable":true,"href":"https:\/\/sites.unica.it\/sandrodemuro\/wp-json\/wp\/v2\/users\/2003"}],"replies":[{"embeddable":true,"href":"https:\/\/sites.unica.it\/sandrodemuro\/wp-json\/wp\/v2\/comments?post=1656"}],"version-history":[{"count":1,"href":"https:\/\/sites.unica.it\/sandrodemuro\/wp-json\/wp\/v2\/pages\/1656\/revisions"}],"predecessor-version":[{"id":1657,"href":"https:\/\/sites.unica.it\/sandrodemuro\/wp-json\/wp\/v2\/pages\/1656\/revisions\/1657"}],"wp:attachment":[{"href":"https:\/\/sites.unica.it\/sandrodemuro\/wp-json\/wp\/v2\/media?parent=1656"}],"curies":[{"name":"wp","href":"https:\/\/api.w.org\/{rel}","templated":true}]}}