{"id":1431,"date":"2020-04-09T18:27:03","date_gmt":"2020-04-09T16:27:03","guid":{"rendered":"http:\/\/sites.unica.it\/sandrodemuro\/?page_id=1431"},"modified":"2020-04-15T18:47:49","modified_gmt":"2020-04-15T16:47:49","slug":"modulo-di-rischio-geomorfologico","status":"publish","type":"page","link":"https:\/\/sites.unica.it\/sandrodemuro\/corsi\/modulo-di-rischio-geomorfologico\/","title":{"rendered":"Modulo di Rischio Geomorfologico"},"content":{"rendered":"<p style=\"text-align: left\"><strong>Corso:<\/strong> <a id=\"table1-cell11-link1\" title=\"Accedi alla pagina dell'insegnamento\" href=\"https:\/\/people.unica.it\/sandrodemuro\/didattica\/insegnamenti\/?mu=Guide\/PaginaADContest.do?ad_cont_id=10960*20297*2019*2017*9999&amp;ANNO_ACCADEMICO=2019&amp;step=2\">[60\/75]&nbsp;\u200b&nbsp;\u200bSCIENZE AMBIENTALI E NATURALI<\/a><br \/>\n<strong>Percorso<\/strong>: [PDS0-2017 &#8211; Ord. 2017]&nbsp;\u200b&nbsp;\u200bPERCORSO COMUNE<br \/>\n<strong>CFU<\/strong> 12<br \/>\n<strong>Anno di corso<\/strong>: 3\u00b0<br \/>\n<strong>Semestre<\/strong>: 2\u00b0<\/p>\n<p><strong>Prerequisiti:<\/strong><br \/>\nConoscenze adeguate di Geografia fisica e cartografia.<\/p>\n<p><strong>Obiettivi dell\u2019insegnamento:<\/strong><br \/>\nLe applicazioni della Geomorfologia; i concetti di rischio e di impatto; lo sviluppo sostenibile; l\u2019educazione ambientale.<br \/>\nPericolosit\u00e0 e rischio.<br \/>\nProcessi superficiali di pericolosit\u00e0: degradazione meteorica; dinamica geomorfologica; mitigazione della pericolosit\u00e0.<br \/>\nCenni sui fenomeni franosi: la degradazione dei versanti; i processi di pericolosit\u00e0; mitigazione della pericolosit\u00e0.<br \/>\nCenni di dinamica fluviale: il sistema fluviale; processi geomorfologici; la pericolosit\u00e0 fluviale e gli interventi di mitigazione.<br \/>\nCenni sulla pericolosit\u00e0 nell\u2019ambiente morfoclimatico glaciale: previsione, prevenzione, difesa.<br \/>\nCenni di dinamica eolica, rischio vulcanico e rischio sismico.<br \/>\nMorfodinamica costiera: processi, pericolosit\u00e0 e vulnerabilit\u00e0; inondazioni; mitigazione del rischio; la conservazione e la difesa dei litorali;<br \/>\nAntropogeomorfologia.<\/p>\n<p><strong>Metodi Didattici:<\/strong><br \/>\nLezioni frontali e esperienze pratiche<\/p>\n<p><strong>Testo:<\/strong><br \/>\nManuale di geomorfologia applicata &#8211; Mario Panizza &#8211; Editore: Franco Angeli<\/p>\n<p>Verifica dell&#8217;apprendimento<br \/>\nLa valutazione finale viene fatta mediante un colloquio e il voto finale tiene conto dei seguenti fattori:<br \/>\nQualit\u00e0 delle conoscenze, abilit\u00e0, competenze possedute e\/o manifestate:<br \/>\na) appropriatezza, correttezza e congruenza delle conoscenze<br \/>\nb) appropriatezza, correttezza e congruenza delle abilit\u00e0<br \/>\nc) appropriatezza, correttezza e congruenza delle competenze<br \/>\nModalit\u00e0 espositiva:<br \/>\na) Capacit\u00e0 espressiva;<br \/>\nb) Utilizzo appropriato del linguaggio specifico della disciplina;<br \/>\nc) Capacit\u00e0 logiche e consequenzialit\u00e0 nel raccordo dei contenuti;<br \/>\ne) Capacit\u00e0 di collegare differenti argomenti trovando i punti comuni e istituire un disegno generale coerente, ossia curando struttura, organizzazione e connessioni logiche del discorso espositivo;<br \/>\nf) Capacit\u00e0 di sintesi anche mediante l&#8217;uso del simbolismo proprio della materia e l&#8217;espressione grafica di nozioni e concetti, sotto forma per esempio di formule, schemi, equazioni.<br \/>\nQualit\u00e0 relazionali:<br \/>\nDisponibilit\u00e0 allo scambio e all&#8217;interazione con il docente durante il colloquio.<br \/>\nQualit\u00e0 personali:<br \/>\na) spirito critico;<br \/>\nb) capacit\u00e0 di autovalutazione.<\/p>\n<p>Di conseguenza, il giudizio pu\u00f2 essere:<br \/>\na) Sufficiente (da 18 a 20\/30)<br \/>\nIl candidato dimostra poche nozioni acquisite, livello superficiale, molte lacune. capacit\u00e0 espressive modeste, ma comunque sufficienti a sostenere un dialogo coerente; capacit\u00e0 logiche e consequenzialit\u00e0 nel raccordo degli argomenti di livello elementare; scarsa capacit\u00e0 di sintesi e capacit\u00e0 di espressione grafica piuttosto stentata; scarsa interazione con il docente durate il colloquio.<br \/>\nb) Discreto (da 21 a 23)<br \/>\nIl candidato dimostra discreta acquisizione di nozioni, ma scarso approfondimento, poche lacune; capacit\u00e0 espressive pi\u00fa che sufficienti a sostenere un dialogo coerente; accettabile padronanza del linguaggio scientifico; capacit\u00e0 logiche e consequenzialit\u00e0 nel raccordo degli argomenti di moderata complessit\u00e0; pi\u00f9 che sufficiente capacit\u00e0 di sintesi e capacit\u00e0 di espressione grafica accettabile.<br \/>\nc) Buono (da 24 a 26)<br \/>\nIl candidato dimostra un bagaglio di nozioni piuttosto ampio, moderato approfondimento, con piccole lacune; soddisfacenti capacit\u00e0 espressive e significativa padronanza del linguaggio scientifico; capacit\u00e0 dialogica e spirito critico ben rilevabili; buona capacit\u00e0 di sintesi e capacit\u00e0 di espressione grafica pi\u00fa che accettabile.<br \/>\nd) Ottimo (da 27 a 29)<br \/>\nIl candidato dimostra un bagaglio di nozioni molto esteso, ben approfondito, con lacune marginali; notevoli capacit\u00e0 espressive ed elevata padronanza del linguaggio scientifico; notevole capacit\u00e0 dialogica, buona competenza e rilevante attitudine alla sintesi logica; elevate capacit\u00e0 di sintesi e di espressione grafica.<br \/>\ne) Eccellente (30)<br \/>\nIl candidato dimostra un bagaglio di nozioni molto esteso e approfondito, eventuali lacune irrilevanti; elevate capacit\u00e0 espressive ed elevata padronanza del linguaggio scientifico; ottima capacit\u00e0 dialogica, spiccata attitudine a effettuare collegamenti tra argomenti diversi; ottima capacit\u00e0 di sintesi e grande dimestichezza con lespressione grafica.<br \/>\nLa lode si attribuisce a candidati nettamente sopra la media, e i cui eventuali limiti nozionistici, espressivi, concettuali, logici risultino nel complesso del tutto irrilevanti.<\/p>\n<p>Altre Informazioni<br \/>\nGli studenti disporranno delle slide delle lezioni.<\/p>\n","protected":false},"excerpt":{"rendered":"<p>Corso: [60\/75]&nbsp;\u200b&nbsp;\u200bSCIENZE AMBIENTALI E NATURALI Percorso: [PDS0-2017 &#8211; Ord. 2017]&nbsp;\u200b&nbsp;\u200bPERCORSO COMUNE CFU 12 Anno di corso: 3\u00b0 Semestre: 2\u00b0 Prerequisiti: Conoscenze adeguate di Geografia fisica e cartografia. Obiettivi dell\u2019insegnamento: Le applicazioni della Geomorfologia; i concetti di rischio e di impatto; &hellip; <a href=\"https:\/\/sites.unica.it\/sandrodemuro\/corsi\/modulo-di-rischio-geomorfologico\/\">Continua a leggere<span class=\"meta-nav\">&rarr;<\/span><\/a><\/p>\n","protected":false},"author":2003,"featured_media":0,"parent":10,"menu_order":0,"comment_status":"closed","ping_status":"closed","template":"","meta":{"ngg_post_thumbnail":0,"footnotes":""},"class_list":["post-1431","page","type-page","status-publish","hentry"],"_links":{"self":[{"href":"https:\/\/sites.unica.it\/sandrodemuro\/wp-json\/wp\/v2\/pages\/1431","targetHints":{"allow":["GET"]}}],"collection":[{"href":"https:\/\/sites.unica.it\/sandrodemuro\/wp-json\/wp\/v2\/pages"}],"about":[{"href":"https:\/\/sites.unica.it\/sandrodemuro\/wp-json\/wp\/v2\/types\/page"}],"author":[{"embeddable":true,"href":"https:\/\/sites.unica.it\/sandrodemuro\/wp-json\/wp\/v2\/users\/2003"}],"replies":[{"embeddable":true,"href":"https:\/\/sites.unica.it\/sandrodemuro\/wp-json\/wp\/v2\/comments?post=1431"}],"version-history":[{"count":7,"href":"https:\/\/sites.unica.it\/sandrodemuro\/wp-json\/wp\/v2\/pages\/1431\/revisions"}],"predecessor-version":[{"id":1438,"href":"https:\/\/sites.unica.it\/sandrodemuro\/wp-json\/wp\/v2\/pages\/1431\/revisions\/1438"}],"up":[{"embeddable":true,"href":"https:\/\/sites.unica.it\/sandrodemuro\/wp-json\/wp\/v2\/pages\/10"}],"wp:attachment":[{"href":"https:\/\/sites.unica.it\/sandrodemuro\/wp-json\/wp\/v2\/media?parent=1431"}],"curies":[{"name":"wp","href":"https:\/\/api.w.org\/{rel}","templated":true}]}}