{"id":1387,"date":"2020-04-02T19:06:30","date_gmt":"2020-04-02T17:06:30","guid":{"rendered":"http:\/\/sites.unica.it\/sandrodemuro\/?page_id=1387"},"modified":"2020-04-02T19:10:32","modified_gmt":"2020-04-02T17:10:32","slug":"morfodinamica-e-conservazione-dei-litorali-e-metodi-gis-applicati-alle-dinamiche-ambientali","status":"publish","type":"page","link":"https:\/\/sites.unica.it\/sandrodemuro\/corsi\/morfodinamica-e-conservazione-dei-litorali-e-metodi-gis-applicati-alle-dinamiche-ambientali\/","title":{"rendered":"Morfodinamica e conservazione dei litorali e metodi GIS applicati alle dinamiche ambientali"},"content":{"rendered":"<div id=\"header-1\" class=\" header-hx header-h3\">\n<div class=\"cds-pds-ad\">\n<p style=\"text-align: left\"><strong>Corso: <\/strong><a id=\"table1-cell11-link1\" title=\"Accedi alla pagina dell'insegnamento\" href=\"https:\/\/people.unica.it\/sandrodemuro\/didattica\/insegnamenti\/?mu=Guide\/PaginaADContest.do?ad_cont_id=10981*20513*2019*2018*9999&amp;ANNO_ACCADEMICO=2019&amp;step=2&amp;jsid=3E2A28CB2F921348DC729E488E0C8F50.esse3-unica-prod-02\">[60\/77]&nbsp;\u200b&nbsp;\u200bCONSERVAZIONE E GESTIONE DELLA NATURA E DELL&#8217;AMBIENTE<\/a><br \/>\n<strong>Percorso<\/strong>: [77\/00 &#8211; Ord. 2018]&nbsp;\u200b&nbsp;\u200bPERCORSO COMUNE<br \/>\n<strong>CFU<\/strong> 10<br \/>\n<strong>Anno di corso<\/strong>: 1\u00b0<br \/>\n<strong>Semestre<\/strong>: 1\u00b0<\/p>\n<p style=\"text-align: justify\"><strong>Obiettivi dell\u2019insegnamento<\/strong><\/p>\n<\/div>\n<p>Conoscenza e capacit\u00e0 di comprensione<br \/>\nApprofondita conoscenza dei meccanismi di integrazione delle conoscenze di base nel campo delle dinamiche ambientali; acquisizione conoscenze specifiche delle tecniche del rilevamento. Lezioni teoriche mirate a far acquisire allo studente conoscenze approfondite e la loro applicazione in campo. Capacit\u00e0 di comprendere i meccanismi evolutivi delle dinamiche ambientali .<\/p>\n<p>Capacit\u00e0 di applicare conoscenza e comprensione<br \/>\nAcquisizione di competenze applicative nella raccolta, analisi e rappresentazione di indicatori ambientali con tecniche di Telerilevamento e GIS.<br \/>\nAttivit\u00e0 pratiche autonome e guidate per la determinazione delle componenti ambientali mediante l&#8217;analisi degli elementi e dei processi fisici connessi con la dinamica esogena della geosfera; lavoro di gruppo in laboratorio con l\u2019uso di sistemi informativi territoriali per la rappresentazione dei dati e la loro elaborazione, con particolare attenzione alle dinamiche costiere, ai beni geomorfologici e alle problematiche ambientali. Capacit\u00e0 di lettura ed interpretazione di geoportali e web gis. Consultazione di database geografici e ricerca bibliografica in rete, strumenti conoscitivi di base necessari per l\u2019aggiornamento continuo delle conoscenze.<br \/>\nCapacit\u00e0 di raccolta, analisi e rappresentazione di indicatori ambientali con tecniche di Telerilevamento e GIS.<\/p>\n<\/div>\n<div id=\"header-2\" class=\" header-hx header-h3\">\n<div class=\"cds-pds-ad\">Prerequisiti<\/div>\n<p>Cartografia e geologia<\/p>\n<\/div>\n<div id=\"header-3\" class=\" header-hx header-h3\">\n<div class=\"cds-pds-ad\">Contenuti<\/div>\n<p>Lo studio delle dinamiche ambientali mediante l&#8217;analisi degli elementi e dei processi fisici;<br \/>\nLo sviluppo di metodi e tecniche di elaborazione cartografica;<br \/>\nL&#8217;uso dei sistemi informativi territoriali per la rappresentazione dei dati e la loro elaborazione, con particolare attenzione ai processi esogeni, ai beni geomorfologici e alle problematiche ambientali.<\/p>\n<\/div>\n<div id=\"header-4\" class=\" header-hx header-h3\">\n<div class=\"cds-pds-ad\">Metodi Didattici<\/div>\n<p>La didattica \u00e8 organizzata in lezioni frontali suddivise, a seconda dell&#8217;argomento, in una parte teorica e una di laboratorio.<\/p>\n<\/div>\n<div id=\"header-5\" class=\" header-hx header-h3\">\n<div class=\"cds-pds-ad\">Verifica dell&#8217;apprendimento<\/div>\n<p>L\u2019esame consta di una prova orale, articolata in tre domande principali che spaziano sull&#8217;intero programma e dall&#8217;esame degli elaborati effettuati durante il laboratorio.<\/p>\n<p>Il giudizio tiene conto dei criteri di valutazione descritti di seguito.<\/p>\n<p>Qualit\u00e0 delle conoscenze, abilit\u00e0, competenze.<br \/>\nAppropriatezza, correttezza e congruenza:<br \/>\na) delle conoscenze<br \/>\nb) delle abilit\u00e0<br \/>\nc) delle competenze<\/p>\n<p>Modalit\u00e0 espositiva:<br \/>\na) Capacit\u00e0 espressiva;<br \/>\nb) Utilizzo appropriato del linguaggio specifico della disciplina;<br \/>\nc) Capacit\u00e0 logiche e consequenzialit\u00e0 nell&#8217;esposizione dei contenuti;<br \/>\nd) Capacit\u00e0 di collegare diversi argomenti in modo appropriato ed efficace;<br \/>\ne) Capacit\u00e0 di sintesi anche mediante l\u2019espressione grafica di nozioni e concetti.<\/p>\n<p>Qualit\u00e0 relazionali:<br \/>\nDisponibilit\u00e0 all\u2019interazione con il docente durante il colloquio.<\/p>\n<p>Qualit\u00e0 personali:<br \/>\na) spirito critico;<br \/>\nb) capacit\u00e0 di autovalutazione.<\/p>\n<p>tenuto conto dei criteri descritti, il giudizio e il voto finale pu\u00f2 essere:<br \/>\na) Sufficiente (da 18 a 20\/30)<br \/>\nIl candidato dimostra poche nozioni acquisite, livello superficiale, molte lacune. Le capacit\u00e0 espressive sono modeste, ma sufficienti a sostenere un dialogo coerente; le capacit\u00e0 logiche e consequenzialit\u00e0 nel raccordo degli argomenti di livello elementare; la capacit\u00e0 di sintesi scarsa e le capacit\u00e0 di espressione grafica limitate; l&#8217;interazione con il docente durate il colloquio \u00e8 scarsa.<br \/>\nb) Discreto (da 21 a 23\/30)<br \/>\nIl candidato dimostra discreta acquisizione di nozioni, ma scarso approfondimento, poche lacune; capacit\u00e0 espressive pi\u00fa che sufficienti a sostenere un dialogo coerente; accettabile padronanza del linguaggio scientifico; capacit\u00e0 logiche e consequenzialit\u00e0 nel raccordo degli argomenti di moderata complessit\u00e0; pi\u00f9 che sufficiente capacit\u00e0 di sintesi e capacit\u00e0 di espressione grafica accettabile.<br \/>\nc) Buono (da 24 a 26)<br \/>\nIl candidato dimostra un bagaglio di nozioni piuttosto ampio, moderatamente approfondimento, con poche lacune; soddisfacenti capacit\u00e0 espressive e significativa padronanza del linguaggio scientifico; capacit\u00e0 dialogica e spirito critico ben rilevabili; buona capacit\u00e0 di sintesi e capacit\u00e0 di espressione grafica pi\u00fa che accettabile.<br \/>\nd) Ottimo (da 27 a 29)<br \/>\nIl candidato dimostra un bagaglio di nozioni molto approfondito, con lacune marginali; notevoli capacit\u00e0 espressive ed elevata padronanza del linguaggio scientifico; notevole capacit\u00e0 dialogica, buona competenza e rilevante attitudine alla sintesi logica; elevate capacit\u00e0 di sintesi e di espressione grafica.<br \/>\ne) Eccellente (30)<br \/>\nIl candidato dimostra un bagaglio di nozioni molto esteso e approfondito, eventuali lacune irrilevanti; elevate capacit\u00e0 espressive ed elevata padronanza del linguaggio scientifico; ottima capacit\u00e0 di dialogo, spiccata attitudine a effettuare collegamenti tra argomenti diversi; ottima capacit\u00e0 di sintesi e grande dimestichezza con l\u2019espressione grafica.<br \/>\nLa lode si attribuisce a candidati nettamente sopra della media, e i cui eventuali limiti nozionistici, espressivi, concettuali, logici risultino nel complesso del tutto irrilevanti.<\/p>\n<\/div>\n<div id=\"header-6\" class=\" header-hx header-h3\">\n<div class=\"cds-pds-ad\">Testi<\/div>\n<p>&#8211; Geomatica di M. Gomarasca<br \/>\n&#8211; Geomorfologia di G.B. Castiglioni<br \/>\n&#8211; LE UNITA DI PAESAGGIO di Giuseppe Gisotti<br \/>\n&#8211; CARTOGRAFIA NUMERICA di Niccol\u00f2 Dainelli<br \/>\n&#8211; GIS E AMBIENTE di Giancarlo Graci<br \/>\n-GIS open source di Valerio Noti<br \/>\n-GIS per la cartografia e l\u2019analisi territoriale di Faustino Cetraro<\/p>\n<\/div>\n<div id=\"header-7\" class=\" header-hx header-h3\">\n<div class=\"cds-pds-ad\">Altre Informazioni<\/div>\n<p>laboratorio di cartografia, laboratorio di telerilevamento e GIS<\/p>\n<\/div>\n","protected":false},"excerpt":{"rendered":"<p>Corso: [60\/77]&nbsp;\u200b&nbsp;\u200bCONSERVAZIONE E GESTIONE DELLA NATURA E DELL&#8217;AMBIENTE Percorso: [77\/00 &#8211; Ord. 2018]&nbsp;\u200b&nbsp;\u200bPERCORSO COMUNE CFU 10 Anno di corso: 1\u00b0 Semestre: 1\u00b0 Obiettivi dell\u2019insegnamento Conoscenza e capacit\u00e0 di comprensione Approfondita conoscenza dei meccanismi di integrazione delle conoscenze di base nel &hellip; <a href=\"https:\/\/sites.unica.it\/sandrodemuro\/corsi\/morfodinamica-e-conservazione-dei-litorali-e-metodi-gis-applicati-alle-dinamiche-ambientali\/\">Continua a leggere<span class=\"meta-nav\">&rarr;<\/span><\/a><\/p>\n","protected":false},"author":2003,"featured_media":0,"parent":10,"menu_order":0,"comment_status":"closed","ping_status":"closed","template":"","meta":{"ngg_post_thumbnail":0,"footnotes":""},"class_list":["post-1387","page","type-page","status-publish","hentry"],"_links":{"self":[{"href":"https:\/\/sites.unica.it\/sandrodemuro\/wp-json\/wp\/v2\/pages\/1387","targetHints":{"allow":["GET"]}}],"collection":[{"href":"https:\/\/sites.unica.it\/sandrodemuro\/wp-json\/wp\/v2\/pages"}],"about":[{"href":"https:\/\/sites.unica.it\/sandrodemuro\/wp-json\/wp\/v2\/types\/page"}],"author":[{"embeddable":true,"href":"https:\/\/sites.unica.it\/sandrodemuro\/wp-json\/wp\/v2\/users\/2003"}],"replies":[{"embeddable":true,"href":"https:\/\/sites.unica.it\/sandrodemuro\/wp-json\/wp\/v2\/comments?post=1387"}],"version-history":[{"count":3,"href":"https:\/\/sites.unica.it\/sandrodemuro\/wp-json\/wp\/v2\/pages\/1387\/revisions"}],"predecessor-version":[{"id":1390,"href":"https:\/\/sites.unica.it\/sandrodemuro\/wp-json\/wp\/v2\/pages\/1387\/revisions\/1390"}],"up":[{"embeddable":true,"href":"https:\/\/sites.unica.it\/sandrodemuro\/wp-json\/wp\/v2\/pages\/10"}],"wp:attachment":[{"href":"https:\/\/sites.unica.it\/sandrodemuro\/wp-json\/wp\/v2\/media?parent=1387"}],"curies":[{"name":"wp","href":"https:\/\/api.w.org\/{rel}","templated":true}]}}