{"id":1357,"date":"2018-03-06T15:45:42","date_gmt":"2018-03-06T14:45:42","guid":{"rendered":"http:\/\/sites.unica.it\/sandrodemuro\/?page_id=1357"},"modified":"2018-03-06T15:45:42","modified_gmt":"2018-03-06T14:45:42","slug":"med-climathon","status":"publish","type":"page","link":"https:\/\/sites.unica.it\/sandrodemuro\/med-climathon\/","title":{"rendered":"MED Climathon"},"content":{"rendered":"<p><strong>Variazione climatica e studio variazione processi crionivali in area mediterranea, tra la Sardegna e la Corsica<\/strong><\/p>\n<p style=\"text-align: justify\">Si tratta di un progetto che, attraverso l\u2019esperienza acquisita durante la partecipazione in passato al Programma Nazionale Ricerche Antartide (P.N.R.A), intende acquisire dati in un area estremamente sensibile del Mediterraneo (distante dai ghiacciai alpini principali) sulla variazione dei processi crionivali tra la Sardegna e la Corsica al fine di meglio comprendere i cambiamenti climatici pi\u00f9 recenti conseguenti allo scenario di Global warming. Il Coordinatore Scientifico del CMGG, Prof Sandro DEMURO, partecipando alla spedizioni 1991, 1994 e 1995 nel Cile meridionale, ha infatti acquisito esperienza in oltre 15 anni di ricerche in aree del Cile meridionale (Sottoprogetto Magellano: Progetti dell&#8217;area tematica 1b-c: &#8220;Margini della Placca Antartica e Bacini Periantartici &#8211; Sottoprogetto: Sismostratigrafia e sedimentologia del Margine Cileno meridionale&#8221; e Progetti dell&#8217;area tematica 2-a: Glaciologia e Paleoclima). Durante questa attivit\u00e0 ha partecipato alle campagne oceanografiche in Pacifico con la Nave Oceanografica dell\u2019Osservatorio Sperimentale Triestino EXPLORA (1995) e realizzato l&#8217;Atlante delle Coste dello Stretto di Magellano. Il rilevamento effettuato durante le spedizioni citate ha permesso di continuare le attivit\u00e0 di ricerca fino ad oggi e di realizzare e pubblicare numerose carte geomorfologiche che descrivono i processi collegati alla variazione climatica OloPleistocenica in diretta conseguenza degli avanzamenti e arretramenti dei ghiacciai patagonici nell\u2019area dello Stretto di Magellano.<br \/>\nCon MED CLIMATHON si intende contribuire comprensione in area mediterranea della variazione dei processi geografico fisici e geomorfologici<\/p>\n<p>Prodotti scientifici:<\/p>\n<p><strong>De Muro S., Tecchiato S., Porta M., Buosi C., Ibba A.<\/strong> (in press). Geomorphological map of marine and glacio-lacustrine terraces and raised shorelines in the northern sector of Pen\u00ednsula Brunswick, Patagonia, Straits of Magellan \u2013 Chile. Journal of Maps, doi: 10.1080\/17445647.2018.1441759.<\/p>\n<p><strong>De Muro, S., Brambati, A., Tecchiato, S., Porta, M., Ibba, A.<\/strong> (2017). Geomorphology of marine and transitional terraces and raised shorelines between Punta Paulo and Porvenir, Tierra del Fuego, Straits of Magellan \u2013 Chile. Journal of Maps 13(2), 311-321. doi: 10.1080\/17445647.2017.1295406<\/p>\n<p><strong>De Muro S., Di Grande A., Brambati A., Ibba A.<\/strong> (2015). \u201cGeomorphology map of the marine and transitional terraces and raised shorelines of the Pen\u00ednsula Juan Maz\u00eda, Tierra Del Fuego. Straits of Magellan \u2013 Chile\u201d Journal of Maps, volume 11, issue 5, ISSN: 1744-5647, doi: 10.1080\/17445647.2014.970592 p. 698-710<\/p>\n<p><strong>DeMuro S, Kalb C, Brambilla W, Ibba A<\/strong> (2012). &#8220;Sedimentological, geomorphological and geochemical evidence of the last marine ingression in central Magellan Straits-southernmost Chile&#8221;. Rendiconti Online Della Societ\u00e0 Geologica Italiana, vol. 20, p. 33-34, ISSN: 2035-8008<\/p>\n<p><strong>DeMuro S, Brambati A<\/strong> (2012). Atlas of the marine and transitional holocene terraces &#8211; eastern straits of the Magellan coasts \u2013 Patagonia and Tierra del Fuego (Chile). In: Proceedings of the \u201c34th International Geological Congress 2012\u201d, Brisbane, Australia, 5\u201310 August 2012. Brisbane (Australia), 5-10 August 2012, p. 354, Sydney: Wild Peony, ISBN: 978-0-646-57800-2<\/p>\n<p><strong>Bartole R, DeMuro S, Morelli D, Tosoratti F<\/strong> (2008). &#8220;Glacigenic features and tertiary stratigraphy of the Magellan Strait (Southern Chile)&#8221;. Geologica Acta, vol. 6, p. 85-100, ISSN: 1695-6133, doi: 10.1344\/105.000000243<\/p>\n<p><strong>De Muro S., De Waele J., Longinelli A.<\/strong> (2006) \u2013 \u201cRicostruzione paleoclimatica attraverso l\u2019analisi di uno speleotema nella Sardegna Centro-Orientale. Risultati preliminari\u201d \u2013 Rendiconti del seminario della facolt\u00e0 di Scienze dell\u2019Universit\u00e0 di Cagliari \u2013 Volume LXXVI, fascicolo 76 (1-2) 2006 pp.69-79. ISSN 0370727X<\/p>\n<p><strong>DeMuro S, Brambati A.<\/strong> (2004). &#8220;Coastal mapping of the Quaternary marine deposits in the Strait of Magellan (Chile)&#8221;. Bollettino Di Geofisica Teorica E Applicata, vol. 45, p. 235, ISSN: 0006-6729<\/p>\n<p><strong>DeMuro S, Di Grande A, Brambati A <\/strong>(2004). &#8220;Atlas of the marine and transitional terraces in the Magellan Straits &#8211; Patagonia and Tierra del Fuego&#8221; (+ three 1:200.000 scale maps, + six 1:50.000 scale maps). In: 32\u00b0 International Geological Congress Florence 2004 Abstracts Part 1. p. 353, Berlin Heidelberg: Springer-Verlag<\/p>\n<p><strong>Brambati A,<\/strong> <strong>DeMuro S<\/strong> (2004). The last marine ingression in central Magellan Straits, southernmost Chile: geological and geochemical evidences. In: 32\u00b0 International Geological Congress Florence 2004 Abstracts part 1. vol. 1, p. 354<\/p>\n<p><strong>DeMuro S, Brambati A, Di Grande A<\/strong> (2004). <a href=\"http:\/\/webgis.osservatoriocostesardegna.com\/oceans\/?page_id=1152\">Atlas of the Eastern Straits of Magellan coasts &#8211; Patagonia and Tierra del Fuego \u2013 Chile<\/a> &#8211; 9\/12 Maps. Cagliari: Universit\u00e0 di Cagliari<\/p>\n<p><strong>Brambati A, DeMuro S, Di Grande A<\/strong> (2004). Distribution of the marine and transitional terraces (holocene) and geomorphological map of the coastal area between Bah\u00eda San Felipe and Paso Ancho Straits of Magellan &#8211; Chile (1:200.000 Scale Map) map B &#8211; Second Edition. In: Atlas of the Eastern Straits of Magellan coasts &#8211; Patagonia and Tierra del Fuego \u2013 Chile &#8211; 9\/12 Maps. In: 32nd international geological congress \u2013 Universit\u00e0 degli Studi di Cagliari. Cagliari: Universita&#8217; degli Studi di Cagliari<\/p>\n<p><strong>Di Grande A, DeMuro S, Brambati A<\/strong> (2004). Distribution of the marine and transitional terraces (holocene) and geomorphological map of the coastal area between Porvenir and Puerto Yarto\u00fa Straits of Magellan &#8211; Chile (1:200.000 scale map) map C &#8211; Second Edition. In: Atlas of the Eastern Straits of Magellan coasts &#8211; Patagonia and Tierra del Fuego \u2013 Chile &#8211; 9\/12 Maps. In: 32nd international geological congress \u2013 Universit\u00e0 degli Studi di Cagliari. Cagliari: Universita&#8217; degli Studi di Cagliari<\/p>\n<p><strong>DeMuro S, Brambati A, Di Grande A<\/strong> (2004). Distribution of the marine and transitional terraces (holocene) and geomorphological map of the coastal area between Punta Dungeness and Bah\u00eda San Felipe Straits of Magellan &#8211; Chile (1:200.000 Scale Map) map A &#8211; Second Edition. In: Atlas of the Eastern Straits of Magellan coasts &#8211; Patagonia and Tierra del Fuego \u2013 Chile &#8211; 9\/12 Maps. In: 32nd international geological congress \u2013 Universit\u00e0 degli Studi di Cagliari. Cagliari: Universita&#8217; degli Studi di Cagliari<\/p>\n<p><strong>DeMuro S, Di Grande A<\/strong> (2004). Distribution of the marine and transitional terraces (Holocene) and geomorphological map between Punta Arenas And Rio Quema Angusta, Peninsula Brunswick, Patagonia, Straits of Magellan, Chile (1:50,000 scale map &#8211; Map n\u00b0 6\/12 &#8211; First Edition). In: Atlas of the Eastern Straits of Magellan coasts &#8211; Patagonia and Tierra del Fuego \u2013 Chile &#8211; 9\/12 Maps. In: 32nd international geological congress \u2013 Universit\u00e0 degli Studi di Cagliari. Cagliari: Universita&#8217; degli Studi di Cagliari<\/p>\n<p><strong>DeMuro S, Di Grande A, Brambati A<\/strong> (2004). Distribution of the marine and transitional terraces (Holocene) and geomorphological map of the Primera Angostura, Patagonia, Tierra del Fuego, Straits of Magellan, Chile (1:50,000 scale map \u2013 Map n\u00b0 5\/12 &#8211; Second Edition). In: Atlas of the Eastern Straits of Magellan coasts &#8211; Patagonia and Tierra del Fuego \u2013 Chile &#8211; 9\/12 Maps. In: 32nd international geological congress \u2013 Universit\u00e0 degli Studi di Cagliari. Cagliari: Universita&#8217; degli Studi di Cagliari<\/p>\n<p><strong>DeMuro S, Di Grande A, Brambati A, Fontolan G <\/strong>(2004). Distribution of the marine and transitional terraces (Holocene) and geomorphological map of the Punta Catalina, Tierra del Fuego, Straits of Magellan, Chile (1:50,000 scale map \u2013 Map n\u00b0 4\/12 &#8211; Second Edition). In: Atlas of the Eastern Straits of Magellan coasts &#8211; Patagonia and Tierra del Fuego \u2013 Chile &#8211; 9\/12 Maps. In: 32nd international geological congress \u2013 Universit\u00e0 degli Studi di Cagliari. Cagliari: Universita&#8217; degli Studi di Cagliari<\/p>\n<p><strong>DeMuro S, Di Grande A, Brambati A<\/strong> (2004). Distribution of the marine and transitional terraces (Holocene) and geomorphological map of the coastal area between Punta Paulo and Porvenir, Tierra del Fuego, Straits of Magellan, Chile (1:50,000 scale map \u2013 Map n\u00b0 3\/12 &#8211; Second Edition). In: Atlas of the Eastern Straits of Magellan coasts &#8211; Patagonia and Tierra del Fuego \u2013 Chile &#8211; 9\/12 Maps. In: 32nd international geological congress \u2013 Universit\u00e0 degli Studi di Cagliari. Cagliari: Universita&#8217; degli Studi di Cagliari<\/p>\n<p><strong>Di Grande A, DeMuro S, Brambati A<\/strong> (2004). Distribution of the marine and transitional terraces (Holocene) and geomorphological map of the coastal area between Seno Otway and Bah\u00eda Shoal, Patagonia, Straits of Magellan, Chile (1:50,000 scale map \u2013 Map n\u00b0 1\/12 &#8211; Second Edition). In: Atlas of the Eastern Straits of Magellan coasts &#8211; Patagonia and Tierra del Fuego \u2013 Chile &#8211; 9\/12 Maps. In: 32nd international geological congress \u2013 Universit\u00e0 degli Studi di Cagliari. Cagliari: Universita&#8217; degli Studi di Cagliari<\/p>\n<p><strong>DeMuro S, Di Grande A, Brambati A <\/strong>(2004). Distribution of the marine and transitional terraces (Holocene) and geomorphological map of the coastal area of Pen\u00ednsula Juan Maz\u00eda, Tierra del Fuego, Straits of Magellan, Chile (1:50,000 scale map \u2013 Map n\u00b0 2\/12 &#8211; Second Edition). In: Atlas of the Eastern Straits of Magellan coasts &#8211; Patagonia and Tierra del Fuego \u2013 Chile &#8211; 9\/12 Maps. In: 32nd international geological congress \u2013 Universit\u00e0 degli Studi di Cagliari. Cagliari: Universita&#8217; degli Studi di Cagliari<\/p>\n<p><strong>DeMuro S<\/strong> (2003). Coastal Cartography of the quaternary deposits between Punta Arenas and Rio Quema Angusta \u2013Peninsula Brunswick. Tierra del Fuego \u2013 Strait of Magellan \u2013 Chile. In: Atti del Convegno GeoSed 2003 . Alghero, 2003, p. 151-157<\/p>\n<p><strong>DeMuro S<\/strong> (2003). Coastal mapping of the Quaternary deposits in the Strait of Magellan (Chile). In: Rendiconti Seminario Facolt\u00e0 Scienze Universit\u00e0 Cagliari &#8211; Supplemento 2003. p. 115-126, Cagliari: Universit\u00e0 di Cagliari<\/p>\n<p><strong>Brambati A, DeMuro S, Di Grande A<\/strong> (2003). Distribution of marine and transitional terraces in the coastal area Bah\u00eda San Felipe and Paso Ancho &#8211; Straits of Magellan &#8211; Chile. (1:200.000 &#8211; map B). In: Straits of Magellan Field Trip, Punta Arenas, Chile &#8211; Edition 2003. Punta Arenas<\/p>\n<p><strong>Di Grande A, DeMuro S, Brambati A<\/strong> (2003). Distribution of marine and transitional terraces in the coastal area between Porvenir and Puerto Yartou &#8211; Straits of Magellan &#8211; Chile. (1:200.000 &#8211; map C). In: Strait of Magellan Field Trip, Punta Arenas, Chile &#8211; Edition 2003. Punta Arenas<\/p>\n<p><strong>DeMuro S, Di Grande A, Brambati A <\/strong>(2003). Distribution of marine and transitional terraces in the coastal area between Punta Dungeness and Bah\u00eda Felipe &#8211; Straits of Magellan &#8211; Chile (1:200.000 &#8211; map A). In: &nbsp;Straits of Magellan Field Trip, Punta Arenas &#8211; Edition 2003. Punta Arenas, 2003<\/p>\n<p><strong>DeMuro S<\/strong>, <strong>Di Grande A, Brambati A<\/strong> (2003). Marine and transitional terraces (holocene) along the coast between Punta Paulo e Porvenir Straits of Magellan, Chile (1: 50,000 scale map). In: &nbsp;Straits of Magellan Field Trip, Punta Arenas, Chile &#8211; Edition 2003. Punta Arenas<\/p>\n<p><strong>DeMuro S, Di Grande A, Brambati A<\/strong> (2003). Marine and transitional terraces (holocene) along the coast of pen\u00ednsula &nbsp;Juan Maz\u00eda, Straits of Magellan, Chile (1:50,000 scale map). In: Straits of Magellan Field Trip, Punta Arenas, Chile &#8211; Edition 2003. Punta Arenas<\/p>\n<p><strong>DeMuro S, Di Grande A, Fontolan G, Brambati A<\/strong> (2003). Marine and transitional terraces (holocene) along the coast of Punta Catalina. Tierra del Fuego, Straits of Magellan \u2013 Chile. In: Straits of Magellan Field Trip, Punta Arenas, Chile &#8211; Edition 2003. Punta Arenas<\/p>\n<p><strong>DeMuro S, Di Grande A, Brambati A<\/strong> (2003). Marine and transitional terraces (holocene) along the coast of Seno Otway and Bahia Shoal. Patagonia, Straits of Magellan \u2013 Chile. In: Strait of Magellan Field Trip, Punta Arenas, Chile &#8211; Edition 2003. Punta Arenas<\/p>\n<p><strong>DeMuro S, Di Grande A, Brambati A<\/strong> (2003). Marine and transitional terraces (holocene) along the coast of the Primera Angostura. Patagonia, Straits of Magellan \u2013 Chile. In: Strait of Magellan Field Trip, Punta Arenas, Chile &#8211; Edition 2003. Punta Arenas<\/p>\n<p><strong>DeMuro S<\/strong> (2003). Distribution of the marine and transitional deposits (holocene) and geomorphological map of the coastal area between Punta Arenas and Rio Quema Angusta &#8211; Peninsula Brunswick. Patagonia &#8211; Strait of Magellan \u2013 Chile (1:50,000 scale map)\u201d Map 6\/12 First edition<\/p>\n<p><strong>De Muro S., De Waele J., Longinelli A., Iacumin P.<\/strong> (2003) \u2013 \u201cHolecene sea-level chamges and palaeoclimatic reconstruction in central-north Sardinia: preliminary results\u201d \u2013 Atti del Convegno Geosed 2003, Alghero, Italia. pp .125-131.<\/p>\n<p><strong>Bartole. R., Colizza e.,<\/strong> <strong>DeMuro S, Donda F.,Fontolan G., Presti M., Zanolla C.<\/strong> (2001). Morphostructural and Sedimentological Aspect of the South Chile Margin between 52\u00b0 30&#8242; and 54\u00b0 30&#8242; lat. S. Terra Antartica Reports, vol. 8, p. 99-110, ISSN: 1723-7211<\/p>\n<p><strong>DeMuro S, Di Grande A, Brambati A<\/strong> (2000). &#8220;Holocene evolution of the Primera Angostura based on map 5\/12 of the geomorphological atlas of the Strait of Magellan (southern chile)&#8221;. (+1:50.000 scale map) . Terra Antartica Reports, vol. 4, p. 43- 54, ISSN: 1723-7211<\/p>\n<p><strong>DeMuro S, Di Grande A, Fontolan G, Brambati A<\/strong> (2000). &#8220;The area of Punta Catalina in the Magellanic postglacial evolutionary framework. map n. 4\/12 of the geomorphological atlas of the coasts of the Strait of Magellan&#8221; (+1:50.000 scale map). Terra Antartica Reports, vol. 4, p. 55-62, ISSN: 1723-7211<\/p>\n<p><strong>Bartole R, Colizza E, DeMuro S, Colautti W<\/strong> (2000). &#8220;The pacific Entrance of the Magellan Strait: Preliminary Result of a seismic and sampling survey. Terra Antartica Reports, vol. 4, p. 81-94, ISSN: 1723-7211<\/p>\n<p><strong>DeMuro S, Di Grande A, Brambati A<\/strong> (2000). &#8220;Distribution of the marine and transitional terraces (holocene) and geomorphological map of the Primera Angostura, Patagonia, Tierra del Fuego, Straits of Magellan, Chile&#8221; (1:50,000 scale map) First Edition. In: &#8220;Holocene evolution of the Primera Angostura based on map 5\/12 of the geomorphological atlas of the Strait of Magellan (Southern Chile)\u201d &#8211; Terra Antartica Reports ISSN: 1723-7211 . vol. 4, Siena: Terra Antartica Publication, ISBN: 88-900221-7-5<\/p>\n<p><strong>DeMuro S, Di Grande A, Brambati A, Fontolan G<\/strong> (2000). &#8220;Distribution of the marine and transitional terraces (holocene) and geomorphological map of the Punta Catalina, Tierra del Fuego, Straits of Magellan, Chile&#8221; (1:50,000 scale map) First Edition. In: &#8220;The area of punta catalina in the Magellanic postglacial evolutionary framework. map n. 4\/12 of the geomorphological atlas of the coasts of the strait of Magellan\u201d &#8211; Terra Antartica Reports, ISSN: 1723 -7211. vol. 4, Siena: Terra Antartica Publication, ISBN: 88- 900221-7-5<\/p>\n<p><strong>De Muro S. &amp; Orr\u00f9 P.<\/strong> (1998) \u2013 \u201cIl contributo delle beach-rock nello studio della risalita del mare olocenico. le beach-rock post-glaciali della Sardegna Nord-Orientale\u201d \u2013 Il Quaternario, Italian Journal of Quaternary Sciences Vol.11(1), 19-39.<\/p>\n<p><strong>Brambati A, DeMuro S, Di Grande A<\/strong> (1998). &#8220;Marine and transitional holocene terraces in the eastern area of the Straits of Magellan, Chile&#8221;. (+ three 1:200.000 scale maps) . Bollettino di Geofisica Teorica e Applicata, vol. 39, p. 47-76, ISSN: 0006-6729<\/p>\n<p><strong>Bartole R, Colautti W, DeMuro S, Montesanti A<\/strong> (1998). &#8220;Il settore pacifico dello Stretto di Magellano: primi risultati di un\u2019indagine sismica a riflessione&#8221;. In: Atti Workshop \u201cRicostruzioni paleoclimatiche dai sedimenti marini del Mare di Ross (Antartide) e dell\u2019Oceano Meridionale\u201d. Trieste, 26-27 nov. 1998, p. 1-2, Trieste: Universit\u00e0 degli Studi di Trieste<\/p>\n<p><strong>Bartole R, DeMuro S<\/strong> (1998). &#8220;Records acustici nell\u2019area Patagonico-Fuegina: prospettive per un\u2019indagine paleoclimaticoambientale&#8221;. In: &nbsp;Atti Workshop \u201cRicostruzioni paleoclimatiche dai sedimenti marini del Mare di Ross (Antartide) e dell\u2019Oceano Meridionale\u201d. Trieste, 26-27 nov. 1998, p. 3-4, Trieste: Universit\u00e0 degli Studi di Trieste<\/p>\n<p><strong>Brambati A, DeMuro S, Di Grande A<\/strong> (1998). &#8220;Distribuzione dei terrazzi marini e transizionali (pleistocene? &#8211; olocene) e carta geomorfologica della fascia costiera tra Bahia San Felipe e Paso Ancho, Stretto di Magellano &#8211; Cile&#8221;. First Edition &#8211; scala 1:200.000 [map A]. In: Bollettino di Geofisica Teorica ed Applicata ISSN: 0006-6729. vol. 39 (1)<\/p>\n<p><strong>Di Grande A, DeMuro S, Brambati A<\/strong> (1998). &#8220;Distribuzione dei terrazzi marini e transizionali (pleistocene? &#8211; olocene) e carta geomorfologica della fascia costiera tra Porvenir e Puerto Yartou, Stretto di Magellano \u2013 Cile&#8221;. First Edition &#8211; scala 1:200.000 [map C]. In: Bollettino di Geofisica Teorica ed Applicata ISSN: 0006-6729. vol. 39(1)<\/p>\n<p><strong>DeMuro S, Brambati A, Di Grande A<\/strong> (1998). &#8220;Distribuzione dei terrazzi marini e transizionali (pleistocene? &#8211; olocene) e carta geomorfologica della fascia costiera tra Punta Dungeness e Bahia San Felipe, Stretto di Magellano &#8211; Cile&#8221;. &nbsp;First Edition &#8211; scala 1:200000 [map B]. In: Bollettino di Geofisica Teorica ed Applicata, ISSN: 0006-6729. vol. 39(1)<\/p>\n<p><strong>Brambati A, DeMuro S, Di Grande A<\/strong> (1997). &#8220;Geomorphological atlas of the Magellan Straits coasts. The Patagonian and Fueginian Atlantic opening on a 1:50,000 scale maps&#8221;. In: Proceeding International Workshop IBMANTI97 1997. Universidad De Magellanes Punta Arenas Cile.. Punta Arenas &#8211; Chile, 1997, Punta Arenas: Universidad De Magellanes<\/p>\n<p><strong>DeMuro S, Di Grande A, Brambati A<\/strong> (1996). &#8220;Evoluzione olocenica e aspetti geomorfologici dell&#8217;area costiera della Peninsula Juan Mazia (fogli &#8220;Puerto Percy&#8221;, &#8220;Bahia Felipe&#8221; e &#8220;Puerto Sara&#8221;) (Tierra del fuego &#8211; Stretto di Magellano, Cile)&#8221;; + 1:50.000 scale map. . Il Quaternario, vol. 9, p. 405-412, ISSN: 0394-3356<\/p>\n<p><strong>Di Grande A, DeMuro S, Brambati A<\/strong> (1996). &#8220;Il Quaternario costiero della Pen\u00ednsula Brunswich nei fogli &#8211; Villa Kon Aiken&#8221; e &#8220;Isla Isabel&#8221; &#8211; Stretto di Magellano, Cile&#8221;; + 1:50.000 scale map. Il Quaternario, vol. 9, p. 399-404, ISSN: 0394-3356<\/p>\n<p><strong>DeMuro S, Di Grande A, Marini A<\/strong> (1996). &#8220;Cartografia costiera dei depositi quaternari tra Punta Paulo e Porvenir &#8211; Tierra del Fuego &#8211; Stretto di Magellano \u2013 Cile&#8221;. In: Atti dei Congresso &#8220;Telerilevamento e Cartografia tematica&#8221;, Cagliari 13-15 Novembre 1996. Cagliari, 1996, Cagliari: Universit\u00e0 di Cagliari<\/p>\n<p><strong>DeMuro S, Di Grande A, Brambati A<\/strong> (1996). &#8220;Distribution of the marine and transitional terrances (holocene) and geomorphological map of the coastal area between Punta Paulo e Porvenir Straits of Magellan, Chile&#8221; (1:50,000 scale map). In: Proceeding &#8220;XXVII Congresso Geografico Italiano&#8221; Trieste 21-25 Maggio 1996. Trieste, 21-25 maggio 1996, Bologna: P\u00e0tron, ISBN: 9788855525930<\/p>\n<p><strong>DeMuro S, Di Grande A, Brambati A<\/strong> (1996). &#8220;Distribution of the marine and transitional terraces (holocene) along the coast of Pen\u00ednsula Juan Maz\u00eda, Straits of Magellan, Chile&#8221; (1: 50,000 scale map) Map 2\/12 First Edition. vol. 9<\/p>\n<p><strong>Di Grande A, DeMuro S, Brambati A<\/strong> (1996). &#8220;Distribution of the marine and transitional terraces (holocene) and geomorphological map of the coastal area between Seno Otway and Bah\u00eda Shoal, Straits of Magellan, Chile&#8221; (1:50,000 scale map). vol. 9<\/p>\n<p><strong>Di Grande A, DeMuro S, Brambati A<\/strong> (1996). &#8220;Distribution of the marine and transitional terraces (holocene) and geomorphological map of the coastal area between Seno Otway and Bah\u00eda Shoal, Straits of Magellan, Chile&#8221; (1:50,000 scale map) Map 1\/12 &#8211; First Edition. In: Il Quaternario &#8211; Italian Journal of Quaternary Sciences, ISSN: 0394-3356. vol. 9(1)<\/p>\n<p><strong>DeMuro S, Di Grande A, Brambati A<\/strong> (1996). &#8220;Distribution of the marine and transitional terrances (holocene) and geomorphological map of the coastal area between Punta Paulo e Porvenir Straits of Magellan, Chile&#8221; (1:50,000 scale map) Map 3\/12 First Edition. In: Proc. XXVII Congresso Geografico Italiano, Trieste 21-25 Maggio 1996.<\/p>\n<p><strong>Bartole R, DeMuro S, Fontolan G, Bussi M<\/strong> (1995). &#8220;Seismostratigraphy and Sedimentology of the South Chile Margin, Leg 2 of the R\/V OGS Explora along South Chile Margin (April 29 \u2013 May 18, 1995)&#8221;. In: AA.VV.. Earth Sciences &#8211; Field Data Reports of the X ItaliAntartide Expedition 1994-95. p. 33-36, Siena: Terra Antartica Publication, ISBN: 9788890022128<\/p>\n<p><strong>Bartole R, Brambati A, Bussi M, DeMuro S, Fontolan G, Martinez Guzman R<\/strong> (1995). &#8220;Preliminary results of the Spring 1995 Seismostratigraphic and Sedimentological Cruise of the R\/V Explora along the South Chile Margin&#8221;. In: Proceedings of &#8220;VII International Symposium on Antarctic Earth Sciences, Siena, Sept. 10-15, 1995&#8221;. Siena, 10-15 Settembre 1995, p. 30, Siena:C.A. Ricci<\/p>\n<p><strong>Brambati A., De Muro S., Marocco R., Selivanov A.<\/strong> (1995) \u2013 \u201cBarrier island evolution in relation to sea level changes: the example of the Grado Lagoon (Northern Adriatic Sea, Italy)\u201d. Bollettino di Geofisica Teorica e Applicata, vol. 39(2); p. 145-161, ISSN: 0006-6729<\/p>\n<p><strong>Brambati A, Colizza E, DeMuro S, Fontolan G, Di Grande A, Simeoni U<\/strong> (1993). &#8220;Geomorphological map of the coastal area of the Straits of Magellan between Punta Dungeness and Bah\u00eda In\u00fatil (Chile)&#8221;. In: Proceeding &#8220;Third International Geomorphology Conference&#8221; Hamilton (Canada) . Hamilton, 23 &#8211; 29 agosto 1993, p. 109, Hamilton: McMaster University<\/p>\n<p><strong>Brambati A, DeMuro S, Di Grande A<\/strong> (1993). &#8220;Geomorphological and textural map of the coastal area of Bah\u00eda In\u00fatil &#8211; Straits of Magellan \u2013 Chile&#8221;. (1:100.000 &#8211; scale map) Map n.2. In: &nbsp;Proc. Third International Geomorphology Conference (Hamilton Canada).<\/p>\n<p><strong>Brambati A, DeMuro S, Di Grande A, Colizza E, Fontolan G, Simeoni U<\/strong> (1993). &#8220;Geomorphological and textural map of the coastal area of the Straits of Magellan between Punta Dungeness and Bah\u00eda ln\u00fatil \u2013 Chile&#8221;. (1:100.000 &#8211; scale map) Map 1.. In: Proc. Third International Geomorphology Conference (Hamilton Canada).<\/p>\n<p><strong>Brambati A. &amp; De Muro S.<\/strong> (1992) \u201cSubmerged coastlines in the sector between Capo Testa and Punta di li Francesi (northern Sardinia)\u201d Geomorphological and Sedimentological aspects. Boll. Oceanol. Teor. Appl., Vol. X, N\u00b0 2 \u2013 3 \u2013 4, pp. 149-164.<\/p>\n","protected":false},"excerpt":{"rendered":"<p>Variazione climatica e studio variazione processi crionivali in area mediterranea, tra la Sardegna e la Corsica Si tratta di un progetto che, attraverso l\u2019esperienza acquisita durante la partecipazione in passato al Programma Nazionale Ricerche Antartide (P.N.R.A), intende acquisire dati in &hellip; <a href=\"https:\/\/sites.unica.it\/sandrodemuro\/med-climathon\/\">Continua a leggere<span class=\"meta-nav\">&rarr;<\/span><\/a><\/p>\n","protected":false},"author":2003,"featured_media":0,"parent":0,"menu_order":0,"comment_status":"closed","ping_status":"closed","template":"","meta":{"ngg_post_thumbnail":0,"footnotes":""},"class_list":["post-1357","page","type-page","status-publish","hentry"],"_links":{"self":[{"href":"https:\/\/sites.unica.it\/sandrodemuro\/wp-json\/wp\/v2\/pages\/1357","targetHints":{"allow":["GET"]}}],"collection":[{"href":"https:\/\/sites.unica.it\/sandrodemuro\/wp-json\/wp\/v2\/pages"}],"about":[{"href":"https:\/\/sites.unica.it\/sandrodemuro\/wp-json\/wp\/v2\/types\/page"}],"author":[{"embeddable":true,"href":"https:\/\/sites.unica.it\/sandrodemuro\/wp-json\/wp\/v2\/users\/2003"}],"replies":[{"embeddable":true,"href":"https:\/\/sites.unica.it\/sandrodemuro\/wp-json\/wp\/v2\/comments?post=1357"}],"version-history":[{"count":1,"href":"https:\/\/sites.unica.it\/sandrodemuro\/wp-json\/wp\/v2\/pages\/1357\/revisions"}],"predecessor-version":[{"id":1358,"href":"https:\/\/sites.unica.it\/sandrodemuro\/wp-json\/wp\/v2\/pages\/1357\/revisions\/1358"}],"wp:attachment":[{"href":"https:\/\/sites.unica.it\/sandrodemuro\/wp-json\/wp\/v2\/media?parent=1357"}],"curies":[{"name":"wp","href":"https:\/\/api.w.org\/{rel}","templated":true}]}}