{"id":9,"date":"2022-11-30T10:10:14","date_gmt":"2022-11-30T09:10:14","guid":{"rendered":"https:\/\/sites.unica.it\/ruleoflaw\/?page_id=9"},"modified":"2024-05-27T18:05:13","modified_gmt":"2024-05-27T16:05:13","slug":"project-team","status":"publish","type":"page","link":"https:\/\/sites.unica.it\/ruleoflaw\/project-team\/","title":{"rendered":"Project team"},"content":{"rendered":"<p><img loading=\"lazy\" decoding=\"async\" class=\"alignnone size-medium wp-image-46\" src=\"http:\/\/sites.unica.it\/ruleoflaw\/files\/2023\/01\/Foto-profilo-Ardau-225x300.jpg\" alt=\"\" width=\"225\" height=\"300\" srcset=\"https:\/\/sites.unica.it\/ruleoflaw\/files\/2023\/01\/Foto-profilo-Ardau-225x300.jpg 225w, https:\/\/sites.unica.it\/ruleoflaw\/files\/2023\/01\/Foto-profilo-Ardau-769x1024.jpg 769w, https:\/\/sites.unica.it\/ruleoflaw\/files\/2023\/01\/Foto-profilo-Ardau-768x1023.jpg 768w, https:\/\/sites.unica.it\/ruleoflaw\/files\/2023\/01\/Foto-profilo-Ardau-1153x1536.jpg 1153w, https:\/\/sites.unica.it\/ruleoflaw\/files\/2023\/01\/Foto-profilo-Ardau-1538x2048.jpg 1538w, https:\/\/sites.unica.it\/ruleoflaw\/files\/2023\/01\/Foto-profilo-Ardau-scaled.jpg 1922w\" sizes=\"auto, (max-width: 225px) 100vw, 225px\" \/><\/p>\n<p><strong>Luca Pantaleo<\/strong> \u00e8 Coordinatore scientifico del progetto RoL. Luca \u00e8 Professore Associato di Diritto dell&#8217;Unione europea presso l&#8217;Universit\u00e0 di Cagliari. In precedenza, ha ricoperto molteplici incarichi accademici presso diverse istituzioni straniere, quali l&#8217;Universit\u00e0 de L&#8217;Aja, l&#8217;Asser Institute e l&#8217;Universit\u00e0 del Lussemburgo, in cui ha svolto attivit\u00e0 didattica e di ricerca. Ha svolto, inoltre, soggiorni di ricerca a titolo di visiting presso il Max Planck Institute for Comparative Public Law and International Law, l&#8217;Universit\u00e0 Cattolica di San Paolo del Brasile PUC\/SP, e l&#8217;Universit\u00e0 di Oslo. Luca Pantaleo ha ottenuto un dottorato di ricerca in diritto internazionale e dell&#8217;Unione europea presso l&#8217;Universit\u00e0 di Macerata, lavorando sotto la supervisione scientifica di M. Eugenia Bartoloni e di Paolo Palchetti. Membro della Associazione italiana degli studiosi di diritto dell&#8217;Unione europea (AISDUE), nonch\u00e9 giudice della European Law Moot Court (ELMC), Luca Pantaleo si occupa prevalentemente di diritto istituzionale e diritto delle relazioni esterne dell&#8217;Unione europea.<\/p>\n<p>&nbsp;<\/p>\n<p>Luca Pantaleo is the Principal Investigator (PI) of the RoL project. He is\u00a0an Assistant Professor in European Union Law at the University of Cagliari. Before joining the University of Cagliari, he worked as Senior Lecturer in Law at The Hague University of Applied Sciences. Previously, he worked at the Asser Institute, as Senior Researcher and Academic Coordinator of the Centre for the Law of EU External Relations \u2013 CLEER, and at the University of Luxembourg. Luca obtained a PhD in International and EU Law in February 2013 at the University of Macerata (Italy), where he obtained an MA in Law (2009). His PhD thesis focused on \u201cEU Member States International Agreements and EU Law\u201d, supervised by M. Eugenia Bartoloni and co-supervised by Prof. Paolo Palchetti. In the course of his academic career, he has been appointed visiting researcher in several institutions, such as the Pontifical Catholic University of San Paulo\/PUC SP (Brazil), the Max Planck Institute for Comparative Public Law and International Law, and the Department of Private Law of the University of Oslo under the reputable \u2018Yggdrasil\u2019 Programme. Luca is a member of the Italian Association of European Union Law Scholars (AISDUE) and regularly sits as a judge of the European Law Moot Court (ELMC). His research interests include public international law and EU law, with a special focus on EU external relations law and EU institutional law.<\/p>\n<p>&nbsp;<\/p>\n<p><img loading=\"lazy\" decoding=\"async\" class=\"alignnone size-medium wp-image-16\" src=\"http:\/\/sites.unica.it\/ruleoflaw\/files\/2022\/11\/Foto-RoL-A.-Pisu-194x300.jpg\" alt=\"\" width=\"194\" height=\"300\" srcset=\"https:\/\/sites.unica.it\/ruleoflaw\/files\/2022\/11\/Foto-RoL-A.-Pisu-194x300.jpg 194w, https:\/\/sites.unica.it\/ruleoflaw\/files\/2022\/11\/Foto-RoL-A.-Pisu-661x1024.jpg 661w, https:\/\/sites.unica.it\/ruleoflaw\/files\/2022\/11\/Foto-RoL-A.-Pisu-768x1189.jpg 768w, https:\/\/sites.unica.it\/ruleoflaw\/files\/2022\/11\/Foto-RoL-A.-Pisu-992x1536.jpg 992w, https:\/\/sites.unica.it\/ruleoflaw\/files\/2022\/11\/Foto-RoL-A.-Pisu-1323x2048.jpg 1323w, https:\/\/sites.unica.it\/ruleoflaw\/files\/2022\/11\/Foto-RoL-A.-Pisu-scaled.jpg 1654w\" sizes=\"auto, (max-width: 194px) 100vw, 194px\" \/><\/p>\n<p><strong>Alessandra Pisu<\/strong>\u00a0\u00e8 professoressa associata presso l\u2019Universit\u00e0 degli Studi di Cagliari dove insegna \u201cDiritto privato\u201d nel corso di laurea in Economia e Finanza, e \u201cBiodiritto\u201d nel corso di laurea in Giurisprudenza. \u00c8 componente, inoltre, del collegio dei docenti del Dottorato in Scienze Giuridiche.<\/p>\n<p style=\"font-weight: 400\">Abilitata alla professione di avvocato nel 2002, ha esercitato le funzioni di magistrato onorario presso il Tribunale civile di Cagliari dal 2003 al 2020.<\/p>\n<p style=\"font-weight: 400\">\u00c8 autrice di due monografie e diversi articoli pubblicati in riviste giuridiche di fascia A.<\/p>\n<p style=\"font-weight: 400\">Fa parte del comitato scientifico di alcune riviste e collane giuridiche.<\/p>\n<p style=\"font-weight: 400\">Dopo essersi prevalentemente occupata di diritto dei contratti, responsabilit\u00e0 civile e tutela dei diritti, negli ultimi anni i suoi interessi di ricerca si sono concentrati sui diritti della persona e le tematiche della bioetica e del biodiritto.<\/p>\n<p style=\"font-weight: 400\">Alessandra Pisu is an associate professor at the University of Cagliari where she teaches \u201cPrivate Law\u201d in the Economics and Finance degree course, and \u201cBiolaw\u201d in the Law degree course. She is also a member of the teaching board of the PhD in Legal Sciences.<\/p>\n<p style=\"font-weight: 400\">She qualified as a lawyer in 2002 and worked as an honorary judge at the Civil Court of Cagliari from 2003 to 2020.<\/p>\n<p style=\"font-weight: 400\">Her publications include two monographs and several articles in high-level legal journals.<\/p>\n<p style=\"font-weight: 400\">She is on the scientific board of some law journals and series.<\/p>\n<p style=\"font-weight: 400\">After having worked mainly on contract law, civil liability, and the protection of rights, in recent years her research interests have focused on fundamental rights and the issues of bioethics and biolaw.<\/p>\n<p>&nbsp;<\/p>\n<p>&nbsp;<\/p>\n<p><img loading=\"lazy\" decoding=\"async\" class=\"alignnone size-full wp-image-15\" src=\"http:\/\/sites.unica.it\/ruleoflaw\/files\/2022\/11\/download.jpg\" alt=\"\" width=\"92\" height=\"92\" \/><\/p>\n<p>&nbsp;<\/p>\n<p><strong>Angela Taraborrelli<\/strong>\u00a0(PhD 2001) \u00e8 Professoressa Associata (abilitata alle funzioni di Ordinario) presso l\u2019Universit\u00e0 degli Studi di Cagliari, dove insegna Istituzioni di filosofia politica, Filosofia politica, Storia e teorie del cosmopolitismo. Ha pubblicato diversi articoli su riviste nazionali e internazionali. Ha dedicato al tema del cosmopolitismo tre volumi: <em>Dal cittadino del mondo al mondo dei cittadini. Saggio su Kant<\/em> (2004), <em>Il cosmopolitismo contemporaneo<\/em> (Laterza 2011) di cui \u00e8 uscita una versione ampliata in inglese (Bloomsbury, 2015), <em>Hannah Arendt e il cosmopolitismo: Stato, comunit\u00e0, mondi in comune<\/em>(Mimesis 2022). Si occupa in prospettiva cosmopolitica di democrazia, diritti e migrazioni, e in particolare del problema della integrazione dei migranti nelle societ\u00e0 europee. Fa parte del comitato di redazione e scientifico di diverse riviste di settore; ha fondato e dirige la collana di studi sul cosmopolitismo \u201cL\u2019albero delle direzioni\u201d (Castelvecchi). \u00c8 socia della Societ\u00e0 italiana di Filosofia politica, della Societ\u00e0 italiana di Teoria critica e della Societ\u00e0 italiana di studi kantiani \u00e8 stata nominata dal MUR, in qualit\u00e0 di Esperta, membro della delegazione nazionale del Comitato di Programma di Horizon Europe.<\/p>\n<p style=\"font-weight: 400\">Angela Taraborrelli (PhD 2001) is Associate Professor (qualified for full professorship) at the University of Cagliari, where she teaches Institutions of Political Philosophy, Political Philosophy, and History and Theories of Cosmopolitanism. She has published several articles in national and international journals and has devoted three volumes to the theme of cosmopolitanism: <em>Dal Cittadino del mondo al mondo dei cittadini. Saggio su Kant<\/em> (From the Citizen of the World to the World of Citizens. Essay on Kant) (2004), <em>Contemporary Cosmopolitanism<\/em> (Bloomsbury, 2015), <em>Hannah Arendt and Cosmopolitanism: State, Community, Worlds in Common<\/em> (Mimesis 2022).<\/p>\n<p style=\"font-weight: 400\">She works from a cosmopolitan perspective on democracy, human rights and migration, and in particular on the problem of the integration of migrants in European societies. She is on the editorial and scientific board of several journals in the field; she founded and directs the series of studies on cosmopolitanism \u201cL\u2019albero delle direzioni\u201d (Castelvecchi editore).<\/p>\n<p style=\"font-weight: 400\">She is a member of the Italian Society of Political Philosophy, the Italian Society of Critical Theory and the Italian Society of Kantian Studies and, as an Expert, member of the national delegation of the Program Committee of Horizon Europe.<\/p>\n<p>&nbsp;<\/p>\n<p>&nbsp;<\/p>\n<p><img loading=\"lazy\" decoding=\"async\" class=\"alignnone size-medium wp-image-13\" src=\"http:\/\/sites.unica.it\/ruleoflaw\/files\/2022\/11\/Marco-Siddi-foto-200x300.jpg\" alt=\"\" width=\"200\" height=\"300\" srcset=\"https:\/\/sites.unica.it\/ruleoflaw\/files\/2022\/11\/Marco-Siddi-foto-200x300.jpg 200w, https:\/\/sites.unica.it\/ruleoflaw\/files\/2022\/11\/Marco-Siddi-foto-683x1024.jpg 683w, https:\/\/sites.unica.it\/ruleoflaw\/files\/2022\/11\/Marco-Siddi-foto-768x1152.jpg 768w, https:\/\/sites.unica.it\/ruleoflaw\/files\/2022\/11\/Marco-Siddi-foto-1024x1536.jpg 1024w, https:\/\/sites.unica.it\/ruleoflaw\/files\/2022\/11\/Marco-Siddi-foto-1365x2048.jpg 1365w, https:\/\/sites.unica.it\/ruleoflaw\/files\/2022\/11\/Marco-Siddi-foto-scaled.jpg 1706w\" sizes=\"auto, (max-width: 200px) 100vw, 200px\" \/><\/p>\n<p>&nbsp;<\/p>\n<p><strong>Marco Siddi<\/strong>\u00a0\u00e8 Ricercatore Rita Levi Montalcini all\u2019Universit\u00e0 di Cagliari, ricercatore associato al Finnish Institute of International Affairs e docente esterno alle universit\u00e0 di Helsinki e Tampere. Si occupa principalmente di politica europea e di relazioni tra Unione Europea e Russia. Ha lavorato come ricercatore Marie Curie alle Universit\u00e0 di Edimburgo e Colonia e all\u2019Accademia delle Scienze Ungherese a Budapest, e come ricercatore DAAD all\u2019Istituto di Politiche Europee a Berlino. Ha conseguito il dottorato in Scienze Politiche e Relazioni Internazionali all\u2019Universit\u00e0 di Edimburgo, un master all\u2019Accademia Diplomatica di Vienna e una laurea all\u2019Universit\u00e0 di Oxford. Le sue pubblicazioni includono le monografie <em>National Identities and Foreign Policy in the European Union<\/em> (ECPR Press 2017) e <em>European Identities and Foreign Policy Discourses on Russia: From the Ukraine to the Syrian Crisis<\/em> (Routledge 2020) e diversi articoli su riviste accademiche nella disciplina delle Scienze Politiche e delle Relazioni Internazionali. E\u2019 anche autore di numerosi studi di policy per centri di ricerca e think tank europei.<\/p>\n<p style=\"font-weight: 400\">Dr Marco Siddi is Montalcini Assistant Professor in Political Science at the University of Cagliari (Italy), Non-ResidentSenior Research Fellow at the Finnish Institute of International Affairs and Adjunct Professor (Docent) at the Universities of Tampere and Helsinki. He focuses primarily on European politics and EU-Russia relations. Previously, he was a Marie Curie and DAAD fellow at the Institute of European Politics (IEP) in Berlin, the University of Edinburgh, the Hungarian Academy of Sciences and the University of Cologne. Marco has a PhD in Politics from the University of Edinburgh, an MA in International Studies from the Vienna School of International Studies and a BA in History and German from Oxford University. His publications include the monographs <em>National Identities and Foreign Policy in the European Union<\/em> (ECPR Press, 2017) and <em>European Identities and Foreign Policy Discourses on Russia: From the Ukraine to the Syrian Crisis<\/em> (Routledge, 2020), and several peer-reviewed articles in high-ranking Politics and International Relations journals. He has authored numerous policy papers for European research centres and think tanks.<\/p>\n<p>&nbsp;<\/p>\n<p><img loading=\"lazy\" decoding=\"async\" class=\"alignnone size-medium wp-image-17\" src=\"http:\/\/sites.unica.it\/ruleoflaw\/files\/2022\/11\/Massimo-300x169.png\" alt=\"\" width=\"300\" height=\"169\" srcset=\"https:\/\/sites.unica.it\/ruleoflaw\/files\/2022\/11\/Massimo-300x169.png 300w, https:\/\/sites.unica.it\/ruleoflaw\/files\/2022\/11\/Massimo-1024x576.png 1024w, https:\/\/sites.unica.it\/ruleoflaw\/files\/2022\/11\/Massimo-768x432.png 768w, https:\/\/sites.unica.it\/ruleoflaw\/files\/2022\/11\/Massimo-1536x864.png 1536w, https:\/\/sites.unica.it\/ruleoflaw\/files\/2022\/11\/Massimo.png 1920w\" sizes=\"auto, (max-width: 300px) 100vw, 300px\" \/><\/p>\n<div>\n<p><strong>Massimo Farina<\/strong>, RTDb, abilitato alle funzioni di Professore Associato per il settore concorsuale 12 H3 (Filosofia del diritto &#8211; IUS\/20), dell\u2019Universit\u00e0 di Cagliari, ove \u00e8 Responsabile della protezione dei dati personali (DPO) e Coordinatore del Laboratorio Universitario \u201cICT4Law&amp;Forensics\u201d.<\/p>\n<\/div>\n<div>\n<p>Laureato in Giurisprudenza (Universit\u00e0 degli Studi di Cagliari), ha conseguito il Dottorato di Ricerca in \u201cDiritto e Nuove tecnologie\u201d (CIRSFID &#8211; Universit\u00e0 degli studi di Bologna) e i Master Universitari di II livello in: \u201cDiritto dell\u2019Informatica e Teoria e Tecnica della Normazione\u201d (Universit\u00e0 di Roma \u201cSapienza\u201d); \u201cData Protection Officer e diritto della Privacy\u201d (Universit\u00e0 di Napoli \u201cSuor Orsola Benincasa\u201d); \u201cInternet of the Humans and Things\u201d (Universit\u00e0 di Roma \u201cTor Vergata\u201d).<\/p>\n<\/div>\n<div>\n<p>Titolare degli insegnamenti \u201cInformatica Giuridica\u201d, \u201cInformatica Forense\u201d e \u201ccomputer Law \u2013 Digital forensics\u201d presso il DIEE dell\u2019Universit\u00e0 degli Studi di Cagliari.<\/p>\n<\/div>\n<div>\n<p>Membro del Direttivo ANDIG (Associazione Nazionale dei Docenti di Informatica Giuridica e di Diritto dell\u2019Informatica) e membro del CNIT (Consorzio Nazionale Interuniversitario per le Telecomunicazioni).<\/p>\n<\/div>\n<div>\n<p>Co-Direttore della collana \u201cDiritto dell\u2019Informatica e delle Nuove Tecnologie\u201d (Edizioni Key) e componente del comitato editoriale di alcune riviste scientifiche.<\/p>\n<\/div>\n<div>\n<p>I suoi Principali temi di ricerca sono la protezione dei dati personali, l\u2019Amministrazione digitale, la sanit\u00e0 elettronica, la tutela giuridica del software, Robotica e intelligenza artificiale, reati informatici e digital forensics.<\/p>\n<\/div>\n<div><\/div>\n<div>\n<p>&nbsp;<\/p>\n<\/div>\n<div>\n<p>Massimo Farina is \u00a0Assistant Professor at the Department of Electrical and Electronic Engineering (DIEE), University of Cagliari.\u00a0He obtained the National Scientific Qualification Second Level (Associate professor) for the Sector 12\/H3 &#8211; IUS\/20.<\/p>\n<\/div>\n<div>\n<p>He is Data Protection Officer (DPO) at University of Cagliari and Owner of university laboratory &#8220;<a href=\"https:\/\/ict4forensics.diee.unica.it\/\">ICT4Law &amp; Forensics<\/a>&#8221; at the DIEE, University of Cagliari.<\/p>\n<\/div>\n<div>\n<p>He received a MSc. in Law at the University of Cagliari and a PhD degree in \u201cLaw and New Technologies\u201d at the University of Bologna (CIRSFID). Moreover, Massimo Farina obtained the Second level Masters in \u201cComputer law, theory and technique of legislation\u201d (University of Roma, \u201cSapienza\u201d), in \u201cData Protection Officer and privacy law\u201d (university of Napoli, \u201cSuor Orsola Benincasa\u201d) and \u201cInternet of Humans and Things\u201d (University of Roma, \u201cTor Vergata\u201d).<\/p>\n<\/div>\n<div>\n<p>Adjunct Professor of &#8220;Legal Computer Science&#8221; and &#8220;Computer law \u2013 Digital Forensics&#8221; at DIEE, University of Cagliari.<\/p>\n<\/div>\n<div>\n<p>Member of Direttivo ANDIG (Associazione Nazionale dei Docenti di Informatica Giuridica e di Diritto dell\u2019Informatica) and member of CNIT (Consorzio Nazionale Interuniversitario per le Telecomunicazioni).<\/p>\n<\/div>\n<div>\n<p>Co-Director of the series &#8220;Information Technology and New Technologies&#8221; Key Editions and member of the editorial committee of various the Scientific Journals.<\/p>\n<\/div>\n<div>\n<p>Massimo Farina main research topics concern personal data protection, e-government, e-health, legal protection of software, artificial intelligence and robotics, computer crimes and digital forensics.<\/p>\n<\/div>\n<p>&nbsp;<\/p>\n<p><img loading=\"lazy\" decoding=\"async\" class=\"alignnone wp-image-101\" src=\"http:\/\/sites.unica.it\/ruleoflaw\/files\/2024\/01\/Immagine-WhatsApp-2023-11-03-ore-20.28.56_a35ba79b2.jpg\" alt=\"\" width=\"228\" height=\"228\" srcset=\"https:\/\/sites.unica.it\/ruleoflaw\/files\/2024\/01\/Immagine-WhatsApp-2023-11-03-ore-20.28.56_a35ba79b2.jpg 1009w, https:\/\/sites.unica.it\/ruleoflaw\/files\/2024\/01\/Immagine-WhatsApp-2023-11-03-ore-20.28.56_a35ba79b2-300x300.jpg 300w, https:\/\/sites.unica.it\/ruleoflaw\/files\/2024\/01\/Immagine-WhatsApp-2023-11-03-ore-20.28.56_a35ba79b2-150x150.jpg 150w, https:\/\/sites.unica.it\/ruleoflaw\/files\/2024\/01\/Immagine-WhatsApp-2023-11-03-ore-20.28.56_a35ba79b2-768x769.jpg 768w\" sizes=\"auto, (max-width: 228px) 100vw, 228px\" \/><\/p>\n<p><strong>Beatrice Sanna<\/strong> \u00e8 borsista di ricerca per il progetto RoL. Si \u00e8 da poco laureata in Relazioni Internazionali presso l\u2019Universit\u00e0 degli studi di Cagliari, dopo un percorso accademico caratterizzato da diverse esperienze internazionali, tra cui due soggiorni di studio semestrali in Belgio ed in Francia, nonch\u00e9 un tirocinio svolto presso il Consolato Generale d\u2019Italia a Boston. Beatrice nutre un profondo interesse per l\u2019Unione Europea e le organizzazioni internazionali in generale, con particolare riferimento ai diritti umani.<\/p>\n<p>Beatrice Sanna is a research fellow within the RoL project. She is a recent graduate in International Relations from the University of Cagliari. In the course of her academic career, Beatrice has carried out international experiences, including two semesters in Belgium and France, as well as an internship at the Consulate General of Italy in Boston. Beatrice has a strong interest in the European Union and international organizations in general, with a special focus on human rights.<\/p>\n","protected":false},"excerpt":{"rendered":"<p>Luca Pantaleo \u00e8 Coordinatore scientifico del progetto RoL. Luca \u00e8 Professore Associato di Diritto dell&#8217;Unione europea presso l&#8217;Universit\u00e0 di Cagliari. In precedenza, ha ricoperto molteplici incarichi accademici presso diverse istituzioni straniere, quali l&#8217;Universit\u00e0 de L&#8217;Aja, l&#8217;Asser Institute e l&#8217;Universit\u00e0 del Lussemburgo, in cui ha svolto attivit\u00e0 didattica e di ricerca. Ha svolto, inoltre, soggiorni di [&hellip;]<\/p>\n","protected":false},"author":4360,"featured_media":0,"parent":0,"menu_order":0,"comment_status":"closed","ping_status":"closed","template":"","meta":{"footnotes":""},"class_list":["post-9","page","type-page","status-publish","hentry"],"_links":{"self":[{"href":"https:\/\/sites.unica.it\/ruleoflaw\/wp-json\/wp\/v2\/pages\/9","targetHints":{"allow":["GET"]}}],"collection":[{"href":"https:\/\/sites.unica.it\/ruleoflaw\/wp-json\/wp\/v2\/pages"}],"about":[{"href":"https:\/\/sites.unica.it\/ruleoflaw\/wp-json\/wp\/v2\/types\/page"}],"author":[{"embeddable":true,"href":"https:\/\/sites.unica.it\/ruleoflaw\/wp-json\/wp\/v2\/users\/4360"}],"replies":[{"embeddable":true,"href":"https:\/\/sites.unica.it\/ruleoflaw\/wp-json\/wp\/v2\/comments?post=9"}],"version-history":[{"count":12,"href":"https:\/\/sites.unica.it\/ruleoflaw\/wp-json\/wp\/v2\/pages\/9\/revisions"}],"predecessor-version":[{"id":110,"href":"https:\/\/sites.unica.it\/ruleoflaw\/wp-json\/wp\/v2\/pages\/9\/revisions\/110"}],"wp:attachment":[{"href":"https:\/\/sites.unica.it\/ruleoflaw\/wp-json\/wp\/v2\/media?parent=9"}],"curies":[{"name":"wp","href":"https:\/\/api.w.org\/{rel}","templated":true}]}}