{"id":1842,"date":"2014-06-22T17:51:44","date_gmt":"2014-06-22T17:51:44","guid":{"rendered":"http:\/\/sites.unica.it\/rpct\/?page_id=1842"},"modified":"2016-07-22T10:03:17","modified_gmt":"2016-07-22T10:03:17","slug":"staff-3","status":"publish","type":"page","link":"https:\/\/sites.unica.it\/rpct\/staff-3\/","title":{"rendered":"Staff"},"content":{"rendered":"<h4>it<\/h4><p><\/p>\n<p><b>Collaboratori principali:<\/b><\/p>\n<ul>\n<li><b><b><a href=\"http:\/\/sites.unica.it\/rpct\/files\/2014\/06\/raffo.jpg\"><img loading=\"lazy\" decoding=\"async\" class=\"wp-image-2339 alignright\" src=\"http:\/\/sites.unica.it\/rpct\/files\/2014\/06\/raffo.jpg\" alt=\"raffo\" width=\"170\" height=\"170\" srcset=\"https:\/\/sites.unica.it\/rpct\/files\/2014\/06\/raffo.jpg 200w, https:\/\/sites.unica.it\/rpct\/files\/2014\/06\/raffo-150x150.jpg 150w\" sizes=\"auto, (max-width: 170px) 100vw, 170px\" \/><\/a>Prof. Luigi Raffo (<a href=\"https:\/\/www.google.it\/url?sa=t&amp;rct=j&amp;q=&amp;esrc=s&amp;source=web&amp;cd=1&amp;cad=rja&amp;uact=8&amp;ved=0CCEQFjAAahUKEwi0xvSGmqPHAhUEvRQKHQwZCr0&amp;url=https%3A%2F%2Fit.linkedin.com%2Fin%2Fluigiraffo&amp;ei=KQ7LVfSNMIT6UoyyqOgL&amp;usg=AFQjCNGmqO4pu2upeHt7dYjSpHXSAqhOcw&amp;sig2=bvzWRYdH27RauT1uUouE7w&amp;bvm=bv.99804247,d.d24\">linkedIn<\/a>, <a href=\"https:\/\/www.google.it\/url?sa=t&amp;rct=j&amp;q=&amp;esrc=s&amp;source=web&amp;cd=1&amp;cad=rja&amp;uact=8&amp;ved=0CCEQFjAAahUKEwiQxKCZmqPHAhVDXBQKHe3YB_4&amp;url=http%3A%2F%2Fwww.researchgate.net%2Fprofile%2FLuigi_Raffo&amp;ei=UA7LVZDcD8O4Ue2xn_AP&amp;usg=AFQjCNGHa5yrnQduIJmWF-tqk6VFNOs5cw&amp;sig2=WqnXZpVutvD_2xZxd5s1ow&amp;bvm=bv.99804247,d.d24\">researchGate<\/a>): <\/b><\/b>il Prof. Luigi Raffo \u00e8 professore ordinario di Elettronica al Dipartimento di Ingegneria Elettrica ed Elettronica dell\u2019Universit\u00e0 di Cagliari. Ha conseguito la laurea in Ingegneria Elettronica all\u2019Universit\u00e0 di Genova nel 1989 e il titolo di dottorato in Elettronica ed Informatica nella stessa universit\u00e0 nel 1994. Nello stesso anno \u00e8 entrato a far parte del Dipartimento di Ingegneria Elettrica ed Elettronica dell\u2019Universit\u00e0 di Cagliari come ricercatore, nel 1998 \u00e8 diventato professore associato e dal 2006 \u00e8 professore ordinario di Elettronica. Il prof Raffo tiene un corso sulla progettazione di sistemi elettronici analogici e digitali e sulle architetture di processori per i corsi di studi in Ingegneria Elettronica e Biomedica. \u00c8 stato responsabile del progetto EU IST-FET &#8211; IST &#8211; 2001-39266 &#8211; BEST e coordinatore di un\u2019unit\u00e0 del progetto IST-FET &#8211; SHAPES &#8211; Scalable Software Hardware Architecture Platform for Embedded Systems e di diversi progetti industriali (tra gli altri: ST-Microelectronics &#8211; Extension of ST200 architecture for ARM binary compatibility, STMicroelectronics &#8211; Network on chip). \u00c8 responsabile di diversi programmi di collaborazione nel campo dei sistemi embedded con varie universit\u00e0 europee. \u00c8 stato coordinatore del progetto europeo MADNESS (FP7\/2007-2013) e coordinatore locale dei progetti ASAM (ARTEMIS-JU) e ALBA (progetto finanziato a livello nazionale) e leader del progetto RPCT (progetto finanziato a livello regionale).<\/li>\n<\/ul>\n<ul>\n<li><b><a href=\"http:\/\/sites.unica.it\/rpct\/files\/2014\/06\/palumbo.jpg\"><img loading=\"lazy\" decoding=\"async\" class=\" wp-image-2338 alignright\" src=\"http:\/\/sites.unica.it\/rpct\/files\/2014\/06\/palumbo.jpg\" alt=\"palumbo\" width=\"170\" height=\"154\" srcset=\"https:\/\/sites.unica.it\/rpct\/files\/2014\/06\/palumbo.jpg 307w, https:\/\/sites.unica.it\/rpct\/files\/2014\/06\/palumbo-300x273.jpg 300w\" sizes=\"auto, (max-width: 170px) 100vw, 170px\" \/><\/a>Dr. Francesca Palumbo (<a href=\"https:\/\/www.linkedin.com\/profile\/view?id=64543539&amp;authType=name&amp;authToken=1zml&amp;goback=&amp;trk=abook_conn\">linkedIn<\/a>, <a href=\"http:\/\/www.researchgate.net\/profile\/Francesca_Palumbo\">researchGate<\/a>):<\/b> la Dr. Francesca Palumbo \u00e8 una ricercatrice a tempo determinato dell\u2019Universit\u00e0 di Sassari, presso l\u2019unit\u00e0 di Ingegneria dell\u2019Informazione del dipartimento PolComIng. Ha conseguito la laurea in Ingegneria Elettronica all\u2019Universit\u00e0 di Cagliari nel 2005, un master in Progettazione di Sistemi Embedded nel 2006 presso l\u2019Advanced Learning and Research Institute dell\u2019Universit\u00e0 di Lugano (Svizzera) e il dottorato in Ingegneria Elettronica e Informatica all\u2019Universit\u00e0 di Cagliari nel 2010. La sua attivit\u00e0 di ricerca \u00e8 principalmente volta alla progettazione di sistemi riconfigurabili e allo sviluppo di tool per la generazione automatica architetture hardware riconfigurabili avanzate. Nel campo della progettazione di sistemi riconfigurabili, ha ricevuto un Best Paper Award alla Conference on Design and Architectures for Signal and Image Processing nel 2011, con il lavoro intitolato \u201cThe Multi-Dataflow Composer tool: A runtime reconfigurable HDL platform composer\u201d.<\/li>\n<\/ul>\n<ul>\n<li><a href=\"http:\/\/sites.unica.it\/rpct\/files\/2014\/06\/sau.jpg\"><img loading=\"lazy\" decoding=\"async\" class=\" wp-image-2341 alignright\" src=\"http:\/\/sites.unica.it\/rpct\/files\/2014\/06\/sau.jpg\" alt=\"?????????????\" width=\"163\" height=\"170\" \/><\/a><b>Carlo Sau (<a href=\"https:\/\/www.linkedin.com\/in\/carlo-sau-90402151\">linkedIn<\/a>, <a href=\"http:\/\/www.researchgate.net\/profile\/Carlo_Sau\">researchGate<\/a>):<\/b> Carlo Sau \u00e8 uno studente di dottorato dell\u2019Universit\u00e0 di Cagliari. Ha conseguito la laurea in Ingegneria Elettronica all\u2019Universit\u00e0 di Cagliari nel 2012. A ottobre dello stesso anno ha iniziato una borsa di ricerca della durata di 3 mesi riguardante le metodologie per la generazione automatica di piattaforme riconfigurabili basate sul dataflow, argomento che sta portando avanti durante il suo dottorato iniziato a gennaio 2013. La sua attivit\u00e0 di ricerca si focalizza principalmente sulla progettazione di sistemi riconfigurabili e sullo sviluppo di tool per la generazione automatica di architetture hardware riconfigurabili.<\/li>\n<\/ul>\n<ul>\n<li><b><a href=\"http:\/\/sites.unica.it\/rpct\/files\/2014\/06\/fanni.jpg\"><img loading=\"lazy\" decoding=\"async\" class=\" wp-image-2336 alignright\" src=\"http:\/\/sites.unica.it\/rpct\/files\/2014\/06\/fanni.jpg\" alt=\"fanni\" width=\"170\" height=\"170\" srcset=\"https:\/\/sites.unica.it\/rpct\/files\/2014\/06\/fanni.jpg 337w, https:\/\/sites.unica.it\/rpct\/files\/2014\/06\/fanni-150x150.jpg 150w, https:\/\/sites.unica.it\/rpct\/files\/2014\/06\/fanni-300x300.jpg 300w\" sizes=\"auto, (max-width: 170px) 100vw, 170px\" \/><\/a>Tiziana Fanni (<a href=\"https:\/\/www.linkedin.com\/profile\/view?id=374984711&amp;authType=name&amp;authToken=bO6t&amp;trk=hp-props-feed-member-photo&amp;sl=NPU_JC%3B1821895241439371174052%3B-1%3Bactivity%3A6035710337393664000%3B3%3B0%3B\">linkedIn<\/a>,\u00a0<a href=\"https:\/\/www.researchgate.net\/profile\/Tiziana_Fanni2\">researchGate<\/a>):<\/b> Tiziana Fanni \u00e8 una studentessa di dottorato presso il Dipartimento di Ingegneria Elettrica e Elettronica dell\u2019Universit\u00e0 degli Studi di Cagliari. Ha conseguito la laurea in Ingegneria Elettronica presso l\u2019Universit\u00e0 degli Studi di Cagliari nel 2014. Nel Giugno dello stesso anno ha iniziato una borsa di ricerca riguardante le metodologie per il risparmio del consumo di potenza in sistemi riconfigurabili basati sul modello dataflow. La sua attivit\u00e0 di ricerca di focalizza sulla progettazione di sistemi riconfigurabili e sullo sviluppo di tool per la generazione automatica di architetture hardware riconfigurabili a basso consumo di potenza.<\/li>\n<\/ul>\n<p>&nbsp;<\/p>\n<p><b>Altri collaboratori:<\/b><\/p>\n<ul>\n<li><b>Roberto Puddu<\/b><\/li>\n<li><b>Andrea Ulgheri<\/b><\/li>\n<li><b>Giovanni Pietro Seu<\/b><\/li>\n<li><b>Ali El Rachini<\/b><\/li>\n<\/ul>\n<hr \/>\n<p>&nbsp;<\/p>\n<p><a href=\"http:\/\/sites.unica.it\/rpct\/contact-us\/\">Contattaci<\/a><\/p>\n<p><\/p><h4>en<\/h4><p><\/p>\n<p><b>Main contributors:<\/b><\/p>\n<ul>\n<li><b><b><a href=\"http:\/\/sites.unica.it\/rpct\/files\/2014\/06\/raffo.jpg\"><img loading=\"lazy\" decoding=\"async\" class=\" wp-image-2339 alignright\" src=\"http:\/\/sites.unica.it\/rpct\/files\/2014\/06\/raffo.jpg\" alt=\"raffo\" width=\"170\" height=\"170\" srcset=\"https:\/\/sites.unica.it\/rpct\/files\/2014\/06\/raffo.jpg 200w, https:\/\/sites.unica.it\/rpct\/files\/2014\/06\/raffo-150x150.jpg 150w\" sizes=\"auto, (max-width: 170px) 100vw, 170px\" \/><\/a>Prof. Luigi Raffo (<a href=\"https:\/\/www.google.it\/url?sa=t&amp;rct=j&amp;q=&amp;esrc=s&amp;source=web&amp;cd=1&amp;cad=rja&amp;uact=8&amp;ved=0CCEQFjAAahUKEwi0xvSGmqPHAhUEvRQKHQwZCr0&amp;url=https%3A%2F%2Fit.linkedin.com%2Fin%2Fluigiraffo&amp;ei=KQ7LVfSNMIT6UoyyqOgL&amp;usg=AFQjCNGmqO4pu2upeHt7dYjSpHXSAqhOcw&amp;sig2=bvzWRYdH27RauT1uUouE7w&amp;bvm=bv.99804247,d.d24\">linkedIn<\/a>, <a href=\"https:\/\/www.google.it\/url?sa=t&amp;rct=j&amp;q=&amp;esrc=s&amp;source=web&amp;cd=1&amp;cad=rja&amp;uact=8&amp;ved=0CCEQFjAAahUKEwiQxKCZmqPHAhVDXBQKHe3YB_4&amp;url=http%3A%2F%2Fwww.researchgate.net%2Fprofile%2FLuigi_Raffo&amp;ei=UA7LVZDcD8O4Ue2xn_AP&amp;usg=AFQjCNGHa5yrnQduIJmWF-tqk6VFNOs5cw&amp;sig2=WqnXZpVutvD_2xZxd5s1ow&amp;bvm=bv.99804247,d.d24\">researchGate<\/a>):<\/b><\/b> Prof. Luigi Raffo is full professor of Electronics at the Department of Electrical and Electronic Engineering &#8211; University of Cagliari (Italy). He received the \u201claurea degree\u201d in Electronic Engineering at University of Genova (ITALY) in 1989, the PhD degree in Electronics and Computer Science at the same university in 1994. In 1994 he joined the Department of Electrical and Electronic Engineering of University of Cagliari (ITALY) as assistant professor, in 1998 became an associate professor and from 2006 he is a full professor of electronics. He teaches courses on system\/digital and analog electronic design and processor architectures for the Courses of studies in Electronic and Biomedical Engineering. He was coordinator of the project EU IST-FET &#8211; IST &#8211; 2001-39266 &#8211; BEST and he was unit coordinator of the project EU IST-FET &#8211; SHAPES &#8211; Scalable Software Hardware Architecture Platform for Embedded Systems. He has been local coordinator of several industrial projects (among others: ST-Microelectronics &#8211; Extension of ST200 architecture for ARM binary compatibility, STMicroelectronics &#8211; Network on chip). He is responsible for cooperation programs in the field of embedded systems with several other European Universities. He was coordinator of the MADNESS EU Project (FP7\/2007-2013) and local coordinator in the ASAM (ARTEMIS-JU) and ALBA projects (national founded project) and the leader of the RPCT project (regional founded project).<\/li>\n<\/ul>\n<ul>\n<li><b><a href=\"http:\/\/sites.unica.it\/rpct\/files\/2014\/06\/palumbo.jpg\"><img loading=\"lazy\" decoding=\"async\" class=\" wp-image-2338 alignright\" src=\"http:\/\/sites.unica.it\/rpct\/files\/2014\/06\/palumbo.jpg\" alt=\"palumbo\" width=\"170\" height=\"154\" srcset=\"https:\/\/sites.unica.it\/rpct\/files\/2014\/06\/palumbo.jpg 307w, https:\/\/sites.unica.it\/rpct\/files\/2014\/06\/palumbo-300x273.jpg 300w\" sizes=\"auto, (max-width: 170px) 100vw, 170px\" \/><\/a>Dr. Francesca Palumbo (<a href=\"https:\/\/www.linkedin.com\/profile\/view?id=64543539&amp;authType=name&amp;authToken=1zml&amp;goback=&amp;trk=abook_conn\">linkedIn<\/a>, <a href=\"http:\/\/www.researchgate.net\/profile\/Francesca_Palumbo\">researchGate<\/a>):<\/b> Dr. Francesca Palumbo is currently an assistant professor at the University of Sassari, within the Information Engineering unit of the PolComIng Department. She received her \u201claurea degree\u201d in Electronic Engineering in 2005 at the University of Cagliari, the Master Advanced in Embedded System Design in 2006 at the Advanced Learning and Research Institute of the University of Lugano and the Ph.D. in Electronic at the University of Cagliari in 2010. Her research focus is related to reconfigurable system design and development of code generation tools for advanced reconfigurable hardware architectures. In the field of dataflow-based programming and dataflow-based tools she has received a Best Paper Award at the Conference on Design and Architectures for Signal and Image Processing 2011 for her work entitled \u201cThe Multi-Dataflow Composer tool: A runtime reconfigurable HDL platform composer\u201d.<\/li>\n<\/ul>\n<ul>\n<li><b><a href=\"http:\/\/sites.unica.it\/rpct\/files\/2014\/06\/sau.jpg\"><img loading=\"lazy\" decoding=\"async\" class=\" wp-image-2341 alignright\" src=\"http:\/\/sites.unica.it\/rpct\/files\/2014\/06\/sau.jpg\" alt=\"?????????????\" width=\"163\" height=\"170\" \/><\/a>Carlo Sau (<a href=\"https:\/\/www.linkedin.com\/in\/carlo-sau-90402151\">linkedIn<\/a>, <a href=\"http:\/\/www.researchgate.net\/profile\/Carlo_Sau\">researchGate<\/a>):<\/b> Carlo Sau is currently a Ph.D. student at the University of Cagliari. He received his degree in Electronic Engineering in 2012 at the University of Cagliari. In October 2012, he started a 3 months research grant involving automated methodologies for dataflow-based reconfigurable platforms generation, the same subject that he is currently carrying on during its PhD. His main research focus is related to reconfigurable system design and development of code generation tools for advanced reconfigurable hardware architectures.<\/li>\n<\/ul>\n<ul>\n<li><b><a href=\"http:\/\/sites.unica.it\/rpct\/files\/2014\/06\/fanni.jpg\"><img loading=\"lazy\" decoding=\"async\" class=\" wp-image-2336 alignright\" src=\"http:\/\/sites.unica.it\/rpct\/files\/2014\/06\/fanni.jpg\" alt=\"fanni\" width=\"170\" height=\"170\" srcset=\"https:\/\/sites.unica.it\/rpct\/files\/2014\/06\/fanni.jpg 337w, https:\/\/sites.unica.it\/rpct\/files\/2014\/06\/fanni-150x150.jpg 150w, https:\/\/sites.unica.it\/rpct\/files\/2014\/06\/fanni-300x300.jpg 300w\" sizes=\"auto, (max-width: 170px) 100vw, 170px\" \/><\/a>Tiziana Fanni (<a href=\"https:\/\/www.linkedin.com\/profile\/view?id=374984711&amp;authType=name&amp;authToken=bO6t&amp;trk=hp-props-feed-member-photo&amp;sl=NPU_JC%3B1821895241439371174052%3B-1%3Bactivity%3A6035710337393664000%3B3%3B0%3B\">linkedIn<\/a>,\u00a0<a href=\"https:\/\/www.researchgate.net\/profile\/Tiziana_Fanni2\">researchGate<\/a>):<\/b> Tiziana Fanni is currently a Ph.D student at the Department of Electrical and Electronic Engineering &#8211; University of Cagliari (Italy). She received her degree in Electronic Engineering in 2014 at the University of Cagliari. In June 2014 she started a research grant related to power saving methodologies in dataflow-based reconfigurable platforms. Her main research focus is related to reconfigurable systems design and development of code generation tools for low power reconfigurable hardware architectures.<\/li>\n<\/ul>\n<p>&nbsp;<\/p>\n<p><b>Other contributors:<\/b><\/p>\n<ul>\n<li><b><b>Roberto Puddu<\/b><\/b><\/li>\n<li><b>Andrea Ulgheri<\/b><\/li>\n<li><b>Giovanni Pietro Seu<\/b><\/li>\n<li><b>Ali El Rachini<\/b><\/li>\n<\/ul>\n<hr \/>\n<p><a href=\"http:\/\/sites.unica.it\/rpct\/contact-us\/\">Contact Us<\/a><\/p>\n<p>&nbsp;<\/p>","protected":false},"excerpt":{"rendered":"<p>it Collaboratori principali: Prof. Luigi Raffo (linkedIn, researchGate): il Prof. Luigi Raffo \u00e8 professore ordinario di Elettronica al Dipartimento di Ingegneria Elettrica ed Elettronica dell\u2019Universit\u00e0 di Cagliari. Ha conseguito la laurea in Ingegneria Elettronica all\u2019Universit\u00e0 di Genova nel 1989 e il titolo di dottorato in Elettronica ed Informatica nella stessa universit\u00e0 nel 1994. Nello stesso &hellip; <a href=\"https:\/\/sites.unica.it\/rpct\/staff-3\/\" class=\"more-link\">Continua la lettura di <span class=\"screen-reader-text\">Staff<\/span> <span class=\"meta-nav\">&rarr;<\/span><\/a><\/p>\n","protected":false},"author":2556,"featured_media":0,"parent":0,"menu_order":0,"comment_status":"closed","ping_status":"closed","template":"","meta":{"footnotes":""},"class_list":["post-1842","page","type-page","status-publish","hentry"],"_links":{"self":[{"href":"https:\/\/sites.unica.it\/rpct\/wp-json\/wp\/v2\/pages\/1842","targetHints":{"allow":["GET"]}}],"collection":[{"href":"https:\/\/sites.unica.it\/rpct\/wp-json\/wp\/v2\/pages"}],"about":[{"href":"https:\/\/sites.unica.it\/rpct\/wp-json\/wp\/v2\/types\/page"}],"author":[{"embeddable":true,"href":"https:\/\/sites.unica.it\/rpct\/wp-json\/wp\/v2\/users\/2556"}],"replies":[{"embeddable":true,"href":"https:\/\/sites.unica.it\/rpct\/wp-json\/wp\/v2\/comments?post=1842"}],"version-history":[{"count":13,"href":"https:\/\/sites.unica.it\/rpct\/wp-json\/wp\/v2\/pages\/1842\/revisions"}],"predecessor-version":[{"id":2431,"href":"https:\/\/sites.unica.it\/rpct\/wp-json\/wp\/v2\/pages\/1842\/revisions\/2431"}],"wp:attachment":[{"href":"https:\/\/sites.unica.it\/rpct\/wp-json\/wp\/v2\/media?parent=1842"}],"curies":[{"name":"wp","href":"https:\/\/api.w.org\/{rel}","templated":true}]}}