{"id":1761,"date":"2014-06-03T08:37:02","date_gmt":"2014-06-03T08:37:02","guid":{"rendered":"http:\/\/sites.unica.it\/rpct\/?page_id=1761"},"modified":"2015-09-15T09:48:51","modified_gmt":"2015-09-15T09:48:51","slug":"additional-features-power-saving","status":"publish","type":"page","link":"https:\/\/sites.unica.it\/rpct\/risultati-ricerca\/additional-features-2\/additional-features-power-saving\/","title":{"rendered":"Power Saving"},"content":{"rendered":"<h4>it<\/h4><p><\/p>\n<p>Nelle \u00a0architetture riconfigurabili a grana grossa, quando viene eseguita un\u2019applicazione la parte del design non necessario alla computazione spreca potenza. In particolare il consumo di potenza \u00e8 composto da due termini, dinamico e statico. \u00a0Il primo \u00e8 dovuto invece alla corrente derivante dal caricamento e scaricamento continuo della capacit\u00e0 di carico durante le transizioni. Il secondo \u00e8 dovuto alle correnti di leakage, \u00a0ed \u00e8 presente anche quando non ci sono transizioni di stato. Le due tecniche pi\u00f9 efficaci nella limitazione della potenza dinamica e statica sono rispettivamente clock gating e power gating. Il clock gating \u00e8 una tecnica che consiste nel disattivare il clock della logica non coinvolta nella computazione, mentre il power gating consiste nello scollegare l\u2019alimentazione alla logica non utilizzata.<\/p>\n<p>MDC integra un sistema automatico per la gestione della dissipazione di potenza, basato sulle tecniche di clock gating e power gating, che identifica le regioni logiche omogenee nel design e le attiva\/disattiva, preservando la correttezza della computazione.<\/p>\n<p><a href=\"http:\/\/sites.unica.it\/rpct\/files\/2014\/06\/imgo.jpeg\"><img loading=\"lazy\" decoding=\"async\" class=\"alignnone size-full wp-image-2373\" src=\"http:\/\/sites.unica.it\/rpct\/files\/2014\/06\/imgo.jpeg\" alt=\"imgo\" width=\"800\" height=\"456\" srcset=\"https:\/\/sites.unica.it\/rpct\/files\/2014\/06\/imgo.jpeg 800w, https:\/\/sites.unica.it\/rpct\/files\/2014\/06\/imgo-300x171.jpeg 300w\" sizes=\"auto, (max-width: 800px) 100vw, 800px\" \/><\/a><\/p>\n<p>&nbsp;<\/p>\n<p>Le fasi che concorrono all\u2019implementazione automatica della gestione della dissipazione di potenza, schematizzate in figura, sono:<\/p>\n<ul>\n<li><b>Logic regions identification<\/b>: \u00a0durante questa fase MDC analizza le specifiche dataflow in ingresso ed estrae da esse gli insiemi di risorse che da un punto di vista funzionale sono sempre attive\/inattive insieme; questi insiemi sono chiamati regioni logiche (LR). L\u2019identificazione delle LR consente al progettista di gestire l\u2019attivazione della logica a un livello di grana grossa, invece che a un livello di grana fine (cio\u00e8 operando sul singolo attore).<\/li>\n<li><b>Power saving<\/b>:\n<ul>\n<li><b>clock gating: \u00a0<\/b>la gestione del clock gating viene implementata su tecnologia ASIC per mezzo di semplici porte <i>and, <\/i>chiamate celle di clock gating, che prendono come input il clock di sistema. Quando la funzionalit\u00e0 di clock gating \u00e8 abilitata, l\u2019output della cella di clock gating \u00e8 basso, e le transizioni logiche della corrispondente LR associate al clock non avvengono pi\u00f9. Su FPGA l\u2019implementazione del clock gating richiede l\u2019utilizzo di specifici moduli presenti sulla scheda. Questi moduli sono in numero limitato e potrebbero non essere sufficienti per tutte le LR identificate dal tool. MDC gestisce anche questo aspetto: se il numero dei moduli \u00e8 inferiore a quello delle LR, il tool accorpa alcune LR tentando di minimizzare comunque l\u2019overhead di dissipazione dovuto a queste regioni sub-ottimali.<\/li>\n<li><b>power gating: <\/b>l\u2019implementazione del power gating richiede diversa logica addizionale (sleep transistors per accendere\/spegnere l\u2019alimentazione, isolation cells per evitare la trasmissione di segnali spuri in input a celle normalmente accese, e state retention cells per salvare lo stato interno delle regioni spente). Questa logica viene inserita per mezzo di un file di power format (il Common Power Format (CPF) promosso dalla Silicon Integration Initiative), che consente ai progettisti di specificare i requisiti di potenza in fase di progettazione, senza dover modificare direttamente l\u2019RTL. In base alle LR identificate e alla loro composizione, MDC scrive il file CPF che contiene tutte le necessarie informazioni relative ai requisiti di potenza. Inoltre genera automaticamente un Power Controller che pilota tutti i segnali necessari ad abilitare la logica di power gating.<\/li>\n<\/ul>\n<\/li>\n<\/ul>\n<p>Per maggiori dettagli riguardo gli algoritmi implementati da MDC per identificare le regioni logiche e minimizzare la potenza delle stesse sono consultabili i seguenti articoli: <a href=\"http:\/\/sites.unica.it\/rpct\/power-awarness-in-coarse-grained-reconfigurable-designs-a-dataflow-based-strategy\/\">Power-Awarness in Coarse-Grained Reconfigurable Designs: a Dataflow Based Strategy<\/a>, <a href=\"http:\/\/sites.unica.it\/rpct\/coarse-grained-reconfiguration-dataflow-based-power-management\/\">Coarse-Grained Reconfiguration: Dataflow-Based Power Management<\/a>, <a href=\"http:\/\/sites.unica.it\/rpct\/automated-power-gating-methodology-for-dataflow-based-reconfigurable-systems\/\">Automated Power Gating Methodology for Dataflow-Based Reconfigurable Systems<\/a>, <a href=\"http:\/\/sites.unica.it\/rpct\/early-stage-automatic-strategy-for-power-aware-signal-processing-systems-design\/\">Early Stage Automatic Strategy for Power-Aware Signal Processing Systems<\/a>.<\/p>\n<hr \/>\n<p><a title=\"Additional features\" href=\"http:\/\/sites.unica.it\/rpct\/risultati-ricerca\/additional-features-2\/\">Torna a Additional Feautres<\/a><\/p>\n<p><\/p><h4>en<\/h4><p><\/p>\n<p>Within a coarse-grained reconfigurable architectures when an application is executed the parts of the design not involved in the computation waste power. \u00a0In particular, power consumption is determined by two different contributions: dynamic and static. The former is due to capacitance charging\/discharging when logic transitions occur. The latter is due to leakage currents and it is consumed even when the circuit is not switching. Two of the most effective techniques in saving dynamic and static power are clock gating and power gating. Clock gating consists in switching off the clock of the logic not involved in the computation, while power gating consists in shutting down the supply voltage.<\/p>\n<p>MDC features an automated power management technique, based on clock gating and power gating techniques, which identifies the homogenous logic regions in the design and enables\/disables them at the same time, preserving the overall computing correctness.<\/p>\n<p><a href=\"http:\/\/sites.unica.it\/rpct\/files\/2014\/06\/imgo.jpeg\"><img loading=\"lazy\" decoding=\"async\" class=\"alignnone size-full wp-image-2373\" src=\"http:\/\/sites.unica.it\/rpct\/files\/2014\/06\/imgo.jpeg\" alt=\"imgo\" width=\"800\" height=\"456\" srcset=\"https:\/\/sites.unica.it\/rpct\/files\/2014\/06\/imgo.jpeg 800w, https:\/\/sites.unica.it\/rpct\/files\/2014\/06\/imgo-300x171.jpeg 300w\" sizes=\"auto, (max-width: 800px) 100vw, 800px\" \/><\/a><\/p>\n<p>&nbsp;<\/p>\n<p>&nbsp;<\/p>\n<p>The steps of the power management flow, depicted in figure, are:<\/p>\n<ul>\n<li><strong>Logic regions identification:<\/strong> \u00a0during this step MDC analyses the input dataflow models and extract from them the sets of resources that, from the functional point of view, are active\/inactive together; these sets are called logic regions (LR). LRs identification allows the designer to manage the logic activation at a coarse grain level, instead of at the fine grain (single actor) one.<\/li>\n<li><strong>Power saving:<\/strong>\n<ul>\n<li><strong>clock gating:<\/strong> \u00a0clock gating management on ASIC technology is implemented by means of simple and gates, called clock gating cells, which take as input the main clock signal. When the clock gating feature is enabled, the clock gating cell output is zero, and the logic transitions associated to the clock signal (within the considered LR) do not occur anymore. On FPGA clock gating implementations requires the utilization of dedicated modules available on the board. These modules are limited in number and, in some cases, can be not enough for all the identified LRs. MDC manages this issue; if these modules are less than the number of LRs, the tool joins some LRs aiming at the minimization of the power dissipation overhead due to the sub-optimal LR.<\/li>\n<li><strong>power gating:<\/strong> power gating implementation requires a lot more additional logic (sleep transistors to switch on\/off the power supply, isolation cells to avoid the transmission of spurious signals in input to the normally-on cells and state retention logic to maintain the internal state of the gated region). This logic is inserted by means of a power format file (the Silicon Integration Initiative&#8217;s Common Power Format (CPF)), which allows designers specifying power intent early in the design, relieving them from the direct modification of the RTL design. Depending on the identified LRs and their compositions, MDC write a CPF file which contains all the necessary power information. Furthermore it generates a Power Controller that drives all the enable signals necessary to the power gating logic.<\/li>\n<\/ul>\n<\/li>\n<\/ul>\n<p>For further details on the algorithms implemented by MDC to identify logic regions and to manage their power consumption, please refer to the following articles: <a href=\"http:\/\/sites.unica.it\/rpct\/power-awarness-in-coarse-grained-reconfigurable-designs-a-dataflow-based-strategy\/\">Power-Awarness in Coarse-Grained Reconfigurable Designs: a Dataflow Based Strategy<\/a>, <a href=\"http:\/\/sites.unica.it\/rpct\/coarse-grained-reconfiguration-dataflow-based-power-management\/\">Coarse-Grained Reconfiguration: Dataflow-Based Power Management<\/a>, <a href=\"http:\/\/sites.unica.it\/rpct\/automated-power-gating-methodology-for-dataflow-based-reconfigurable-systems\/\">Automated Power Gating Methodology for Dataflow-Based Reconfigurable Systems<\/a>, <a href=\"http:\/\/sites.unica.it\/rpct\/early-stage-automatic-strategy-for-power-aware-signal-processing-systems-design\/\">Early Stage Automatic Strategy for Power-Aware Signal Processing Systems<\/a>.<\/p>\n<hr \/>\n<p><a title=\"Additional features\" href=\"http:\/\/sites.unica.it\/rpct\/risultati-ricerca\/additional-features-2\/\">Return to Additional Feautres<\/a><\/p>","protected":false},"excerpt":{"rendered":"<p>it Nelle \u00a0architetture riconfigurabili a grana grossa, quando viene eseguita un\u2019applicazione la parte del design non necessario alla computazione spreca potenza. In particolare il consumo di potenza \u00e8 composto da due termini, dinamico e statico. \u00a0Il primo \u00e8 dovuto invece alla corrente derivante dal caricamento e scaricamento continuo della capacit\u00e0 di carico durante le transizioni. &hellip; <a href=\"https:\/\/sites.unica.it\/rpct\/risultati-ricerca\/additional-features-2\/additional-features-power-saving\/\" class=\"more-link\">Continua la lettura di <span class=\"screen-reader-text\">Power Saving<\/span> <span class=\"meta-nav\">&rarr;<\/span><\/a><\/p>\n","protected":false},"author":2529,"featured_media":0,"parent":2074,"menu_order":1,"comment_status":"closed","ping_status":"closed","template":"","meta":{"footnotes":""},"class_list":["post-1761","page","type-page","status-publish","hentry"],"_links":{"self":[{"href":"https:\/\/sites.unica.it\/rpct\/wp-json\/wp\/v2\/pages\/1761","targetHints":{"allow":["GET"]}}],"collection":[{"href":"https:\/\/sites.unica.it\/rpct\/wp-json\/wp\/v2\/pages"}],"about":[{"href":"https:\/\/sites.unica.it\/rpct\/wp-json\/wp\/v2\/types\/page"}],"author":[{"embeddable":true,"href":"https:\/\/sites.unica.it\/rpct\/wp-json\/wp\/v2\/users\/2529"}],"replies":[{"embeddable":true,"href":"https:\/\/sites.unica.it\/rpct\/wp-json\/wp\/v2\/comments?post=1761"}],"version-history":[{"count":9,"href":"https:\/\/sites.unica.it\/rpct\/wp-json\/wp\/v2\/pages\/1761\/revisions"}],"predecessor-version":[{"id":2374,"href":"https:\/\/sites.unica.it\/rpct\/wp-json\/wp\/v2\/pages\/1761\/revisions\/2374"}],"up":[{"embeddable":true,"href":"https:\/\/sites.unica.it\/rpct\/wp-json\/wp\/v2\/pages\/2074"}],"wp:attachment":[{"href":"https:\/\/sites.unica.it\/rpct\/wp-json\/wp\/v2\/media?parent=1761"}],"curies":[{"name":"wp","href":"https:\/\/api.w.org\/{rel}","templated":true}]}}