{"id":1732,"date":"2014-05-31T17:08:24","date_gmt":"2014-05-31T17:08:24","guid":{"rendered":"http:\/\/sites.unica.it\/rpct\/?page_id=1732"},"modified":"2016-07-22T09:57:06","modified_gmt":"2016-07-22T09:57:06","slug":"international-partners","status":"publish","type":"page","link":"https:\/\/sites.unica.it\/rpct\/international-partners\/","title":{"rendered":"International Partners"},"content":{"rendered":"<h4>it<\/h4><p><\/p>\n<p><a href=\"http:\/\/sites.unica.it\/rpct\/files\/2016\/07\/polcoming_logo.png\"><img loading=\"lazy\" decoding=\"async\" class=\"alignnone wp-image-2425 size-full\" src=\"http:\/\/sites.unica.it\/rpct\/files\/2016\/07\/polcoming_logo.png\" width=\"117\" height=\"117\" \/><\/a><br \/>\n<strong><a href=\"http:\/\/www.ietr.fr\/spip.php?article957\" target=\"_blank\">Dipartimento di Scienze Politiche, Scienze della Comunicazione e Ingegneria dell&#8217;Informazione<\/a>\u00a0<\/strong>(Pol.Com.Ing), presso l&#8217;<a href=\"https:\/\/www.uniss.it\/\"><strong>Universit\u00e0 degli Studi di Sassari<\/strong><\/a>.<br \/>\n<strong>Lavori comuni:<\/strong>\u00a0<a href=\"http:\/\/sites.unica.it\/rpct\/references\/automatic-generation-of-dataflow-based-reconfigurable-co-processing-units\/\">Automatic Generation of Dataflow-Based\u00a0Reconfigurable Co-processing Units<\/a>, <a href=\"http:\/\/sites.unica.it\/rpct\/references\/automated-design-flow-for-coarse-grained-reconfigurable-platforms-an-rvc-cal-multi-standard-decoder-use-case\/\">Automated Design Flow for Coarse-Grained Reconfigurable Platforms: an RVC-CAL Multi-Standard Decoder Use-Case<\/a>,\u00a0<a href=\"http:\/\/sites.unica.it\/rpct\/references\/power-awarness-in-coarse-grained-reconfigurable-designs-a-dataflow-based-strategy\/\">Power-Awarness in Coarse-Grained Reconfigurable\u00a0Designs: a Dataflow Based Strategy<\/a>,\u00a0<a href=\"http:\/\/sites.unica.it\/rpct\/references\/automated-power-gating-methodology-for-dataflow-based-reconfigurable-systems\/\">Automated Power Gating Methodology for Dataflow-Based\u00a0Reconfigurable Systems<\/a>,\u00a0<a href=\"http:\/\/sites.unica.it\/rpct\/references\/coarse-grained-reconfiguration-dataflow-based-power-management\/\">Coarse-grained reconfiguration: dataflow-based\u00a0power management<\/a>,\u00a0<a href=\"http:\/\/sites.unica.it\/rpct\/references\/reconfigurable-coprocessors-synthesis-in-the-mpeg-rvc-domain\/\">Reconfigurable Coprocessors Synthesis in the\u00a0MPEG-RVC Domain<\/a>,\u00a0<a href=\"http:\/\/sites.unica.it\/rpct\/references\/power-modelling-for-saving-strategies-in-coarse-grained-reconfigurable-systems\/\">Power Modelling for Saving Strategies in Coarse\u00a0Grained Reconfigurable Systems<\/a>,\u00a0<a href=\"http:\/\/sites.unica.it\/rpct\/references\/early-stage-automatic-strategy-for-power-aware-signal-processing-systems-design\/\">Early Stage Automatic Strategy for Power-Aware Signal\u00a0Processing Systems Design<\/a>,\u00a0<a href=\"http:\/\/sites.unica.it\/rpct\/automated-design-flow-for-multi-functional-dataflow-based-platforms\/\">Automated Design Flow for Multi-Functional\u00a0Dataflow-Based Platforms<\/a>,\u00a0<a href=\"http:\/\/sites.unica.it\/rpct\/references\/power-awarness-in-coarse-grained-reconfigurable-multi-functional-architectures-a-dataflow-based-strategy\/\">Power-Awarness in Coarse-Grained Reconfigurable\u00a0Multi-Functional Architectures: a Dataflow Based Strategy<\/a>,\u00a0<a href=\"http:\/\/sites.unica.it\/rpct\/references\/adaptable-aes-implementation-with-power-gating-support\/\">Adaptable AES Implementation with Power-Gating Support<\/a>,\u00a0<a href=\"http:\/\/sites.unica.it\/rpct\/power-and-clock-gating-modelling-in-coarse-grained-reconfigurable-systems\/\">Power and Clock Gating Modelling in Coarse Grained\u00a0Reconfigurable Systems<\/a>.<\/p>\n<hr \/>\n<p>&nbsp;<\/p>\n<p><a href=\"http:\/\/sites.unica.it\/rpct\/files\/2015\/08\/logo-ietr.jpg\"><img loading=\"lazy\" decoding=\"async\" class=\"alignnone wp-image-2235\" src=\"http:\/\/sites.unica.it\/rpct\/files\/2015\/08\/logo-ietr-1024x507.jpg\" alt=\"logo ietr\" width=\"182\" height=\"90\" srcset=\"https:\/\/sites.unica.it\/rpct\/files\/2015\/08\/logo-ietr-1024x507.jpg 1024w, https:\/\/sites.unica.it\/rpct\/files\/2015\/08\/logo-ietr-300x149.jpg 300w, https:\/\/sites.unica.it\/rpct\/files\/2015\/08\/logo-ietr.jpg 1438w\" sizes=\"auto, (max-width: 182px) 100vw, 182px\" \/><\/a><br \/>\n<strong><a href=\"http:\/\/www.ietr.fr\/spip.php?article957\" target=\"_blank\">Equipe Image Group<\/a><\/strong>, presso l&#8217;<a href=\"http:\/\/www.ietr.fr\/\" target=\"_blank\"><strong>Institut d\u2019\u00e9lectronique et de t\u00e9l\u00e9communications de Rennes<\/strong> <\/a>(IETR)\u00a0dell&#8217;<strong><a href=\"http:\/\/www.insa-rennes.fr\/\" target=\"_blank\">Institut National des Sciences Appliqu\u00e9es<\/a>\u00a0<\/strong>(INSA) di Rennes.<br \/>\n<strong>Lavori comuni:<\/strong> <a href=\"http:\/\/sites.unica.it\/rpct\/multi-purpose-systems-a-novel-dataflow-based-generation-and-mapping-strategy\/\">Multi-purpose systems: A novel dataflow-based generation and mapping strategy<\/a>,\u00a0 <a href=\"http:\/\/sites.unica.it\/rpct\/rvc-a-multi-decoder-cal-composer-tool\/\">RVC: A Multi-Decoder CAL Composer Tool<\/a>.<\/p>\n<hr \/>\n<p>&nbsp;<\/p>\n<p><a href=\"http:\/\/sites.unica.it\/rpct\/files\/2015\/08\/logo_EPFL.png\"><img loading=\"lazy\" decoding=\"async\" class=\"alignnone wp-image-2236\" src=\"http:\/\/sites.unica.it\/rpct\/files\/2015\/08\/logo_EPFL.png\" alt=\"logo_EPFL\" width=\"202\" height=\"90\" srcset=\"https:\/\/sites.unica.it\/rpct\/files\/2015\/08\/logo_EPFL.png 504w, https:\/\/sites.unica.it\/rpct\/files\/2015\/08\/logo_EPFL-300x134.png 300w\" sizes=\"auto, (max-width: 202px) 100vw, 202px\" \/><\/a><br \/>\n<strong><a href=\"http:\/\/gramm.epfl.ch\/page-34511.html\" target=\"_blank\">SCI-STI-MM Multimedia Group<\/a><\/strong>, presso la<strong><a href=\"http:\/\/sti.epfl.ch\/cms\/lang\/en\/en\" target=\"_blank\"> School of Engineering<\/a>\u00a0<\/strong>dell&#8217;<strong><a href=\"http:\/\/www.epfl.ch\/\" target=\"_blank\">Ecole polytechnique f\u00e9d\u00e9rale de Lausanne<\/a>\u00a0<\/strong>(EPFL).<br \/>\n<strong>Lavori comuni:<\/strong> <a href=\"http:\/\/sites.unica.it\/rpct\/rvc-a-multi-decoder-cal-composer-tool\/\">RVC: A Multi-Decoder CAL Composer Tool<\/a>, <a href=\"http:\/\/sites.unica.it\/rpct\/automated-design-flow-for-multi-functional-dataflow-based-platforms\/\">Automated Design Flow for Multi-Functional Dataflow-Based Platforms<\/a>.<\/p>\n<hr \/>\n<p>&nbsp;<\/p>\n<p><a href=\"http:\/\/sites.unica.it\/rpct\/files\/2015\/08\/WOC-pvQO.png\"><img loading=\"lazy\" decoding=\"async\" class=\"alignnone wp-image-2237\" src=\"http:\/\/sites.unica.it\/rpct\/files\/2015\/08\/WOC-pvQO.png\" alt=\"WOC-pvQO\" width=\"89\" height=\"89\" srcset=\"https:\/\/sites.unica.it\/rpct\/files\/2015\/08\/WOC-pvQO.png 400w, https:\/\/sites.unica.it\/rpct\/files\/2015\/08\/WOC-pvQO-150x150.png 150w, https:\/\/sites.unica.it\/rpct\/files\/2015\/08\/WOC-pvQO-300x300.png 300w\" sizes=\"auto, (max-width: 89px) 100vw, 89px\" \/><\/a><br \/>\n<strong><a href=\"https:\/\/www.synflow.com\/\" target=\"_blank\">Synflow sas<\/a><\/strong>\u00a0(Sophia Antipolis technology park, FR).<br \/>\n<strong>Lavori comuni: <\/strong><a href=\"http:\/\/sites.unica.it\/rpct\/multi-purpose-systems-a-novel-dataflow-based-generation-and-mapping-strategy\/\">Multi-purpose systems: A novel dataflow-based generation and mapping strategy<\/a>.<\/p>\n<hr \/>\n<p>&nbsp;<\/p>\n<p><a href=\"http:\/\/sites.unica.it\/rpct\/files\/2016\/07\/logo-alari.gif\"><img loading=\"lazy\" decoding=\"async\" class=\"alignnone wp-image-2429 \" src=\"http:\/\/sites.unica.it\/rpct\/files\/2016\/07\/logo-alari-300x227.gif\" width=\"123\" height=\"93\" \/><\/a><br \/>\n<strong><a href=\"http:\/\/www.alari.ch\/\">Advanced Learning and Research Institute<\/a><\/strong> (ALaRI), presso l&#8217;<strong><a href=\"http:\/\/www.usi.ch\/\">Universit\u00e0 della Svizzera Italiana<\/a><\/strong>.<br \/>\n<strong>Lavori comuni: <\/strong><a href=\"http:\/\/sites.unica.it\/rpct\/references\/adaptable-aes-implementation-with-power-gating-support\/\">Adaptable AES Implementation with Power-Gating Support<\/a>.<\/p>\n<hr \/>\n<p>&nbsp;<\/p>\n<p><\/p><h4>en<\/h4><p><\/p>\n<p><a href=\"http:\/\/sites.unica.it\/rpct\/files\/2016\/07\/polcoming_logo.png\"><img loading=\"lazy\" decoding=\"async\" class=\"alignnone wp-image-2425 size-full\" src=\"http:\/\/sites.unica.it\/rpct\/files\/2016\/07\/polcoming_logo.png\" width=\"117\" height=\"117\" \/><\/a><br \/>\n<strong><a href=\"http:\/\/www.ietr.fr\/spip.php?article957\" target=\"_blank\">Dipartimento di Scienze Politiche, Scienze della Comunicazione e Ingegneria dell&#8217;Informazione<\/a>\u00a0<\/strong>(Pol.Com.Ing), of the\u00a0<strong><a href=\"https:\/\/www.uniss.it\/\">University of Sassari<\/a>.<br \/>\n<\/strong><strong>Common works:<\/strong>\u00a0<a href=\"http:\/\/sites.unica.it\/rpct\/references\/automatic-generation-of-dataflow-based-reconfigurable-co-processing-units\/\">Automatic Generation of Dataflow-Based\u00a0Reconfigurable Co-processing Units<\/a>, <a href=\"http:\/\/sites.unica.it\/rpct\/references\/automated-design-flow-for-coarse-grained-reconfigurable-platforms-an-rvc-cal-multi-standard-decoder-use-case\/\">Automated Design Flow for Coarse-Grained Reconfigurable Platforms: an RVC-CAL Multi-Standard Decoder Use-Case<\/a>,\u00a0<a href=\"http:\/\/sites.unica.it\/rpct\/references\/power-awarness-in-coarse-grained-reconfigurable-designs-a-dataflow-based-strategy\/\">Power-Awarness in Coarse-Grained Reconfigurable\u00a0Designs: a Dataflow Based Strategy<\/a>,\u00a0<a href=\"http:\/\/sites.unica.it\/rpct\/references\/automated-power-gating-methodology-for-dataflow-based-reconfigurable-systems\/\">Automated Power Gating Methodology for Dataflow-Based\u00a0Reconfigurable Systems<\/a>,\u00a0<a href=\"http:\/\/sites.unica.it\/rpct\/references\/coarse-grained-reconfiguration-dataflow-based-power-management\/\">Coarse-grained reconfiguration: dataflow-based\u00a0power management<\/a>,\u00a0<a href=\"http:\/\/sites.unica.it\/rpct\/references\/reconfigurable-coprocessors-synthesis-in-the-mpeg-rvc-domain\/\">Reconfigurable Coprocessors Synthesis in the\u00a0MPEG-RVC Domain<\/a>,\u00a0<a href=\"http:\/\/sites.unica.it\/rpct\/references\/power-modelling-for-saving-strategies-in-coarse-grained-reconfigurable-systems\/\">Power Modelling for Saving Strategies in Coarse\u00a0Grained Reconfigurable Systems<\/a>,\u00a0<a href=\"http:\/\/sites.unica.it\/rpct\/references\/early-stage-automatic-strategy-for-power-aware-signal-processing-systems-design\/\">Early Stage Automatic Strategy for Power-Aware Signal\u00a0Processing Systems Design<\/a>,\u00a0<a href=\"http:\/\/sites.unica.it\/rpct\/automated-design-flow-for-multi-functional-dataflow-based-platforms\/\">Automated Design Flow for Multi-Functional\u00a0Dataflow-Based Platforms<\/a>,\u00a0<a href=\"http:\/\/sites.unica.it\/rpct\/references\/power-awarness-in-coarse-grained-reconfigurable-multi-functional-architectures-a-dataflow-based-strategy\/\">Power-Awarness in Coarse-Grained Reconfigurable\u00a0Multi-Functional Architectures: a Dataflow Based Strategy<\/a>,\u00a0<a href=\"http:\/\/sites.unica.it\/rpct\/references\/adaptable-aes-implementation-with-power-gating-support\/\">Adaptable AES Implementation with Power-Gating Support<\/a>,\u00a0<a href=\"http:\/\/sites.unica.it\/rpct\/power-and-clock-gating-modelling-in-coarse-grained-reconfigurable-systems\/\">Power and Clock Gating Modelling in Coarse Grained\u00a0Reconfigurable Systems<\/a>.<\/p>\n<hr \/>\n<p>&nbsp;<\/p>\n<p><a href=\"http:\/\/sites.unica.it\/rpct\/files\/2015\/08\/logo-ietr.jpg\"><img loading=\"lazy\" decoding=\"async\" class=\"alignnone wp-image-2235\" src=\"http:\/\/sites.unica.it\/rpct\/files\/2015\/08\/logo-ietr-1024x507.jpg\" alt=\"logo ietr\" width=\"182\" height=\"90\" srcset=\"https:\/\/sites.unica.it\/rpct\/files\/2015\/08\/logo-ietr-1024x507.jpg 1024w, https:\/\/sites.unica.it\/rpct\/files\/2015\/08\/logo-ietr-300x149.jpg 300w, https:\/\/sites.unica.it\/rpct\/files\/2015\/08\/logo-ietr.jpg 1438w\" sizes=\"auto, (max-width: 182px) 100vw, 182px\" \/><\/a><br \/>\n<strong><a href=\"http:\/\/www.ietr.fr\/spip.php?article957\" target=\"_blank\">Equipe Image Group<\/a><\/strong>, at the <a href=\"http:\/\/www.ietr.fr\/\" target=\"_blank\"><strong>Institut d\u2019\u00e9lectronique et de t\u00e9l\u00e9communications de Rennes<\/strong> <\/a>(IETR) of the <strong><a href=\"http:\/\/www.insa-rennes.fr\/\" target=\"_blank\">Institut National des Sciences Appliqu\u00e9es<\/a>\u00a0<\/strong>(INSA) in Rennes.<br \/>\n<strong>Common works:<\/strong> <a href=\"http:\/\/sites.unica.it\/rpct\/multi-purpose-systems-a-novel-dataflow-based-generation-and-mapping-strategy\/\">Multi-purpose systems: A novel dataflow-based generation and mapping strategy<\/a>,\u00a0 <a href=\"http:\/\/sites.unica.it\/rpct\/rvc-a-multi-decoder-cal-composer-tool\/\">RVC: A Multi-Decoder CAL Composer Tool<\/a>.<\/p>\n<hr \/>\n<p>&nbsp;<\/p>\n<p><a href=\"http:\/\/sites.unica.it\/rpct\/files\/2015\/08\/logo_EPFL.png\"><img loading=\"lazy\" decoding=\"async\" class=\"alignnone wp-image-2236\" src=\"http:\/\/sites.unica.it\/rpct\/files\/2015\/08\/logo_EPFL.png\" alt=\"logo_EPFL\" width=\"202\" height=\"90\" srcset=\"https:\/\/sites.unica.it\/rpct\/files\/2015\/08\/logo_EPFL.png 504w, https:\/\/sites.unica.it\/rpct\/files\/2015\/08\/logo_EPFL-300x134.png 300w\" sizes=\"auto, (max-width: 202px) 100vw, 202px\" \/><\/a><br \/>\n<strong><a href=\"http:\/\/gramm.epfl.ch\/page-34511.html\" target=\"_blank\">SCI-STI-MM Multimedia Group<\/a><\/strong>, at the<strong><a href=\"http:\/\/sti.epfl.ch\/cms\/lang\/en\/en\" target=\"_blank\"> School of Engineering<\/a> <\/strong>of the <strong><a href=\"http:\/\/www.epfl.ch\/\" target=\"_blank\">Ecole polytechnique f\u00e9d\u00e9rale de Lausanne<\/a>\u00a0<\/strong>(EPFL).<br \/>\n<strong>Common works:<\/strong> <a href=\"http:\/\/sites.unica.it\/rpct\/rvc-a-multi-decoder-cal-composer-tool\/\">RVC: A Multi-Decoder CAL Composer Tool<\/a>, <a href=\"http:\/\/sites.unica.it\/rpct\/automated-design-flow-for-multi-functional-dataflow-based-platforms\/\">Automated Design Flow for Multi-Functional Dataflow-Based Platforms<\/a>.<\/p>\n<hr \/>\n<p>&nbsp;<\/p>\n<p><a href=\"http:\/\/sites.unica.it\/rpct\/files\/2015\/08\/WOC-pvQO.png\"><img loading=\"lazy\" decoding=\"async\" class=\"alignnone wp-image-2237\" src=\"http:\/\/sites.unica.it\/rpct\/files\/2015\/08\/WOC-pvQO.png\" alt=\"WOC-pvQO\" width=\"89\" height=\"89\" srcset=\"https:\/\/sites.unica.it\/rpct\/files\/2015\/08\/WOC-pvQO.png 400w, https:\/\/sites.unica.it\/rpct\/files\/2015\/08\/WOC-pvQO-150x150.png 150w, https:\/\/sites.unica.it\/rpct\/files\/2015\/08\/WOC-pvQO-300x300.png 300w\" sizes=\"auto, (max-width: 89px) 100vw, 89px\" \/><\/a><br \/>\n<strong><a href=\"https:\/\/www.synflow.com\/\" target=\"_blank\">Synflow sas<\/a><\/strong>\u00a0(Sophia Antipolis technology park, FR).<br \/>\n<strong>Common works: <\/strong><a href=\"http:\/\/sites.unica.it\/rpct\/multi-purpose-systems-a-novel-dataflow-based-generation-and-mapping-strategy\/\">Multi-purpose systems: A novel dataflow-based generation and mapping strategy<\/a>.<\/p>\n<hr \/>\n<p>&nbsp;<\/p>\n<p><a href=\"http:\/\/sites.unica.it\/rpct\/files\/2016\/07\/logo-alari.gif\"><img loading=\"lazy\" decoding=\"async\" class=\"alignnone wp-image-2429 \" src=\"http:\/\/sites.unica.it\/rpct\/files\/2016\/07\/logo-alari-300x227.gif\" width=\"123\" height=\"93\" \/><\/a><br \/>\n<strong><a href=\"http:\/\/www.alari.ch\/\">Advanced Learning and Research Institute<\/a><\/strong> (ALaRI), of the\u00a0<strong><a href=\"http:\/\/www.usi.ch\/\">Universit\u00e0 della Svizzera Italiana<\/a><\/strong>.<br \/>\n<strong>Common works: <\/strong><a href=\"http:\/\/sites.unica.it\/rpct\/references\/adaptable-aes-implementation-with-power-gating-support\/\">Adaptable AES Implementation with Power-Gating Support<\/a>.<\/p>\n<hr \/>\n<p>&nbsp;<\/p>","protected":false},"excerpt":{"rendered":"<p>it Dipartimento di Scienze Politiche, Scienze della Comunicazione e Ingegneria dell&#8217;Informazione\u00a0(Pol.Com.Ing), presso l&#8217;Universit\u00e0 degli Studi di Sassari. Lavori comuni:\u00a0Automatic Generation of Dataflow-Based\u00a0Reconfigurable Co-processing Units, Automated Design Flow for Coarse-Grained Reconfigurable Platforms: an RVC-CAL Multi-Standard Decoder Use-Case,\u00a0Power-Awarness in Coarse-Grained Reconfigurable\u00a0Designs: a Dataflow Based Strategy,\u00a0Automated Power Gating Methodology for Dataflow-Based\u00a0Reconfigurable Systems,\u00a0Coarse-grained reconfiguration: dataflow-based\u00a0power management,\u00a0Reconfigurable Coprocessors Synthesis in &hellip; <a href=\"https:\/\/sites.unica.it\/rpct\/international-partners\/\" class=\"more-link\">Continua la lettura di <span class=\"screen-reader-text\">International Partners<\/span> <span class=\"meta-nav\">&rarr;<\/span><\/a><\/p>\n","protected":false},"author":2556,"featured_media":0,"parent":0,"menu_order":6,"comment_status":"closed","ping_status":"closed","template":"","meta":{"footnotes":""},"class_list":["post-1732","page","type-page","status-publish","hentry"],"_links":{"self":[{"href":"https:\/\/sites.unica.it\/rpct\/wp-json\/wp\/v2\/pages\/1732","targetHints":{"allow":["GET"]}}],"collection":[{"href":"https:\/\/sites.unica.it\/rpct\/wp-json\/wp\/v2\/pages"}],"about":[{"href":"https:\/\/sites.unica.it\/rpct\/wp-json\/wp\/v2\/types\/page"}],"author":[{"embeddable":true,"href":"https:\/\/sites.unica.it\/rpct\/wp-json\/wp\/v2\/users\/2556"}],"replies":[{"embeddable":true,"href":"https:\/\/sites.unica.it\/rpct\/wp-json\/wp\/v2\/comments?post=1732"}],"version-history":[{"count":25,"href":"https:\/\/sites.unica.it\/rpct\/wp-json\/wp\/v2\/pages\/1732\/revisions"}],"predecessor-version":[{"id":2430,"href":"https:\/\/sites.unica.it\/rpct\/wp-json\/wp\/v2\/pages\/1732\/revisions\/2430"}],"wp:attachment":[{"href":"https:\/\/sites.unica.it\/rpct\/wp-json\/wp\/v2\/media?parent=1732"}],"curies":[{"name":"wp","href":"https:\/\/api.w.org\/{rel}","templated":true}]}}