{"id":102,"date":"2012-04-12T12:03:39","date_gmt":"2012-04-12T12:03:39","guid":{"rendered":"http:\/\/people.unica.it\/basecds\/?page_id=102"},"modified":"2016-09-26T08:49:27","modified_gmt":"2016-09-26T08:49:27","slug":"home","status":"publish","type":"page","link":"https:\/\/sites.unica.it\/rmnlo\/","title":{"rendered":"Home"},"content":{"rendered":"<p><a href=\"http:\/\/sites.unica.it\/rmnlo\/files\/2016\/09\/RMNLO-Poster.jpg\"><img decoding=\"async\" class=\"alignnone  wp-image-1788\" src=\"http:\/\/sites.unica.it\/rmnlo\/files\/2016\/09\/RMNLO-Poster-300x212.jpg\" alt=\"rmnlo-poster\" width=\"1009\" height=\"713\" srcset=\"https:\/\/sites.unica.it\/rmnlo\/files\/2016\/09\/RMNLO-Poster-300x212.jpg 300w, https:\/\/sites.unica.it\/rmnlo\/files\/2016\/09\/RMNLO-Poster-768x543.jpg 768w, https:\/\/sites.unica.it\/rmnlo\/files\/2016\/09\/RMNLO-Poster-1024x723.jpg 1024w, https:\/\/sites.unica.it\/rmnlo\/files\/2016\/09\/RMNLO-Poster.jpg 1754w\" sizes=\"(max-width: 1009px) 100vw, 1009px\" \/><\/a><\/p>\n<p>The aim of the\u00a0<strong>RESEARCH MEETING ON NON-LOCAL OPERATORS\u00a0(RMNLO)<\/strong> is to gather European researchers, all specialist on non-local operators and\u00a0related subjects, and let them share their results and discuss further developments\u00a0and open problems. The following <strong>speakers<\/strong> will participate in this activity:<\/p>\n<ul>\n<li>Bego\u00f1a Barrios Barrera (Univ. La Laguna Tenerife)<\/li>\n<li>Lorenzo Brasco (Univ. Ferrara)<\/li>\n<li>Eleonora Cinti (Univ. Torino)<\/li>\n<li>Gamze D\u00fczg\u00fcn (Hacettepe Univ. Ankara)<\/li>\n<li>Antonio Greco (Univ. Cagliari)<\/li>\n<li>Gabriele Grillo (Politecnico Milano)<\/li>\n<li>Tommaso Leonori (Univ. Granada)<\/li>\n<li>Sunra Mosconi (Univ. Catania)<\/li>\n<li>Dimitri Mugnai (Univ. Perugia)<\/li>\n<li>Roberta Musina (Univ. Udine)<\/li>\n<li>Giampiero Palatucci (Univ. Parma)<\/li>\n<li>Benedetta Pellacci (Univ. Napoli &#8220;Parthenope&#8221;)<\/li>\n<li>Ireneo Peral Alonso (Univ. Autonoma Madrid)<\/li>\n<li>Patrizia Pucci (Univ. Perugia)<\/li>\n<li>Marco Squassina (Univ. Cattolica del Sacro Cuore)<\/li>\n<\/ul>\n<p><strong>Organizers:<\/strong><\/p>\n<ul>\n<li>Antonio Iannizzotto (Univ. Cagliari)<\/li>\n<li>Enrico Valdinoci (Univ. Melbourne, Univ. Milano,\u00a0WIAS Berlin)<\/li>\n<li>Giuseppe Viglialoro (Univ. Cagliari)<\/li>\n<\/ul>\n","protected":false},"excerpt":{"rendered":"<p>The aim of the\u00a0RESEARCH MEETING ON NON-LOCAL OPERATORS\u00a0(RMNLO) is to gather European researchers, all specialist on non-local operators and\u00a0related subjects, and let them share their results and discuss further developments\u00a0and open problems. The following speakers will participate in this activity: Bego\u00f1a Barrios Barrera (Univ. La Laguna Tenerife) Lorenzo Brasco (Univ. Ferrara) Eleonora Cinti (Univ. Torino) Gamze D\u00fczg\u00fcn (Hacettepe Univ. Ankara) Antonio Greco (Univ. Cagliari) Gabriele Grillo (Politecnico Milano) Tommaso Leonori (Univ. Granada) Sunra Mosconi (Univ. Catania) Dimitri Mugnai (Univ. Perugia) Roberta Musina (Univ. Udine) Giampiero Palatucci (Univ. Parma) Benedetta Pellacci (Univ. Napoli &#8220;Parthenope&#8221;) Ireneo Peral Alonso (Univ. Autonoma Madrid) Patrizia <a href='https:\/\/sites.unica.it\/rmnlo\/' class='excerpt-more'>[&#8230;]<\/a><\/p>\n","protected":false},"author":643,"featured_media":0,"parent":0,"menu_order":0,"comment_status":"closed","ping_status":"closed","template":"magazine.php","meta":{"footnotes":""},"class_list":["post-102","page","type-page","status-publish","hentry","post-seq-1","post-parity-odd","meta-position-corners","fix"],"_links":{"self":[{"href":"https:\/\/sites.unica.it\/rmnlo\/wp-json\/wp\/v2\/pages\/102","targetHints":{"allow":["GET"]}}],"collection":[{"href":"https:\/\/sites.unica.it\/rmnlo\/wp-json\/wp\/v2\/pages"}],"about":[{"href":"https:\/\/sites.unica.it\/rmnlo\/wp-json\/wp\/v2\/types\/page"}],"author":[{"embeddable":true,"href":"https:\/\/sites.unica.it\/rmnlo\/wp-json\/wp\/v2\/users\/643"}],"replies":[{"embeddable":true,"href":"https:\/\/sites.unica.it\/rmnlo\/wp-json\/wp\/v2\/comments?post=102"}],"version-history":[{"count":23,"href":"https:\/\/sites.unica.it\/rmnlo\/wp-json\/wp\/v2\/pages\/102\/revisions"}],"predecessor-version":[{"id":1790,"href":"https:\/\/sites.unica.it\/rmnlo\/wp-json\/wp\/v2\/pages\/102\/revisions\/1790"}],"wp:attachment":[{"href":"https:\/\/sites.unica.it\/rmnlo\/wp-json\/wp\/v2\/media?parent=102"}],"curies":[{"name":"wp","href":"https:\/\/api.w.org\/{rel}","templated":true}]}}