{"id":114,"date":"2023-01-09T18:03:16","date_gmt":"2023-01-09T17:03:16","guid":{"rendered":"https:\/\/sites.unica.it\/riparto\/?page_id=114"},"modified":"2023-02-02T23:05:42","modified_gmt":"2023-02-02T22:05:42","slug":"sede","status":"publish","type":"page","link":"https:\/\/sites.unica.it\/riparto\/sede\/","title":{"rendered":"Sede"},"content":{"rendered":"\n<h3 class=\"wp-block-heading\" style=\"font-size:24px\"><br>Il Medical\u00a0Devices and\u00a0Signal\u00a0Processing Lab<\/h3>\n\n\n\n<h2 class=\"has-medium-font-size wp-block-heading\"><a rel=\"noreferrer noopener\" href=\"https:\/\/www.google.com\/maps\/place\/Via+Marengo,+3,+09123+Cagliari+CA\/@39.2276993,9.1105612,17z\/data=!3m1!4b1!4m5!3m4!1s0x12e7341a26f6788d:0x10d29a4478d9c02e!8m2!3d39.2276993!4d9.1105612\" data-type=\"URL\" data-id=\"https:\/\/www.google.com\/maps\/place\/Via+Marengo,+3,+09123+Cagliari+CA\/@39.2276993,9.1105612,17z\/data=!3m1!4b1!4m5!3m4!1s0x12e7341a26f6788d:0x10d29a4478d9c02e!8m2!3d39.2276993!4d9.1105612\" target=\"_blank\">Via Marengo, 3 &#8211; 09123 Cagliari<\/a><br>Dipartimento di Ingegneria Elettrica ed Elettronica, Pad. M<br>Universit\u00e0 degli Studi di Cagliari<\/h2>\n\n\n\n<figure class=\"wp-block-image size-full is-resized is-style-default\"><img loading=\"lazy\" decoding=\"async\" src=\"https:\/\/sites.unica.it\/riparto\/files\/2023\/01\/medsp_logo.png\" alt=\"\" class=\"wp-image-136\" width=\"820\" height=\"263\" \/><\/figure>\n\n\n\n<p class=\"has-text-align-left has-medium-font-size\"><br>Il progetto Riparto \u00e8 condotto presso il Medical\u00a0Devices and\u00a0Signal\u00a0Processing (<a rel=\"noreferrer noopener\" href=\"https:\/\/sites.unica.it\/medsp\/\" data-type=\"URL\" data-id=\"https:\/\/sites.unica.it\/medsp\/\" target=\"_blank\">MeDSP<\/a>) Lab, che fa parte del Dipartimento di Ingegneria Elettrica ed Elettronica (<a rel=\"noreferrer noopener\" href=\"https:\/\/unica.it\/unica\/it\/dip_ingelettrica.page\" target=\"_blank\">DIEE<\/a>) dell\u2019Universit\u00e0 di Cagliari (<a rel=\"noreferrer noopener\" href=\"https:\/\/unica.it\/unica\/it\/homepage.page\" target=\"_blank\">UniCA<\/a>). Il MeDSP vanta una consolidata esperienza nell\u2019ambito dell\u2019ideazione, progettazione, sviluppo, validazione e analisi di usabilit\u00e0 di dispositivi e sistemi elettromedicali, nonch\u00e9 di analisi ed elaborazione avanzata di biosegnali, e machine learning applicato alla bioingegneria. \u00c8 composto principalmente da bioingegneri con diverse carriere accademiche e specializzazioni e lavora all&#8217;avanguardia della ricerca in ingegneria biomedica. <\/p>\n\n\n\n<hr class=\"wp-block-separator has-alpha-channel-opacity\" \/>\n\n\n\n<h2 class=\"wp-block-heading\" style=\"font-size:24px\">Il Dipartimento di Ingegneria Elettrica ed Elettronica dell\u2019Universit\u00e0 di Cagliari<\/h2>\n\n\n\n<h2 class=\"has-medium-font-size wp-block-heading\"><a rel=\"noreferrer noopener\" href=\"https:\/\/www.google.com\/maps\/place\/Via+Marengo,+3,+09123+Cagliari+CA\/@39.2276993,9.1105612,17z\/data=!3m1!4b1!4m5!3m4!1s0x12e7341a26f6788d:0x10d29a4478d9c02e!8m2!3d39.2276993!4d9.1105612\" data-type=\"URL\" data-id=\"https:\/\/www.google.com\/maps\/place\/Via+Marengo,+3,+09123+Cagliari+CA\/@39.2276993,9.1105612,17z\/data=!3m1!4b1!4m5!3m4!1s0x12e7341a26f6788d:0x10d29a4478d9c02e!8m2!3d39.2276993!4d9.1105612\" target=\"_blank\">Via Marengo, 3 &#8211; 09123 Cagliari<\/a><\/h2>\n\n\n\n<figure class=\"wp-block-image size-large\"><img loading=\"lazy\" decoding=\"async\" width=\"1024\" height=\"267\" src=\"http:\/\/sites.unica.it\/riparto\/files\/2023\/01\/diee-1024x267.jpeg\" alt=\"\" class=\"wp-image-131\" srcset=\"https:\/\/sites.unica.it\/riparto\/files\/2023\/01\/diee-1024x267.jpeg 1024w, https:\/\/sites.unica.it\/riparto\/files\/2023\/01\/diee-300x78.jpeg 300w, https:\/\/sites.unica.it\/riparto\/files\/2023\/01\/diee-768x200.jpeg 768w, https:\/\/sites.unica.it\/riparto\/files\/2023\/01\/diee-1536x400.jpeg 1536w, https:\/\/sites.unica.it\/riparto\/files\/2023\/01\/diee.jpeg 1920w\" sizes=\"auto, (max-width: 1024px) 100vw, 1024px\" \/><\/figure>\n\n\n\n<p class=\"has-medium-font-size\"><br>Il Dipartimento di Ingegneria Elettrica ed Elettronica (<a rel=\"noreferrer noopener\" href=\"https:\/\/unica.it\/unica\/it\/dip_ingelettrica.page\" data-type=\"URL\" data-id=\"https:\/\/unica.it\/unica\/it\/dip_ingelettrica.page\" target=\"_blank\">DIEE<\/a>) dell\u2019Universit\u00e0 di Cagliari (<a rel=\"noreferrer noopener\" href=\"https:\/\/unica.it\/unica\/it\/homepage.page\" data-type=\"URL\" data-id=\"https:\/\/unica.it\/unica\/it\/homepage.page\" target=\"_blank\">UniCA<\/a>) \u00e8 nato nel 1995 dal precedente Istituto di Elettrotecnica. <\/p>\n\n\n\n<p class=\"has-text-align-left has-medium-font-size\">\u00c8 un organismo di ricerca con pluriennale esperienza in diversi ambiti dell&#8217;ingegneria industriale e dell&#8217;informazione, nei quali promuove e coordina attivit\u00e0 di ricerca nel campo dell\u2019ingegneria biomedica, elettrica, elettronica, energetica, dell\u2019informazione e delle telecomunicazioni. Rappresenta un&#8217;istituzione didattica e scientifica di primaria importanza, che eroga diversi percorsi formativi in tali ambiti. <\/p>\n\n\n\n<p class=\"has-text-align-left has-medium-font-size\">Il DIEE ha un bilancio annuale che supera i 2.5 M\u20ac provenienti da contratti e progetti di ricerca nazionali ed internazionali. Ha legami di cooperazione con diversi centri di ricerca (sia pubblici che privati) e con altre istituzioni accademiche in Italia e all\u2019estero; essendo la sola istituzione di educazione superiore nel settore dell\u2019Ingegneria Elettrica ed Elettronica in Sardegna, contribuisce allo sviluppo del tessuto socio-economico della Sardegna, trasferendo al territorio le competenze scientifiche e tecnologiche derivanti dalle attivit\u00e0 di ricerca svolte.&nbsp;<\/p>\n\n\n\n<p class=\"has-medium-font-size\">Il DIEE \u00e8 stato riconosciuto dal MIUR come Dipartimento di Eccellenza per il quinquennio  2023\/2027! <a href=\"https:\/\/www.unica.it\/unica\/page\/it\/dipartimenti_universitari_di_eccellenza_nazionale_cagliari_raddoppia\" data-type=\"URL\" data-id=\"https:\/\/www.unica.it\/unica\/page\/it\/dipartimenti_universitari_di_eccellenza_nazionale_cagliari_raddoppia\" target=\"_blank\" rel=\"noreferrer noopener\">Leggi l&#8217;articolo.<\/a><\/p>\n","protected":false},"excerpt":{"rendered":"<p>Il Medical\u00a0Devices and\u00a0Signal\u00a0Processing Lab Via Marengo, 3 &#8211; 09123 CagliariDipartimento di Ingegneria Elettrica ed Elettronica, Pad. MUniversit\u00e0 degli Studi di Cagliari Il progetto Riparto \u00e8 condotto presso il Medical\u00a0Devices and\u00a0Signal\u00a0Processing &#8230;<\/p>\n","protected":false},"author":8398,"featured_media":0,"parent":0,"menu_order":0,"comment_status":"closed","ping_status":"closed","template":"","meta":{"footnotes":""},"class_list":["post-114","page","type-page","status-publish","hentry"],"_links":{"self":[{"href":"https:\/\/sites.unica.it\/riparto\/wp-json\/wp\/v2\/pages\/114","targetHints":{"allow":["GET"]}}],"collection":[{"href":"https:\/\/sites.unica.it\/riparto\/wp-json\/wp\/v2\/pages"}],"about":[{"href":"https:\/\/sites.unica.it\/riparto\/wp-json\/wp\/v2\/types\/page"}],"author":[{"embeddable":true,"href":"https:\/\/sites.unica.it\/riparto\/wp-json\/wp\/v2\/users\/8398"}],"replies":[{"embeddable":true,"href":"https:\/\/sites.unica.it\/riparto\/wp-json\/wp\/v2\/comments?post=114"}],"version-history":[{"count":18,"href":"https:\/\/sites.unica.it\/riparto\/wp-json\/wp\/v2\/pages\/114\/revisions"}],"predecessor-version":[{"id":357,"href":"https:\/\/sites.unica.it\/riparto\/wp-json\/wp\/v2\/pages\/114\/revisions\/357"}],"wp:attachment":[{"href":"https:\/\/sites.unica.it\/riparto\/wp-json\/wp\/v2\/media?parent=114"}],"curies":[{"name":"wp","href":"https:\/\/api.w.org\/{rel}","templated":true}]}}