{"id":112,"date":"2017-10-28T15:17:53","date_gmt":"2017-10-28T13:17:53","guid":{"rendered":"http:\/\/sites.unica.it\/rinem2018\/?page_id=112"},"modified":"2018-06-24T08:39:35","modified_gmt":"2018-06-24T06:39:35","slug":"come-arrivare","status":"publish","type":"page","link":"https:\/\/sites.unica.it\/rinem2018?page_id=112","title":{"rendered":"Come arrivare"},"content":{"rendered":"<div>\n<div style=\"text-align: justify\"><strong>La sede della conferenza \u00e8 la Facolt\u00e0 di Ingegneria dell&#8217;Universit\u00e0 di Cagliari,\u00a0in Piazza D&#8217;Armi (Ingresso da Via Marengo 3).<\/strong><\/div>\n<ul>\n<li style=\"text-align: justify\"><a href=\"https:\/\/www.google.com\/maps\/dir\/Piazza+Matteotti,+Cagliari,+CA\/Via+Marengo,+3,+09123+Cagliari+CA\/@39.2217493,9.1037432,15z\/data=!3m1!4b1!4m14!4m13!1m5!1m1!1s0x12e7340703d3dcdb:0x898752fddd9054bb!2m2!1d9.1089899!2d39.215101!1m5!1m1!1s0x12e73419921fec7f:0x9d9c0d282b3e6d8d!2m2!1d9.1106897!2d39.2286082!3e3\" target=\"_blank\" rel=\"noopener\">Percorso su Google Maps da <strong><span style=\"color: #ff0000\">Piazza Matteotti<\/span><\/strong> alla sede della conferenza<\/a><\/li>\n<li style=\"text-align: justify\"><a href=\"http:\/\/sites.unica.it\/rinem2018\/files\/2018\/06\/Ingegneria.pdf\" target=\"_blank\" rel=\"noopener\">Clicca <strong>qui<\/strong> per la pianta della Facolt\u00e0 di Ingegneria<\/a><\/li>\n<\/ul>\n<\/div>\n<div><\/div>\n<div>\n<div>*******************************************************************************************************<\/div>\n<div><\/div>\n<\/div>\n<div class=\"title\" style=\"text-align: justify\"><strong>Aereo<br \/>\n<\/strong>Cagliari \u00e8 ben collegata con le principali citt\u00e0 italiane tramite il suo aeroporto internazionale che serve Ancora, Bari, Bergamo, Bologna, Bolzano, Cuneo, Firenze, Genova, Milano, Napoli, Parma, Perugia, Pescara, Pisa, Roma, Torino, Trapani, Treviso, Trieste, Venezia e Verona. Maggiori informazioni sono disponibili sul\u00a0<a href=\"http:\/\/www.sogaer.it\/\" target=\"_blank\" rel=\"noopener\">sito dell\u2019aeroporto.\u00a0<\/a><br \/>\nDall\u2019aeroporto si arriva in citt\u00e0 in\u00a0<em>treno<\/em>\u00a0(circa 6 minuti, costo \u20ac1.25, arrivo in\u00a0<a href=\"https:\/\/www.google.it\/maps\/place\/Piazza+Giacomo+Matteotti\/@39.21533,9.1091399,17z\/data=!3m1!4b1!4m2!3m1!1s0x12e7340703d3dcdb:0x898752fddd9054bb\" target=\"_blank\" rel=\"noopener\">Piazza Matteotti<\/a>\u00a0da cui si raggiunge quasi ogni punto della citt\u00e0 con il bus, un viaggio ogni 20 minuti),\u00a0<em>taxi<\/em>\u00a0(circa 10 minuti, costo approssimativo \u20ac20),\u00a0<em>bus navetta<\/em>\u00a0(circa 10 minuti, costo \u20ac4, arrivo in <span style=\"color: #ff0000\"><strong>Piazza Matteotti<\/strong><\/span>, un viaggio ogni 30 minuti).<\/div>\n<div style=\"text-align: justify\"><\/div>\n<div class=\"title\" style=\"text-align: justify\"><strong>Traghetto<\/strong><br \/>\nIn alternativa, \u00e8 possibile arrivare in traghetto con il collegamento diretto con Civitavecchia, Palermo e Napoli, oppure tramite i collegamenti con Porto Torres (Civitavecchia, Genova), Arbatax (Civitavecchia, Genova, Livorno), Golfo Aranci (Livorno), Olbia (Civitavecchia, Genova, Livorno, Piombino).<\/div>\n<div><\/div>\n<div><\/div>\n<div><\/div>\n","protected":false},"excerpt":{"rendered":"<p>La sede della conferenza \u00e8 la Facolt\u00e0 di Ingegneria dell&#8217;Universit\u00e0 di Cagliari,\u00a0in Piazza D&#8217;Armi (Ingresso da Via Marengo 3). Percorso su Google Maps da Piazza Matteotti alla sede della conferenza Clicca qui per la pianta della Facolt\u00e0 di Ingegneria ******************************************************************************************************* Aereo Cagliari \u00e8 ben collegata con le principali citt\u00e0 italiane tramite il suo aeroporto internazionale che serve Ancora, Bari, Bergamo, Bologna, Bolzano, Cuneo, Firenze, Genova, Milano, Napoli, Parma, Perugia, Pescara, Pisa, Roma, Torino, Trapani, Treviso, Trieste, Venezia e Verona. Maggiori informazioni sono disponibili sul\u00a0sito dell\u2019aeroporto.\u00a0 Dall\u2019aeroporto si arriva in citt\u00e0 in\u00a0treno\u00a0(circa 6 minuti, costo \u20ac1.25, arrivo in\u00a0Piazza Matteotti\u00a0da cui si <a href='https:\/\/sites.unica.it\/rinem2018?page_id=112' class='excerpt-more'>[&#8230;]<\/a><\/p>\n","protected":false},"author":1920,"featured_media":0,"parent":46,"menu_order":1,"comment_status":"closed","ping_status":"closed","template":"","meta":{"footnotes":""},"class_list":["post-112","page","type-page","status-publish","hentry","post-seq-1","post-parity-odd","meta-position-corners","fix"],"_links":{"self":[{"href":"https:\/\/sites.unica.it\/rinem2018\/index.php?rest_route=\/wp\/v2\/pages\/112","targetHints":{"allow":["GET"]}}],"collection":[{"href":"https:\/\/sites.unica.it\/rinem2018\/index.php?rest_route=\/wp\/v2\/pages"}],"about":[{"href":"https:\/\/sites.unica.it\/rinem2018\/index.php?rest_route=\/wp\/v2\/types\/page"}],"author":[{"embeddable":true,"href":"https:\/\/sites.unica.it\/rinem2018\/index.php?rest_route=\/wp\/v2\/users\/1920"}],"replies":[{"embeddable":true,"href":"https:\/\/sites.unica.it\/rinem2018\/index.php?rest_route=%2Fwp%2Fv2%2Fcomments&post=112"}],"version-history":[{"count":23,"href":"https:\/\/sites.unica.it\/rinem2018\/index.php?rest_route=\/wp\/v2\/pages\/112\/revisions"}],"predecessor-version":[{"id":969,"href":"https:\/\/sites.unica.it\/rinem2018\/index.php?rest_route=\/wp\/v2\/pages\/112\/revisions\/969"}],"up":[{"embeddable":true,"href":"https:\/\/sites.unica.it\/rinem2018\/index.php?rest_route=\/wp\/v2\/pages\/46"}],"wp:attachment":[{"href":"https:\/\/sites.unica.it\/rinem2018\/index.php?rest_route=%2Fwp%2Fv2%2Fmedia&parent=112"}],"curies":[{"name":"wp","href":"https:\/\/api.w.org\/{rel}","templated":true}]}}