{"id":801,"date":"2016-05-20T20:19:57","date_gmt":"2016-05-20T18:19:57","guid":{"rendered":"http:\/\/sites.unica.it\/qualita\/?page_id=801"},"modified":"2017-09-15T09:00:19","modified_gmt":"2017-09-15T07:00:19","slug":"normativa","status":"publish","type":"page","link":"https:\/\/sites.unica.it\/qualita\/normativa\/","title":{"rendered":"Normativa"},"content":{"rendered":"<p style=\"text-align: justify\">Di seguito sono riportate le fonti normative e documentali di riferimento per il <span style=\"color: #800000\"><strong><a style=\"color: #800000\" href=\"http:\/\/www.anvur.org\/index.php?option=com_content&amp;view=article&amp;id=25&amp;Itemid=118&amp;lang=it\" target=\"_blank\" rel=\"noopener noreferrer\">Sistema AVA<\/a><\/strong><\/span> (Autovalutazione, Valutazione periodica, Accreditamento), su cui si basa il <strong>Sistema di Assicurazione della Qualit\u00e0 di Ateneo<\/strong>.<\/p>\n<p style=\"text-align: justify\">Il quadro normativo e documentale completo \u00e8 definito nel sito dell&#8217;<span style=\"color: #800000\"><strong><a style=\"color: #800000\" href=\"http:\/\/www.anvur.org\/index.php?option=com_content&amp;view=article&amp;id=26&amp;Itemid=222&amp;lang=it\" target=\"_blank\" rel=\"noopener noreferrer\">ANVUR<\/a><\/strong><\/span> (Agenzia Nazionale di Valutazione del Sistema Universitario e della Ricerca).<\/p>\n<p>&nbsp;<\/p>\n<p style=\"text-align: justify\">\n<table id=\"tablepress-22\" class=\"tablepress tablepress-id-22\">\n<thead>\n<tr class=\"row-1\">\n\t<th class=\"column-1\">Normativa Ateneo<\/th>\n<\/tr>\n<\/thead>\n<tbody class=\"row-striping row-hover\">\n<tr class=\"row-2\">\n\t<td class=\"column-1\"><a href=\"http:\/\/sites.unica.it\/statutoregolamenti\/statuto\/\" target=\"_blank\">Statuto dell'Universit\u00e0 degli Studi di Cagliari<\/a><\/td>\n<\/tr>\n<tr class=\"row-3\">\n\t<td class=\"column-1\"><a href=\"http:\/\/sites.unica.it\/statutoregolamenti\/01-regolamento-didattico-di-ateneo\/\" target=\"_blank\">Regolamento Didattico di Ateneo<\/a><\/td>\n<\/tr>\n<\/tbody>\n<\/table>\n<!-- #tablepress-22 from cache --><\/p>\n<p style=\"text-align: justify\">\n<table id=\"tablepress-23\" class=\"tablepress tablepress-id-23\">\n<thead>\n<tr class=\"row-1\">\n\t<th class=\"column-1\">Linee Guida Europee<\/th>\n<\/tr>\n<\/thead>\n<tbody class=\"row-striping row-hover\">\n<tr class=\"row-2\">\n\t<td class=\"column-1\">Standards and Guidelines for Quality Assurance in the European Higher Education Area<br>ESG 2005 (<a href=\"http:\/\/sites.unica.it\/qualita\/files\/2017\/03\/ESG-2005-ENG-Helsinki-3\u00b0-Edition-2009.pdf\" target=\"_blank\">ENG Helsinki 3\u00b0 Edition 2009<\/a> \u2013 <a href=\"http:\/\/sites.unica.it\/qualita\/files\/2017\/03\/ESG-2005-ITA-Helsinki-3\u00b0-Edizione-2009.pdf\" target=\"_blank\">ITA Helsinki 3\u00b0 Edizione 2009<\/a>)<\/td>\n<\/tr>\n<tr class=\"row-3\">\n\t<td class=\"column-1\">Standards and Guidelines for Quality Assurance in the European Higher Education Area<br>ESG 2015 (<a href=\"http:\/\/sites.unica.it\/qualita\/files\/2017\/03\/ESG-2015-ENG-Brussels.pdf\" target=\"_blank\">ENG Brussels<\/a> \u2013 <a href=\"http:\/\/sites.unica.it\/qualita\/files\/2017\/03\/ESG-2015-ITA-Yerevan.pdf\" target=\"_blank\">ITA Yerevan<\/a>)<\/td>\n<\/tr>\n<\/tbody>\n<\/table>\n<!-- #tablepress-23 from cache --><\/p>\n<p style=\"text-align: justify\">\n<table id=\"tablepress-24\" class=\"tablepress tablepress-id-24\">\n<thead>\n<tr class=\"row-1\">\n\t<th class=\"column-1\">Normativa Nazionale<\/th>\n<\/tr>\n<\/thead>\n<tbody class=\"row-striping row-hover\">\n<tr class=\"row-2\">\n\t<td class=\"column-1\"><a href=\"http:\/\/www.normattiva.it\/uri-res\/N2Ls?urn:nir:ministero.universita.e.ricerca.scientifica.e.tecnologica:decreto:1999-11-03;509!vig=\" target=\"_blank\">Decreto Ministeriale n. 509 del 3 novembre 1999 \u2013 <em>Regolamento recante norme concernenti l'autonomia didattica degli atenei<\/em><\/a><\/td>\n<\/tr>\n<tr class=\"row-3\">\n\t<td class=\"column-1\"><a href=\"http:\/\/www.normattiva.it\/uri-res\/N2Ls?urn:nir:ministero.istruzione.universita.e.ricerca:decreto:2004-10-22;270!vig=\" target=\"_blank\">Decreto Ministeriale n. 270 del 22 ottobre 2004 \u2013 <em>Modifiche al regolamento recante norme concernenti l'autonomia didattica degli atenei, approvato con decreto del Ministro dell'universit\u00e0 e della ricerca scientifica e tecnologica 3 novembre 1999, n. 509<\/em><\/a><\/td>\n<\/tr>\n<tr class=\"row-4\">\n\t<td class=\"column-1\"><a href=\"http:\/\/www.normattiva.it\/uri-res\/N2Ls?urn:nir:stato:decreto.del.presidente.della.repubblica:2010-02-01;76!vig=\" target=\"_blank\">Decreto del Presidente della Repubblica n. 76 del 1 febbraio 2010 \u2013 <em>Regolamento concernente la struttura ed il funzionamento dell'Agenzia nazionale di valutazione del sistema universitario e della ricerca (ANVUR)<\/em><\/a><\/td>\n<\/tr>\n<tr class=\"row-5\">\n\t<td class=\"column-1\"><a href=\"http:\/\/www.normattiva.it\/uri-res\/N2Ls?urn:nir:stato:legge:2010-12-30;240!vig=\" target=\"_blank\">Legge n. 240 del 30 dicembre 2010 \u2013 <em>Norme in materia di organizzazione delle universit\u00e0, di personale accademico e reclutamento, nonch\u00e9 delega al Governo per incentivare la qualit\u00e0 e l'efficienza del sistema universitario<\/em><\/a><\/td>\n<\/tr>\n<tr class=\"row-6\">\n\t<td class=\"column-1\"><a href=\"http:\/\/www.normattiva.it\/uri-res\/N2Ls?urn:nir:stato:decreto.legislativo:2012-01-27;19!vig=\" target=\"_blank\">Decreto Legislativo n. 19 del 27 gennaio 2012 \u2013 <em>Valorizzazione dell'efficienza delle universit\u00e0 e conseguente introduzione di meccanismi premiali nella distribuzione di risorse pubbliche sulla base di criteri definiti ex ante anche mediante la previsione di un sistema di accreditamento periodico delle universit\u00e0 e la valorizzazione della figura dei ricercatori a tempo indeterminato non confermati al primo anno di attivit\u00e0, a norma dell'articolo 5, comma 1, lettera a), della legge 30 dicembre 2010, n. 240<\/em><\/a><\/td>\n<\/tr>\n<tr class=\"row-7\">\n\t<td class=\"column-1\"><a href=\"http:\/\/attiministeriali.miur.it\/anno-2013\/gennaio\/dm-30012013.aspx\" target=\"_blank\">Decreto Ministeriale n. 47 del 30 gennaio 2013 \u2013 <em>Decreto autovalutazione, accreditamento iniziale e periodico delle sedi e dei corsi di studio e valutazione periodica<\/em><\/a><\/td>\n<\/tr>\n<tr class=\"row-8\">\n\t<td class=\"column-1\"><a href=\"http:\/\/attiministeriali.miur.it\/anno-2013\/dicembre\/dm-23122013.aspx\" target=\"_blank\">Decreto Ministeriale n. 1059 del 23 dicembre 2013 \u2013 <em>Autovalutazione, accreditamento iniziale e periodico delle sedi e dei corsi di studio e valutazione periodica<br \/>\nAdeguamenti e integrazioni al DM 30 gennaio 2013, n. 47<\/em><\/a><\/td>\n<\/tr>\n<tr class=\"row-9\">\n\t<td class=\"column-1\"><a href=\"http:\/\/attiministeriali.miur.it\/anno-2015\/marzo\/dm-27032015.aspx\" target=\"_blank\">Decreto Ministeriale n. 194 del 27 marzo 2015 \u2013 <em>Requisiti accreditamento corsi di studio<\/em><\/a><\/td>\n<\/tr>\n<tr class=\"row-10\">\n\t<td class=\"column-1\"><a href=\"http:\/\/attiministeriali.miur.it\/anno-2016\/dicembre\/dm-12122016.aspx\" target=\"_blank\">Decreto Ministeriale n. 987 del 12 dicembre 2016 \u2013 <em>Autovalutazione, valutazione, accreditamento iniziale e periodico delle sedi e dei corsi di studio<\/em><\/a><\/td>\n<\/tr>\n<tr class=\"row-11\">\n\t<td class=\"column-1\"><a href=\"http:\/\/attiministeriali.miur.it\/anno-2017\/febbraio\/dm-08022017.aspx\" target=\"_blank\">Decreto Ministeriale n. 60 del 8 febbraio 2017 \u2013 <em>Modifiche al decreto 12 dicembre 2016, n. 987, relativo all'autovalutazione, valutazione, accreditamento iniziale e periodico delle sedi e dei corsi di studio<\/em><\/a><\/td>\n<\/tr>\n<\/tbody>\n<\/table>\n<!-- #tablepress-24 from cache --><\/p>\n<p style=\"text-align: justify\">\n<table id=\"tablepress-25\" class=\"tablepress tablepress-id-25\">\n<thead>\n<tr class=\"row-1\">\n\t<th class=\"column-1\">Documenti ANVUR<\/th>\n<\/tr>\n<\/thead>\n<tbody class=\"row-striping row-hover\">\n<tr class=\"row-2\">\n\t<td class=\"column-1\">Autovalutazione, Valutazione e Accreditamento del Sistema Universitario Italiano<br \/>\nAVA del 09 gennaio 2013 (<a href=\"http:\/\/www.anvur.org\/attachments\/article\/26\/1.%20testo.pdf\" target=\"_blank\">Testo<\/a> \u2013 <a href=\"http:\/\/www.anvur.org\/attachments\/article\/26\/allegati_27_01_2013_finale.pdf\" target=\"_blank\">Allegati<\/a>)<\/td>\n<\/tr>\n<tr class=\"row-3\">\n\t<td class=\"column-1\">Linee guida per l\u2019Accreditamento Periodico delle Sedi e dei Corsi di Studio universitari<br \/>\nAVA 2.0 del 22 dicembre 2016 (<a href=\"http:\/\/www.anvur.org\/attachments\/article\/1126\/LineeGuidaAVA2.pdf\" target=\"_blank\">Testo<\/a> \u2013 <a href=\"http:\/\/www.anvur.org\/attachments\/article\/26\/AVA2_presentazione.pdf\" target=\"_blank\">Presentazione<\/a>)<\/td>\n<\/tr>\n<tr class=\"row-4\">\n\t<td class=\"column-1\">Linee guida per l\u2019Accreditamento Periodico delle Sedi e dei Corsi di Studio universitari<br \/>\nAVA 2.1 del 05 maggio 2017 (<a href=\"http:\/\/www.anvur.org\/attachments\/article\/26\/LG_AVA_2017_05_05.pdf\" target=\"_blank\">Testo<\/a> \u2013 <a href=\"http:\/\/www.anvur.org\/attachments\/article\/26\/Allegati_LG_AVA.zip\" target=\"_blank\">Allegati<\/a>)<\/td>\n<\/tr>\n<tr class=\"row-5\">\n\t<td class=\"column-1\">Linee guida per l\u2019Accreditamento Periodico delle Sedi e dei Corsi di Studio universitari<br \/>\nAVA 2.2 del 10 agosto 2017 (<a href=\"http:\/\/www.anvur.org\/attachments\/article\/26\/LG_AVA_10-8-17.pdf\" target=\"_blank\">Testo<\/a> \u2013 <a href=\"http:\/\/www.anvur.org\/attachments\/article\/26\/allegati%201-7.zip\" target=\"_blank\">Allegati 1-7<\/a> \u2013 <a href=\"http:\/\/www.anvur.org\/attachments\/article\/26\/ALL8%20_10-8-17.zip\" target=\"_blank\">Allegato 8<\/a>)<\/td>\n<\/tr>\n<\/tbody>\n<\/table>\n<!-- #tablepress-25 from cache --><\/p>\n<p style=\"text-align: justify\">\n<table id=\"tablepress-26\" class=\"tablepress tablepress-id-26\">\n<thead>\n<tr class=\"row-1\">\n\t<th class=\"column-1\">Materiale Formativo ANVUR<\/th>\n<\/tr>\n<\/thead>\n<tbody class=\"row-striping row-hover\">\n<tr class=\"row-2\">\n\t<td class=\"column-1\"><a href=\"http:\/\/www.anvur.org\/attachments\/article\/249\/2~.pdf\" target=\"_blank\">Le linee di indirizzo del Sistema AVA e gli attori coinvolti \u2013 Castagnaro (Verona 04.07.2013)<\/a><\/td>\n<\/tr>\n<tr class=\"row-3\">\n\t<td class=\"column-1\"><a href=\"http:\/\/www.anvur.org\/attachments\/article\/249\/4~.pdf\" target=\"_blank\">Il ruolo del Presidio della Qualit\u00e0 di Ateneo nel Sistema AVA \u2013 Fantini (Roma 06.05.2014)<\/a><\/td>\n<\/tr>\n<tr class=\"row-4\">\n\t<td class=\"column-1\"><a href=\"http:\/\/www.anvur.org\/attachments\/article\/249\/_~.pdf\" target=\"_blank\">Il ruolo dei Nuclei di Valutazione di Ateneo nel Sistema AVA \u2013 Violani (Roma 07 e 22.05.2014)<\/a><\/td>\n<\/tr>\n<tr class=\"row-5\">\n\t<td class=\"column-1\"><a href=\"http:\/\/www.anvur.org\/attachments\/article\/249\/Il%20sistema%20AVA%20-%20Accredit~.pdf\" target=\"_blank\">Il Sistema AVA: Accreditamento Iniziale e Periodico \u2013 Castagnaro (Roma 02 e 03.07.2015)<\/a><\/td>\n<\/tr>\n<tr class=\"row-6\">\n\t<td class=\"column-1\"><a href=\"http:\/\/www.anvur.org\/attachments\/article\/26\/AVA2_presentazione.pdf\" target=\"_blank\">Le nuove linee guida per l\u2019Accreditamento Periodico delle Sedi e dei Corsi di Studio universitari<br \/>\nAVA 2.0 del 22 dicembre 2016<\/a><\/td>\n<\/tr>\n<\/tbody>\n<\/table>\n<!-- #tablepress-26 from cache --><\/p>\n<p style=\"text-align: justify\">\n<table id=\"tablepress-27\" class=\"tablepress tablepress-id-27\">\n<thead>\n<tr class=\"row-1\">\n\t<th class=\"column-1\">Altri Documenti<\/th>\n<\/tr>\n<\/thead>\n<tbody class=\"row-striping row-hover\">\n<tr class=\"row-2\">\n\t<td class=\"column-1\"><a href=\"http:\/\/sites.unica.it\/qualita\/files\/2017\/09\/Guida-alla-scrittura-degli-ordinamenti-didattici-CUN-8-settembre-2015.pdf\" target=\"_blank\">Guida alla scrittura degli ordinamenti didattici \u2013 CUN, 8 settembre 2015<\/a><\/td>\n<\/tr>\n<tr class=\"row-3\">\n\t<td class=\"column-1\"><a href=\"http:\/\/sites.unica.it\/qualita\/files\/2017\/05\/Guida-alla-scrittura-degli-ordinamenti-didattici-A.A.-17-18-CUN-16-dicembre-2016.pdf\" target=\"_blank\">Guida alla scrittura degli ordinamenti didattici (A.A. 17\/18) \u2013 CUN, 16 dicembre 2016<\/a><\/td>\n<\/tr>\n<tr class=\"row-4\">\n\t<td class=\"column-1\"><a href=\"http:\/\/sites.unica.it\/qualita\/files\/2017\/11\/Guida-alla-scrittura-degli-ordinamenti-didattici-A.A.-18-19-CUN-9-novembre-2017.pdf\" target=\"_blank\">Guida alla scrittura degli ordinamenti didattici (A.A. 18\/19) \u2013 CUN, 9 novembre 2017<\/a><\/td>\n<\/tr>\n<tr class=\"row-5\">\n\t<td class=\"column-1\"><a href=\"http:\/\/sites.unica.it\/qualita\/files\/2017\/05\/Istituzione-attivazione-e-accreditamento-dei-Corsi-di-Studio-CRUI-maggio-2017.pdf\" target=\"_blank\">Istituzione, attivazione e accreditamento dei Corsi di Studio \u2013 CRUI, maggio 2017<br \/>\nNovit\u00e0 introdotte da AVA 2.0 e dal DM 987\/2016<\/a><\/td>\n<\/tr>\n<\/tbody>\n<\/table>\n<!-- #tablepress-27 from cache --><\/p>\n","protected":false},"excerpt":{"rendered":"<p>Di seguito sono riportate le fonti normative e documentali di riferimento per il Sistema AVA (Autovalutazione, Valutazione periodica, Accreditamento), su cui si basa il Sistema di Assicurazione della Qualit\u00e0 di Ateneo. Il quadro normativo e documentale completo \u00e8 definito nel sito dell&#8217;ANVUR (Agenzia Nazionale di Valutazione del Sistema Universitario e della Ricerca). &nbsp;<\/p>\n","protected":false},"author":643,"featured_media":0,"parent":0,"menu_order":2,"comment_status":"closed","ping_status":"closed","template":"","meta":{"footnotes":""},"class_list":["post-801","page","type-page","status-publish","hentry","post-seq-1","post-parity-odd","meta-position-corners","fix"],"_links":{"self":[{"href":"https:\/\/sites.unica.it\/qualita\/wp-json\/wp\/v2\/pages\/801","targetHints":{"allow":["GET"]}}],"collection":[{"href":"https:\/\/sites.unica.it\/qualita\/wp-json\/wp\/v2\/pages"}],"about":[{"href":"https:\/\/sites.unica.it\/qualita\/wp-json\/wp\/v2\/types\/page"}],"author":[{"embeddable":true,"href":"https:\/\/sites.unica.it\/qualita\/wp-json\/wp\/v2\/users\/643"}],"replies":[{"embeddable":true,"href":"https:\/\/sites.unica.it\/qualita\/wp-json\/wp\/v2\/comments?post=801"}],"version-history":[{"count":11,"href":"https:\/\/sites.unica.it\/qualita\/wp-json\/wp\/v2\/pages\/801\/revisions"}],"predecessor-version":[{"id":2526,"href":"https:\/\/sites.unica.it\/qualita\/wp-json\/wp\/v2\/pages\/801\/revisions\/2526"}],"wp:attachment":[{"href":"https:\/\/sites.unica.it\/qualita\/wp-json\/wp\/v2\/media?parent=801"}],"curies":[{"name":"wp","href":"https:\/\/api.w.org\/{rel}","templated":true}]}}