{"id":798,"date":"2016-05-20T20:19:39","date_gmt":"2016-05-20T18:19:39","guid":{"rendered":"http:\/\/sites.unica.it\/qualita\/?page_id=798"},"modified":"2017-09-15T09:01:14","modified_gmt":"2017-09-15T07:01:14","slug":"scadenzario","status":"publish","type":"page","link":"https:\/\/sites.unica.it\/qualita\/scadenzario\/","title":{"rendered":"Scadenzario"},"content":{"rendered":"<p style=\"text-align: justify\">In queste pagine sono riportate le principali scadenze per tutte le attivit\u00e0 inerenti il Sistema di Assicurazione della Qualit\u00e0 di Ateneo. Nelle tabelle sono indicati i dettagli di ogni attivit\u00e0, il responsabile e la relativa scadenza.<\/p>\n<p>&nbsp;<\/p>\n<p style=\"text-align: justify\">\n<table id=\"tablepress-28\" class=\"tablepress tablepress-id-28\">\n<thead>\n<tr class=\"row-1\">\n\t<th class=\"column-1\">Scadenzario<\/th>\n<\/tr>\n<\/thead>\n<tbody class=\"row-striping row-hover\">\n<tr class=\"row-2\">\n\t<td class=\"column-1\"><a href=\"http:\/\/sites.unica.it\/qualita\/scadenzario\/anno-2017\/\">Anno 2017<\/a><\/td>\n<\/tr>\n<tr class=\"row-3\">\n\t<td class=\"column-1\"><a href=\"http:\/\/sites.unica.it\/qualita\/scadenzario\/anno-2018\/\">Anno 2018<\/a><\/td>\n<\/tr>\n<\/tbody>\n<\/table>\n<!-- #tablepress-28 from cache --><\/p>\n","protected":false},"excerpt":{"rendered":"<p>In queste pagine sono riportate le principali scadenze per tutte le attivit\u00e0 inerenti il Sistema di Assicurazione della Qualit\u00e0 di Ateneo. Nelle tabelle sono indicati i dettagli di ogni attivit\u00e0, il responsabile e la relativa scadenza. &nbsp;<\/p>\n","protected":false},"author":643,"featured_media":0,"parent":0,"menu_order":10,"comment_status":"closed","ping_status":"closed","template":"","meta":{"footnotes":""},"class_list":["post-798","page","type-page","status-publish","hentry","post-seq-1","post-parity-odd","meta-position-corners","fix"],"_links":{"self":[{"href":"https:\/\/sites.unica.it\/qualita\/wp-json\/wp\/v2\/pages\/798","targetHints":{"allow":["GET"]}}],"collection":[{"href":"https:\/\/sites.unica.it\/qualita\/wp-json\/wp\/v2\/pages"}],"about":[{"href":"https:\/\/sites.unica.it\/qualita\/wp-json\/wp\/v2\/types\/page"}],"author":[{"embeddable":true,"href":"https:\/\/sites.unica.it\/qualita\/wp-json\/wp\/v2\/users\/643"}],"replies":[{"embeddable":true,"href":"https:\/\/sites.unica.it\/qualita\/wp-json\/wp\/v2\/comments?post=798"}],"version-history":[{"count":12,"href":"https:\/\/sites.unica.it\/qualita\/wp-json\/wp\/v2\/pages\/798\/revisions"}],"predecessor-version":[{"id":2527,"href":"https:\/\/sites.unica.it\/qualita\/wp-json\/wp\/v2\/pages\/798\/revisions\/2527"}],"wp:attachment":[{"href":"https:\/\/sites.unica.it\/qualita\/wp-json\/wp\/v2\/media?parent=798"}],"curies":[{"name":"wp","href":"https:\/\/api.w.org\/{rel}","templated":true}]}}