{"id":1917,"date":"2017-05-02T17:12:03","date_gmt":"2017-05-02T15:12:03","guid":{"rendered":"http:\/\/sites.unica.it\/qualita\/?page_id=1917"},"modified":"2017-11-02T10:27:03","modified_gmt":"2017-11-02T09:27:03","slug":"organi-e-strutture-per-i-servizi-di-contesto","status":"publish","type":"page","link":"https:\/\/sites.unica.it\/qualita\/soggetti\/organi-e-strutture-per-i-servizi-di-contesto\/","title":{"rendered":"Organi e Strutture per i Servizi di Contesto"},"content":{"rendered":"<p style=\"text-align: justify;padding-left: 30px\"><strong><span style=\"color: #0c1975\">&gt; Direttore Generale<br \/>\n<\/span><\/strong>Ha la responsabilit\u00e0, sulla base degli indirizzi forniti dal Consiglio di Amministrazione e dal Rettore, della complessiva gestione e organizzazione del personale tecnico-amministrativo dei servizi e della risorse strumentali, a supporto dell\u2019attivit\u00e0 didattica, di ricerca e dei servizi al territorio secondo criteri di qualit\u00e0, con il fine di assicurare il buon andamento dell\u2019attivit\u00e0 amministrativa e tecnica dell\u2019Ateneo nonch\u00e9 garantire il presidio di legittimit\u00e0, imparzialit\u00e0, e trasparenza.<\/p>\n<p>&nbsp;<\/p>\n<p style=\"text-align: justify;padding-left: 30px\"><strong><span style=\"color: #0c1975\">&gt; Direzioni<br \/>\n<\/span><\/strong><\/p>\n<p style=\"text-align: justify;padding-left: 30px\"><strong>Direzione Acquisti, Appalti e Contratti<br \/>\n<\/strong>Svolge tutte le funzioni necessarie per la programmazione e la gestione centralizzata delle attivit\u00e0 di approvvigionamento di forniture e servizi alle strutture dell\u2019Ateneo.<strong><br \/>\n<\/strong><\/p>\n<p style=\"text-align: justify;padding-left: 30px\"><strong>Direzione Finanziaria<br \/>\n<\/strong>Supporta la programmazione finanziaria annuale e pluriennale dell\u2019Ateneo, garantendo, anche tramite il raccordo con le diverse strutture, la completezza e la tempestivit\u00e0 dei processi contabili. Individua e analizza indicatori di efficienza, efficacia e redditivit\u00e0 dei processi dell\u2019Universit\u00e0 e dei servizi erogati anche per il supporto dei processi decisionali.<strong><br \/>\n<\/strong><\/p>\n<p style=\"text-align: justify;padding-left: 30px\"><strong>Direzione per i Servizi Bibliotecari<br \/>\n<\/strong>Presidia il Sistema bibliotecario d\u2019Ateneo, per sviluppare la fruizione, la conservazione e l\u2019ampliamento del patrimonio bibliografico dell\u2019Universit\u00e0 di Cagliari e promuovere l\u2019innovazione dei servizi bibliotecari e documentari in modo da valorizzare le vocazioni specialistiche delle diverse biblioteche.<strong><br \/>\n<\/strong><\/p>\n<p style=\"padding-left: 30px;text-align: justify\"><strong>Direzione per il Personale<br \/>\n<\/strong>Cura la gestione delle risorse umane dell\u2019Ateneo promuovendo la qualificazione e la valorizzazione del personale. Assicura il supporto ai processi di cambiamento organizzativo per migliorare la qualit\u00e0 dei servizi e il clima organizzativo.<strong><br \/>\n<\/strong><\/p>\n<p style=\"text-align: justify;padding-left: 30px\"><strong>Direzione per la Didattica e l\u2019Orientamento<br \/>\n<\/strong>Coordina e gestisce le attivit\u00e0 necessarie alla predisposizione e amministrazione dell\u2019offerta formativa, anche nell\u2019ottica dell\u2019Assicurazione della Qualit\u00e0 dei Corsi di Studio, fornendo il supporto amministrativo alle attivit\u00e0 didattiche in stretto raccordo con le Facolt\u00e0, i Dipartimenti e i Corsi di Studio ed \u00e8 preposta alle attivit\u00e0 di orientamento ex ante e in itinere.<br \/>\nCura i rapporti con il Ministero dell\u2019Istruzione, Universit\u00e0 e Ricerca per la gestione amministrativa dei Corsi di Studio.\u00a0Organizza, di concerto con il Presidio della Qualit\u00e0, la compilazione delle SUA\u2013CdS.<strong><br \/>\n<\/strong><\/p>\n<p style=\"text-align: justify;padding-left: 30px\"><strong>Direzione per la Ricerca e il Territorio<br \/>\n<\/strong>Fornisce supporto amministrativo alla ricerca svolta dall\u2019Universit\u00e0 di Cagliari, curando le attivit\u00e0 legate ai finanziamenti per la ricerca e la formazione scientifica. Promuove il dialogo, l\u2019interazione e la collaborazione con gli stakeholders presenti nel contesto regionale per favorire il trasferimento dei risultati e l\u2019inserimento dei propri laureati nel mondo del lavoro.<br \/>\nCura i rapporti con il Ministero dell\u2019Istruzione, Universit\u00e0 e Ricerca e con gli altri organismi nazionali che operano nel settore della ricerca. Organizza, di concerto con il Presidio della Qualit\u00e0, la compilazione delle SUA\u2013RD.<strong><br \/>\n<\/strong><\/p>\n<p style=\"text-align: justify;padding-left: 30px\"><strong>Direzione per le Opere Pubbliche e le Infrastrutture<br \/>\n<\/strong>Svolge tutte le attivit\u00e0 che sono necessarie per l\u2019implementazione, la valorizzazione e la conservazione del patrimonio immobiliare dell\u2019Ateneo, nonch\u00e9 per la gestione dei contratti delle utenze, con esclusione di quelle inerenti la fonia e i dati.<strong><br \/>\n<\/strong><\/p>\n<p style=\"text-align: justify;padding-left: 30px\"><strong>Direzione per le Reti e i Servizi Informatici<br \/>\n<\/strong>\u00c8 preposta a tutte le attivit\u00e0 che sono necessarie per garantire il coordinamento, l\u2019efficacia e l\u2019efficienza dei sistemi informativi, dei servizi online e della rete dati e fonia dell\u2019Ateneo, assicurando il raccordo trasversale tra le diverse strutture. Supporta le azioni di raccolta dei dati necessari per le attivit\u00e0 di monitoraggio curate dalle diverse strutture.<strong><br \/>\n<\/strong><\/p>\n<p style=\"text-align: justify;padding-left: 30px\"><strong>Servizio di Prevenzione e Protezione<br \/>\n<\/strong>Svolge attivit\u00e0 di consulenza tecnica e normativa in materia di salute e sicurezza nei luoghi di lavoro. Analizza i fattori di rischio delle attivit\u00e0 lavorative condotte nell\u2019Ateneo, effettua la valutazione dei rischi e individua le misure di prevenzione e protezione specifiche.<br \/>\nSupporta il personale docente anche attraverso la messa a disposizione di strumenti e procedure di sicurezza tali da rendere agevole gli adempimenti normativi a loro carico.<br \/>\nEroga formazione qualificata e certificata rivolta a tutto il personale. Elabora e verifica le procedure di emergenza. Cura i rapporti con gli Organi di Vigilanza in materia di salute e sicurezza nei luoghi di lavoro.<strong><br \/>\n<\/strong><\/p>\n<p style=\"text-align: justify;padding-left: 30px\"><strong>Direzione Qualit\u00e0 e AUDIT<br \/>\n<\/strong>Cura il coordinamento e la gestione delle attivit\u00e0 di Audit interno delle strutture d\u2019Ateneo e del controllo analogo sulle societ\u00e0 in house. Cura la formulazione di proposte organizzative per l\u2019attuazione della normativa in materia di privacy.<br \/>\nGarantisce le funzioni di supporto tecnico alle attivit\u00e0 del Presidio della Qualit\u00e0 di Ateneo, di cui la Segreteria Tecnica \u00e8 parte integrante.<\/p>\n","protected":false},"excerpt":{"rendered":"<p>&gt; Direttore Generale Ha la responsabilit\u00e0, sulla base degli indirizzi forniti dal Consiglio di Amministrazione e dal Rettore, della complessiva gestione e organizzazione del personale tecnico-amministrativo dei servizi e della risorse strumentali, a supporto dell\u2019attivit\u00e0 didattica, di ricerca e dei servizi al territorio secondo criteri di qualit\u00e0, con il fine di assicurare il buon andamento dell\u2019attivit\u00e0 amministrativa e tecnica dell\u2019Ateneo nonch\u00e9 garantire il presidio di legittimit\u00e0, imparzialit\u00e0, e trasparenza. &nbsp; &gt; Direzioni Direzione Acquisti, Appalti e Contratti Svolge tutte le funzioni necessarie per la programmazione e la gestione centralizzata delle attivit\u00e0 di approvvigionamento di forniture e servizi alle strutture dell\u2019Ateneo. <a href='https:\/\/sites.unica.it\/qualita\/soggetti\/organi-e-strutture-per-i-servizi-di-contesto\/' class='excerpt-more'>[&#8230;]<\/a><\/p>\n","protected":false},"author":2712,"featured_media":0,"parent":1387,"menu_order":3,"comment_status":"closed","ping_status":"closed","template":"","meta":{"footnotes":""},"class_list":["post-1917","page","type-page","status-publish","hentry","post-seq-1","post-parity-odd","meta-position-corners","fix"],"_links":{"self":[{"href":"https:\/\/sites.unica.it\/qualita\/wp-json\/wp\/v2\/pages\/1917","targetHints":{"allow":["GET"]}}],"collection":[{"href":"https:\/\/sites.unica.it\/qualita\/wp-json\/wp\/v2\/pages"}],"about":[{"href":"https:\/\/sites.unica.it\/qualita\/wp-json\/wp\/v2\/types\/page"}],"author":[{"embeddable":true,"href":"https:\/\/sites.unica.it\/qualita\/wp-json\/wp\/v2\/users\/2712"}],"replies":[{"embeddable":true,"href":"https:\/\/sites.unica.it\/qualita\/wp-json\/wp\/v2\/comments?post=1917"}],"version-history":[{"count":5,"href":"https:\/\/sites.unica.it\/qualita\/wp-json\/wp\/v2\/pages\/1917\/revisions"}],"predecessor-version":[{"id":2542,"href":"https:\/\/sites.unica.it\/qualita\/wp-json\/wp\/v2\/pages\/1917\/revisions\/2542"}],"up":[{"embeddable":true,"href":"https:\/\/sites.unica.it\/qualita\/wp-json\/wp\/v2\/pages\/1387"}],"wp:attachment":[{"href":"https:\/\/sites.unica.it\/qualita\/wp-json\/wp\/v2\/media?parent=1917"}],"curies":[{"name":"wp","href":"https:\/\/api.w.org\/{rel}","templated":true}]}}