{"id":1427,"date":"2016-10-10T14:09:16","date_gmt":"2016-10-10T12:09:16","guid":{"rendered":"http:\/\/sites.unica.it\/qualita\/?page_id=1427"},"modified":"2017-05-23T19:30:49","modified_gmt":"2017-05-23T17:30:49","slug":"contatti","status":"publish","type":"page","link":"https:\/\/sites.unica.it\/qualita\/aiuto\/contatti\/","title":{"rendered":"Contatti"},"content":{"rendered":"<p style=\"text-align: justify\">Per qualsiasi richiesta o comunicazione \u00e8 possibile contattare il Presidio della Qualit\u00e0 di Ateneo, responsabile della gestione di questo sito.<\/p>\n<p>&nbsp;<\/p>\n<p style=\"text-align: center\"><span style=\"color: #0c1975\"><a style=\"color: #0c1975\" href=\"http:\/\/people.unica.it\/pqa\/contatti\/\" target=\"_blank\" rel=\"noopener noreferrer\"><strong>Segreteria Tecnica del Presidio della Qualit\u00e0 di Ateneo<\/strong><\/a><\/span><\/p>\n<p style=\"text-align: center\">Telefono 070 675 \u20136669 \u00a0\u2022 \u00a0Mail <span style=\"color: #0000ff\"><a style=\"color: #0000ff\" href=\"mailto:pqa@unica.it\">pqa@unica.it<\/a><\/span><\/p>\n","protected":false},"excerpt":{"rendered":"<p>Per qualsiasi richiesta o comunicazione \u00e8 possibile contattare il Presidio della Qualit\u00e0 di Ateneo, responsabile della gestione di questo sito. &nbsp; Segreteria Tecnica del Presidio della Qualit\u00e0 di Ateneo Telefono 070 675 \u20136669 \u00a0\u2022 \u00a0Mail pqa@unica.it<\/p>\n","protected":false},"author":2712,"featured_media":0,"parent":1391,"menu_order":3,"comment_status":"closed","ping_status":"closed","template":"","meta":{"footnotes":""},"class_list":["post-1427","page","type-page","status-publish","hentry","post-seq-1","post-parity-odd","meta-position-corners","fix"],"_links":{"self":[{"href":"https:\/\/sites.unica.it\/qualita\/wp-json\/wp\/v2\/pages\/1427","targetHints":{"allow":["GET"]}}],"collection":[{"href":"https:\/\/sites.unica.it\/qualita\/wp-json\/wp\/v2\/pages"}],"about":[{"href":"https:\/\/sites.unica.it\/qualita\/wp-json\/wp\/v2\/types\/page"}],"author":[{"embeddable":true,"href":"https:\/\/sites.unica.it\/qualita\/wp-json\/wp\/v2\/users\/2712"}],"replies":[{"embeddable":true,"href":"https:\/\/sites.unica.it\/qualita\/wp-json\/wp\/v2\/comments?post=1427"}],"version-history":[{"count":5,"href":"https:\/\/sites.unica.it\/qualita\/wp-json\/wp\/v2\/pages\/1427\/revisions"}],"predecessor-version":[{"id":2134,"href":"https:\/\/sites.unica.it\/qualita\/wp-json\/wp\/v2\/pages\/1427\/revisions\/2134"}],"up":[{"embeddable":true,"href":"https:\/\/sites.unica.it\/qualita\/wp-json\/wp\/v2\/pages\/1391"}],"wp:attachment":[{"href":"https:\/\/sites.unica.it\/qualita\/wp-json\/wp\/v2\/media?parent=1427"}],"curies":[{"name":"wp","href":"https:\/\/api.w.org\/{rel}","templated":true}]}}