{"id":1408,"date":"2016-10-10T13:05:53","date_gmt":"2016-10-10T11:05:53","guid":{"rendered":"http:\/\/sites.unica.it\/qualita\/?page_id=1408"},"modified":"2017-05-08T10:33:28","modified_gmt":"2017-05-08T08:33:28","slug":"strutture-periferiche","status":"publish","type":"page","link":"https:\/\/sites.unica.it\/qualita\/soggetti\/strutture-periferiche\/","title":{"rendered":"Strutture Periferiche"},"content":{"rendered":"<p style=\"text-align: justify;padding-left: 30px\"><span style=\"color: #0c1975\"><strong>&gt; Dipartimenti<br \/>\n<\/strong><\/span>Sono le strutture organizzative che assicurano l&#8217;esercizio organico ed integrato delle attivit\u00e0 di didattica, di ricerca e di servizio al territorio, comprese le funzioni assistenziali ove previste, perseguendo gli obbiettivi di qualit\u00e0 dell\u2019Ateneo. I Dipartimenti promuovono, coordinano ed organizzano, in collaborazione con le altre strutture universitarie coinvolte, le attivit\u00e0 di didattica, di ricerca e di alta formazione <em>post lauream<\/em>, nel rispetto del principio di autonomia.<br \/>\nI Dipartimenti svolgono analisi e riflessione critica sulla qualit\u00e0 della ricerca svolta e sulla sua promozione. Inoltre promuovono l\u2019internazionalizzazione delle attivit\u00e0 di ricerca attraverso il sostegno, anche finanziario, allo sviluppo degli scambi e delle iniziative di cooperazione.<br \/>\nAl fine di rendere efficiente l\u2019implementazione del sistema di AQ di Ateneo, ogni Dipartimento nomina un Referente per la Qualit\u00e0 (RQ\u2013Dip) che fa parte della struttura decentrata del PQA.<\/p>\n<p>&nbsp;<\/p>\n<p style=\"text-align: justify;padding-left: 30px\"><strong><span style=\"color: #0c1975\">&gt; Facolt\u00e0<\/span><br \/>\n<\/strong>Sono le strutture di raccordo tra pi\u00f9 Dipartimenti, con funzioni di coordinamento e razionalizzazione delle attivit\u00e0 didattiche, nonch\u00e9 di gestione dei servizi comuni ad essi inerenti. Le Facolt\u00e0 definiscono, in linea con le determinazioni dell\u2019Ateneo, gli obiettivi e le politiche programmatiche sulle attivit\u00e0 didattiche, considerate le proposte dei Dipartimenti e dei Consigli dei Corsi di Studio o di Classe. Le Facolt\u00e0 esprimono parere sulle proposte relative all\u2019offerta formativa, proponendo in particolare ai Dipartimenti e quindi al Senato Accademico l\u2019istituzione, l\u2019attivazione e la disattivazione dei Corsi di Studio.<br \/>\nAl fine di rendere efficiente l\u2019implementazione del sistema di AQ di Ateneo, ogni Facolt\u00e0 nomina un Referente per la Qualit\u00e0 (RQ\u2013Fac) che fa parte della struttura decentrata del PQA.<\/p>\n<p>&nbsp;<\/p>\n<p style=\"text-align: justify;padding-left: 30px\"><span style=\"color: #0c1975\"><strong>&gt; Corsi di Studio<br \/>\n<\/strong><\/span>Sono le entit\u00e0 organizzative responsabili del coordinamento e della gestione del percorso formativo che porta all\u2019acquisizione di un titolo di studio. Il Consiglio di Corso di Studio o di Classe \u00e8 responsabile del sistema di gestione dell&#8217;Assicurazione interna della Qualit\u00e0 (AiQ).<br \/>\nPromuove e sostiene la qualit\u00e0 ed i processi di valutazione e monitoraggio della didattica attraverso la nomina di una Commissione di Autovalutazione (CAV).<br \/>\nAl fine di rendere efficiente l\u2019implementazione del sistema di AQ di Ateneo, ogni Consiglio nomina un Referente per la Qualit\u00e0 del Corso di Studio (RQ\u2013CdS) che fa parte della struttura decentrata del PQA.<\/p>\n<p>&nbsp;<\/p>\n<p style=\"text-align: justify;padding-left: 30px\"><strong><span style=\"color: #0c1975\">&gt; Commissioni Paritetiche Docenti Studenti (CPDS)<\/span><br \/>\n<\/strong>\u00c8\u00a0costituita a livello di Facolt\u00e0 e di Corso di Studio o di Classe e svolge attivit\u00e0 di monitoraggio dell\u2019offerta formativa, della qualit\u00e0 della didattica e dei servizi resi agli studenti da parte dei docenti e delle strutture.<br \/>\nLa CPDS di Facolt\u00e0 redige una Relazione Annuale per ogni singolo Corso di Studio, nella quale esprime valutazioni e proposte per il miglioramento sull\u2019efficacia della didattica, del tutorato e di ogni altro servizio reso agli studenti. Ai fini della redazione delle Relazioni, la CPDS di Facolt\u00e0 si avvale dei pareri espressi dalle CPDS di Corso di Studio o di Classe, in modo da assicurare la rappresentativit\u00e0 di tutti i Corsi di Studio della Facolt\u00e0. Le Relazioni sono trasmesse al Presidio della Qualit\u00e0, al Nucleo di Valutazione, alle Facolt\u00e0 e ai Corsi di Studio.<\/p>\n<p>&nbsp;<\/p>\n<p style=\"text-align: justify;padding-left: 30px\"><strong><span style=\"color: #0c1975\">&gt; Commissioni di Autovalutazione (CAV)<\/span><br \/>\n<\/strong>Sono nominate da\u00a0ogni singolo Corso di Studio o di Classe per svolgere le funzioni della Commissione di Gestione dell\u2019Assicurazione della Qualit\u00e0 prevista dai documenti ANVUR\u2013AVA Gennaio 2013 e dal DM n. 47 del 30\/01\/2013. In particolare, propone l&#8217;organizzazione e le relative funzioni, responsabilit\u00e0 e tempistiche per l&#8217;Assicurazione interna della Qualit\u00e0 (AiQ) del CdS. Verifica il rispetto delle condizioni per l&#8217;Accreditamento Periodico del CdS e valuta gli interventi mirati al miglioramento della gestione dello stesso.<br \/>\nLa CAV \u00e8 responsabile della compilazione della Scheda Unica Annuale del CdS (SUA\u2013CdS), per le parti di competenza, e della compilazione del Rapporto di Riesame (Annuale e Ciclico).<br \/>\nE\u2019 stata attribuita alla CAV anche la responsabilit\u00e0 di portare all&#8217;attenzione del Consiglio di CdS\/Classe proposte per il miglioramento dell&#8217;organizzazione del Corso di Studio.<\/p>\n","protected":false},"excerpt":{"rendered":"<p>&gt; Dipartimenti Sono le strutture organizzative che assicurano l&#8217;esercizio organico ed integrato delle attivit\u00e0 di didattica, di ricerca e di servizio al territorio, comprese le funzioni assistenziali ove previste, perseguendo gli obbiettivi di qualit\u00e0 dell\u2019Ateneo. I Dipartimenti promuovono, coordinano ed organizzano, in collaborazione con le altre strutture universitarie coinvolte, le attivit\u00e0 di didattica, di ricerca e di alta formazione post lauream, nel rispetto del principio di autonomia. I Dipartimenti svolgono analisi e riflessione critica sulla qualit\u00e0 della ricerca svolta e sulla sua promozione. Inoltre promuovono l\u2019internazionalizzazione delle attivit\u00e0 di ricerca attraverso il sostegno, anche finanziario, allo sviluppo degli scambi e <a href='https:\/\/sites.unica.it\/qualita\/soggetti\/strutture-periferiche\/' class='excerpt-more'>[&#8230;]<\/a><\/p>\n","protected":false},"author":2712,"featured_media":0,"parent":1387,"menu_order":2,"comment_status":"closed","ping_status":"closed","template":"","meta":{"footnotes":""},"class_list":["post-1408","page","type-page","status-publish","hentry","post-seq-1","post-parity-odd","meta-position-corners","fix"],"_links":{"self":[{"href":"https:\/\/sites.unica.it\/qualita\/wp-json\/wp\/v2\/pages\/1408","targetHints":{"allow":["GET"]}}],"collection":[{"href":"https:\/\/sites.unica.it\/qualita\/wp-json\/wp\/v2\/pages"}],"about":[{"href":"https:\/\/sites.unica.it\/qualita\/wp-json\/wp\/v2\/types\/page"}],"author":[{"embeddable":true,"href":"https:\/\/sites.unica.it\/qualita\/wp-json\/wp\/v2\/users\/2712"}],"replies":[{"embeddable":true,"href":"https:\/\/sites.unica.it\/qualita\/wp-json\/wp\/v2\/comments?post=1408"}],"version-history":[{"count":28,"href":"https:\/\/sites.unica.it\/qualita\/wp-json\/wp\/v2\/pages\/1408\/revisions"}],"predecessor-version":[{"id":1964,"href":"https:\/\/sites.unica.it\/qualita\/wp-json\/wp\/v2\/pages\/1408\/revisions\/1964"}],"up":[{"embeddable":true,"href":"https:\/\/sites.unica.it\/qualita\/wp-json\/wp\/v2\/pages\/1387"}],"wp:attachment":[{"href":"https:\/\/sites.unica.it\/qualita\/wp-json\/wp\/v2\/media?parent=1408"}],"curies":[{"name":"wp","href":"https:\/\/api.w.org\/{rel}","templated":true}]}}