{"id":1400,"date":"2016-10-10T12:39:13","date_gmt":"2016-10-10T10:39:13","guid":{"rendered":"http:\/\/sites.unica.it\/qualita\/?page_id=1400"},"modified":"2017-02-23T12:03:23","modified_gmt":"2017-02-23T11:03:23","slug":"organi-di-governo","status":"publish","type":"page","link":"https:\/\/sites.unica.it\/qualita\/soggetti\/organi-di-governo\/","title":{"rendered":"Organi di Governo"},"content":{"rendered":"<p style=\"text-align: justify\">Gli <span style=\"color: #800000\"><strong>Organi di Governo dell\u2019Ateneo<\/strong><\/span> hanno una funzione di governo (Rettore e Consiglio di Amministrazione) e di indirizzo (Senato Accademico). Formulano quindi le politiche e le strategie dell&#8217;Ateneo e definiscono le modalit\u00e0 di attuazione delle iniziative volte al loro conseguimento.<\/p>\n<p style=\"text-align: justify\">Gli Organi di Ateneo acquisiscono le informazioni sul sistema di Assicurazione della Qualit\u00e0 di Ateneo e mettono in essere le azioni correttive necessarie.<\/p>\n<p>&nbsp;<\/p>\n<p style=\"padding-left: 30px;text-align: justify\"><span style=\"color: #0c1975\"><strong><span style=\"color: #0c1975\">&gt; Rettore<\/span><br \/>\n<\/strong><\/span>Esercita funzioni di indirizzo, di iniziativa e di coordinamento delle attivit\u00e0 didattiche e scientifiche; assicura altres\u00ec che ogni attivit\u00e0 dell\u2019Universit\u00e0 si svolga secondo criteri di <em>Qualit\u00e0<\/em> e nel rispetto dei principi di efficacia, efficienza, trasparenza e promozione del merito.<\/p>\n<p>&nbsp;<\/p>\n<p style=\"text-align: justify;padding-left: 30px\"><strong><span style=\"color: #0c1975\">&gt; Consiglio di Amministrazione<\/span><br \/>\n<\/strong>\u00c8 l\u2019organo di governo che\u00a0 attua l\u2019indirizzo strategico dell\u2019Ateneo mediante la programmazione ed il controllo dell\u2019attivit\u00e0 amministrativa, finanziaria, economica e patrimoniale.<br \/>\nApprova, su proposta del Rettore e previo parere del Senato Accademico, il documento di programmazione triennale di Ateneo, il bilancio annuale e triennale ed i conti consuntivi, nonch\u00e9 il documento di programmazione annuale e triennale del personale, vigilando sulla sostenibilit\u00e0 finanziaria delle attivit\u00e0 dell\u2019Ateneo e sull&#8217;efficienza ed efficacia della gestione. Delibera, previo parere del Senato Accademico, l\u2019istituzione, l\u2019attivazione, la modifica o la soppressione di Corsi di Studio, Dipartimenti e Facolt\u00e0 e l\u2019articolazione dell\u2019offerta formativa ai diversi livelli.<\/p>\n<p>&nbsp;<\/p>\n<p style=\"text-align: justify;padding-left: 30px\"><strong><span style=\"color: #0c1975\">&gt; Senato Accademico<br \/>\n<\/span><\/strong>\u00c8 l\u2019organo di indirizzo, propositivo e consultivo in materia di programmazione e coordinamento delle attivit\u00e0 didattiche e di ricerca, di servizi agli studenti e al territorio attivati dall\u2019Universit\u00e0. Con riferimento specifico ai temi della qualit\u00e0, delibera i criteri che l\u2019Ateneo, nelle sue diverse articolazioni, adotta per l\u2019Assicurazione della Qualit\u00e0 dei Corsi di Studio, la valutazione e il miglioramento continuo della formazione, della ricerca e dei servizi.<br \/>\nInoltre formula proposte in materia di didattica, ricerca e servizi agli studenti da inserire nel documento di programmazione triennale di Ateneo; formula proposte per l\u2019istituzione, l\u2019attivazione, la modifica o la soppressione di Corsi di Studio, Dipartimenti e Facolt\u00e0; formula proposte in merito agli accordi di cooperazione di rilevanza generale per l\u2019Ateneo, in materia di didattica e di ricerca.<\/p>\n","protected":false},"excerpt":{"rendered":"<p>Gli Organi di Governo dell\u2019Ateneo hanno una funzione di governo (Rettore e Consiglio di Amministrazione) e di indirizzo (Senato Accademico). Formulano quindi le politiche e le strategie dell&#8217;Ateneo e definiscono le modalit\u00e0 di attuazione delle iniziative volte al loro conseguimento. Gli Organi di Ateneo acquisiscono le informazioni sul sistema di Assicurazione della Qualit\u00e0 di Ateneo e mettono in essere le azioni correttive necessarie. &nbsp; &gt; Rettore Esercita funzioni di indirizzo, di iniziativa e di coordinamento delle attivit\u00e0 didattiche e scientifiche; assicura altres\u00ec che ogni attivit\u00e0 dell\u2019Universit\u00e0 si svolga secondo criteri di Qualit\u00e0 e nel rispetto dei principi di efficacia, efficienza, <a href='https:\/\/sites.unica.it\/qualita\/soggetti\/organi-di-governo\/' class='excerpt-more'>[&#8230;]<\/a><\/p>\n","protected":false},"author":2712,"featured_media":0,"parent":1387,"menu_order":0,"comment_status":"closed","ping_status":"closed","template":"","meta":{"footnotes":""},"class_list":["post-1400","page","type-page","status-publish","hentry","post-seq-1","post-parity-odd","meta-position-corners","fix"],"_links":{"self":[{"href":"https:\/\/sites.unica.it\/qualita\/wp-json\/wp\/v2\/pages\/1400","targetHints":{"allow":["GET"]}}],"collection":[{"href":"https:\/\/sites.unica.it\/qualita\/wp-json\/wp\/v2\/pages"}],"about":[{"href":"https:\/\/sites.unica.it\/qualita\/wp-json\/wp\/v2\/types\/page"}],"author":[{"embeddable":true,"href":"https:\/\/sites.unica.it\/qualita\/wp-json\/wp\/v2\/users\/2712"}],"replies":[{"embeddable":true,"href":"https:\/\/sites.unica.it\/qualita\/wp-json\/wp\/v2\/comments?post=1400"}],"version-history":[{"count":6,"href":"https:\/\/sites.unica.it\/qualita\/wp-json\/wp\/v2\/pages\/1400\/revisions"}],"predecessor-version":[{"id":1802,"href":"https:\/\/sites.unica.it\/qualita\/wp-json\/wp\/v2\/pages\/1400\/revisions\/1802"}],"up":[{"embeddable":true,"href":"https:\/\/sites.unica.it\/qualita\/wp-json\/wp\/v2\/pages\/1387"}],"wp:attachment":[{"href":"https:\/\/sites.unica.it\/qualita\/wp-json\/wp\/v2\/media?parent=1400"}],"curies":[{"name":"wp","href":"https:\/\/api.w.org\/{rel}","templated":true}]}}