{"id":7696,"date":"2025-04-17T14:12:26","date_gmt":"2025-04-17T12:12:26","guid":{"rendered":"https:\/\/sites.unica.it\/psicologiasalute\/?page_id=7696"},"modified":"2025-11-21T20:07:42","modified_gmt":"2025-11-21T19:07:42","slug":"daniela_putzolu","status":"publish","type":"page","link":"https:\/\/sites.unica.it\/psicologiasalute\/organizzazione\/specializzand-2-anno\/daniela_putzolu\/","title":{"rendered":"Daniela Putzolu"},"content":{"rendered":"\n<div style=\"height:25px\" aria-hidden=\"true\" class=\"wp-block-spacer\"><\/div>\n\n\n\n<p>Psicologa, specializzanda in Psicologia della Salute, iscritta all\u2019Ordine degli Psicologi e delle Psicologhe della Sardegna con n. 3727. Laureata triennale in Scienze e Tecniche Psicologiche con una tesi compilativa su Stress e Burnout nell\u2019ambito delle Forze dell\u2019Ordine dal titolo \u201cIl peso dell\u2019Uniforme\u201d, da qui ha avuto inizio il mio interesse professionale e accademico nell\u2019ambito della salute lavorativa. Ho infatti proseguito il mio percorso a Cagliari nella magistrale di Psicologia dello sviluppo e dei processi socio-lavorativi con specifico focus nell\u2019ambito laburistico-organizzativo. Nel 2022 mi sono laureata con una tesi esplorativa dal titolo \u201cMedice, qui cura te ipsum?\u201d il cui oggetto \u00e8 stata un\u2019indagine quali-quantitativa sullo stato di salute lavorativa dei medici di base della provincia di Oristano e Cagliari durante il periodo pandemico. Appassionata sempre di pi\u00f9 al versante benessere lavorativo e sanit\u00e0, ho iniziato il tirocinio post-lauream presso il Servizio Prevenzione e Protezione dell\u2019Azienda Ospedaliera di Cagliari. L\u2019esperienza mi ha permesso di seguire e collaborare sin dalle prime fasi alla progettazione di diverse linee di intervento mirate alla promozione del benessere lavorativo, prevenzione da rischi psicosociali di tipo stress lavoro correlato e supporto individuale al personale sanitario. Durante il tirocinio mi sono occupata nello specifico di corsi ECM su Stress e Burnout rivolti ai dipendenti, e della gestione e dell\u2019osservazione partecipata presso lo Sportello d\u2019Ascolto aziendale. Ho poi conseguito un Master di II livello in Psicologia Militare presso La Sapienza di Roma, svolgendo anche in questo caso un tirocinio altamente pratico nell\u2019ambito del consultorio psicologico dell\u2019infermeria Presidiari di Cagliari, servizio rivolto a tutto il personale militare. Ho conseguito l\u2019abilitazione e da dicembre 2023 sono ufficialmente iscritta all\u2019Albo. La decisione di specializzarmi in Psicologia della Salute \u00e8 dovuta al forte attaccamento all\u2019idea che la Psicologia debba essere una risorsa primaria, preventiva e non debba esistere nell\u2019immaginario comune solo come ultima risorsa in caso di estremo disagio psico-fisico. Investire sul benessere, e non pi\u00f9 solo sulla cura del malessere, \u00e8 ci\u00f2 che guida il mio essere una professionista della salute (ancor prima che una professione sanitaria), investendo sul benessere di tutt\u0259 tramite una psico-educazione su pi\u00f9 livelli.<br>E-mail: <a href=\"mailto:daniela.putzolu@outlook.it\">daniela.putzolu@outlook.it<\/a><\/p>\n","protected":false},"excerpt":{"rendered":"<p>Psicologa, specializzanda in Psicologia della Salute, iscritta all\u2019Ordine degli Psicologi e delle Psicologhe della Sardegna con n. 3727. Laureata triennale in Scienze e Tecniche Psicologiche con una tesi compilativa su Stress e Burnout nell\u2019ambito delle Forze [&hellip;]<\/p>\n","protected":false},"author":9406,"featured_media":0,"parent":7483,"menu_order":0,"comment_status":"closed","ping_status":"closed","template":"","meta":{"footnotes":""},"class_list":["post-7696","page","type-page","status-publish","hentry"],"_links":{"self":[{"href":"https:\/\/sites.unica.it\/psicologiasalute\/wp-json\/wp\/v2\/pages\/7696","targetHints":{"allow":["GET"]}}],"collection":[{"href":"https:\/\/sites.unica.it\/psicologiasalute\/wp-json\/wp\/v2\/pages"}],"about":[{"href":"https:\/\/sites.unica.it\/psicologiasalute\/wp-json\/wp\/v2\/types\/page"}],"author":[{"embeddable":true,"href":"https:\/\/sites.unica.it\/psicologiasalute\/wp-json\/wp\/v2\/users\/9406"}],"replies":[{"embeddable":true,"href":"https:\/\/sites.unica.it\/psicologiasalute\/wp-json\/wp\/v2\/comments?post=7696"}],"version-history":[{"count":2,"href":"https:\/\/sites.unica.it\/psicologiasalute\/wp-json\/wp\/v2\/pages\/7696\/revisions"}],"predecessor-version":[{"id":9772,"href":"https:\/\/sites.unica.it\/psicologiasalute\/wp-json\/wp\/v2\/pages\/7696\/revisions\/9772"}],"up":[{"embeddable":true,"href":"https:\/\/sites.unica.it\/psicologiasalute\/wp-json\/wp\/v2\/pages\/7483"}],"wp:attachment":[{"href":"https:\/\/sites.unica.it\/psicologiasalute\/wp-json\/wp\/v2\/media?parent=7696"}],"curies":[{"name":"wp","href":"https:\/\/api.w.org\/{rel}","templated":true}]}}