{"id":7649,"date":"2025-04-17T13:44:46","date_gmt":"2025-04-17T11:44:46","guid":{"rendered":"https:\/\/sites.unica.it\/psicologiasalute\/?page_id=7649"},"modified":"2025-11-21T20:06:42","modified_gmt":"2025-11-21T19:06:42","slug":"benedetta_brandas","status":"publish","type":"page","link":"https:\/\/sites.unica.it\/psicologiasalute\/organizzazione\/specializzand-3-anno\/benedetta_brandas\/","title":{"rendered":"Benedetta Brandas"},"content":{"rendered":"\n<div style=\"height:25px\" aria-hidden=\"true\" class=\"wp-block-spacer\"><\/div>\n\n\n\n<p>Ho conseguito la laurea triennale in Scienze e Tecniche Psicologiche (Universit\u00e0 degli Studi di Cagliari) con una tesi dal titolo: \u201cIl ruolo della regolazione epigenetica nel controllo del comportamento\u201d.<\/p>\n\n\n\n<p>Successivamente, mi laureo con Lode e Dignit\u00e0 di Stampa presso la Magistrale in Psicologia dello Sviluppo e dei Processi Socio-Lavorativi (Universit\u00e0 degli Studi di Cagliari), con un lavoro di tesi sperimentale dal titolo: \u201cIl benessere psicofisico negli anziani della \u00ab<em>Blue Zone<\/em>\u00bb sarda\u201d.<\/p>\n\n\n\n<p>Intraprendo l\u2019anno di tirocinio post-lauream presso il Dipartimento di Pedagogia, Psicologia e Filosofia dell\u2019Universit\u00e0 degli Studi di Cagliari, con l\u2019intento di proseguire e approfondire il lavoro sperimentale gi\u00e0 avviato con la tesi Magistrale.<\/p>\n\n\n\n<p>Nello specifico, durante l\u2019esperienza di tirocinio ho avuto modo di svolgere attivit\u00e0 di ricerca sui markers psicologici dell\u2019invecchiamento ottimale nella Blue Zone sarda, ossia in aree della Sardegna caratterizzate da un alto tasso di longevit\u00e0. Tale esperienza mi ha consentito di ampliare le mie conoscenze sul benessere psicofisico nelle ultime decadi di vita, nonch\u00e9 sulla valutazione dell\u2019efficienza dei processi cognitivi non verbali (es. funzioni esecutive) nella popolazione anziana. Il progetto di ricerca \u00e8 stato svolto in collaborazione con il Dipartimento di Ingegneria Meccanica, Chimica e dei Materiali (Universit\u00e0 degli Studi di Cagliari). Attraverso tale collaborazione \u00e8 stata aggiunta una valutazione motoria dei partecipanti al progetto di ricerca, al fine di indagare la relazione che intercorre tra salute psicofisica, efficienza cognitiva e parametri motori e legati al sonno degli anziani della Blue Zone sarda. Inoltre, parte della mia attivit\u00e0 di tirocinio \u00e8 stata dedicata alla redazione di una rassegna bibliografica, recentemente accettata per la pubblicazione dal Giornale Italiano di Psicologia (GIP), incentrata sui markers psicologici dell\u2019invecchiamento di successo nelle Blue Zones.<\/p>\n\n\n\n<p>Una volta concluso il tirocinio post-lauream, mi abilito alla professione di Psicologa. Attualmente, sono iscritta alla Scuola di Specializzazione in Psicologia della Salute presso l\u2019Universit\u00e0 degli Studi di Cagliari.<\/p>\n\n\n\n<p>Contatto: <a href=\"mailto:benedettabrandas@gmail.com\">benedettabrandas@gmail.com<\/a><\/p>\n","protected":false},"excerpt":{"rendered":"<p>Ho conseguito la laurea triennale in Scienze e Tecniche Psicologiche (Universit\u00e0 degli Studi di Cagliari) con una tesi dal titolo: \u201cIl ruolo della regolazione epigenetica nel controllo del comportamento\u201d. Successivamente, mi laureo con Lode e Dignit\u00e0 [&hellip;]<\/p>\n","protected":false},"author":9406,"featured_media":0,"parent":7481,"menu_order":0,"comment_status":"closed","ping_status":"closed","template":"","meta":{"footnotes":""},"class_list":["post-7649","page","type-page","status-publish","hentry"],"_links":{"self":[{"href":"https:\/\/sites.unica.it\/psicologiasalute\/wp-json\/wp\/v2\/pages\/7649","targetHints":{"allow":["GET"]}}],"collection":[{"href":"https:\/\/sites.unica.it\/psicologiasalute\/wp-json\/wp\/v2\/pages"}],"about":[{"href":"https:\/\/sites.unica.it\/psicologiasalute\/wp-json\/wp\/v2\/types\/page"}],"author":[{"embeddable":true,"href":"https:\/\/sites.unica.it\/psicologiasalute\/wp-json\/wp\/v2\/users\/9406"}],"replies":[{"embeddable":true,"href":"https:\/\/sites.unica.it\/psicologiasalute\/wp-json\/wp\/v2\/comments?post=7649"}],"version-history":[{"count":2,"href":"https:\/\/sites.unica.it\/psicologiasalute\/wp-json\/wp\/v2\/pages\/7649\/revisions"}],"predecessor-version":[{"id":9703,"href":"https:\/\/sites.unica.it\/psicologiasalute\/wp-json\/wp\/v2\/pages\/7649\/revisions\/9703"}],"up":[{"embeddable":true,"href":"https:\/\/sites.unica.it\/psicologiasalute\/wp-json\/wp\/v2\/pages\/7481"}],"wp:attachment":[{"href":"https:\/\/sites.unica.it\/psicologiasalute\/wp-json\/wp\/v2\/media?parent=7649"}],"curies":[{"name":"wp","href":"https:\/\/api.w.org\/{rel}","templated":true}]}}