{"id":7621,"date":"2025-04-17T12:31:45","date_gmt":"2025-04-17T10:31:45","guid":{"rendered":"https:\/\/sites.unica.it\/psicologiasalute\/?page_id=7621"},"modified":"2025-11-21T20:12:51","modified_gmt":"2025-11-21T19:12:51","slug":"stefania_loi","status":"publish","type":"page","link":"https:\/\/sites.unica.it\/psicologiasalute\/organizzazione\/specializzand-4-anno\/stefania_loi\/","title":{"rendered":"Stefania Loi"},"content":{"rendered":"\n<div style=\"height:25px\" aria-hidden=\"true\" class=\"wp-block-spacer\"><\/div>\n\n\n\n<p>Si \u00e8 laureata con Lode presso l&#8217;Universit\u00e0 degli studi di Cagliari nel 2019 con una tesi sperimentale dal titolo &#8220;Gli effetti della differenziazione del s\u00e9 sull&#8217;adattamento diadico e la soddisfazione sessuale. Un confronto tra Italia e Spagna&#8221;.<\/p>\n\n\n\n<p>Durante e dopo la sua carriera accademica ha lavorato nelle equipe psico-educative di associazioni che si occupavano di adolescenti e adulti con disturbi dello spettro autistico e comunit\u00e0 terapeutiche psichiatriche e socio-educative.<\/p>\n\n\n\n<p>Ha coltivato e coltiva tuttora un forte interesse per l&#8217;ambito della psicosessuologia, motivo per cui ha intrapreso diversi corsi di formazione riguardanti la materia, tra cui la formazione in consulenza sessuale.<\/p>\n\n\n\n<p>Iscritta all&#8217;Albo degli Psicologi e delle Psicologhe della Sardegna con n\u00b0 3563.<\/p>\n\n\n\n<p><a href=\"mailto:stefania.loi.94@gmail.com\">stefania.loi.94@gmail.com<\/a><\/p>\n","protected":false},"excerpt":{"rendered":"<p>Si \u00e8 laureata con Lode presso l&#8217;Universit\u00e0 degli studi di Cagliari nel 2019 con una tesi sperimentale dal titolo &#8220;Gli effetti della differenziazione del s\u00e9 sull&#8217;adattamento diadico e la soddisfazione sessuale. Un confronto tra Italia e [&hellip;]<\/p>\n","protected":false},"author":9406,"featured_media":0,"parent":7479,"menu_order":0,"comment_status":"closed","ping_status":"closed","template":"","meta":{"footnotes":""},"class_list":["post-7621","page","type-page","status-publish","hentry"],"_links":{"self":[{"href":"https:\/\/sites.unica.it\/psicologiasalute\/wp-json\/wp\/v2\/pages\/7621","targetHints":{"allow":["GET"]}}],"collection":[{"href":"https:\/\/sites.unica.it\/psicologiasalute\/wp-json\/wp\/v2\/pages"}],"about":[{"href":"https:\/\/sites.unica.it\/psicologiasalute\/wp-json\/wp\/v2\/types\/page"}],"author":[{"embeddable":true,"href":"https:\/\/sites.unica.it\/psicologiasalute\/wp-json\/wp\/v2\/users\/9406"}],"replies":[{"embeddable":true,"href":"https:\/\/sites.unica.it\/psicologiasalute\/wp-json\/wp\/v2\/comments?post=7621"}],"version-history":[{"count":2,"href":"https:\/\/sites.unica.it\/psicologiasalute\/wp-json\/wp\/v2\/pages\/7621\/revisions"}],"predecessor-version":[{"id":9678,"href":"https:\/\/sites.unica.it\/psicologiasalute\/wp-json\/wp\/v2\/pages\/7621\/revisions\/9678"}],"up":[{"embeddable":true,"href":"https:\/\/sites.unica.it\/psicologiasalute\/wp-json\/wp\/v2\/pages\/7479"}],"wp:attachment":[{"href":"https:\/\/sites.unica.it\/psicologiasalute\/wp-json\/wp\/v2\/media?parent=7621"}],"curies":[{"name":"wp","href":"https:\/\/api.w.org\/{rel}","templated":true}]}}