{"id":7574,"date":"2025-04-16T14:52:15","date_gmt":"2025-04-16T12:52:15","guid":{"rendered":"https:\/\/sites.unica.it\/psicologiasalute\/?page_id=7574"},"modified":"2026-03-25T11:29:25","modified_gmt":"2026-03-25T10:29:25","slug":"gabriele_sorba","status":"publish","type":"page","link":"https:\/\/sites.unica.it\/psicologiasalute\/organizzazione\/alumni\/gabriele_sorba\/","title":{"rendered":"Gabriele Sorba"},"content":{"rendered":"\n<div style=\"height:25px\" aria-hidden=\"true\" class=\"wp-block-spacer\"><\/div>\n\n\n\n<p>Gabriele Sorba ha conseguito la laurea magistrale in Psicologia dello Sviluppo e dei Processi Socio-Lavorativi presso l\u2019Universit\u00e0 degli Studi di Cagliari nel 2019 svolgendo, durante il suo percorso di laurea, attivit\u00e0 di supporto educativo in favore di minori con disabilit\u00e0 motoria e intellettiva. Durante il periodo di tirocinio post-lauream, matura poi esperienza sia presso uno studio medico-neuropsicologico privato, occupandosi di assistenza alla somministrazione di test psicodiagnostici per i disturbi specifici dell\u2019apprendimento, che presso l\u2019Ufficio S.I.A. dell\u2019Universit\u00e0 degli Studi di Cagliari, affiancando le tutor nelle attivit\u00e0 di supporto allo studio rivolte a persone neurodivergenti o con disabilit\u00e0.<\/p>\n\n\n\n<p>Dopo l&#8217;abilitazione all&#8217;esercizio professionale, si iscrive all\u2019Ordine delle Psicologhe e degli Psicologi della Sardegna con il n\u00b0 3486 e alla Scuola di Specializzazione in Psicologia della Salute presso l\u2019Universit\u00e0 di Cagliari, svolgendo contemporaneamente la libera professione di psicologo e attivit\u00e0 di ricerca universitaria in ambito psicologico e neuropsicologico secondo la prospettiva della psicologia clinica della disabilit\u00e0, partecipando inoltre ad un progetto di ricerca sull&#8217;efficacia di interventi di sostegno psicologico orientati alla mindfulness.<\/p>\n\n\n\n<p>Successivamente, svolge attivit\u00e0 di supporto psicologico presso lo sportello di ascolto e accompagnamento dell\u2019Universit\u00e0 degli Studi di Cagliari nell\u2019ambito del Progetto ProBEN, realizzando interventi di supporto psicologico rivolti alla popolazione studentesca e incontri di sensibilizzazione rivolti a famiglie e personale accademico in raccordo con l\u2019Ufficio S.I.A. d\u2019Ateneo.<\/p>\n\n\n\n<p>Nel 2025 consegue il titolo di Specialista in Psicologia della Salute presso l\u2019Universit\u00e0 degli Studi di Cagliari, abilitandosi anche all\u2019esercizio della psicoterapia, per poi conseguire un Master universitario in Sessuologia Clinica presso l\u2019Universit\u00e0 degli Studi di Milano-Bicocca.<\/p>\n\n\n\n<p>Attualmente esercita la libera professione di psicologo e psicoterapeuta, offrendo percorsi di psicoterapia e di consulenza sessuologica rivolti a singoli individui, coppie e gruppi, orientando il suo lavoro sulle dinamiche relazionali e sulle esperienze di discriminazione causa del minority stress, sulle condizioni di disabilit\u00e0 e neurodivergenza, sui temi della comunit\u00e0 LGBTQIAPK+ e della parit\u00e0 di genere, all\u2019interno di una cornice psicoeducativa e intersezionale, affiancando all\u2019attivit\u00e0 clinica un costante impegno nella divulgazione psicologica, prediligendo un linguaggio accessibile e incentrato sulla promozione del benessere sia individuale che collettivo.<\/p>\n\n\n\n<p>&#8211; Sito web: <a href=\"http:\/\/www.gabrielesorba.it\">www.gabrielesorba.it<\/a><\/p>\n\n\n\n<p>&#8211; Instagram: psicologo.gabrielesorba<\/p>\n\n\n\n<p>&#8211; E-mail: <a href=\"mailto:dott.gabrielesorba@gmail.com\">dott.gabrielesorba@gmail.com<\/a><\/p>\n","protected":false},"excerpt":{"rendered":"<p>Gabriele Sorba ha conseguito la laurea magistrale in Psicologia dello Sviluppo e dei Processi Socio-Lavorativi presso l\u2019Universit\u00e0 degli Studi di Cagliari nel 2019 svolgendo, durante il suo percorso di laurea, attivit\u00e0 di supporto educativo in favore [&hellip;]<\/p>\n","protected":false},"author":9406,"featured_media":0,"parent":7698,"menu_order":0,"comment_status":"closed","ping_status":"closed","template":"","meta":{"footnotes":""},"class_list":["post-7574","page","type-page","status-publish","hentry"],"_links":{"self":[{"href":"https:\/\/sites.unica.it\/psicologiasalute\/wp-json\/wp\/v2\/pages\/7574","targetHints":{"allow":["GET"]}}],"collection":[{"href":"https:\/\/sites.unica.it\/psicologiasalute\/wp-json\/wp\/v2\/pages"}],"about":[{"href":"https:\/\/sites.unica.it\/psicologiasalute\/wp-json\/wp\/v2\/types\/page"}],"author":[{"embeddable":true,"href":"https:\/\/sites.unica.it\/psicologiasalute\/wp-json\/wp\/v2\/users\/9406"}],"replies":[{"embeddable":true,"href":"https:\/\/sites.unica.it\/psicologiasalute\/wp-json\/wp\/v2\/comments?post=7574"}],"version-history":[{"count":6,"href":"https:\/\/sites.unica.it\/psicologiasalute\/wp-json\/wp\/v2\/pages\/7574\/revisions"}],"predecessor-version":[{"id":10117,"href":"https:\/\/sites.unica.it\/psicologiasalute\/wp-json\/wp\/v2\/pages\/7574\/revisions\/10117"}],"up":[{"embeddable":true,"href":"https:\/\/sites.unica.it\/psicologiasalute\/wp-json\/wp\/v2\/pages\/7698"}],"wp:attachment":[{"href":"https:\/\/sites.unica.it\/psicologiasalute\/wp-json\/wp\/v2\/media?parent=7574"}],"curies":[{"name":"wp","href":"https:\/\/api.w.org\/{rel}","templated":true}]}}