{"id":7454,"date":"2025-04-16T12:12:04","date_gmt":"2025-04-16T10:12:04","guid":{"rendered":"https:\/\/sites.unica.it\/psicologiasalute\/?page_id=7454"},"modified":"2025-11-21T20:07:56","modified_gmt":"2025-11-21T19:07:56","slug":"distretti-sociosanitari","status":"publish","type":"page","link":"https:\/\/sites.unica.it\/psicologiasalute\/offerta-formativa\/rete-formativa\/distretti-sociosanitari\/","title":{"rendered":"Distretti Sociosanitari"},"content":{"rendered":"\n<p><em>Consultori Familiari<\/em><\/p>\n\n\n\n<p>Il Consultorio Familiare risponde ai bisogni di salute, di educazione sanitaria della famiglia, della coppia, dell&#8217;infanzia e dell&#8217;adolescenza. Svolge attivit\u00e0 di prevenzione gratuita &#8211; ovvero senza la prescrizione del medico curante &#8211; con l&#8217;apporto di un&#8217;\u00e9quipe multidisciplinare e multi-professionale composta da ginecologo, ostetrica, pediatra, assistente sanitaria, psicologo e assistente sociale.<br>Per rispondere alle finalit\u00e0 del Servizio sono stati attivati i seguenti Percorsi Preventivo Assistenziali per fornire agli utenti, soprattutto a quelli delle fasce pi\u00f9 deboli quali i minori, disabili, donne migranti, un intervento integrato da parte dell\u2019Equipe Consultoriale.<br>Percorso preventivo assistenziale: Gravidanza \/ nascita \/ puerperio \/ nuovo nato<br>Comprende le seguenti prestazioni:<br>\u2022 Consulenza preconcezionale;<br>\u2022 Assistenza alla gravidanza con:<br>&#8211; monitoraggio della gravidanza;<br>&#8211; sostegno psicologico e sociale;<br>&#8211; corsi di preparazione alla nascita (al singolo o alla coppia) e promozione allattamento al seno;<br>&#8211; controllo in puerperio;<br>&#8211; corsi post nascita e sostegni all&#8217;allattamento al seno;<br>&#8211; prevenzione Oncologica (Informazioni su tutti gli screening attivi nel territorio della ASSL Cagliari).<br>\u2022 Assistenza al nuovo nato con:<br>&#8211; interventi di prevenzione e assistenza sanitaria nel primo anno di vita;<br>&#8211; interventi di prevenzione e assistenza sanitaria dopo il primo anno di vita.<br>Percorso Infanzia<br>\u2022 Promozione dello sviluppo fisico del neonato e sostegno alla genitorialit\u00e0, con forte orientamento alla prevenzione, informazione ed educazione sanitaria.<br>\u2022 Visite pediatriche per bambini temporaneamente presenti e privi dell\u2019assistenza sanitaria di base.<br>\u2022 Attivit\u00e0 di promozione ed educazione alla salute nelle comunit\u00e0 e nelle scuole, attivit\u00e0 di prevenzione delle malattie infettive con promozione delle vaccinazioni in collaborazione con il Servizio di Igiene Pubblica della ASSL Cagliari.<br>Percorso spazio giovani<br>Interventi destinati ai giovani dai 14 ai 25 anni, finalizzati alla promozione della sessualit\u00e0 responsabile, prevenzione del disagio nella sfera affettiva e sessuale, promozione di comportamenti alimentari corretti.<br>&#8211; Interventi individuali:<br>&#8211; consulenza ostetrico\/ginecologica;<br>&#8211; contraccezione;<br>&#8211; consulenza e sostegno psicologico e sociale.<br>Attivit\u00e0 collettive:<br>&#8211; informazione sui comportamenti a rischio nella sfera sessuale, prevenzione delle malattie<br>&#8211; sessualmente trasmesse;<br>&#8211; promozione sessualit\u00e0 responsabile;<br>&#8211; prevenzione dell&#8217;interruzione volontaria della gravidanza (IVG).<br>Percorso &#8211; interruzione volontaria della gravidanza<br>\u2022 consulenza ginecologica;<br>\u2022 consulenza psicologica;<br>\u2022 consulenza ginecologica e certificazione;<br>\u2022 consulenza sociale;<br>\u2022 sostegno pre e post IVG;<br>Percorso &#8211; climaterio<br>Intervento individuale:<br>\u2022 consulenza ostetrico\/ginecologica;<br>\u2022 sostegno psicologico\/sociale;<br>\u2022 prevenzione oncologica.<\/p>\n\n\n\n<p>Intervento collettivo:<br>\u2022 promozione della consapevolezza sui cambiamenti fisici, psichici e relazionali in menopausa;<br>\u2022 prevenzione incontinenza urinaria.<br>Percorso &#8211; prevenzione oncologica<br>Partecipazione al programma di screening del cervico carcinoma con esecuzione dei Pap Test su chiamata dal Centro Screening.<br>Percorso &#8211; contraccezione<br>Informazione ed educazione sanitaria sui metodi di contraccezione;<br>\u2022 visita ginecologica;<br>\u2022 prevenzione oncologica;<br>Percorso &#8211; sostegno alla genitorialit\u00e0<br>\u2022 Informazione e preparazione alla genitorialit\u00e0;<br>\u2022 Sostegno alla genitorialit\u00e0 biologica, affidatario e adottiva;<br>Percorso &#8211; violenza di genere<br>\u2022 Consulenza ostetrico\/ginecologica;<br>\u2022 Sostegno psicologico e sociale;<br>\u2022 Presa in carico della paziente vittima di violenza;<\/p>\n\n\n\n<p><em>PUA UVT<\/em><\/p>\n\n\n\n<p>Anziani e disabili: il Punto Unico di Accesso e la cultura della &#8220;presa in carico&#8221;<br>La capacit\u00e0 di individuare i problemi sociosanitari dei soggetti pi\u00f9 deboli e di agire in modo unitario per soddisfarli: questa la funzione del Punto Unico di Accesso, istituito dall&#8217;Azienda Sanitaria di Cagliari per facilitare l\u2019approccio del cittadino al servizio sociosanitario e per indirizzarlo alle strutture pi\u00f9 adatte a soddisfare le sue esigenze, seguendolo passo a passo. Obiettivo del nuovo servizio \u00e8 superare le attuali disuguaglianze nell\u2019accesso e la disomogeneit\u00e0 delle risposte, limitando il rischio di riservare un&#8217;assistenza migliore e pi\u00f9 rapida soltanto a chi sappia meglio esprimere le proprie necessit\u00e0.<br>Cos&#8217;\u00e8 il Punto Unico d&#8217;Accesso?<br>Il Punto Unico d&#8217;Accesso \u00e8 il luogo dove ogni cittadino pu\u00f2 rivolgersi per ottenere qualsiasi informazione relativa ai servizi dell&#8217;Azienda 8, alle prestazioni erogate, alle modalit\u00e0 e tempi di accesso. Rivolto in particolare a persone anziane e con disabilit\u00e0, \u00e8 gestito da uno staff di operatori che ascoltano e analizzano i bisogni dell\u2019utente e dei familiari, individuano con loro il percorso terapeutico pi\u00f9 adatto, li accompagnano in ogni fase.<br>Il Punto Unico d&#8217;Accesso rappresenta un nuovo modello d&#8217;assistenza, basato sulla cosiddetta &#8220;presa in carico&#8221;, frutto del passaggio dal concetto del &#8220;curare&#8221; a quello del &#8220;prendersi cura&#8221; della persona nella complessit\u00e0 e globalit\u00e0 dei bisogni, con un&#8217;attenzione particolare anche alla famiglia e al contesto di riferimento.<br>Come nasce?<br>Il Punto Unico d&#8217;Accesso \u00e8 la risposta all\u2019esigenza di una maggiore equit\u00e0 e uniformit\u00e0 nell\u2019erogazione dei servizi.<br>Un principio affermato anche dalla Legge regionale n\u00b0 23 del 23\/12\/2005 (art. 32), che coordina il sistema integrato dei servizi alla persona, cio\u00e8 l&#8217;insieme di attivit\u00e0, servizi e prestazioni volte a favorire il benessere di tutti coloro che si trovano in situazioni di bisogno sociosanitario.<br>Il Punto Unico d&#8217;Accesso costituisce inoltre il primo dei quattro obiettivi del progetto ideato dall\u2019ASL di Cagliari per la riorganizzazione e il miglioramento dei servizi dell\u2019area anziani e persone con disabilit\u00e0.<\/p>\n\n\n\n<p><a href=\"https:\/\/www.aslcagliari.it\/index.php?xsl=7&amp;s=1268&amp;v=2&amp;c=447\">I principi ispiratori<\/a><br>La creazione del Punto Unico d&#8217;Accesso \u00e8 strettamente legata alla cultura dei &#8220;servizi alla persona&#8221;.<\/p>\n\n\n\n<p><a href=\"https:\/\/www.aslcagliari.it\/index.php?xsl=7&amp;s=1269&amp;v=2&amp;c=447\">Come funziona<\/a><br>Il Punto Unico d&#8217;Accesso rappresenta il punto di riferimento per il paziente e i suoi familiari che hanno necessit\u00e0 di formulare una domanda di assistenza.<\/p>\n\n\n\n<p><a href=\"https:\/\/www.aslcagliari.it\/index.php?xsl=7&amp;s=1270&amp;v=2&amp;c=447\">I risultati<\/a><br>L&#8217;istituzione del Punto Unico di Accesso segna il passaggio da una logica in cui il paziente \u00e8 &#8220;libero&#8221; di scegliere tra le offerte sanitarie presenti.<\/p>\n\n\n\n<p><em>Cure Domiciliari<\/em><\/p>\n\n\n\n<p>Le cure domiciliari (ADI) comprendono tutte quelle attivit\u00e0 sanitarie e socioassistenziali praticate nel domicilio del paziente, con l&#8217;obiettivo di mantenerlo il pi\u00f9 possibile a casa, favorendo il recupero delle sue capacit\u00e0 residue e supportando i familiari.<br>Gli utenti che possono accedere alle cure domiciliari sono i pazienti oncologici ad uno stadio molto grave, gli ammalati con patologie croniche, i bambini con malattie croniche e le persone con gravi disabilit\u00e0. Senza allontanarsi dalla loro casa i pazienti possono cos\u00ec ricevere un&#8217;assistenza di tipo infermieristico, fisioterapico o specialistico finalizzata a stabilizzare il quadro clinico, limitare il declino funzionale e migliorare la qualit\u00e0 della vita quotidiana.<br>Le cosiddette &#8220;cure domiciliari integrate&#8221;, in particolare, si caratterizzano per l&#8217;integrazione degli interventi sanitari con quelli sociali offerti dai comuni il cui ruolo \u00e8 quello di tutelare l&#8217;assistito garantendone il pi\u00f9 possibile l&#8217;autonomia.<\/p>\n\n\n\n<p><em>Hospice<\/em><\/p>\n\n\n\n<p>La funzione attribuita all&#8217;Hospice \u00e8 quella di completare l&#8217;offerta assistenziale extraospedaliera a favore dei pazienti oncologici in un contesto di integrazione tra i medici di medicina generale, assistenza territoriale e domiciliare, cure palliative e attivit\u00e0 distrettuali per garantire una risposta efficace ai pazienti e ai loro familiari.<br>Il domicilio dei pazienti resta comunque il luogo privilegiato delle cure palliative ed \u00e8 per questo motivo che il ricovero in Hospice sar\u00e0 riservato a situazioni in cui non sia possibile l&#8217;assistenza a casa, o per l&#8217;insorgenza di un aggravamento dei sintomi non pi\u00f9 controllabili con un programma d&#8217;assistenza al domicilio, o per difficolt\u00e0 logistiche e organizzative oppure quando si rende utile un periodo di sollievo momentaneo per la famiglia, o ancora quando \u00e8 assente un familiare di riferimento<\/p>\n","protected":false},"excerpt":{"rendered":"<p>Consultori Familiari Il Consultorio Familiare risponde ai bisogni di salute, di educazione sanitaria della famiglia, della coppia, dell&#8217;infanzia e dell&#8217;adolescenza. Svolge attivit\u00e0 di prevenzione gratuita &#8211; ovvero senza la prescrizione del medico curante &#8211; con l&#8217;apporto [&hellip;]<\/p>\n","protected":false},"author":9406,"featured_media":0,"parent":7332,"menu_order":0,"comment_status":"closed","ping_status":"closed","template":"","meta":{"footnotes":""},"class_list":["post-7454","page","type-page","status-publish","hentry"],"_links":{"self":[{"href":"https:\/\/sites.unica.it\/psicologiasalute\/wp-json\/wp\/v2\/pages\/7454","targetHints":{"allow":["GET"]}}],"collection":[{"href":"https:\/\/sites.unica.it\/psicologiasalute\/wp-json\/wp\/v2\/pages"}],"about":[{"href":"https:\/\/sites.unica.it\/psicologiasalute\/wp-json\/wp\/v2\/types\/page"}],"author":[{"embeddable":true,"href":"https:\/\/sites.unica.it\/psicologiasalute\/wp-json\/wp\/v2\/users\/9406"}],"replies":[{"embeddable":true,"href":"https:\/\/sites.unica.it\/psicologiasalute\/wp-json\/wp\/v2\/comments?post=7454"}],"version-history":[{"count":1,"href":"https:\/\/sites.unica.it\/psicologiasalute\/wp-json\/wp\/v2\/pages\/7454\/revisions"}],"predecessor-version":[{"id":7455,"href":"https:\/\/sites.unica.it\/psicologiasalute\/wp-json\/wp\/v2\/pages\/7454\/revisions\/7455"}],"up":[{"embeddable":true,"href":"https:\/\/sites.unica.it\/psicologiasalute\/wp-json\/wp\/v2\/pages\/7332"}],"wp:attachment":[{"href":"https:\/\/sites.unica.it\/psicologiasalute\/wp-json\/wp\/v2\/media?parent=7454"}],"curies":[{"name":"wp","href":"https:\/\/api.w.org\/{rel}","templated":true}]}}