{"id":6512,"date":"2025-03-28T14:51:48","date_gmt":"2025-03-28T13:51:48","guid":{"rendered":"https:\/\/sites.unica.it\/psicologiasalute\/?page_id=6512"},"modified":"2025-11-21T20:11:47","modified_gmt":"2025-11-21T19:11:47","slug":"piano-formativo","status":"publish","type":"page","link":"https:\/\/sites.unica.it\/psicologiasalute\/offerta-formativa\/piano-formativo\/","title":{"rendered":"Piano formativo"},"content":{"rendered":"\n<div style=\"height:50px\" aria-hidden=\"true\" class=\"wp-block-spacer\"><\/div>\n\n\n\n<div class=\"wp-block-columns is-layout-flex wp-container-core-columns-is-layout-28f84493 wp-block-columns-is-layout-flex\">\n<div class=\"wp-block-column is-layout-flow wp-block-column-is-layout-flow\" style=\"flex-basis:85%\">\n<p><strong>Le attivit\u00e0 formative<\/strong> previste dalla Scuola di Specializzazione in Psicologia della Salute sono distinte in:<\/p>\n\n\n\n<ul class=\"wp-block-list\">\n<li>Attivit\u00e0 formative <strong>didattiche<\/strong>, che comprendono:\n<ul class=\"wp-block-list\">\n<li>le lezioni frontali tenute prevalentemente da docenti universitari. II numero totale di CFU per anno, per la tipologia lezioni frontali (L), \u00e9 riportato nel piano formativo. Le lezioni si svolgono prevalentemente il venerd\u00ec e il sabato dalle ore 09:00 alle 18:00. Il calendario delle lezioni sar\u00e0 reso disponibile sul sito. Le lezioni avranno inizio ai primi di marzo 2025.<\/li>\n<\/ul>\n<\/li>\n\n\n\n<li>Attivit\u00e0 formative <strong>professionalizzanti<\/strong>, che comprendono:\n<ul class=\"wp-block-list\">\n<li>le attivit\u00e0 di ricerca e di aggiornamento professionale, la discussione dei casi e la intervisione. Le attivit\u00e0 formative professionalizzanti includono inoltre il Tirocinio pratico da svolgere in strutture convenzionate facenti parte della rete formativa della Scuola, per un totale di circa 600 ore all\u2019anno. La selezione delle strutture facenti parte della rete formativa \u00e9 a cura del Consiglio della Scuola. Eventuali proposte motivate di nuove convenzioni, relative a strutture non presenti nella rete formativa suddetta, verranno vagliate in dettaglio dal Consiglio della Scuola in relazione alla congruit\u00e0 del progetto formativo. Il numero totale di CFU per anno, per la tipologia attivit\u00e0 formative professionalizzanti, \u00e8 riportato nell\u2019allegato piano formativo.<\/li>\n<\/ul>\n<\/li>\n<\/ul>\n\n\n\n<p>Tipologie di attivit\u00e0 <strong>professionalizzanti da svolgere nell\u2019arco dei 4 anni<\/strong>:<\/p>\n\n\n\n<ul class=\"wp-block-list\">\n<li>discussione individuale con personale e\/o con l\u2019\u00e9quipe di riferimento di almeno 80 casi individuali e\/o di gruppo e\/o di comunit\u00e0; (almeno 500 ore);<\/li>\n\n\n\n<li>valutazione psicodiagnostica e la formulazione di un piano di trattamento per almeno 40 casi, individuali e\/o di gruppo e\/o di comunit\u00e0; (almeno 350 ore);<\/li>\n\n\n\n<li>almeno 4 casi in psicoterapia-psicopromozione con supervisione di esperti; (almeno 350 ore);<\/li>\n\n\n\n<li>progettazione, realizzazione e verifica di almeno 2 interventi di comunit\u00e0 attinenti alla prevenzione e alla promozione di comportamenti e stili di vita salutari (almeno 300 ore).<\/li>\n<\/ul>\n<\/div>\n\n\n\n<div class=\"wp-block-column is-content-justification-center is-layout-constrained wp-block-column-is-layout-constrained\" style=\"flex-basis:25%\">\n<figure class=\"wp-block-image size-medium is-resized\"><a href=\"http:\/\/sites.unica.it\/psicologiasalute\/files\/2025\/03\/Piano-formativo.pdf\" target=\"_blank\" rel=\" noreferrer noopener\"><img loading=\"lazy\" decoding=\"async\" width=\"212\" height=\"300\" src=\"https:\/\/sites.unica.it\/psicologiasalute\/files\/2025\/03\/Piano-formativo-212x300.jpg\" alt=\"\" class=\"wp-image-6526\" style=\"aspect-ratio:0.5625;object-fit:cover;width:318px;height:auto\" srcset=\"https:\/\/sites.unica.it\/psicologiasalute\/files\/2025\/03\/Piano-formativo-212x300.jpg 212w, https:\/\/sites.unica.it\/psicologiasalute\/files\/2025\/03\/Piano-formativo-724x1024.jpg 724w, https:\/\/sites.unica.it\/psicologiasalute\/files\/2025\/03\/Piano-formativo-768x1086.jpg 768w, https:\/\/sites.unica.it\/psicologiasalute\/files\/2025\/03\/Piano-formativo-1086x1536.jpg 1086w, https:\/\/sites.unica.it\/psicologiasalute\/files\/2025\/03\/Piano-formativo.jpg 1240w\" sizes=\"auto, (max-width: 212px) 100vw, 212px\" \/><\/a><\/figure>\n<\/div>\n<\/div>\n","protected":false},"excerpt":{"rendered":"<p>Le attivit\u00e0 formative previste dalla Scuola di Specializzazione in Psicologia della Salute sono distinte in: Tipologie di attivit\u00e0 professionalizzanti da svolgere nell\u2019arco dei 4 anni:<\/p>\n","protected":false},"author":9406,"featured_media":0,"parent":6370,"menu_order":0,"comment_status":"closed","ping_status":"closed","template":"","meta":{"footnotes":""},"class_list":["post-6512","page","type-page","status-publish","hentry"],"_links":{"self":[{"href":"https:\/\/sites.unica.it\/psicologiasalute\/wp-json\/wp\/v2\/pages\/6512","targetHints":{"allow":["GET"]}}],"collection":[{"href":"https:\/\/sites.unica.it\/psicologiasalute\/wp-json\/wp\/v2\/pages"}],"about":[{"href":"https:\/\/sites.unica.it\/psicologiasalute\/wp-json\/wp\/v2\/types\/page"}],"author":[{"embeddable":true,"href":"https:\/\/sites.unica.it\/psicologiasalute\/wp-json\/wp\/v2\/users\/9406"}],"replies":[{"embeddable":true,"href":"https:\/\/sites.unica.it\/psicologiasalute\/wp-json\/wp\/v2\/comments?post=6512"}],"version-history":[{"count":9,"href":"https:\/\/sites.unica.it\/psicologiasalute\/wp-json\/wp\/v2\/pages\/6512\/revisions"}],"predecessor-version":[{"id":9487,"href":"https:\/\/sites.unica.it\/psicologiasalute\/wp-json\/wp\/v2\/pages\/6512\/revisions\/9487"}],"up":[{"embeddable":true,"href":"https:\/\/sites.unica.it\/psicologiasalute\/wp-json\/wp\/v2\/pages\/6370"}],"wp:attachment":[{"href":"https:\/\/sites.unica.it\/psicologiasalute\/wp-json\/wp\/v2\/media?parent=6512"}],"curies":[{"name":"wp","href":"https:\/\/api.w.org\/{rel}","templated":true}]}}