{"id":1236,"date":"2012-11-26T10:30:01","date_gmt":"2012-11-26T10:30:01","guid":{"rendered":"http:\/\/people.unica.it\/provacds2\/?page_id=1236"},"modified":"2019-02-04T23:27:25","modified_gmt":"2019-02-04T23:27:25","slug":"organi-del-master","status":"publish","type":"page","link":"https:\/\/sites.unica.it\/progettokenterbas\/organi-del-master\/","title":{"rendered":"Dettagli del Progetto"},"content":{"rendered":"<p><a href=\"http:\/\/sites.unica.it\/progettokenterbas\/files\/2019\/02\/logo-kenterbas.png\"><img decoding=\"async\" class=\"aligncenter size-medium wp-image-1696\" src=\"http:\/\/sites.unica.it\/progettokenterbas\/files\/2019\/02\/logo-kenterbas-300x139.png\" alt=\"\" width=\"300\" height=\"139\" srcset=\"https:\/\/sites.unica.it\/progettokenterbas\/files\/2019\/02\/logo-kenterbas-300x139.png 300w, https:\/\/sites.unica.it\/progettokenterbas\/files\/2019\/02\/logo-kenterbas.png 474w\" sizes=\"(max-width: 300px) 100vw, 300px\" \/><\/a><\/p>\n<p><strong>TITOLO DEL PROGETTO <\/strong><\/p>\n<table width=\"647\">\n<tbody>\n<tr>\n<td width=\"647\"><em>Qualit\u00e0 aromatica e nutrizionale di latte, formaggio e carne del Marghine e loro influenza sulla salute umana.<\/em><\/td>\n<\/tr>\n<\/tbody>\n<\/table>\n<p><strong>OBIETTIVI DEL PROGETTO<\/strong><\/p>\n<table>\n<tbody>\n<tr>\n<td width=\"652\">In agricoltura, ad eccezione dell\u2019enologia, la materia prima \u00e8 una commodity e il prezzo \u00e8 spesso non legato alla sua qualit\u00e0. Gli effetti sono economici e culturali; infatti se il prezzo non ne \u00e8 influenzato, la qualit\u00e0 sar\u00e0 simile con tendenza a produrre a costi pi\u00f9 bassi e, a sua volta, il consumatore si orienter\u00e0 verso il prodotto che costa meno. La ricerca ha individuato alcune delle molecole e dei fattori che determinano il livello qualitativo degli alimenti. Gran parte di queste molecole, che possiamo chiamare biomarcatori, come i flavonoidi, i carotenoidi e gli acidi grassi insaturi, hanno inoltre un importante valore nutrizionale. Il loro livello nei prodotti di origine animale \u00e8 influenzato dalle singole erbe e dalla stessa quantit\u00e0 di erba che l\u2019animale ingerisce, a sua volta caratteristica e specifica di un determinato territorio. Attualmente disponiamo di una serie di strumenti conoscitivi molto preliminari (che si basano sui lavori svolti da Agris in questi ultimi anni riguardo la caratterizzazione dei pascoli da una parte e i relativi effetti sulla composizione chimica del latte e del formaggio) per classificare le materie prime di un territorio e siamo in grado di definire degli indici specifici che consentano di poter studiare gli effetti dei biomarcatori sulla qualit\u00e0 dei prodotti ottenuti e sul miglioramento del metabolismo lipidico ed energetico nell\u2019uomo. In un territorio vasto come il Marghine, dove l\u2019orografia del territorio, l\u2019altitudine e le stesse tradizioni hanno determinato areali molto diversi, il range qualitativo dei prodotti potrebbe essere molto vasto e la conoscenza ulteriore dei suoi valori fornirebbe elementi utili per implementare politiche di sviluppo ad hoc. Nasce da qui l\u2019esigenza di un\u2019indagine sul territorio per cogliere la diversit\u00e0 e i fattori che la determinano. L\u2019obiettivo del progetto sar\u00e0 quello di caratterizzare chimicamente le produzioni zootecniche (latte\/formaggi e carne) derivanti dagli allevamenti del Marghine, caratterizzati dal prevalente utilizzo di risorse erbacee naturali per l\u2019alimentazione del bestiame, e compararle con quelle derivanti da allevamenti di tipo intensivo nei quali \u00e8 preponderante l\u2019utilizzo di alimenti secchi o conservati. Verr\u00e0 effettuata una \u201cmappatura\u201d preliminare del territorio del Marghine al fine di valutare la variabilit\u00e0 territoriale attraverso una caratterizzazione dei pascoli (composizione botanica, stadio fenologico) e chimica (presenza di precursori degli acidi grassi insaturi e composti secondari del metabolismo quali polifenol ossidasi e composti fenolici presenti nelle piante foraggere) Verranno inoltre definiti alcuni indici specifici (nel formaggio) che saranno associati all\u2019azione che questi svolgono su alcune molecole bersaglio il cui effetto verr\u00e0 testato su parametri metabolici, indici di una condizione di salute ottimale, tramite uno studio clinico di intervento cross-over in doppio cieco.<\/p>\n<p>Outcome primari: antinflammatory index, n-3 HUFA score, indici metabolici di induzione del PPAR alfa e modulazione del sistema endocannabinoide.<\/p>\n<p>Outcome secondari: indici metabolici della lipogenesi epatica e del tessuto adiposo<\/td>\n<\/tr>\n<\/tbody>\n<\/table>\n","protected":false},"excerpt":{"rendered":"<p>TITOLO DEL PROGETTO Qualit\u00e0 aromatica e nutrizionale di latte, formaggio e carne del Marghine e loro influenza sulla salute umana. OBIETTIVI DEL PROGETTO In agricoltura, ad eccezione dell\u2019enologia, la materia prima \u00e8 una commodity e il prezzo \u00e8 spesso non legato alla sua qualit\u00e0. Gli effetti sono economici e culturali; infatti se il prezzo non ne \u00e8 influenzato, la qualit\u00e0 sar\u00e0 simile con tendenza a produrre a costi pi\u00f9 bassi e, a sua volta, il consumatore si orienter\u00e0 verso il prodotto che costa meno. La ricerca ha individuato alcune delle molecole e dei fattori che determinano il livello qualitativo degli <a href='https:\/\/sites.unica.it\/progettokenterbas\/organi-del-master\/' class='excerpt-more'>[&#8230;]<\/a><\/p>\n","protected":false},"author":643,"featured_media":0,"parent":0,"menu_order":1,"comment_status":"closed","ping_status":"closed","template":"","meta":{"footnotes":""},"class_list":["post-1236","page","type-page","status-publish","hentry","post-seq-1","post-parity-odd","meta-position-corners","fix"],"_links":{"self":[{"href":"https:\/\/sites.unica.it\/progettokenterbas\/wp-json\/wp\/v2\/pages\/1236","targetHints":{"allow":["GET"]}}],"collection":[{"href":"https:\/\/sites.unica.it\/progettokenterbas\/wp-json\/wp\/v2\/pages"}],"about":[{"href":"https:\/\/sites.unica.it\/progettokenterbas\/wp-json\/wp\/v2\/types\/page"}],"author":[{"embeddable":true,"href":"https:\/\/sites.unica.it\/progettokenterbas\/wp-json\/wp\/v2\/users\/643"}],"replies":[{"embeddable":true,"href":"https:\/\/sites.unica.it\/progettokenterbas\/wp-json\/wp\/v2\/comments?post=1236"}],"version-history":[{"count":4,"href":"https:\/\/sites.unica.it\/progettokenterbas\/wp-json\/wp\/v2\/pages\/1236\/revisions"}],"predecessor-version":[{"id":1697,"href":"https:\/\/sites.unica.it\/progettokenterbas\/wp-json\/wp\/v2\/pages\/1236\/revisions\/1697"}],"wp:attachment":[{"href":"https:\/\/sites.unica.it\/progettokenterbas\/wp-json\/wp\/v2\/media?parent=1236"}],"curies":[{"name":"wp","href":"https:\/\/api.w.org\/{rel}","templated":true}]}}