{"id":49,"date":"2021-11-17T09:32:56","date_gmt":"2021-11-17T08:32:56","guid":{"rendered":"https:\/\/sites.unica.it\/progetto-concrete\/?page_id=49"},"modified":"2021-11-25T11:21:17","modified_gmt":"2021-11-25T10:21:17","slug":"home","status":"publish","type":"page","link":"https:\/\/sites.unica.it\/progetto-concrete\/","title":{"rendered":"Home"},"content":{"rendered":"<h2>CONCRETE<\/h2>\n<div class=\"page\" title=\"Page 1\">\n<div class=\"section\">\n<div class=\"layoutArea\">\n<div class=\"column\">\n<h3>COmunicazione sosteNibile e inClusiva in casi di emeRgEnza negli aTenEi<\/h3>\n<\/div>\n<\/div>\n<\/div>\n<\/div>\n<div class=\"page\" title=\"Page 1\">\n<div class=\"section\">\n<div class=\"layoutArea\">\n<div class=\"column\">CONCRETE \u00e8 un progetto di ricerca coordinato dal <strong>Dipartimento di Scienze politiche e sociali dell&#8217;Universit\u00e0 degli studi di Cagliari<\/strong> e finanziato dal <strong>Ministero dell&#8217;Universit\u00e0 e della Ricerca<\/strong> attraverso i fondi FISR Covid-19 2020.<\/div>\n<div><\/div>\n<div class=\"column\">Il Progetto mira a mettere a punto, attraverso una prospettiva sostenibile ed inclusiva, delle linee guida per la comunicazione di (future) emergenze nelle universit\u00e0 pubbliche di grandi dimensioni.<\/div>\n<div><\/div>\n<div class=\"column\">Nel perseguire tale obiettivo, il Progetto intende garantire la trasparenza delle informazioni e il coinvolgimento dei diversi pubblici interessati, cos\u00ec da ridurre la diffusione di messaggi scorretti e\/o non accurati.<\/div>\n<div class=\"column\">Il progetto \u00e8 fortemente interdisciplinare, tanto per la natura delle competenze coinvolte (comunicazione, statistica, educazione), quanto per la variet\u00e0 dei metodi di ricerca adottati e delle tecniche di analisi utilizzate.<\/div>\n<\/div>\n<\/div>\n<\/div>\n<div class=\"page\" title=\"Page 2\">\n<div><\/div>\n<\/div>\n<div><\/div>\n<div><img loading=\"lazy\" decoding=\"async\" class=\"wp-image-177 aligncenter\" src=\"http:\/\/sites.unica.it\/progetto-concrete\/files\/2021\/11\/Schermata-2021-11-25-alle-11.20.17-150x144.png\" alt=\"\" width=\"41\" height=\"39\" \/><\/div>\n<div class=\"page\" title=\"Page 2\">\n<div class=\"section\">\n<div><\/div>\n<div class=\"layoutArea\"><strong>CONCRETE<\/strong> si articola su due asset principali:<\/div>\n<\/div>\n<\/div>\n<!-- \/wp:post-content -->\n\n<!-- wp:quote -->\n<div class=\"page\" title=\"Page 2\">\n<div class=\"section\">\n<div class=\"layoutArea\">\n<ul>\n \t<li class=\"column\">Il primo prevede la definizione di modelli sostenibili di comunicazione sia in termini di scelta di strumenti e temi, che di riorganizzazione in modalit\u00e0 digitale delle attivit\u00e0 comunicative. Attenzione specifica sar\u00e0 dedicata alla comunicazione dei dati e alla contestualizzazione delle statistiche nei flussi istituzionali.<\/li>\n \t<li class=\"column\">Il secondo asset \u00e8 l\u2019inclusivit\u00e0 dei messaggi, sia in prospettiva di accessibilit\u00e0 dei flussi comunicativi, che nella dimensione di genere.<\/li>\n<\/ul>\n<\/div>\n<\/div>\n<\/div>","protected":false},"excerpt":{"rendered":"<p>CONCRETE COmunicazione sosteNibile e inClusiva in casi di emeRgEnza negli aTenEi CONCRETE \u00e8 un progetto di ricerca coordinato dal Dipartimento di Scienze politiche e sociali dell&#8217;Universit\u00e0 degli studi di Cagliari e finanziato dal Ministero&#46;&#46;&#46;<\/p>\n","protected":false},"author":9007,"featured_media":0,"parent":0,"menu_order":0,"comment_status":"closed","ping_status":"closed","template":"","meta":{"footnotes":""},"class_list":["post-49","page","type-page","status-publish","hentry"],"_links":{"self":[{"href":"https:\/\/sites.unica.it\/progetto-concrete\/wp-json\/wp\/v2\/pages\/49","targetHints":{"allow":["GET"]}}],"collection":[{"href":"https:\/\/sites.unica.it\/progetto-concrete\/wp-json\/wp\/v2\/pages"}],"about":[{"href":"https:\/\/sites.unica.it\/progetto-concrete\/wp-json\/wp\/v2\/types\/page"}],"author":[{"embeddable":true,"href":"https:\/\/sites.unica.it\/progetto-concrete\/wp-json\/wp\/v2\/users\/9007"}],"replies":[{"embeddable":true,"href":"https:\/\/sites.unica.it\/progetto-concrete\/wp-json\/wp\/v2\/comments?post=49"}],"version-history":[{"count":10,"href":"https:\/\/sites.unica.it\/progetto-concrete\/wp-json\/wp\/v2\/pages\/49\/revisions"}],"predecessor-version":[{"id":179,"href":"https:\/\/sites.unica.it\/progetto-concrete\/wp-json\/wp\/v2\/pages\/49\/revisions\/179"}],"wp:attachment":[{"href":"https:\/\/sites.unica.it\/progetto-concrete\/wp-json\/wp\/v2\/media?parent=49"}],"curies":[{"name":"wp","href":"https:\/\/api.w.org\/{rel}","templated":true}]}}