{"id":22,"date":"2021-11-17T09:11:38","date_gmt":"2021-11-17T08:11:38","guid":{"rendered":"https:\/\/sites.unica.it\/progetto-concrete\/?page_id=22"},"modified":"2021-11-25T11:16:51","modified_gmt":"2021-11-25T10:16:51","slug":"team","status":"publish","type":"page","link":"https:\/\/sites.unica.it\/progetto-concrete\/team\/","title":{"rendered":"Team"},"content":{"rendered":"<p>Il team del progetto CONCRETE dell&#8217;<a href=\"https:\/\/unica.it\/unica\/it\/homepage.page\" target=\"_blank\" rel=\"noopener\">Universit\u00e0 degli studi di Cagliari<\/a> \u00e8 costituito principalmente da:<\/p>\n<p><a href=\"https:\/\/www.unica.it\/unica\/it\/ateneo_s07_ss01_sss01.page?contentId=SHD105097\" target=\"_blank\" rel=\"noopener\"><strong>Alessandro Lovari<\/strong><\/a> (<a href=\"mailto:alessandro.lovari@unica.it\">alessandro.lovari@unica.it<\/a>), PI del progetto, \u00e8 ricercatore in Sociologia dei processi culturali e comunicativi. Si occupa di comunicazione pubblica e universitaria, studiando l\u2019impatto di Internet e dei social media nella trasformazione delle pratiche comunicative tra istituzioni, cittadini e media. Negli anni ha approfondito i temi della comunicazione della salute e d\u2019emergenza grazie a numerose esperienze di ricerca all\u2019estero e alla pubblicazione di articoli su ambiti specifici (Ebola, Covid-19, eventi climatici eccezionali). \u00c8 PI del progetto di ricerca Epic Pops e coordinatore del progetto di ricerca \u201cQualit\u00e0 della comunicazione pubblica social\u201d diretto da ISCOM-MISE, con Universit\u00e0 degli studi di Cagliari e Sapienza di Roma.<\/p>\n<p><a href=\"https:\/\/unica.it\/unica\/it\/ateneo_s07_ss01_sss01.page?contentId=SHD30711\" target=\"_blank\" rel=\"noopener\"><strong>Mariano Porcu<\/strong><\/a>\u00a0(<a href=\"mailto:mrporcu@unica.it\">mrporcu@unica.it<\/a><span style=\"color: initial;font-size: revert\">) \u00e8 Direttore del Dipartimento di Scienze politiche e sociali e ordinario di Statistica sociale presso UNICA, dove insegna Statistica sociale e Modelli e metodi per la valutazione. Dal 2007 al 2015 \u00e8 stato membro del nucleo di valutazione dell&#8217;ateneo. La sua attivit\u00e0 di ricerca \u00e8 principalmente rivolta a studi sulla valutazione dei sistemi educativi. \u00c8 cofondatore del gruppo di ricerca CoViSTAT19 finalizzato a comunicare informazioni statistiche pertinenti sull&#8217;evoluzione dell&#8217;epidemia di Covid-19 in Italia.<\/span><\/p>\n<p><a href=\"https:\/\/www.unica.it\/unica\/it\/ateneo_s07_ss01_sss01.page?contentId=SHD30747\" target=\"_blank\" rel=\"noopener\"><strong>Marco Pitzalis<\/strong><\/a>\u00a0(<a href=\"mailto:pitzalis@unica.it\">pitzalis@unica.it<\/a><span style=\"color: initial;font-size: revert\">) \u00e8 ordinario di Sociologia dei processi culturali e comunicativi. Specializzato in politiche dell\u2019istruzione e trasformazioni del sistema di istruzione superiore e del sistema scolastico. Ha realizzato numerose ricerche nel campo dei processi di orientamento, sviluppando expertise nelle politiche scolastiche con particolare riguardo alle culture professionali, le trasformazioni istituzionali e l\u2019impatto delle ICT.<\/span><\/p>\n<p>Completano il team:<br \/>\n<a href=\"https:\/\/www.coris.uniroma1.it\/users\/francesca-comunello\" target=\"_blank\" rel=\"noopener\"><strong>Francesca Comunello<\/strong><\/a> (<a class=\"mailto\" href=\"mailto:francesca.comunello@uniroma1.it\">francesca.comunello@uniroma1.it<\/a>), Professoressa ordinaria presso <strong><a href=\"http:\/\/web.uniroma1.it\/coris\/\" target=\"_blank\" rel=\"noopener\">Sapienza di Roma<\/a><\/strong>, \u00e8 esperta di comunicazione d\u2019emergenza. Ha diretto un progetto PRIN sulle emergenze e ha numerose pubblicazioni sul tema;<\/p>\n<p><strong>Giovanni Prattichizzo<\/strong>, social media manager di <strong><a href=\"https:\/\/www.istat.it\" target=\"_blank\" rel=\"noopener\">ISTAT (Istituto nazionale di statistica)<\/a><\/strong>;<\/p>\n<p><strong>Associazione Italiana Comunicazione Universitaria (<a href=\"https:\/\/www.aicun.it\" target=\"_blank\" rel=\"noopener\">AICUN<\/a>)<\/strong>, rappresentata dal presidente <strong>Angelo Sacc\u00e0<\/strong>;<\/p>\n<p><strong>Manuela Aru <\/strong>(<a href=\"mailto:manuela.aru@unica.it\">manuela.aru@unica.it<\/a>), borsista di ricerca UNICA, esperta di comunicazione di genere e social media, membro del <a href=\"https:\/\/www.superaproject.eu\/\" target=\"_blank\" rel=\"noopener\">progetto H2020 SUPERA<\/a>;<\/p>\n<p><strong>Ciro Cangiano<\/strong>\u00a0(<a href=\"mailto:ciro.cangiano@unina.it\">ciro.cangiano@unina.it<\/a>)\u00a0e <strong>Lou Brandner\u00a0<\/strong>(<a href=\"mailto:lou.brandner@uniroma1.it\">lou.brandner@uniroma1.it<\/a>), due borsist\u0259 di ricerca che si occupano di analizzare rispettivamente le attivit\u00e0 di orientamento e le attivit\u00e0 di comunicazione messe a punto dagli atenei nel periodo di emergenza sanitaria;<\/p>\n<p><strong>Istituto Piepoli S.p.A<\/strong>,\u00a0incaricato dell\u2019erogazione dei servizi di sentiment sul digitale, della CAWI agli studenti e delle interviste in profondit\u00e0 ai comunicatori universitari.<\/p>\n","protected":false},"excerpt":{"rendered":"<p>Il team del progetto CONCRETE dell&#8217;Universit\u00e0 degli studi di Cagliari \u00e8 costituito principalmente da: Alessandro Lovari (alessandro.lovari@unica.it), PI del progetto, \u00e8 ricercatore in Sociologia dei processi culturali e comunicativi. Si occupa di comunicazione pubblica&#46;&#46;&#46;<\/p>\n","protected":false},"author":9007,"featured_media":0,"parent":0,"menu_order":0,"comment_status":"closed","ping_status":"closed","template":"","meta":{"footnotes":""},"class_list":["post-22","page","type-page","status-publish","hentry"],"_links":{"self":[{"href":"https:\/\/sites.unica.it\/progetto-concrete\/wp-json\/wp\/v2\/pages\/22","targetHints":{"allow":["GET"]}}],"collection":[{"href":"https:\/\/sites.unica.it\/progetto-concrete\/wp-json\/wp\/v2\/pages"}],"about":[{"href":"https:\/\/sites.unica.it\/progetto-concrete\/wp-json\/wp\/v2\/types\/page"}],"author":[{"embeddable":true,"href":"https:\/\/sites.unica.it\/progetto-concrete\/wp-json\/wp\/v2\/users\/9007"}],"replies":[{"embeddable":true,"href":"https:\/\/sites.unica.it\/progetto-concrete\/wp-json\/wp\/v2\/comments?post=22"}],"version-history":[{"count":6,"href":"https:\/\/sites.unica.it\/progetto-concrete\/wp-json\/wp\/v2\/pages\/22\/revisions"}],"predecessor-version":[{"id":174,"href":"https:\/\/sites.unica.it\/progetto-concrete\/wp-json\/wp\/v2\/pages\/22\/revisions\/174"}],"wp:attachment":[{"href":"https:\/\/sites.unica.it\/progetto-concrete\/wp-json\/wp\/v2\/media?parent=22"}],"curies":[{"name":"wp","href":"https:\/\/api.w.org\/{rel}","templated":true}]}}