{"id":18,"date":"2021-11-17T09:11:14","date_gmt":"2021-11-17T08:11:14","guid":{"rendered":"https:\/\/sites.unica.it\/progetto-concrete\/?page_id=18"},"modified":"2022-03-28T13:22:50","modified_gmt":"2022-03-28T11:22:50","slug":"progetto","status":"publish","type":"page","link":"https:\/\/sites.unica.it\/progetto-concrete\/progetto\/","title":{"rendered":"Progetto"},"content":{"rendered":"\r\n<p>Di seguito gli step principali del progetto CONCRETE:<\/p>\r\n\r\n\r\n\r\n<div class=\"wp-block-image\">\r\n<figure class=\"aligncenter size-large is-resized\"><img loading=\"lazy\" decoding=\"async\" class=\"alignnone  wp-image-209\" src=\"http:\/\/sites.unica.it\/progetto-concrete\/files\/2022\/03\/1-ottobre-2021-Inizio-progetto-2.png\" alt=\"\" width=\"605\" height=\"341\" srcset=\"https:\/\/sites.unica.it\/progetto-concrete\/files\/2022\/03\/1-ottobre-2021-Inizio-progetto-2.png 1640w, https:\/\/sites.unica.it\/progetto-concrete\/files\/2022\/03\/1-ottobre-2021-Inizio-progetto-2-300x169.png 300w, https:\/\/sites.unica.it\/progetto-concrete\/files\/2022\/03\/1-ottobre-2021-Inizio-progetto-2-1024x577.png 1024w, https:\/\/sites.unica.it\/progetto-concrete\/files\/2022\/03\/1-ottobre-2021-Inizio-progetto-2-768x433.png 768w, https:\/\/sites.unica.it\/progetto-concrete\/files\/2022\/03\/1-ottobre-2021-Inizio-progetto-2-1536x865.png 1536w, https:\/\/sites.unica.it\/progetto-concrete\/files\/2022\/03\/1-ottobre-2021-Inizio-progetto-2-250x141.png 250w\" sizes=\"auto, (max-width: 605px) 100vw, 605px\" \/><\/figure>\r\n<\/div>\r\n\r\n\r\n\r\n<p>Il progetto si articola in\u00a0<strong>due fasi<\/strong>:<\/p>\r\n\r\n\r\n\r\n<ol class=\"wp-block-list\">\r\n<li><strong>Analisi <\/strong>della comunicazione universitaria durante l\u2019emergenza Covid-19;\u00a0<\/li>\r\n<li><strong>Progettazione<\/strong> delle di linee guida per la comunicazione in emergenza.<\/li>\r\n<\/ol>\r\n\r\n\r\n\r\n<p>&nbsp;<\/p>\r\n\r\n\r\n\r\n<p><strong>LE FASI NEL DETTAGLIO<\/strong><\/p>\r\n\r\n\r\n\r\n<p>Di seguito, gli step che caratterizzano la<strong> Fase 1<\/strong>:<\/p>\r\n\r\n\r\n\r\n<p>a) analisi delle <strong>iniziative di comunicazione digitale<\/strong> realizzate dagli atenei sui propri siti e canali social ufficiali per fronteggiare l\u2019emergenza;<\/p>\r\n\r\n\r\n\r\n<p>b) somministrazione di una <strong>CAWI <\/strong>a un campione rappresentativo di studenti degli atenei analizzati;<\/p>\r\n\r\n\r\n\r\n<p>c) realizzazione di <strong>interviste in profondit\u00e0<\/strong> con metodo Qualitel ai comunicatori universitari per analizzare la gestione della comunicazione durante l\u2019emergenza e il ruolo dei dati statistici nei flussi informativi;<\/p>\r\n\r\n\r\n\r\n<p>d) realizzazione di <strong>interviste in profondit\u00e0<\/strong> ai referenti dell&#8217;orientamento delle universit\u00e0 coinvolte;<\/p>\r\n\r\n\r\n\r\n<p>e) <strong>ricerca comparativa <\/strong>sulle pratiche di gestione delle attivit\u00e0 di orientamento durante il lockdown, per analizzare da un punto di vista organizzativo e comunicativo le diverse esperienze.<\/p>\r\n\r\n\r\n\r\n<p>&nbsp;<\/p>\r\n\r\n\r\n\r\n<p>A partire da questi step, si definisce poi la <strong>Fase 2<\/strong>: il progetto produrr\u00e0<strong> linee guida<\/strong> per la gestione della comunicazione d\u2019emergenza negli atenei italiani di grandi dimensioni da adottare per future emergenze, sia in chiave di comunicazione interna che esterna.<\/p>\r\n\r\n\r\n\r\n<p>Ambito centrale sar\u00e0 quello della definizione di <strong>modelli sostenibili<\/strong> di comunicazione sia in termini di scelta di strumenti e temi, che di riorganizzazione in modalit\u00e0 digitale delle attivit\u00e0 comunicative. Attenzione specifica sar\u00e0 dedicata alla <strong>comunicazione dei dati <\/strong>e alla <strong>contestualizzazione delle statistiche<\/strong> nei flussi istituzionali. Secondo asset \u00e8 <strong>l\u2019inclusivit\u00e0<\/strong> dei messaggi, sia in prospettiva di accessibilit\u00e0 dei flussi comunicativi, che nella dimensione di genere. Questo aspetto sfrutta le sinergie con il <a href=\"https:\/\/www.superaproject.eu\/\" data-type=\"URL\" data-id=\"https:\/\/www.superaproject.eu\/\"><strong>progetto H2020 SUPERA<\/strong><\/a>, di cui UNICA \u00e8 partner, che ha realizzato linee guida per la comunicazione gender-sensitive negli atenei.<\/p>\r\n\r\n\r\n\r\n<p>In chiave di comunicazione interna forte attenzione sar\u00e0 data alla comunit\u00e0 studentesca, al personale amministrativo, ai docenti e ai pubblici internazionali presenti negli atenei per studio e ricerca. Nella comunicazione esterna specifica attenzione sar\u00e0 data ai media, interlocutori chiave nell\u2019emergenza, e ai pubblici della scuola nella relazione con l\u2019universit\u00e0 per i processi di orientamento.<\/p>\r\n\r\n\r\n\r\n<p><strong>OBIETTIVO <\/strong><\/p>\r\n\r\n\r\n\r\n<p>Lo scopo \u00e8 quello di offrire risposte efficaci e concrete per progettare in\u00a0modo sostenibile ed inclusivo <strong>Linee Guida per la comunicazione di (future) emergenze nelle universit\u00e0 pubbliche\u00a0<\/strong>di grandi dimensioni (Censis 2020) per garantire trasparenza delle informazioni e coinvolgere i diversi pubblici, riducendo la diffusione di messaggi non accurati.<\/p>\r\n\r\n\r\n\r\n<p>&nbsp;<\/p>\r\n\r\n\r\n\r\n<p>&nbsp;<\/p>\r\n","protected":false},"excerpt":{"rendered":"<p>Di seguito gli step principali del progetto CONCRETE: Il progetto si articola in\u00a0due fasi: Analisi della comunicazione universitaria durante l\u2019emergenza Covid-19;\u00a0 Progettazione delle di linee guida per la comunicazione in emergenza. &nbsp; LE FASI&#46;&#46;&#46;<\/p>\n","protected":false},"author":9007,"featured_media":0,"parent":0,"menu_order":0,"comment_status":"closed","ping_status":"closed","template":"","meta":{"footnotes":""},"class_list":["post-18","page","type-page","status-publish","hentry"],"_links":{"self":[{"href":"https:\/\/sites.unica.it\/progetto-concrete\/wp-json\/wp\/v2\/pages\/18","targetHints":{"allow":["GET"]}}],"collection":[{"href":"https:\/\/sites.unica.it\/progetto-concrete\/wp-json\/wp\/v2\/pages"}],"about":[{"href":"https:\/\/sites.unica.it\/progetto-concrete\/wp-json\/wp\/v2\/types\/page"}],"author":[{"embeddable":true,"href":"https:\/\/sites.unica.it\/progetto-concrete\/wp-json\/wp\/v2\/users\/9007"}],"replies":[{"embeddable":true,"href":"https:\/\/sites.unica.it\/progetto-concrete\/wp-json\/wp\/v2\/comments?post=18"}],"version-history":[{"count":5,"href":"https:\/\/sites.unica.it\/progetto-concrete\/wp-json\/wp\/v2\/pages\/18\/revisions"}],"predecessor-version":[{"id":211,"href":"https:\/\/sites.unica.it\/progetto-concrete\/wp-json\/wp\/v2\/pages\/18\/revisions\/211"}],"wp:attachment":[{"href":"https:\/\/sites.unica.it\/progetto-concrete\/wp-json\/wp\/v2\/media?parent=18"}],"curies":[{"name":"wp","href":"https:\/\/api.w.org\/{rel}","templated":true}]}}