{"id":66,"date":"2025-12-29T18:13:10","date_gmt":"2025-12-29T17:13:10","guid":{"rendered":"https:\/\/sites.unica.it\/prison\/?page_id=66"},"modified":"2026-01-20T13:03:50","modified_gmt":"2026-01-20T12:03:50","slug":"research-output","status":"publish","type":"page","link":"https:\/\/sites.unica.it\/prison\/research-output\/","title":{"rendered":"Research\u00a0output"},"content":{"rendered":"\n<div class=\"wp-block-group is-layout-constrained wp-block-group-is-layout-constrained\">\n<details class=\"wp-block-details is-layout-flow wp-block-details-is-layout-flow\"><summary>Books<\/summary>\n<figure class=\"wp-block-embed is-type-wp-embed is-provider-prisons-research-project wp-block-embed-prisons-research-project\"><div class=\"wp-block-embed__wrapper\">\n<blockquote class=\"wp-embedded-content\" data-secret=\"5Xl8RCUk4a\"><a href=\"https:\/\/sites.unica.it\/prison\/2025\/12\/30\/architettura-carceraria-tra-settecento-e-secondo-ottocento-progetti-modelli-e-sperimentazioni-in-sardegna\/\">Architettura carceraria tra Settecento e secondo Ottocento. Progetti, modelli e sperimentazioni in Sardegna<\/a><\/blockquote><iframe loading=\"lazy\" class=\"wp-embedded-content\" sandbox=\"allow-scripts\" security=\"restricted\" style=\"position: absolute; visibility: hidden;\" title=\"&#8220;Architettura carceraria tra Settecento e secondo Ottocento. Progetti, modelli e sperimentazioni in Sardegna&#8221; &#8212; prison\" src=\"https:\/\/sites.unica.it\/prison\/2025\/12\/30\/architettura-carceraria-tra-settecento-e-secondo-ottocento-progetti-modelli-e-sperimentazioni-in-sardegna\/embed\/#?secret=86grLitmS2#?secret=5Xl8RCUk4a\" data-secret=\"5Xl8RCUk4a\" width=\"500\" height=\"282\" frameborder=\"0\" marginwidth=\"0\" marginheight=\"0\" scrolling=\"no\"><\/iframe>\n<\/div><\/figure>\n\n\n\n<figure class=\"wp-block-embed is-type-wp-embed is-provider-prisons-research-project wp-block-embed-prisons-research-project\" style=\"margin-right:0;margin-left:0\"><div class=\"wp-block-embed__wrapper\">\n<blockquote class=\"wp-embedded-content\" data-secret=\"ZN11llaN27\"><a href=\"https:\/\/sites.unica.it\/prison\/2025\/12\/30\/gli-istituti-penitenziari-tra-otto-e-novecento-dottrina-legislazione-e-applicazione\/\">Gli istituti penitenziari tra Otto e Novecento.\u00a0Dottrina, legislazione e applicazione<\/a><\/blockquote><iframe loading=\"lazy\" class=\"wp-embedded-content\" sandbox=\"allow-scripts\" security=\"restricted\" style=\"position: absolute; visibility: hidden;\" title=\"&#8220;Gli istituti penitenziari tra Otto e Novecento.\u00a0Dottrina, legislazione e applicazione&#8221; &#8212; prison\" src=\"https:\/\/sites.unica.it\/prison\/2025\/12\/30\/gli-istituti-penitenziari-tra-otto-e-novecento-dottrina-legislazione-e-applicazione\/embed\/#?secret=qXvOvjzPff#?secret=ZN11llaN27\" data-secret=\"ZN11llaN27\" width=\"500\" height=\"282\" frameborder=\"0\" marginwidth=\"0\" marginheight=\"0\" scrolling=\"no\"><\/iframe>\n<\/div><\/figure>\n<\/details>\n\n\n\n<details class=\"wp-block-details is-layout-flow wp-block-details-is-layout-flow\"><summary>Papers<\/summary>\n<h2 class=\"wp-block-heading\">Architettura carceraria tra Settecento e secondo Ottocento. Progetti, modelli e sperimentazioni in Sardegna<\/h2>\n\n\n\n<p><a href=\"https:\/\/sites.unica.it\/prison\/files\/2026\/01\/ebook_architettura_carceraria-Prefazione-De_Giudici.pdf\">Giuseppina De Giudici,&nbsp;<em>Prefazione. Architettura carceraria e questione penitenziaria<\/em><\/a><\/p>\n\n\n\n<p><a href=\"https:\/\/sites.unica.it\/prison\/files\/2026\/01\/ebook_architettura_carceraria-Introduzione-M.-Schirru.pdf\">Marcello Schirru,&nbsp;<em>Introduzione<\/em><\/a><\/p>\n\n\n\n<p><a href=\"https:\/\/sites.unica.it\/prison\/files\/2026\/01\/ebook_architettura_carceraria-E.-Bianchi.pdf\">Elisa Alberta Bianchi,&nbsp;<em>Le carceri settecentesche della Sardegna: modelli, vicende e architettura della detenzione prima della trattatistica e delle riforme positiviste<\/em><\/a><\/p>\n\n\n\n<p><a href=\"https:\/\/sites.unica.it\/prison\/files\/2026\/01\/ebook_architettura_carceraria-M.-Schirru.pdf\">Marcello Schirru,<em>&nbsp;Il Carcere di Buoncammino a Cagliari, dalla Fondazione ai Primi Ampliamenti Ottocenteschi<\/em><\/a><\/p>\n\n\n\n<p><a href=\"https:\/\/sites.unica.it\/prison\/files\/2026\/01\/ebook_architettura_carceraria-Musanti-Pintus-Porcu.pdf\">Francesca Musanti, Valentina Pintus, Martina Porcu,&nbsp;<em>Carta canta. Carceri storiche in Sardegna, la ricerca d\u2019archivio per il progetto di conoscenza<\/em><\/a><\/p>\n\n\n\n<p><a href=\"https:\/\/sites.unica.it\/prison\/files\/2026\/01\/ebook_architettura_carceraria-Cocco-Giannattasio.pdf\">Giovanni Battista Cocco, Caterina Giannattasio,&nbsp;<em>Riconoscere i valori di sistema. Le carceri storiche dismesse in Sardegna<\/em><\/a><\/p>\n\n\n\n<p><\/p>\n\n\n\n<h2 class=\"wp-block-heading\">Gli istituti penitenziari tra Otto e Novecento.&nbsp;Dottrina, legislazione e applicazione<\/h2>\n\n\n\n<p>INTRODUZIONE<br><a href=\"https:\/\/sites.unica.it\/prison\/files\/2026\/01\/ebook_gli_istituti_penitenziari_Introduzione_-DE-GIUDICIpdf.pdf\">Giuseppina De Giudici,&nbsp;<em>Introduzione. Modelli carcerari e sistemi penitenziari: forme e modi della detenzione tra Otto e Novecento<\/em><\/a><\/p>\n\n\n\n<p>DIRITTO E SISTEMI PENITENZIARI<br><a href=\"https:\/\/sites.unica.it\/prison\/files\/2026\/01\/ebook_gli_istituti_penitenziari_LUCREZIO-MONTICELLI.pdf\">Chiara Lucrezio Monticelli, Le rotte atlantiche della riforma penitenziaria. Sincronie e circolazioni tra Stati italiani e Stati Uniti nella prima met\u00e0 dell\u2019Ottocento<br><\/a><a href=\"https:\/\/sites.unica.it\/prison\/2025\/12\/30\/gli-istituti-penitenziari-tra-otto-e-novecento-2\/\">Ashley T. Rubin,&nbsp;<em>The Emergence, Reception, and Decline<\/em><\/a><em><a href=\"https:\/\/sites.unica.it\/prison\/files\/2026\/01\/ebook_gli_istituti_penitenziari_RUBIIN.pdf\"><\/a><\/em><a href=\"https:\/\/sites.unica.it\/prison\/2025\/12\/30\/gli-istituti-penitenziari-tra-otto-e-novecento-2\/\"><em>of the Pennsylvania System and its Relevance to Italian Penal History<\/em><br><\/a><a href=\"https:\/\/sites.unica.it\/prison\/files\/2026\/01\/ebook_gli_istituti_penitenziari_SOULA.pdf\">Laurence Soula,&nbsp;<em>Les d\u00e9sunions de la doctrine p\u00e9nale et p\u00e9nitentiaire internationale au tournant des XIXe et XXe si\u00e8cles<\/em><br><\/a><a href=\"https:\/\/sites.unica.it\/prison\/files\/2026\/01\/ebook_gli_istituti_penitenziari_TAVILLA.pdf\">Elio Tavilla,&nbsp;<em>Pena capitale, scala penale e riforma penitenziarianel dibattito parlamentare postunitario<\/em><br><\/a><a href=\"https:\/\/sites.unica.it\/prison\/files\/2026\/01\/ebook_gli_istituti_penitenziari_SPECIALE.pdf\">Giuseppe Speciale,&nbsp;<em>\u00abIl carcere, cos\u00ec com\u2019\u00e8, non riforma: corrompe. Non redime: respinge. Non educa: abbrutisce\u00bb. Il Carcere dal Parlamento (1854-1904)<\/em><br><\/a><a href=\"https:\/\/sites.unica.it\/prison\/files\/2026\/01\/ebook_gli_istituti_penitenziari_TRAMPUS.pdf\">Antonio Trampus,&nbsp;<em>Carcere e processo inquisitorio nell\u2019Ottocento: la costruzione del mito, le memorie di Casanova e la prigione dei Piombi a Venezia<br><\/em><\/a><a href=\"https:\/\/sites.unica.it\/prison\/files\/2026\/01\/ebook_gli_istituti_penitenziari_DE-GIUDICI.pdf\">Giuseppina De Giudici,&nbsp;<em>Una disciplina in cerca di autonomia. L\u2019emersione del diritto penitenziario \u2018nazionale\u2019 in Italia<\/em><br><\/a><a href=\"https:\/\/sites.unica.it\/prison\/files\/2026\/01\/ebook_gli_istituti_penitenziari_CORTESI.pdf\">Maria Francesca Cortesi,&nbsp;<em>Trattamento penitenziario: il ruolo della vittima nel percorso di rieducazione del reo<\/em><\/a><\/p>\n\n\n\n<p>QUESTIONI DI CITTADINANZA IN CARCERE E FUORI DAL CARCERE<br><a href=\"https:\/\/sites.unica.it\/prison\/files\/2026\/01\/ebook_gli_istituti_penitenziari_COLAO.pdf\">Floriana Colao,&nbsp;<em>Note sulla \u00abpenalit\u00e0\u00bb per la donna nell\u2019Italia liberale<\/em><br><\/a><a href=\"https:\/\/sites.unica.it\/prison\/files\/2026\/01\/ebook_gli_istituti_penitenziari_CIRANNA.pdf\">Simonetta Ciranna,&nbsp;<em>Il complesso del Buon Pastore alla Lungara a Roma: da istituti per pericolanti, pericolate, malmaritate e carcerate a Casa internazionale delle donne<br><\/em><\/a><a href=\"https:\/\/sites.unica.it\/prison\/files\/2026\/01\/ebook_gli_istituti_penitenziari_GIBSON.pdf\">Mary Gibson,&nbsp;<em>Criminals or bad boys? The Reform of Juvenile Reformatories in Liberal Italy<\/em><br><\/a><a href=\"https:\/\/sites.unica.it\/prison\/files\/2026\/01\/ebook_gli_istituti_penitenziari_GARLATI.pdf\">Loredana Garlati,&nbsp;<em>I manicomi in Lombardia tra scienza e diritto. Gli alienisti milanesi e l\u2019urgenza di una riforma<\/em><br><\/a><a href=\"https:\/\/sites.unica.it\/prison\/files\/2026\/01\/ebook_gli_istituti_penitenziari_BOSIO.pdf\">Andrea Bosio,&nbsp;<em>Fra garantismo e necessit\u00e0 repressiva nel Piemonte sabaudo<\/em><br><\/a><a href=\"https:\/\/sites.unica.it\/prison\/files\/2026\/01\/ebook_gli_istituti_penitenziari_PIGNOTTI.pdf\">Marco Pignotti,&nbsp;<em>Il reato politico in et\u00e0 crispina: fra autorit\u00e0 dello Stato e conservazione dell\u2019assetto sociale<\/em><\/a><\/p>\n\n\n\n<p>FORZA LAVORO, CURA E CURA MANCATA: CAGLIARI E CASTIADAS<br><a href=\"https:\/\/sites.unica.it\/prison\/files\/2026\/01\/ebook_gli_istituti_penitenziari_BIANCHI.pdf\">Elisa Alberta Bianchi,&nbsp;<em>Architettura e riforma penitenziaria nella Sardegna dell\u2019Ottocento: la torre carcere di San Pancrazio a Cagliari<\/em><br><\/a><a href=\"https:\/\/sites.unica.it\/prison\/files\/2026\/01\/ebook_gli_istituti_penitenziari_SCHIRRU.pdf\">Marcello Schirru,&nbsp;<em>La Colonia Agricola di Castiadas nella cultura progettuale dell\u2019Italia post-unitaria<\/em><br><\/a><a href=\"https:\/\/sites.unica.it\/prison\/files\/2026\/01\/ebook_gli_istituti_penitenziari_CONTI.pdf\">Giuseppe Conti,&nbsp;<em>Le \u201cdue citt\u00e0\u201d e le carceri. Riflessioni sui sistemi alternativi di governo della stabilit\u00e0 sociale<\/em><br><\/a><a href=\"https:\/\/sites.unica.it\/prison\/files\/2026\/01\/ebook_gli_istituti_penitenziari_GIULIANELLI.pdf\">Roberto Giulianelli,&nbsp;<em>Parola d\u2019ordine: bonificare. Terra e uomini nella colonia penale agricola di Castiadas<\/em><br><\/a><a href=\"https:\/\/sites.unica.it\/prison\/files\/2026\/01\/ebook_gli_istituti_penitenziari_CIANCIO.pdf\" class=\"\">Cristina Ciancio,&nbsp;<em>Medici e mai carcerieri. Le ragioni della cura e le ragioni della pena: l\u2019esperienza del carcere giudiziario di Cagliari e della colonia penale di Castiadas<\/em><\/a><\/p>\n<\/details>\n\n\n\n<details class=\"wp-block-details is-layout-flow wp-block-details-is-layout-flow\"><summary>Conferences<\/summary>\n<figure class=\"wp-block-embed is-type-wp-embed is-provider-prisons-research-project wp-block-embed-prisons-research-project\"><div class=\"wp-block-embed__wrapper\">\n<blockquote class=\"wp-embedded-content\" data-secret=\"ICl9Fa9EYN\"><a href=\"https:\/\/sites.unica.it\/prison\/2025\/12\/29\/punire-emendare-reinserire\/\">Punire, emendare, reinserire<\/a><\/blockquote><iframe loading=\"lazy\" class=\"wp-embedded-content\" sandbox=\"allow-scripts\" security=\"restricted\" style=\"position: absolute; visibility: hidden;\" title=\"&#8220;Punire, emendare, reinserire&#8221; &#8212; prison\" src=\"https:\/\/sites.unica.it\/prison\/2025\/12\/29\/punire-emendare-reinserire\/embed\/#?secret=wRLEPHM2CI#?secret=ICl9Fa9EYN\" data-secret=\"ICl9Fa9EYN\" width=\"500\" height=\"282\" frameborder=\"0\" marginwidth=\"0\" marginheight=\"0\" scrolling=\"no\"><\/iframe>\n<\/div><\/figure>\n\n\n\n<figure class=\"wp-block-embed is-type-wp-embed is-provider-prisons-research-project wp-block-embed-prisons-research-project\"><div class=\"wp-block-embed__wrapper\">\n<blockquote class=\"wp-embedded-content\" data-secret=\"ruDcIZNxgS\"><a href=\"https:\/\/sites.unica.it\/prison\/2025\/12\/30\/architettura-carceraria-tra-sette-e-secondo-ottocento\/\">Architettura carceraria tra Sette e secondo Ottocento<\/a><\/blockquote><iframe loading=\"lazy\" class=\"wp-embedded-content\" sandbox=\"allow-scripts\" security=\"restricted\" style=\"position: absolute; visibility: hidden;\" title=\"&#8220;Architettura carceraria tra Sette e secondo Ottocento&#8221; &#8212; prison\" src=\"https:\/\/sites.unica.it\/prison\/2025\/12\/30\/architettura-carceraria-tra-sette-e-secondo-ottocento\/embed\/#?secret=tgjYuUqgsw#?secret=ruDcIZNxgS\" data-secret=\"ruDcIZNxgS\" width=\"500\" height=\"282\" frameborder=\"0\" marginwidth=\"0\" marginheight=\"0\" scrolling=\"no\"><\/iframe>\n<\/div><\/figure>\n\n\n\n<figure class=\"wp-block-embed is-type-wp-embed is-provider-prisons-research-project wp-block-embed-prisons-research-project\"><div class=\"wp-block-embed__wrapper\">\n<blockquote class=\"wp-embedded-content\" data-secret=\"q2IyfTJ6Ke\"><a href=\"https:\/\/sites.unica.it\/prison\/2025\/12\/30\/gli-istituti-penitenziari-tra-otto-e-novecento\/\">Gli istituti penitenziari tra Otto e Novecento<\/a><\/blockquote><iframe loading=\"lazy\" class=\"wp-embedded-content\" sandbox=\"allow-scripts\" security=\"restricted\" style=\"position: absolute; visibility: hidden;\" title=\"&#8220;Gli istituti penitenziari tra Otto e Novecento&#8221; &#8212; prison\" src=\"https:\/\/sites.unica.it\/prison\/2025\/12\/30\/gli-istituti-penitenziari-tra-otto-e-novecento\/embed\/#?secret=g8JyJCFX1n#?secret=q2IyfTJ6Ke\" data-secret=\"q2IyfTJ6Ke\" width=\"500\" height=\"282\" frameborder=\"0\" marginwidth=\"0\" marginheight=\"0\" scrolling=\"no\"><\/iframe>\n<\/div><\/figure>\n\n\n\n<figure class=\"wp-block-embed is-type-wp-embed is-provider-prisons-research-project wp-block-embed-prisons-research-project\"><div class=\"wp-block-embed__wrapper\">\n<blockquote class=\"wp-embedded-content\" data-secret=\"wkj8kWMHsS\"><a href=\"https:\/\/sites.unica.it\/prison\/2025\/12\/30\/gli-istituti-penitenziari-tra-otto-e-novecento-2\/\">Gli istituti penitenziari tra Otto e Novecento<\/a><\/blockquote><iframe loading=\"lazy\" class=\"wp-embedded-content\" sandbox=\"allow-scripts\" security=\"restricted\" style=\"position: absolute; visibility: hidden;\" title=\"&#8220;Gli istituti penitenziari tra Otto e Novecento&#8221; &#8212; prison\" src=\"https:\/\/sites.unica.it\/prison\/2025\/12\/30\/gli-istituti-penitenziari-tra-otto-e-novecento-2\/embed\/#?secret=pYGgnlIwkd#?secret=wkj8kWMHsS\" data-secret=\"wkj8kWMHsS\" width=\"500\" height=\"282\" frameborder=\"0\" marginwidth=\"0\" marginheight=\"0\" scrolling=\"no\"><\/iframe>\n<\/div><\/figure>\n\n\n\n<figure class=\"wp-block-embed is-type-wp-embed is-provider-prisons-research-project wp-block-embed-prisons-research-project\"><div class=\"wp-block-embed__wrapper\">\n<blockquote class=\"wp-embedded-content\" data-secret=\"bDkcvAzJOZ\"><a href=\"https:\/\/sites.unica.it\/prison\/2025\/12\/30\/ordine-pubblico-e-detenzione-nellitalia-liberale-fra-repressione-e-garantismo29-gennaio-2025\/\">Ordine pubblico e detenzione nell\u2019Italia liberale: fra repressione e garantismo29 Gennaio 2025<\/a><\/blockquote><iframe loading=\"lazy\" class=\"wp-embedded-content\" sandbox=\"allow-scripts\" security=\"restricted\" style=\"position: absolute; visibility: hidden;\" title=\"&#8220;Ordine pubblico e detenzione nell\u2019Italia liberale: fra repressione e garantismo29 Gennaio 2025&#8221; &#8212; prison\" src=\"https:\/\/sites.unica.it\/prison\/2025\/12\/30\/ordine-pubblico-e-detenzione-nellitalia-liberale-fra-repressione-e-garantismo29-gennaio-2025\/embed\/#?secret=og8USQO2qs#?secret=bDkcvAzJOZ\" data-secret=\"bDkcvAzJOZ\" width=\"500\" height=\"282\" frameborder=\"0\" marginwidth=\"0\" marginheight=\"0\" scrolling=\"no\"><\/iframe>\n<\/div><\/figure>\n\n\n\n<figure class=\"wp-block-embed is-type-wp-embed is-provider-prisons-research-project wp-block-embed-prisons-research-project\"><div class=\"wp-block-embed__wrapper\">\n<blockquote class=\"wp-embedded-content\" data-secret=\"Hk20Ph58Da\"><a href=\"https:\/\/sites.unica.it\/prison\/2025\/12\/30\/carcere-e-fragilita-storia-diritto-esperienze\/\">CARCERE E FRAGILIT\u00c0 Storia, diritto, esperienze<\/a><\/blockquote><iframe loading=\"lazy\" class=\"wp-embedded-content\" sandbox=\"allow-scripts\" security=\"restricted\" style=\"position: absolute; visibility: hidden;\" title=\"&#8220;CARCERE E FRAGILIT\u00c0 Storia, diritto, esperienze&#8221; &#8212; prison\" src=\"https:\/\/sites.unica.it\/prison\/2025\/12\/30\/carcere-e-fragilita-storia-diritto-esperienze\/embed\/#?secret=yJqkuHKJtu#?secret=Hk20Ph58Da\" data-secret=\"Hk20Ph58Da\" width=\"500\" height=\"282\" frameborder=\"0\" marginwidth=\"0\" marginheight=\"0\" scrolling=\"no\"><\/iframe>\n<\/div><\/figure>\n\n\n\n<figure class=\"wp-block-embed is-type-wp-embed is-provider-prisons-research-project wp-block-embed-prisons-research-project\"><div class=\"wp-block-embed__wrapper\">\n<blockquote class=\"wp-embedded-content\" data-secret=\"UyZbED8hga\"><a href=\"https:\/\/sites.unica.it\/prison\/2025\/12\/30\/forme-e-modelli-di-detenzione-tra-otto-e-novecento\/\">Forme e modelli di detenzione tra Otto e Novecento<\/a><\/blockquote><iframe loading=\"lazy\" class=\"wp-embedded-content\" sandbox=\"allow-scripts\" security=\"restricted\" style=\"position: absolute; visibility: hidden;\" title=\"&#8220;Forme e modelli di detenzione tra Otto e Novecento&#8221; &#8212; prison\" src=\"https:\/\/sites.unica.it\/prison\/2025\/12\/30\/forme-e-modelli-di-detenzione-tra-otto-e-novecento\/embed\/#?secret=IvOVGvz02o#?secret=UyZbED8hga\" data-secret=\"UyZbED8hga\" width=\"500\" height=\"282\" frameborder=\"0\" marginwidth=\"0\" marginheight=\"0\" scrolling=\"no\"><\/iframe>\n<\/div><\/figure>\n<\/details>\n<\/div>\n","protected":false},"excerpt":{"rendered":"","protected":false},"author":2051,"featured_media":127,"parent":0,"menu_order":0,"comment_status":"closed","ping_status":"closed","template":"","meta":{"footnotes":""},"class_list":["post-66","page","type-page","status-publish","has-post-thumbnail","hentry"],"_links":{"self":[{"href":"https:\/\/sites.unica.it\/prison\/wp-json\/wp\/v2\/pages\/66","targetHints":{"allow":["GET"]}}],"collection":[{"href":"https:\/\/sites.unica.it\/prison\/wp-json\/wp\/v2\/pages"}],"about":[{"href":"https:\/\/sites.unica.it\/prison\/wp-json\/wp\/v2\/types\/page"}],"author":[{"embeddable":true,"href":"https:\/\/sites.unica.it\/prison\/wp-json\/wp\/v2\/users\/2051"}],"replies":[{"embeddable":true,"href":"https:\/\/sites.unica.it\/prison\/wp-json\/wp\/v2\/comments?post=66"}],"version-history":[{"count":9,"href":"https:\/\/sites.unica.it\/prison\/wp-json\/wp\/v2\/pages\/66\/revisions"}],"predecessor-version":[{"id":218,"href":"https:\/\/sites.unica.it\/prison\/wp-json\/wp\/v2\/pages\/66\/revisions\/218"}],"wp:featuredmedia":[{"embeddable":true,"href":"https:\/\/sites.unica.it\/prison\/wp-json\/wp\/v2\/media\/127"}],"wp:attachment":[{"href":"https:\/\/sites.unica.it\/prison\/wp-json\/wp\/v2\/media?parent=66"}],"curies":[{"name":"wp","href":"https:\/\/api.w.org\/{rel}","templated":true}]}}