{"id":163,"date":"2025-12-30T15:51:16","date_gmt":"2025-12-30T14:51:16","guid":{"rendered":"https:\/\/sites.unica.it\/prison\/?page_id=163"},"modified":"2026-04-09T16:34:29","modified_gmt":"2026-04-09T14:34:29","slug":"papers","status":"publish","type":"page","link":"https:\/\/sites.unica.it\/prison\/papers\/","title":{"rendered":"Papers"},"content":{"rendered":"\n<h2 class=\"wp-block-heading\">Architettura carceraria tra Settecento e secondo Ottocento. Progetti, modelli e sperimentazioni in Sardegna<\/h2>\n\n\n\n<p><a href=\"https:\/\/sites.unica.it\/prison\/files\/2026\/01\/ebook_architettura_carceraria-Prefazione-De_Giudici.pdf\">Giuseppina De Giudici,&nbsp;<em>Prefazione. Architettura carceraria e questione penitenziaria<\/em><\/a><\/p>\n\n\n\n<p><a href=\"https:\/\/sites.unica.it\/prison\/files\/2026\/01\/ebook_architettura_carceraria-Introduzione-M.-Schirru.pdf\">Marcello Schirru,&nbsp;<em>Introduzione<\/em><\/a><\/p>\n\n\n\n<p><a href=\"https:\/\/sites.unica.it\/prison\/files\/2026\/01\/ebook_architettura_carceraria-E.-Bianchi.pdf\">Elisa Alberta Bianchi,&nbsp;<em>Le carceri settecentesche della Sardegna: modelli, vicende e architettura della detenzione prima della trattatistica e delle riforme positiviste<\/em><\/a><\/p>\n\n\n\n<p><a href=\"https:\/\/sites.unica.it\/prison\/files\/2026\/01\/ebook_architettura_carceraria-M.-Schirru.pdf\">Marcello Schirru,<em>&nbsp;Il Carcere di Buoncammino a Cagliari, dalla Fondazione ai Primi Ampliamenti Ottocenteschi<\/em><\/a><\/p>\n\n\n\n<p><a href=\"https:\/\/sites.unica.it\/prison\/files\/2026\/01\/ebook_architettura_carceraria-Musanti-Pintus-Porcu.pdf\">Francesca Musanti, Valentina Pintus, Martina Porcu,&nbsp;<em>Carta canta. Carceri storiche in Sardegna, la ricerca d\u2019archivio per il progetto di conoscenza<\/em><\/a><\/p>\n\n\n\n<p><a href=\"https:\/\/sites.unica.it\/prison\/files\/2026\/01\/ebook_architettura_carceraria-Cocco-Giannattasio.pdf\">Giovanni Battista Cocco, Caterina Giannattasio,&nbsp;<em>Riconoscere i valori di sistema. Le carceri storiche dismesse in Sardegna<\/em><\/a><\/p>\n\n\n\n<p><\/p>\n\n\n\n<h2 class=\"wp-block-heading\">Gli istituti penitenziari tra Otto e Novecento.&nbsp;Dottrina, legislazione e applicazione<\/h2>\n\n\n\n<p>INTRODUZIONE<br><a href=\"https:\/\/sites.unica.it\/prison\/files\/2026\/01\/ebook_gli_istituti_penitenziari_Introduzione_-DE-GIUDICIpdf.pdf\">Giuseppina De Giudici,&nbsp;<em>Introduzione. Modelli carcerari e sistemi penitenziari: forme e modi della detenzione tra Otto e Novecento<\/em><\/a><\/p>\n\n\n\n<p>DIRITTO E SISTEMI PENITENZIARI<br><a href=\"https:\/\/sites.unica.it\/prison\/files\/2026\/01\/ebook_gli_istituti_penitenziari_LUCREZIO-MONTICELLI.pdf\">Chiara Lucrezio Monticelli, Le rotte atlantiche della riforma penitenziaria. Sincronie e circolazioni tra Stati italiani e Stati Uniti nella prima met\u00e0 dell\u2019Ottocento<br><\/a><a href=\"https:\/\/sites.unica.it\/prison\/2025\/12\/30\/gli-istituti-penitenziari-tra-otto-e-novecento-2\/\">Ashley T. Rubin,&nbsp;<em>The Emergence, Reception, and Decline<\/em><\/a><em><a href=\"https:\/\/sites.unica.it\/prison\/files\/2026\/01\/ebook_gli_istituti_penitenziari_RUBIIN.pdf\"><\/a><\/em><a href=\"https:\/\/sites.unica.it\/prison\/2025\/12\/30\/gli-istituti-penitenziari-tra-otto-e-novecento-2\/\"><em>of the Pennsylvania System and its Relevance to Italian Penal History<\/em><br><\/a><a href=\"https:\/\/sites.unica.it\/prison\/files\/2026\/01\/ebook_gli_istituti_penitenziari_SOULA.pdf\">Laurence Soula,&nbsp;<em>Les d\u00e9sunions de la doctrine p\u00e9nale et p\u00e9nitentiaire internationale au tournant des XIXe et XXe si\u00e8cles<\/em><br><\/a><a href=\"https:\/\/sites.unica.it\/prison\/files\/2026\/01\/ebook_gli_istituti_penitenziari_TAVILLA.pdf\">Elio Tavilla,&nbsp;<em>Pena capitale, scala penale e riforma penitenziarianel dibattito parlamentare postunitario<\/em><br><\/a><a href=\"https:\/\/sites.unica.it\/prison\/files\/2026\/01\/ebook_gli_istituti_penitenziari_SPECIALE.pdf\">Giuseppe Speciale,&nbsp;<em>\u00abIl carcere, cos\u00ec com\u2019\u00e8, non riforma: corrompe. Non redime: respinge. Non educa: abbrutisce\u00bb. Il Carcere dal Parlamento (1854-1904)<\/em><br><\/a><a href=\"https:\/\/sites.unica.it\/prison\/files\/2026\/01\/ebook_gli_istituti_penitenziari_TRAMPUS.pdf\">Antonio Trampus,&nbsp;<em>Carcere e processo inquisitorio nell\u2019Ottocento: la costruzione del mito, le memorie di Casanova e la prigione dei Piombi a Venezia<br><\/em><\/a><a href=\"https:\/\/sites.unica.it\/prison\/files\/2026\/01\/ebook_gli_istituti_penitenziari_DE-GIUDICI.pdf\">Giuseppina De Giudici,&nbsp;<em>Una disciplina in cerca di autonomia. L\u2019emersione del diritto penitenziario \u2018nazionale\u2019 in Italia<\/em><br><\/a><a href=\"https:\/\/sites.unica.it\/prison\/files\/2026\/01\/ebook_gli_istituti_penitenziari_CORTESI.pdf\">Maria Francesca Cortesi,&nbsp;<em>Trattamento penitenziario: il ruolo della vittima nel percorso di rieducazione del reo<\/em><\/a><\/p>\n\n\n\n<p>QUESTIONI DI CITTADINANZA IN CARCERE E FUORI DAL CARCERE<br><a href=\"https:\/\/sites.unica.it\/prison\/files\/2026\/01\/ebook_gli_istituti_penitenziari_COLAO.pdf\">Floriana Colao,&nbsp;<em>Note sulla \u00abpenalit\u00e0\u00bb per la donna nell\u2019Italia liberale<\/em><br><\/a><a href=\"https:\/\/sites.unica.it\/prison\/files\/2026\/01\/ebook_gli_istituti_penitenziari_CIRANNA.pdf\">Simonetta Ciranna,&nbsp;<em>Il complesso del Buon Pastore alla Lungara a Roma: da istituti per pericolanti, pericolate, malmaritate e carcerate a Casa internazionale delle donne<br><\/em><\/a><a href=\"https:\/\/sites.unica.it\/prison\/files\/2026\/01\/ebook_gli_istituti_penitenziari_GIBSON.pdf\">Mary Gibson,&nbsp;<em>Criminals or bad boys? The Reform of Juvenile Reformatories in Liberal Italy<\/em><br><\/a><a href=\"https:\/\/sites.unica.it\/prison\/files\/2026\/01\/ebook_gli_istituti_penitenziari_GARLATI.pdf\">Loredana Garlati,&nbsp;<em>I manicomi in Lombardia tra scienza e diritto. Gli alienisti milanesi e l\u2019urgenza di una riforma<\/em><br><\/a><a href=\"https:\/\/sites.unica.it\/prison\/files\/2026\/01\/ebook_gli_istituti_penitenziari_BOSIO.pdf\">Andrea Bosio,&nbsp;<em>Fra garantismo e necessit\u00e0 repressiva nel Piemonte sabaudo<\/em><br><\/a><a href=\"https:\/\/sites.unica.it\/prison\/files\/2026\/01\/ebook_gli_istituti_penitenziari_PIGNOTTI.pdf\">Marco Pignotti,&nbsp;<em>Il reato politico in et\u00e0 crispina: fra autorit\u00e0 dello Stato e conservazione dell\u2019assetto sociale<\/em><\/a><\/p>\n\n\n\n<p>FORZA LAVORO, CURA E CURA MANCATA: CAGLIARI E CASTIADAS<br><a href=\"https:\/\/sites.unica.it\/prison\/files\/2026\/01\/ebook_gli_istituti_penitenziari_BIANCHI.pdf\">Elisa Alberta Bianchi,&nbsp;<em>Architettura e riforma penitenziaria nella Sardegna dell\u2019Ottocento: la torre carcere di San Pancrazio a Cagliari<\/em><br><\/a><a href=\"https:\/\/sites.unica.it\/prison\/files\/2026\/01\/ebook_gli_istituti_penitenziari_SCHIRRU.pdf\">Marcello Schirru,&nbsp;<em>La Colonia Agricola di Castiadas nella cultura progettuale dell\u2019Italia post-unitaria<\/em><br><\/a><a href=\"https:\/\/sites.unica.it\/prison\/files\/2026\/01\/ebook_gli_istituti_penitenziari_CONTI.pdf\">Giuseppe Conti,&nbsp;<em>Le \u201cdue citt\u00e0\u201d e le carceri. Riflessioni sui sistemi alternativi di governo della stabilit\u00e0 sociale<\/em><br><\/a><a href=\"https:\/\/sites.unica.it\/prison\/files\/2026\/01\/ebook_gli_istituti_penitenziari_GIULIANELLI.pdf\">Roberto Giulianelli,&nbsp;<em>Parola d\u2019ordine: bonificare. Terra e uomini nella colonia penale agricola di Castiadas<\/em><br><\/a><a href=\"https:\/\/sites.unica.it\/prison\/files\/2026\/01\/ebook_gli_istituti_penitenziari_CIANCIO.pdf\" class=\"\">Cristina Ciancio,&nbsp;<em>Medici e mai carcerieri. Le ragioni della cura e le ragioni della pena: l\u2019esperienza del carcere giudiziario di Cagliari e della colonia penale di Castiadas<\/em><\/a><\/p>\n\n\n\n<h2 class=\"wp-block-heading\">PUBLIC ORDER AND PRISON DETENTION IN LIBERAL ITALY: Between Repression and Guarantorism<\/h2>\n\n\n\n<p><a href=\"https:\/\/sites.unica.it\/prison\/files\/2026\/04\/pignotti-introduzione.pdf\" data-type=\"attachment\" data-id=\"320\">Marco Pignotti, <em>Introduction<\/em><\/a><\/p>\n\n\n\n<p><a href=\"https:\/\/sites.unica.it\/prison\/files\/2026\/04\/ciancio-prefazione.pdf\" data-type=\"attachment\" data-id=\"319\">Cristina Ciancio, <em>Preamble, Public Order and Prisons in a Liberal Legal Order: The Juridical and Institutional Framework<\/em><\/a><\/p>\n\n\n\n<p><a href=\"https:\/\/sites.unica.it\/prison\/files\/2026\/04\/dantonio.pdf\" data-type=\"attachment\" data-id=\"318\">Emanuele D\u2019Antonio, <em>History of prisons and self-narration in early 20th-century Italy. The autobiography of a young gangster from Turin<\/em><\/a><\/p>\n\n\n\n<p><a href=\"https:\/\/sites.unica.it\/prison\/files\/2026\/04\/bosio.pdf\" data-type=\"attachment\" data-id=\"317\">Andrea Bosio, <em>Urban crime during the Risorgimento<\/em><\/a><\/p>\n\n\n\n<p><a href=\"https:\/\/sites.unica.it\/prison\/files\/2026\/04\/serventi.pdf\" data-type=\"attachment\" data-id=\"316\">Enrico Serventi Longhi, <em>Military imprisonment during the Liberal Age: the case of Gaeta (1863-1914)<\/em><\/a><\/p>\n\n\n\n<p><a href=\"https:\/\/sites.unica.it\/prison\/files\/2026\/04\/santilli.pdf\" data-type=\"attachment\" data-id=\"315\">Anthony Santilli, <em>Governing Punishment through the <\/em>Bagni Penali:<em> Gaeta, Santo Stefano, and the Making of Carceral Order in Nineteenth-Century Italy<\/em><\/a><\/p>\n\n\n\n<p><a href=\"https:\/\/sites.unica.it\/prison\/files\/2026\/04\/manganelli.pdf\" data-type=\"attachment\" data-id=\"314\">Chiara Manganelli, <em>The racialisation of the political revolutionaries of Romagna in the late nineteenth century: Pio Battistini\u2019s murder trial<\/em><\/a><\/p>\n\n\n\n<p><a href=\"https:\/\/sites.unica.it\/prison\/files\/2026\/04\/ibba.pdf\" data-type=\"attachment\" data-id=\"313\">Roberto Ibba, <em>Cagliari\u2019s prisons in the liberal age: between administration and revolts<\/em><\/a><\/p>\n\n\n\n<p><a href=\"https:\/\/sites.unica.it\/prison\/files\/2026\/04\/aterrano.pdf\" data-type=\"attachment\" data-id=\"312\">Marco Maria Aterrano, <em>A \u2018Universal Remedy\u2019? State of Siege and Disarmament Practices in Italy\u2019s Public Order Policing, 1849-1898<\/em><\/a><\/p>\n\n\n\n<p><a href=\"https:\/\/sites.unica.it\/prison\/files\/2026\/04\/pignotti.pdf\" data-type=\"attachment\" data-id=\"311\">Marco Pignotti, <em>Narrating the emergency. The state of siege between public order control and authoritarian tendencies<\/em><\/a><\/p>\n","protected":false},"excerpt":{"rendered":"<p>Architettura carceraria tra Settecento e secondo Ottocento. Progetti, modelli e sperimentazioni in Sardegna Giuseppina De Giudici,&nbsp;Prefazione. Architettura carceraria e questione penitenziaria Marcello Schirru,&nbsp;Introduzione Elisa Alberta Bianchi,&nbsp;Le carceri settecentesche della Sardegna: modelli, vicende e architettura della detenzione [&hellip;]<\/p>\n","protected":false},"author":2051,"featured_media":0,"parent":0,"menu_order":0,"comment_status":"closed","ping_status":"closed","template":"","meta":{"footnotes":""},"class_list":["post-163","page","type-page","status-publish","hentry"],"_links":{"self":[{"href":"https:\/\/sites.unica.it\/prison\/wp-json\/wp\/v2\/pages\/163","targetHints":{"allow":["GET"]}}],"collection":[{"href":"https:\/\/sites.unica.it\/prison\/wp-json\/wp\/v2\/pages"}],"about":[{"href":"https:\/\/sites.unica.it\/prison\/wp-json\/wp\/v2\/types\/page"}],"author":[{"embeddable":true,"href":"https:\/\/sites.unica.it\/prison\/wp-json\/wp\/v2\/users\/2051"}],"replies":[{"embeddable":true,"href":"https:\/\/sites.unica.it\/prison\/wp-json\/wp\/v2\/comments?post=163"}],"version-history":[{"count":5,"href":"https:\/\/sites.unica.it\/prison\/wp-json\/wp\/v2\/pages\/163\/revisions"}],"predecessor-version":[{"id":322,"href":"https:\/\/sites.unica.it\/prison\/wp-json\/wp\/v2\/pages\/163\/revisions\/322"}],"wp:attachment":[{"href":"https:\/\/sites.unica.it\/prison\/wp-json\/wp\/v2\/media?parent=163"}],"curies":[{"name":"wp","href":"https:\/\/api.w.org\/{rel}","templated":true}]}}